{"id":12978,"date":"2022-05-02T18:03:07","date_gmt":"2022-05-02T18:03:07","guid":{"rendered":"https:\/\/www.anbanjia.com.cn\/product\/aiguille-huanqiu-medecine-traditionnelle-chinoise-rehabilitation-physiotherapie-elimination-aiguilles-dacupuncture\/"},"modified":"2022-05-02T18:03:07","modified_gmt":"2022-05-02T18:03:07","slug":"huanqiu-aiguille-medecine-traditionnelle-chinoise-readaptation-physiotherapie-elimination-aiguilles-dacupuncture","status":"publish","type":"product","link":"https:\/\/anbanjia.com.cn\/fr\/produit\/huanqiu-aiguille-medecine-traditionnelle-chinoise-readaptation-physiotherapie-elimination-aiguilles-dacupuncture\/","title":{"rendered":"Aiguille Huanqiu m\u00e9decine traditionnelle chinoise r\u00e9habilitation physioth\u00e9rapie \u00e9limination aiguilles d&rsquo;acupuncture"},"content":{"rendered":"<div style=\"max-width: 750px;margin: 0 auto;\">\n<div data-magic-global=\"%7B%22bizId%22%3A3215165050%2C%22pageId%22%3A20168500547%2C%22siteId%22%3A5005610021%7D\" id=\"detail_decorate_root\">\n<div class=\"J_module\" module-id=\"25405658357\" module-title=\"detailTextWithTitle\" render=\"true\">\n<div class=\"detail-decorate-json-renderer-container\">\n<div class=\"magic-1\">\n<h3 class=\"magic-2\"><\/h3>\n<h3 class=\"magic-3\"><font face=\"Verdana, Geneva\" size=\"6\"><br \/><\/font><\/h3>\n<h3 class=\"magic-3\"><font face=\"Verdana, Geneva\" size=\"6\">Th\u00e9rapie chinoise Huanqiu jetable<\/font><\/h3>\n<h3 class=\"magic-3\"><font face=\"Verdana, Geneva\" size=\"6\"><br \/><\/font><\/h3>\n<h3 class=\"magic-3\"><font face=\"Verdana, Geneva\" size=\"6\"> Aiguilles d&rsquo;acupuncture \u00e0 presse st\u00e9rile<\/font><\/h3>\n<div class=\"magic-4\">\n<div class=\"magic-5\">\n<div class=\"magic-6\"><\/div>\n<\/div>\n<\/div>\n<\/div>\n<\/div>\n<\/div>\n<div class=\"J_module\" module-id=\"25405658358\" module-title=\"detailHorizontalImageText\" render=\"true\">\n<div class=\"icbu-pc-images magic-7\">\n<div>\n<div class=\"flex-layout-h\">\n<div class=\"flex-layout-v magic-8\">\n<div class=\"magic-9\"><img decoding=\"async\" class=\"magic-10\" data-src=\"\" src=\"https:\/\/anbanjia.com.cn\/wp-content\/uploads\/2022\/05\/HTB1OmuuRpXXXXaYapXXq6xXFXXXz.jpg\" style=\"max-width: 750;\"><\/div>\n<\/div>\n<div class=\"text-wrapper magic-11\">\n<div class=\"text-wrapper-right text-theme-light text-align-left\">\n<div class=\"text-title\">\n<h3 class=\"magic-12\"><font color=\"#0000ff\" face=\"Verdana, Geneva\" size=\"5\">Stimulateur d&rsquo;aiguille d&rsquo;acupuncture Huanqiu<\/font><\/h3>\n<\/div>\n<div class=\"text-content\">\n<p class=\"magic-13\"><font face=\"Tahoma\" size=\"4\">1. Marque bien connue d&rsquo;aiguilles d&rsquo;acupuncture vendues dans plus de 80 pays. <\/font><\/p>\n<p class=\"magic-13\"><font face=\"Tahoma\" size=\"4\">2. Ces aiguilles sont fabriqu\u00e9es selon les exigences ISO 9002 et approuv\u00e9es par CE, Sant\u00e9 Canada et la TGA australienne.<\/font><\/p>\n<\/div>\n<\/div>\n<\/div>\n<\/div>\n<\/div>\n<\/div>\n<\/div>\n<div class=\"J_module\" module-id=\"25405658359\" module-title=\"detailTextWithTitle\" render=\"true\">\n<div class=\"detail-decorate-json-renderer-container\">\n<div class=\"magic-1\">\n<h3 class=\"magic-2\"><\/h3>\n<h3 class=\"magic-12\"><font color=\"#0000ff\" size=\"5\">Sp\u00e9cifications du stimulateur d&rsquo;aiguille d&rsquo;acupuncture Huanqiu :<\/font><\/h3>\n<div class=\"magic-4\">\n<div class=\"magic-5\">\n<div class=\"magic-6\">\n<p class=\"magic-13\"><font face=\"Verdana, Geneva\" size=\"4\">Approuv\u00e9 CE0197<br \/>100 aiguilles par bo\u00eete, 1000 pi\u00e8ces\/CTN<br \/>Jetable st\u00e9rile (usage unique)<br \/>Sans tube<\/font><\/p>\n<\/div>\n<\/div>\n<\/div>\n<\/div>\n<\/div>\n<\/div><\/div>\n<\/div>\n","protected":false},"excerpt":{"rendered":"<div style=\"width:auto\">\n<div style=\"min-width: 300px;max-width: 300px;word-wrap: break-word;float: left\">Lieu d&rsquo;origine&nbsp;: Jiangsu, Chine <\/div>\n<div style=\"min-width: 300px;max-width: 300px;word-wrap: break-word;float: left\">Nom de marque:Huanqiu<\/div>\n<\/p><\/div>\n<div style=\"width:auto\">\n<div style=\"min-width: 300px;max-width: 300px;word-wrap: break-word;float: left\">Num\u00e9ro de mod\u00e8le&nbsp;: QG <\/div>\n<div style=\"min-width: 300px;max-width: 300px;word-wrap: break-word;float: left\">Fonction : diur\u00e9tiques pour \u00e9liminer l&rsquo;humidit\u00e9, am\u00e9liorer le corps.<\/div>\n<\/p><\/div>\n<div style=\"width:auto\">\n<div style=\"min-width: 300px;max-width: 300px;word-wrap: break-word;float: left\">Demande:Corps <\/div>\n<div style=\"min-width: 300px;max-width: 300px;word-wrap: break-word;float: left\">Dur\u00e9e de conservation&nbsp;: 6&nbsp;mois<\/div>\n<\/p><\/div>\n<div style=\"width:auto\">\n<div style=\"min-width: 300px;max-width: 300px;word-wrap: break-word;float: left\">Certificat de qualit\u00e9&nbsp;: ce <\/div>\n<div style=\"min-width: 300px;max-width: 300px;word-wrap: break-word;float: left\">Classification des instruments&nbsp;: classe&nbsp;I<\/div>\n<\/p><\/div>\n<div style=\"width:auto\">\n<div style=\"min-width: 300px;max-width: 300px;word-wrap: break-word;float: left\">Norme de s\u00e9curit\u00e9&nbsp;:&nbsp;Aucune <\/div>\n<div style=\"min-width: 300px;max-width: 300px;word-wrap: break-word;float: left\">Type : aiguilles d&rsquo;acupuncture.<\/div>\n<\/p><\/div>\n<div style=\"width:auto\">\n<div style=\"min-width: 300px;max-width: 300px;word-wrap: break-word;float: left\">Propri\u00e9t\u00e9s&nbsp;: appareil de m\u00e9decine chinoise <\/div>\n<div style=\"min-width: 300px;max-width: 300px;word-wrap: break-word;float: left\">Mat\u00e9riel: acier inoxydable<\/div>\n<\/p><\/div>\n<div style=\"width:auto\">\n<div style=\"min-width: 300px;max-width: 300px;word-wrap: break-word;float: left\">Quantit\u00e9 : 100 pi\u00e8ces\/bo\u00eete <\/div>\n<div style=\"min-width: 300px;max-width: 300px;word-wrap: break-word;float: left\">Taille: diverses sp\u00e9cifications<\/div>\n<\/p><\/div>\n","protected":false},"featured_media":7241,"comment_status":"closed","ping_status":"closed","template":"","meta":[],"product_cat":[132],"product_tag":[],"class_list":["post-12978","product","type-product","status-publish","has-post-thumbnail","hentry","product_cat-aiguille"],"_links":{"self":[{"href":"https:\/\/anbanjia.com.cn\/fr\/wp-json\/wp\/v2\/product\/12978","targetHints":{"allow":["GET"]}}],"collection":[{"href":"https:\/\/anbanjia.com.cn\/fr\/wp-json\/wp\/v2\/product"}],"about":[{"href":"https:\/\/anbanjia.com.cn\/fr\/wp-json\/wp\/v2\/types\/product"}],"replies":[{"embeddable":true,"href":"https:\/\/anbanjia.com.cn\/fr\/wp-json\/wp\/v2\/comments?post=12978"}],"wp:featuredmedia":[{"embeddable":true,"href":"https:\/\/anbanjia.com.cn\/fr\/wp-json\/wp\/v2\/media\/7241"}],"wp:attachment":[{"href":"https:\/\/anbanjia.com.cn\/fr\/wp-json\/wp\/v2\/media?parent=12978"}],"wp:term":[{"taxonomy":"product_cat","embeddable":true,"href":"https:\/\/anbanjia.com.cn\/fr\/wp-json\/wp\/v2\/product_cat?post=12978"},{"taxonomy":"product_tag","embeddable":true,"href":"https:\/\/anbanjia.com.cn\/fr\/wp-json\/wp\/v2\/product_tag?post=12978"}],"curies":[{"name":"wp","href":"https:\/\/api.w.org\/{rel}","templated":true}]}}