{"id":12973,"date":"2022-05-02T18:03:04","date_gmt":"2022-05-02T18:03:04","guid":{"rendered":"https:\/\/www.anbanjia.com.cn\/product\/ensemble-de-ventouses-en-plastique-hijama-de-therapie-de-ventouses-sous-vide-traditionnelles-chinoises\/"},"modified":"2022-05-02T18:03:04","modified_gmt":"2022-05-02T18:03:04","slug":"ensemble-de-ventouses-en-plastique-hijama","status":"publish","type":"product","link":"https:\/\/anbanjia.com.cn\/fr\/produit\/ensemble-de-ventouses-en-plastique-hijama\/","title":{"rendered":"Ensemble de ventouses en plastique hijama de th\u00e9rapie de ventouses sous vide traditionnelles chinoises"},"content":{"rendered":"<div style=\"max-width: 750px; margin: 0 auto;\">\n<p><span style=\"font-size: 32px;\">ensemble de tasses \u00e0 ventouses cor\u00e9ennes kanzhucupping vaccum12 en vrac<\/span><\/p>\n<div id=\"ali-anchor-AliPostDhMb-a3lo9\" style=\"padding-top: 8px;\" data-section=\"AliPostDhMb-a3lo9\" data-section-title=\"Product Description\">\n<div id=\"ali-title-AliPostDhMb-a3lo9\" style=\"padding: 8px 0; border-bottom: 1px solid #ddd;\"><span style=\"background-color: #ddd; color: #333; font-weight: bold; padding: 8px 10px; line-height: 12px;\">Description du produit<\/span><\/div>\n<div style=\"padding: 10px 0;\">\n<p> <img decoding=\"async\" style=\"max-width: 750;\" src=\"https:\/\/anbanjia.com.cn\/wp-content\/uploads\/2022\/05\/HTB1lv_zXlaE3KVjSZLeq6xsSFXaP.jpg\" data-alt=\"chinese traditional vacuum cupping therapy suction machine hijama plastic cupping set\" data-src=\"\"><img decoding=\"async\" src=\"https:\/\/anbanjia.com.cn\/wp-content\/uploads\/2022\/05\/HTB1Z2PHXaWs3KVjSZFxq6yWUXXaT.jpg\" data-alt=\"chinese traditional vacuum cupping therapy suction machine hijama plastic cupping set\" data-src=\"\"><\/p>\n<p><span style=\"font-size: 18px;\">Mat\u00e9riau des gobelets : PS (polystyr\u00e8ne) <\/span><\/p>\n<p><span style=\"font-size: 18px;\">Ajustement de base : 6 bonnets avec bonnets de la s\u00e9rie \u00ab D \u00bb. <\/span><\/p>\n<p><span style=\"font-size: 18px;\">6,6 cm x 1 pi\u00e8ces; 5,8 cm x 1 pi\u00e8ces, 5,05 cm x 1 pi\u00e8ces; <\/span><\/p>\n<p><span style=\"font-size: 18px;\">4,35 cm x 1 pi\u00e8ces; 3,35 cm x 1 pi\u00e8ces; 2,8 cm x 1 pi\u00e8ces; <\/span><\/p>\n<p><span style=\"font-size: 18px;\">1 pc de petite pompe en PP avec connecteur&nbsp;; <\/span><\/p>\n<p><span style=\"font-size: 18px;\">1 pc de tuyau de connexion avec une longueur de 65 cm (facultatif)<\/span><\/p>\n<p><span style=\"font-size: 18px;\"> 1pc de connecteur 6pcs d&rsquo;aiguilles magn\u00e9tiques (facultatif) <\/span><\/p>\n<p><span style=\"font-size: 18px;\">1 pc de manuel d&rsquo;utilisation.<\/span><\/p>\n<p><img decoding=\"async\" src=\"https:\/\/anbanjia.com.cn\/wp-content\/uploads\/2022\/05\/HTB1faYpaPnuK1RkSmFPq6AuzFXay.jpg\" data-alt=\"chinese traditional vacuum cupping therapy suction machine hijama plastic cupping set\" data-height=\"449\" data-src=\"\" data-width=\"800\"><\/p>\n<p><span style=\"background-color: #ffff00;\"><strong><span style=\"font-size: 32px; color: #0000ff;\">Caract\u00e9ristiques:<\/span><\/strong><\/span><br \/>\n<span style=\"font-size: 24px;\">1 Sept tailles de bonnets diff\u00e9rentes vous permettent de traiter n&rsquo;importe quelle partie du corps. <\/span><br \/>\n<span style=\"font-size: 24px;\">2 Les ventouses sous vide sont faciles et pratiques \u00e0 utiliser sans avoir besoin de feu, \u00e9liminant ainsi les risques de br\u00fblure de la peau. <\/span><br \/>\n<span style=\"font-size: 24px;\">3 tasses sont con\u00e7ues avec des bords incurv\u00e9s lisses pour un confort accru et un contact avec la peau pour une fermeture herm\u00e9tique. <\/span><br \/>\n<span style=\"font-size: 24px;\">4 gobelets en plastique transparents durables permettent une visualisation facile de la zone de traitement et de voir la pression n\u00e9gative et le rougissement de la peau. <\/span><br \/>\n<span style=\"font-size: 24px;\">5 soupapes de pression faciles \u00e0 utiliser vous permettent de rel\u00e2cher sans effort la pression pour le retrait de la tasse (comprend des soupapes de rechange). <\/span><br \/>\n<span style=\"font-size: 24px;\">6 points biomagn\u00e9tiques inclus augmentent l&rsquo;efficacit\u00e9 du traitement. <\/span><\/p>\n<\/div>\n<\/div>\n<div id=\"ali-anchor-AliPostDhMb-mvffy\" style=\"padding-top: 8px;\" data-section=\"AliPostDhMb-mvffy\" data-section-title=\"Shipping and payment\">\n<div id=\"ali-title-AliPostDhMb-mvffy\" style=\"padding: 8px 0; border-bottom: 1px solid #ddd;\"><span style=\"background-color: #ddd; color: #333; font-weight: bold; padding: 8px 10px; line-height: 12px;\">Exp\u00e9dition et paiement<\/span><\/div>\n<div style=\"padding: 10px 0;\">\n<p><img decoding=\"async\" src=\"https:\/\/anbanjia.com.cn\/wp-content\/uploads\/2022\/05\/HTB1dO4eSFXXXXX8XVXXq6xXFXXXe.jpg\" data-alt=\"chinese traditional vacuum cupping therapy suction machine hijama plastic cupping set\" data-src=\"\"><\/p>\n<\/div>\n<\/div>\n<\/div>\n","protected":false},"excerpt":{"rendered":"<p>&nbsp;<\/p>\n<div style=\"width: auto;\">\n<div style=\"min-width: 300px; max-width: 300px; word-wrap: break-word; float: left;\">Lieu d&rsquo;origine : Chine<\/div>\n<div style=\"min-width: 300px; max-width: 300px; word-wrap: break-word; float: left;\">Nom de marque: oem<\/div>\n<\/div>\n<div style=\"width: auto;\">\n<div style=\"min-width: 300px; max-width: 300px; word-wrap: break-word; float: left;\">Num\u00e9ro de mod\u00e8le : B-6<\/div>\n<div style=\"min-width: 300px; max-width: 300px; word-wrap: break-word; float: left;\">Fonction : aromatique pour r\u00e9soudre l&rsquo;humidit\u00e9.<\/div>\n<\/div>\n<div style=\"width: auto;\">\n<div style=\"min-width: 300px; max-width: 300px; word-wrap: break-word; float: left;\">Demande:Corps<\/div>\n<div style=\"min-width: 300px; max-width: 300px; word-wrap: break-word; float: left;\">Dur\u00e9e de conservation&nbsp;: 1&nbsp;ans<\/div>\n<\/div>\n<div style=\"width: auto;\">\n<div style=\"min-width: 300px; max-width: 300px; word-wrap: break-word; float: left;\">Certificat de qualit\u00e9&nbsp;: ce<\/div>\n<div style=\"min-width: 300px; max-width: 300px; word-wrap: break-word; float: left;\">Classification des instruments&nbsp;: classe&nbsp;I<\/div>\n<\/div>\n<div style=\"width: auto;\">\n<div style=\"min-width: 300px; max-width: 300px; word-wrap: break-word; float: left;\">Norme de s\u00e9curit\u00e9&nbsp;:&nbsp;Aucune<\/div>\n<div style=\"min-width: 300px; max-width: 300px; word-wrap: break-word; float: left;\">Propri\u00e9t\u00e9s : Appareil de m\u00e9decine chinoise<\/div>\n<\/div>\n<div style=\"width: auto;\">\n<div style=\"min-width: 300px; max-width: 300px; word-wrap: break-word; float: left;\">Type : tasse \u00e0 ventouses.<\/div>\n<div style=\"min-width: 300px; max-width: 300px; word-wrap: break-word; float: left;\">Mat\u00e9riel:Plastique<\/div>\n<\/div>\n<div style=\"width: auto;\">\n<div style=\"min-width: 300px; max-width: 300px; word-wrap: break-word; float: left;\">Taille: avec diff\u00e9rentes tailles<\/div>\n<div style=\"min-width: 300px; max-width: 300px; word-wrap: break-word; float: left;\">Quantit\u00e9 de tasses&nbsp;: 6\/12\/18\/24 ensemble de ventouses<\/div>\n<\/div>\n<div style=\"width: auto;\">\n<div style=\"min-width: 300px; max-width: 300px; word-wrap: break-word; float: left;\">Utilisation: Ventouses Hijama<\/div>\n<div style=\"min-width: 300px; max-width: 300px; word-wrap: break-word; float: left;\">Garantie 1 ann\u00e9e<\/div>\n<\/div>\n","protected":false},"featured_media":12573,"comment_status":"closed","ping_status":"closed","template":"","meta":[],"product_cat":[134],"product_tag":[],"class_list":["post-12973","product","type-product","status-publish","has-post-thumbnail","hentry","product_cat-tasse-a-ventouses"],"_links":{"self":[{"href":"https:\/\/anbanjia.com.cn\/fr\/wp-json\/wp\/v2\/product\/12973","targetHints":{"allow":["GET"]}}],"collection":[{"href":"https:\/\/anbanjia.com.cn\/fr\/wp-json\/wp\/v2\/product"}],"about":[{"href":"https:\/\/anbanjia.com.cn\/fr\/wp-json\/wp\/v2\/types\/product"}],"replies":[{"embeddable":true,"href":"https:\/\/anbanjia.com.cn\/fr\/wp-json\/wp\/v2\/comments?post=12973"}],"wp:featuredmedia":[{"embeddable":true,"href":"https:\/\/anbanjia.com.cn\/fr\/wp-json\/wp\/v2\/media\/12573"}],"wp:attachment":[{"href":"https:\/\/anbanjia.com.cn\/fr\/wp-json\/wp\/v2\/media?parent=12973"}],"wp:term":[{"taxonomy":"product_cat","embeddable":true,"href":"https:\/\/anbanjia.com.cn\/fr\/wp-json\/wp\/v2\/product_cat?post=12973"},{"taxonomy":"product_tag","embeddable":true,"href":"https:\/\/anbanjia.com.cn\/fr\/wp-json\/wp\/v2\/product_tag?post=12973"}],"curies":[{"name":"wp","href":"https:\/\/api.w.org\/{rel}","templated":true}]}}