{"id":12972,"date":"2022-05-02T18:03:03","date_gmt":"2022-05-02T18:03:03","guid":{"rendered":"https:\/\/www.anbanjia.com.cn\/product\/pompe-a-vide-a-respiration-lache-unique-et-pompe-a-ventouse-a-ventouse-12-machines-a-ventouses-pour-hijama\/"},"modified":"2022-05-02T18:03:03","modified_gmt":"2022-05-02T18:03:03","slug":"pompe-a-vide-et-ventouse-pompe-aspirante-12-ventouses-machine-set-pour-hijama","status":"publish","type":"product","link":"https:\/\/anbanjia.com.cn\/fr\/produit\/pompe-a-vide-et-ventouse-pompe-aspirante-12-ventouses-machine-set-pour-hijama\/","title":{"rendered":"Pompe \u00e0 vide \u00e0 respiration l\u00e2che unique et pompe \u00e0 ventouse \u00e0 ventouse 12 machines \u00e0 ventouses pour hijama"},"content":{"rendered":"<div style=\"max-width: 750px; margin: 0 auto;\">\n<div id=\"ali-anchor-AliPostDhMb-dhy2x\" style=\"padding-top: 8px;\" data-section=\"AliPostDhMb-dhy2x\" data-section-title=\"Product Details\">\n<div id=\"ali-title-AliPostDhMb-dhy2x\" style=\"padding: 8px 0; border-bottom: 1px solid #ddd;\"><span style=\"background-color: #ddd; color: #333; font-weight: bold; padding: 8px 10px; line-height: 12px;\">d\u00e9tails du produit<\/span><\/div>\n<div style=\"padding: 10px 0;\">\n<p><img decoding=\"async\" style=\"max-width: 750;\" src=\"https:\/\/anbanjia.com.cn\/wp-content\/uploads\/2022\/05\/HTB1pKcVSpXXXXa8XXXXq6xXFXXXs-2.jpg\" data-alt=\"Single loose breath vacuum pump and suction cup suction pump 12 cupping cup machine set for hijama\" data-src=\"\"><\/p>\n<h3 style=\"margin: 0px; padding: 0px; border: 0px; font-style: normal; font-weight: bold; font-size: 1.17em; line-height: 20px; font-family: Arial,Helvetica; vertical-align: baseline; color: #333333; background-color: #ffffff;\"><span style=\"color: #0000ff;\"><strong><span style=\"font-size: 32px;\">Tasses de th\u00e9rapie sous vide en plastique&nbsp;:<\/span><\/strong><\/span><\/h3>\n<p><span style=\"color: #008000; font-size: 24px;\"><span style=\"font-family: Arial, Helvetica; font-style: normal; float: none; display: inline !important;\">1. diff\u00e9rentes tailles et formes pour une partie sp\u00e9ciale de votre corps&nbsp;;<\/span><br \/>\n<span style=\"font-family: Arial, Helvetica; font-style: normal; float: none; display: inline !important;\">2.transparent pour voir \u00e0 l&rsquo;int\u00e9rieur.<\/span><br \/>\n<span style=\"font-family: Arial, Helvetica; font-style: normal; float: none; display: inline !important;\">3. paquet diff\u00e9rent pour diff\u00e9rents ensembles. n&rsquo;h\u00e9sitez pas \u00e0 contacter nos ventes pour plus de d\u00e9tails.<\/span><\/span><\/p>\n<p><span style=\"color: #008000; font-size: 24px;\"><span style=\"font-family: Arial, Helvetica; font-style: normal; float: none; display: inline !important;\">4. disponible \u00e0 l&rsquo;h\u00f4pital et dans la famille ;<\/span><\/span><\/p>\n<p><span style=\"color: #0000ff; font-size: 32px;\"><span style=\"font-family: Arial, Helvetica; font-style: normal; float: none; display: inline !important;\"><strong>Six tailles de bonnet correspondent \u00e0 diff\u00e9rents endroits du corps&nbsp;:<\/strong><\/span><\/span><\/p>\n<p><span style=\"color: #008000; font-size: 24px;\"><span style=\"font-family: Arial, Helvetica; font-style: normal; float: none; display: inline !important;\"><strong><span style=\"font-family: Arial, Helvetica; font-style: normal; font-weight: normal; float: none; display: inline !important;\">1.Petite taille pour le visage ou les points moins muscl\u00e9s :<\/span><br \/>\n<span style=\"font-family: Arial, Helvetica; font-style: normal; font-weight: normal; float: none; display: inline !important;\">2. pieds, mains, avant-bras. Taille moyenne pour le haut des bras et le bas des jambes<\/span><br \/>\n<span style=\"font-family: Arial, Helvetica; font-style: normal; font-weight: normal; float: none; display: inline !important;\">3.Grande et tr\u00e8s grande taille pour le haut des jambes, le dos ou l&rsquo;abdomen.<\/span><\/strong><\/span><\/span><\/p>\n<\/div>\n<\/div>\n<div id=\"ali-anchor-AliPostDhMb-rf7gy\" style=\"padding-top: 8px;\" data-section=\"AliPostDhMb-rf7gy\" data-section-title=\"Product Description\">\n<div id=\"ali-title-AliPostDhMb-rf7gy\" style=\"padding: 8px 0; border-bottom: 1px solid #ddd;\"><span style=\"background-color: #ddd; color: #333; font-weight: bold; padding: 8px 10px; line-height: 12px;\">Description du produit<\/span><\/div>\n<div style=\"padding: 10px 0;\"><img decoding=\"async\" src=\"https:\/\/anbanjia.com.cn\/wp-content\/uploads\/2022\/05\/HTB1M48HXZnrK1RkHFrdq6xCoFXaI.jpg\" data-alt=\"Single loose breath vacuum pump and suction cup suction pump 12 cupping cup machine set for hijama\" data-src=\"\"><img decoding=\"async\" src=\"https:\/\/anbanjia.com.cn\/wp-content\/uploads\/2022\/05\/HTB1WUhHX2vsK1RjSspdq6AZepXaE.jpg\" data-alt=\"Single loose breath vacuum pump and suction cup suction pump 12 cupping cup machine set for hijama\" data-src=\"\"><\/div>\n<div style=\"padding: 10px 0;\">\n<p style=\"margin: 0px; padding: 0px; border: 0px; font-style: normal; font-weight: normal; font-size: 14px; line-height: inherit; font-family: Arial,Helvetica; vertical-align: baseline; word-wrap: break-word; color: #333333; background-color: #ffffff;\"><span style=\"color: #0000ff; font-family: Verdana, Geneva; font-size: 32px;\"><strong>Caract\u00e9ristiques:<\/strong><\/span><br \/>\n<span style=\"font-size: 24px; color: #008000;\">1 Sept tailles de bonnets diff\u00e9rentes vous permettent de traiter n&rsquo;importe quelle partie du corps.<br \/>\n2 Les ventouses sous vide sont faciles et pratiques \u00e0 utiliser sans avoir besoin de feu, \u00e9liminant ainsi les risques de br\u00fblure de la peau.<br \/>\n3 tasses sont con\u00e7ues avec des bords incurv\u00e9s lisses pour un confort accru et un contact avec la peau pour une fermeture herm\u00e9tique.<br \/>\n4 gobelets en plastique transparents durables permettent une visualisation facile de la zone de traitement et de voir la pression n\u00e9gative et le rougissement de la peau.<br \/>\n5 soupapes de pression faciles \u00e0 utiliser vous permettent de rel\u00e2cher sans effort la pression pour le retrait de la tasse (comprend des soupapes de rechange).<br \/>\n6 points biomagn\u00e9tiques inclus augmentent l&rsquo;efficacit\u00e9 du traitement. <\/span><\/p>\n<p style=\"margin: 0px; padding: 0px; border: 0px; font-style: normal; font-weight: normal; font-size: 14px; line-height: inherit; font-family: Arial,Helvetica; vertical-align: baseline; word-wrap: break-word; color: #333333; background-color: #ffffff;\"><span style=\"font-size: medium;\"> <\/span><\/p>\n<p style=\"margin: 0px; padding: 0px; border: 0px; font-style: normal; font-weight: normal; font-size: 14px; line-height: inherit; font-family: Arial,Helvetica; vertical-align: baseline; word-wrap: break-word; color: #333333; background-color: #ffffff;\"><span style=\"color: #0000ff; font-size: 32px;\">Nous avons plusieurs types de ventouses Kangzhu, si vous avez besoin, veuillez me contacter pour plus d&rsquo;informations.<\/span><\/p>\n<p style=\"margin: 0px; padding: 0px; border: 0px; font-style: normal; font-weight: normal; font-size: 14px; line-height: inherit; font-family: Arial,Helvetica; vertical-align: baseline; word-wrap: break-word; color: #333333; background-color: #ffffff;\"><img decoding=\"async\" src=\"https:\/\/anbanjia.com.cn\/wp-content\/uploads\/2022\/05\/HTB1Ljw1VQPoK1RjSZKb7601IXXag.png\" data-alt=\"Single loose breath vacuum pump and suction cup suction pump 12 cupping cup machine set for hijama\" data-src=\"\"><br \/>\n<span style=\"font-size: 24px; color: #008000;\">Autres :<\/span><br \/>\n<span style=\"font-size: 24px; color: #008000;\">Pompe d&rsquo;aspiration 1<\/span><br \/>\n<span style=\"font-size: 24px; color: #008000;\">Tuyau de connecteur de pompe 1<\/span><br \/>\n<span style=\"font-size: 24px; color: #008000;\">Manuel de ventouses (anglais et chinois) et CD d&rsquo;information (chinois uniquement)<\/span><\/p>\n<\/div>\n<div style=\"padding: 10px 0;\"><img decoding=\"async\" src=\"https:\/\/anbanjia.com.cn\/wp-content\/uploads\/2022\/05\/HTB1F0YMXTzGK1JjSspbq6zHpFXaP.jpg\" data-src=\"\"><\/div>\n<div style=\"padding: 10px 0;\"><\/div>\n<div style=\"padding: 10px 0;\"><\/div>\n<div style=\"padding: 10px 0;\"><\/div>\n<div style=\"padding: 10px 0;\"><span style=\"font-size: 32px; color: #0000ff;\"><strong>Voyez ce que font les gobelets&nbsp;: s\u00fbrs et contr\u00f4lables<\/strong><\/span><\/div>\n<div style=\"padding: 10px 0;\"><span style=\"font-size: 24px; color: #008000;\"><strong><span style=\"font-family: 'Times New Roman', Times; font-style: normal; font-weight: normal; float: none; display: inline !important;\">La transparence des ventouses vous permet de voir clairement le rougissement de la peau avec l&rsquo;augmentation du temps de ventouses, de sorte que vous pouvez contr\u00f4ler compl\u00e8tement les ventouses quant \u00e0 ses effets et le temps de ventouses optimal n\u00e9cessaire. Sans l&rsquo;usage du feu, il n&rsquo;y a pas de danger de se br\u00fbler la peau ; et la pression n\u00e9gative \u00e0 l&rsquo;int\u00e9rieur de la tasse peut \u00eatre adapt\u00e9e \u00e0 l&rsquo;\u00e9tat de chaque patient, car vous la contr\u00f4lez \u00e0 la main \u00e0 l&rsquo;aide du pistolet \u00e0 pression.<\/span><\/strong><\/span><\/div>\n<div style=\"padding: 10px 0;\"><strong><span style=\"font-size: 32px; color: #0000ff;\"><span style=\"font-family: 'Times New Roman', Times; font-style: normal; float: none; display: inline !important;\">Remarque&nbsp;:<\/span><\/span><\/strong><\/div>\n<div style=\"padding: 10px 0;\"><span style=\"color: #008000; font-size: 24px;\"><strong><span style=\"font-family: 'Times New Roman', Times; font-style: normal; float: none; display: inline !important;\"><span style=\"font-family: 'Times New Roman', Times; font-style: normal; font-weight: normal; float: none; display: inline !important;\">1. Veuillez choisir des pi\u00e8ces de sant\u00e9 appropri\u00e9es, qui ont des muscles abdominaux, une peau lisse et sans fourrure. Mais si vous voulez vraiment faire sur des parties rugueuses avec de la fourrure, mieux vaut mettre le bon tapis de beignets sous l&rsquo;ouverture de celui-ci en cas de fuite d&rsquo;air. De plus, si la peau est s\u00e8che, mouillez d&rsquo;abord la peau, puis ventousez.<\/span><br \/>\n<span style=\"font-family: 'Times New Roman', Times; font-style: normal; font-weight: normal; float: none; display: inline !important;\">  2. En utilisant les ventouses pour la premi\u00e8re fois, veuillez choisir les petites ventouses et stimuler la lumi\u00e8re<\/span><br \/>\n<span style=\"font-family: 'Times New Roman', Times; font-style: normal; font-weight: normal; float: none; display: inline !important;\">  3. Ne bougez pas la position lors de l&rsquo;utilisation des ventouses et devez vous tenir entre les ventouses <\/span><br \/>\n<span style=\"font-family: 'Times New Roman', Times; font-style: normal; font-weight: normal; float: none; display: inline !important;\">  4. Le patient qui a une forte fi\u00e8vre, un coma et des crampes aigu\u00ebs doit d&rsquo;abord clarifier le diagnostic en cas de retard du gain de temps<\/span><br \/>\n<span style=\"font-family: 'Times New Roman', Times; font-style: normal; font-weight: normal; float: none; display: inline !important;\">5. Si une partie de la sant\u00e9 est rouge et prurit, ne griffez pas sauvagement, ce sera bon apr\u00e8s plusieurs jours<\/span><\/span><\/strong><\/span><\/div>\n<div style=\"padding: 10px 0;\">\n<h3 style=\"margin: 0px; padding: 0px; border: 0px; font-style: normal; font-weight: bold; font-size: 1.17em; line-height: 20px; font-family: Arial,Helvetica; vertical-align: baseline; color: #333333; background-color: #ffffff; text-align: center;\"><span style=\"color: #0000ff; font-size: 32px;\">Votre sant\u00e9 nous tient \u00e0 c\u0153ur<\/span><span style=\"color: #0000ff; font-size: 32px;\"> <\/span><\/h3>\n<\/div>\n<div style=\"padding: 10px 0;\"><img decoding=\"async\" src=\"https:\/\/s.alicdn.com\/@sc02\/kf\/HTB1RiCFXxTxLuJjy1Xcq6z.gXXal\/230438700\/HTB1RiCFXxTxLuJjy1Xcq6z.gXXal.jpg?quality=close\" alt=\"Chinese vacuum cupping pump \/ suction pump\/ grip hand pump for cupping\"><a href=\"https:\/\/abj-medical.en.alibaba.com\/productgrouplist-804976426\/Chinese_traditional_therapy.html?spm=a2700.8304367.topnav.6.73152c54tEAdqB\" target=\"_blank\" rel=\"noopener\"><img decoding=\"async\" src=\"https:\/\/anbanjia.com.cn\/wp-content\/uploads\/2022\/05\/HTB1tIa1aXHFK1JjSZFzq6z23XXaa.jpg\" data-alt=\"Single loose breath vacuum pump and suction cup suction pump 12 cupping cup machine set for hijama\" data-src=\"\"><\/a><img decoding=\"async\" src=\"https:\/\/anbanjia.com.cn\/wp-content\/uploads\/2022\/05\/HTB1RDS2agYDK1JjSZPcq6yjZpXaK.jpg\" data-alt=\"Single loose breath vacuum pump and suction cup suction pump 12 cupping cup machine set for hijama\" data-src=\"\"><\/div>\n<div style=\"padding: 10px 0;\"><\/div>\n<\/div>\n<div id=\"ali-anchor-AliPostDhMb-9e69y\" style=\"padding-top: 8px;\" data-section=\"AliPostDhMb-9e69y\" data-section-title=\"company information\">\n<div id=\"ali-title-AliPostDhMb-9e69y\" style=\"padding: 8px 0; border-bottom: 1px solid #ddd;\"><span style=\"background-color: #ddd; color: #333; font-weight: bold; padding: 8px 10px; line-height: 12px;\">Informations sur la soci\u00e9t\u00e9<\/span><\/div>\n<div style=\"padding: 10px 0;\">\n<p><img decoding=\"async\" src=\"https:\/\/anbanjia.com.cn\/wp-content\/uploads\/2022\/05\/HTB1MME3SpXXXXbJaXXXq6xXFXXXA-1.jpg\" data-alt=\"Single loose breath vacuum pump and suction cup suction pump 12 cupping cup machine set for hijama\" data-src=\"\"><\/p>\n<\/div>\n<\/div>\n<div id=\"ali-anchor-AliPostDhMb-nu2p6\" style=\"padding-top: 8px;\" data-section=\"AliPostDhMb-nu2p6\" data-section-title=\"certificate\">\n<div id=\"ali-title-AliPostDhMb-nu2p6\" style=\"padding: 8px 0; border-bottom: 1px solid #ddd;\"><span style=\"background-color: #ddd; color: #333; font-weight: bold; padding: 8px 10px; line-height: 12px;\">certificat<\/span><\/div>\n<div style=\"padding: 10px 0;\">\n<p><img decoding=\"async\" src=\"https:\/\/anbanjia.com.cn\/wp-content\/uploads\/2022\/05\/HTB1Z1olSpXXXXctXXXXq6xXFXXXu-1.jpg\" data-alt=\"Single loose breath vacuum pump and suction cup suction pump 12 cupping cup machine set for hijama\" data-src=\"\"><\/p>\n<\/div>\n<\/div>\n<div id=\"ali-anchor-AliPostDhMb-y32p6\" style=\"padding-top: 8px;\" data-section=\"AliPostDhMb-y32p6\" data-section-title=\"produce &amp; payment\">\n<div id=\"ali-title-AliPostDhMb-y32p6\" style=\"padding: 8px 0; border-bottom: 1px solid #ddd;\"><span style=\"background-color: #ddd; color: #333; font-weight: bold; padding: 8px 10px; line-height: 12px;\">produire et payer<\/span><\/div>\n<div style=\"padding: 10px 0;\">\n<p><img decoding=\"async\" src=\"https:\/\/anbanjia.com.cn\/wp-content\/uploads\/2022\/05\/HTB1LlvUSpXXXXbJXVXXq6xXFXXXf-1.jpg\" data-alt=\"Single loose breath vacuum pump and suction cup suction pump 12 cupping cup machine set for hijama\" data-src=\"\"><img decoding=\"async\" src=\"https:\/\/anbanjia.com.cn\/wp-content\/uploads\/2022\/05\/HTB1R1haSFXXXXXNXVXXq6xXFXXXz-1.jpg\" data-alt=\"Single loose breath vacuum pump and suction cup suction pump 12 cupping cup machine set for hijama\" data-src=\"\"><\/p>\n<\/div>\n<\/div>\n<div id=\"ali-anchor-AliPostDhMb-9qw0b\" style=\"padding-top: 8px;\" data-section=\"AliPostDhMb-9qw0b\" data-section-title=\"contact us\">\n<div id=\"ali-title-AliPostDhMb-9qw0b\" style=\"padding: 8px 0; border-bottom: 1px solid #ddd;\"><span style=\"background-color: #ddd; color: #333; font-weight: bold; padding: 8px 10px; line-height: 12px;\">Nous contacter<\/span><\/div>\n<div style=\"padding: 10px 0;\">\n<p><a href=\"https:\/\/abj-medical.en.alibaba.com\/contactinfo.html?spm=a2700.8304367.topnav.8.5d239224wxD2sy\" target=\"_blank\" rel=\"noopener\"><img decoding=\"async\" src=\"https:\/\/anbanjia.com.cn\/wp-content\/uploads\/2022\/05\/HTB1XU1rouySBuNjy1zd760PxFXaK-2.png\" data-alt=\"Single loose breath vacuum pump and suction cup suction pump 12 cupping cup machine set for hijama\" data-src=\"\"><\/a><\/p>\n<\/div>\n<\/div>\n<div id=\"ali-anchor-AliPostDhMb-9u8lh\" style=\"padding-top: 8px;\" data-section=\"AliPostDhMb-9u8lh\" data-section-title=\"Home\">\n<div style=\"padding: 10px 0;\">\n<p>&nbsp;<\/p>\n<\/div>\n<\/div>\n<\/div>\n","protected":false},"excerpt":{"rendered":"<p>&nbsp;<\/p>\n<div style=\"width: auto;\">\n<div style=\"min-width: 300px; max-width: 300px; word-wrap: break-word; float: left;\">Propri\u00e9t\u00e9s : fournitures de th\u00e9rapie de r\u00e9adaptation.<\/div>\n<div style=\"min-width: 300px; max-width: 300px; word-wrap: break-word; float: left;\">Lieu d&rsquo;origine&nbsp;: Guangdong, Chine<\/div>\n<\/div>\n<div style=\"width: auto;\">\n<div style=\"min-width: 300px; max-width: 300px; word-wrap: break-word; float: left;\">Nom de marque:Anbanjia\/OEM<\/div>\n<div style=\"min-width: 300px; max-width: 300px; word-wrap: break-word; float: left;\">Num\u00e9ro de mod\u00e8le&nbsp;: ABJ-B-12<\/div>\n<\/div>\n<div style=\"width: auto;\">\n<div style=\"min-width: 300px; max-width: 300px; word-wrap: break-word; float: left;\">Type : \u00e9quipements de s\u00e9curit\u00e9 pour salle de bain.<\/div>\n<div style=\"min-width: 300px; max-width: 300px; word-wrap: break-word; float: left;\">Types: tasse \u00e0 ventouses<\/div>\n<\/div>\n<div style=\"width: auto;\">\n<div style=\"min-width: 300px; max-width: 300px; word-wrap: break-word; float: left;\">Taille: avec diff\u00e9rentes tailles<\/div>\n<div style=\"min-width: 300px; max-width: 300px; word-wrap: break-word; float: left;\">Emballage : 6\/12\/24 tasses<\/div>\n<\/div>\n<div style=\"width: auto;\">\n<div style=\"min-width: 300px; max-width: 300px; word-wrap: break-word; float: left;\">Fonction : am\u00e9liorer le corps<\/div>\n<div style=\"min-width: 300px; max-width: 300px; word-wrap: break-word; float: left;\">Mat\u00e9riel:Plastique<\/div>\n<\/div>\n","protected":false},"featured_media":12577,"comment_status":"closed","ping_status":"closed","template":"","meta":[],"product_cat":[134],"product_tag":[],"class_list":["post-12972","product","type-product","status-publish","has-post-thumbnail","hentry","product_cat-tasse-a-ventouses"],"_links":{"self":[{"href":"https:\/\/anbanjia.com.cn\/fr\/wp-json\/wp\/v2\/product\/12972","targetHints":{"allow":["GET"]}}],"collection":[{"href":"https:\/\/anbanjia.com.cn\/fr\/wp-json\/wp\/v2\/product"}],"about":[{"href":"https:\/\/anbanjia.com.cn\/fr\/wp-json\/wp\/v2\/types\/product"}],"replies":[{"embeddable":true,"href":"https:\/\/anbanjia.com.cn\/fr\/wp-json\/wp\/v2\/comments?post=12972"}],"wp:featuredmedia":[{"embeddable":true,"href":"https:\/\/anbanjia.com.cn\/fr\/wp-json\/wp\/v2\/media\/12577"}],"wp:attachment":[{"href":"https:\/\/anbanjia.com.cn\/fr\/wp-json\/wp\/v2\/media?parent=12972"}],"wp:term":[{"taxonomy":"product_cat","embeddable":true,"href":"https:\/\/anbanjia.com.cn\/fr\/wp-json\/wp\/v2\/product_cat?post=12972"},{"taxonomy":"product_tag","embeddable":true,"href":"https:\/\/anbanjia.com.cn\/fr\/wp-json\/wp\/v2\/product_tag?post=12972"}],"curies":[{"name":"wp","href":"https:\/\/api.w.org\/{rel}","templated":true}]}}