{"id":12968,"date":"2022-05-02T18:03:05","date_gmt":"2022-05-02T18:03:05","guid":{"rendered":"https:\/\/www.anbanjia.com.cn\/product\/tube-daiguille-dacupuncture-jetable-huanqiu-de-haute-qualite-emballe-individuellement\/"},"modified":"2022-05-02T18:03:05","modified_gmt":"2022-05-02T18:03:05","slug":"tube-aiguille-dacupuncture-jetable-huanqiu-de-haute-qualite-emballe-individuellement","status":"publish","type":"product","link":"https:\/\/anbanjia.com.cn\/fr\/produit\/tube-aiguille-dacupuncture-jetable-huanqiu-de-haute-qualite-emballe-individuellement\/","title":{"rendered":"Tube d&rsquo;aiguille d&rsquo;acupuncture jetable Huanqiu de haute qualit\u00e9 emball\u00e9 individuellement"},"content":{"rendered":"<div style=\"max-width: 750px; margin: 0 auto;\">\n<div id=\"detail_decorate_root\" data-magic-global=\"%7B%22bizId%22%3A3215165050%2C%22pageId%22%3A21052071941%2C%22siteId%22%3A5005610021%7D\">\n<div class=\"J_module\">\n<div class=\"icbu-pc-images magic-1\">\n<div>\n<div class=\"flex-layout-v\">\n<div class=\"flex-layout-h magic-1\">\n<div class=\"magic-2\"><img decoding=\"async\" class=\"magic-3\" style=\"max-width: 750;\" src=\"https:\/\/anbanjia.com.cn\/wp-content\/uploads\/2022\/05\/H4a05e2f569e346948d3ecd338bb63510W.png\" data-src=\"\"><\/div>\n<\/div>\n<\/div>\n<\/div>\n<div class=\"text-wrapper-below text-theme-light text-align-left\">\n<div class=\"text-title\">\n<div class=\"magic-4\">Tube d&rsquo;aiguille d&rsquo;acupuncture jetable Huanqiu de haute qualit\u00e9 emball\u00e9 individuellement<\/div>\n<\/div>\n<div class=\"text-content\">\n<div class=\"magic-4\"><span class=\"magic-5\">Ayez toutes sortes de mod\u00e8les et de tailles, si vous avez un probl\u00e8me, n&rsquo;h\u00e9sitez pas \u00e0 contacter le vendeur. WhatsApp :+86 13246918260.<\/span><\/div>\n<div class=\"magic-4\"><span class=\"magic-5\">Merci<\/span><\/div>\n<div><img decoding=\"async\" src=\"https:\/\/s.alicdn.com\/@sc04\/kf\/H9d2a1780aaaa4439b7495b82b10c23d0E\/230438700\/H9d2a1780aaaa4439b7495b82b10c23d0E.png?quality=close\"><\/div>\n<div><img decoding=\"async\" src=\"https:\/\/s.alicdn.com\/@sc04\/kf\/H1132287a97f84e78b5251fd07f002b244\/230438700\/H1132287a97f84e78b5251fd07f002b244.jpg?quality=close\"><\/div>\n<div><img decoding=\"async\" src=\"https:\/\/s.alicdn.com\/@sc04\/kf\/Hdc029436fc10425e9f21d7a1c745c462A\/230438700\/Hdc029436fc10425e9f21d7a1c745c462A.jpg?quality=close\"><\/div>\n<div><img decoding=\"async\" src=\"https:\/\/s.alicdn.com\/@sc04\/kf\/HTB1HX2NjwvD8KJjSsplq6yIEFXac\/230438700\/HTB1HX2NjwvD8KJjSsplq6yIEFXac.jpg?quality=close\"><\/div>\n<div><img decoding=\"async\" src=\"https:\/\/s.alicdn.com\/@sc04\/kf\/Hdeffdf22df9c4b04927e4bc448df4aa4e\/230438700\/Hdeffdf22df9c4b04927e4bc448df4aa4e.jpg?quality=close\"><\/div>\n<div><img decoding=\"async\" src=\"https:\/\/s.alicdn.com\/@sc04\/kf\/H0ce20421c8f64b2286ae9b413f4fcfcbn\/230438700\/H0ce20421c8f64b2286ae9b413f4fcfcbn.jpg?quality=close\"><\/div>\n<div><img decoding=\"async\" src=\"https:\/\/s.alicdn.com\/@sc04\/kf\/Hc68b89d76d4b4d27a6cad76860459d33K\/230438700\/Hc68b89d76d4b4d27a6cad76860459d33K.jpg?quality=close\"><\/div>\n<div><img decoding=\"async\" src=\"https:\/\/s.alicdn.com\/@sc04\/kf\/H17cf39182d704715ad56867e3269d145m\/230438700\/H17cf39182d704715ad56867e3269d145m.jpg?quality=close\"><\/div>\n<div><img decoding=\"async\" src=\"https:\/\/s.alicdn.com\/@sc04\/kf\/H77c7ad6a72854007bda8a458236aee1cf\/230438700\/H77c7ad6a72854007bda8a458236aee1cf.jpg?quality=close\"><\/div>\n<div><img decoding=\"async\" src=\"https:\/\/s.alicdn.com\/@sc02\/kf\/HTB1442MKbGYBuNjy0Foq6AiBFXaA\/230438700\/HTB1442MKbGYBuNjy0Foq6AiBFXaA.jpg?quality=close\"><\/div>\n<div><img decoding=\"async\" src=\"https:\/\/s.alicdn.com\/@sc01\/kf\/HTB1xs6Ud.D.BuNjt_h7q6yNDVXat\/230438700\/HTB1xs6Ud.D.BuNjt_h7q6yNDVXat.jpg?quality=close\"><\/div>\n<div><img decoding=\"async\" src=\"https:\/\/s.alicdn.com\/@sc02\/kf\/HTB1waInH4SYBuNjSsphq6zGvVXaG\/230438700\/HTB1waInH4SYBuNjSsphq6zGvVXaG.jpg?quality=close\"><\/div>\n<div><img decoding=\"async\" src=\"https:\/\/s.alicdn.com\/@sc01\/kf\/HTB1aUsdKqmWBuNjy1Xaq6xCbXXag\/230438700\/HTB1aUsdKqmWBuNjy1Xaq6xCbXXag.jpg?quality=close\"><\/div>\n<div>\u00c0 propos de nous:<br \/>\n1. Plus de commande, plus de remise, prix comp\u00e9titif&nbsp;!<br \/>\n2. Bienvenue \u00e0 nous contacter pour obtenir un meilleur prix&nbsp;!<br \/>\n3.Bon service, livraison rapide, et nous valons la peine d&rsquo;\u00eatre dignes de confiance.<br \/>\n4. Nous pouvons vous garantir que vous serez satisfait de nos produits.<br \/>\n5. Nous traitons les clients comme des amis et vous offrons un service consid\u00e9rable.<\/div>\n<div><\/div>\n<\/div>\n<\/div>\n<\/div>\n<\/div>\n<\/div>\n<\/div>\n","protected":false},"excerpt":{"rendered":"<p>&nbsp;<\/p>\n<div style=\"width: auto;\">\n<div style=\"min-width: 300px; max-width: 300px; word-wrap: break-word; float: left;\">Lieu d&rsquo;origine : Chine<\/div>\n<div style=\"min-width: 300px; max-width: 300px; word-wrap: break-word; float: left;\">Nom de marque:Huanqiu<\/div>\n<\/div>\n<div style=\"width: auto;\">\n<div style=\"min-width: 300px; max-width: 300px; word-wrap: break-word; float: left;\">Num\u00e9ro de mod\u00e8le:F<\/div>\n<div style=\"min-width: 300px; max-width: 300px; word-wrap: break-word; float: left;\">Fonction&nbsp;: antirhumatismal, acupuncture<\/div>\n<\/div>\n<div style=\"width: auto;\">\n<div style=\"min-width: 300px; max-width: 300px; word-wrap: break-word; float: left;\">Demande:Corps<\/div>\n<div style=\"min-width: 300px; max-width: 300px; word-wrap: break-word; float: left;\">Dur\u00e9e de conservation : 3 ans<\/div>\n<\/div>\n<div style=\"width: auto;\">\n<div style=\"min-width: 300px; max-width: 300px; word-wrap: break-word; float: left;\">Certificat de qualit\u00e9&nbsp;: ce<\/div>\n<div style=\"min-width: 300px; max-width: 300px; word-wrap: break-word; float: left;\">Classification des instruments&nbsp;: classe&nbsp;II<\/div>\n<\/div>\n<div style=\"width: auto;\">\n<div style=\"min-width: 300px; max-width: 300px; word-wrap: break-word; float: left;\">Norme de s\u00e9curit\u00e9&nbsp;: MOL<\/div>\n<div style=\"min-width: 300px; max-width: 300px; word-wrap: break-word; float: left;\">Nom du produit : aiguille d&rsquo;acupuncture chinoise.<\/div>\n<\/div>\n<div style=\"width: auto;\">\n<div style=\"min-width: 300px; max-width: 300px; word-wrap: break-word; float: left;\">taille: 18 tailles de mod\u00e8le<\/div>\n<div style=\"min-width: 300px; max-width: 300px; word-wrap: break-word; float: left;\">Mat\u00e9riel: acier inoxydable<\/div>\n<\/div>\n","protected":false},"featured_media":7177,"comment_status":"closed","ping_status":"closed","template":"","meta":[],"product_cat":[132],"product_tag":[],"class_list":["post-12968","product","type-product","status-publish","has-post-thumbnail","hentry","product_cat-aiguille"],"_links":{"self":[{"href":"https:\/\/anbanjia.com.cn\/fr\/wp-json\/wp\/v2\/product\/12968","targetHints":{"allow":["GET"]}}],"collection":[{"href":"https:\/\/anbanjia.com.cn\/fr\/wp-json\/wp\/v2\/product"}],"about":[{"href":"https:\/\/anbanjia.com.cn\/fr\/wp-json\/wp\/v2\/types\/product"}],"replies":[{"embeddable":true,"href":"https:\/\/anbanjia.com.cn\/fr\/wp-json\/wp\/v2\/comments?post=12968"}],"wp:featuredmedia":[{"embeddable":true,"href":"https:\/\/anbanjia.com.cn\/fr\/wp-json\/wp\/v2\/media\/7177"}],"wp:attachment":[{"href":"https:\/\/anbanjia.com.cn\/fr\/wp-json\/wp\/v2\/media?parent=12968"}],"wp:term":[{"taxonomy":"product_cat","embeddable":true,"href":"https:\/\/anbanjia.com.cn\/fr\/wp-json\/wp\/v2\/product_cat?post=12968"},{"taxonomy":"product_tag","embeddable":true,"href":"https:\/\/anbanjia.com.cn\/fr\/wp-json\/wp\/v2\/product_tag?post=12968"}],"curies":[{"name":"wp","href":"https:\/\/api.w.org\/{rel}","templated":true}]}}