{"id":12964,"date":"2022-05-02T18:07:28","date_gmt":"2022-05-02T18:07:28","guid":{"rendered":"https:\/\/www.anbanjia.com.cn\/product\/prix-bon-marche-aux-philippines-tricycle-fauteuil-roulant-electrique-utilise\/"},"modified":"2022-05-02T18:07:28","modified_gmt":"2022-05-02T18:07:28","slug":"prix-pas-cher-aux-philippines-tricycle-fauteuil-roulant-electrique-doccasion","status":"publish","type":"product","link":"https:\/\/anbanjia.com.cn\/fr\/produit\/prix-pas-cher-aux-philippines-tricycle-fauteuil-roulant-electrique-doccasion\/","title":{"rendered":"prix bon march\u00e9 aux philippines tricycle fauteuil roulant \u00e9lectrique utilis\u00e9"},"content":{"rendered":"<div style=\"max-width: 750px; margin: 0 auto;\">\n<div id=\"ali-anchor-AliPostDhMb-ljvh5\" class=\"mceSectionContainer\" style=\"padding-top: 8px;\" data-section=\"AliPostDhMb-ljvh5\" data-section-title=\"Product Details\">\n<div id=\"ali-title-AliPostDhMb-ljvh5\" style=\"padding: 8px 0; border-bottom: 1px solid #ddd;\"><span style=\"background-color: #ddd; color: #333; font-weight: bold; padding: 8px 10px; line-height: 12px;\">d\u00e9tails du produit<\/span><\/div>\n<div style=\"padding: 10px 0;\">\n<p style=\"text-align: center;\"> <span style=\"font-size: 24px;\"><strong>scooter \u00e9lectrique l\u00e9ger pas cher<\/strong><\/span><\/p>\n<table style=\"border-collapse: collapse; background-color: #ffffff; width: 636px; height: 449px;\" border=\"1\">\n<tbody>\n<tr style=\"height: 53px;\">\n<td style=\"width: 313px; text-align: center; height: 53px;\"><span style=\"font-size: 18px;\"><strong>Taille totale<\/strong><\/span><\/td>\n<td style=\"width: 316px; text-align: center; height: 53px;\"><span style=\"font-size: 18px;\"><strong>59*97.5*97CM<\/strong><\/span><\/td>\n<\/tr>\n<tr style=\"height: 53px;\">\n<td style=\"width: 313px; text-align: center; height: 53px;\"><span style=\"font-size: 18px;\"><strong>taille de pli<\/strong><\/span><\/td>\n<td style=\"width: 316px; text-align: center; height: 53px;\"><span style=\"font-size: 18px;\"><strong>30*59*77 cm<\/strong><\/span><\/td>\n<\/tr>\n<tr style=\"height: 53px;\">\n<td style=\"width: 313px; text-align: center; height: 53px;\"><span style=\"font-size: 18px;\"><strong>batterie<\/strong><\/span><\/td>\n<td style=\"width: 316px; text-align: center; height: 53px;\"><span style=\"font-size: 18px;\"><strong>6ah\/10ah<\/strong><\/span><\/td>\n<\/tr>\n<tr style=\"height: 53px;\">\n<td style=\"width: 313px; text-align: center; height: 53px;\"><span style=\"font-size: 18px;\"><strong>capacit\u00e9 de chargement<\/strong><\/span><\/td>\n<td style=\"width: 316px; text-align: center; height: 53px;\"><span style=\"font-size: 18px;\"><strong>160KG<\/strong><\/span><\/td>\n<\/tr>\n<tr style=\"height: 53px;\">\n<td style=\"width: 313px; text-align: center; height: 53px;\"><span style=\"font-size: 18px;\"><strong>poids net<\/strong><\/span><\/td>\n<td style=\"width: 316px; text-align: center; height: 53px;\"><span style=\"font-size: 18px;\"><strong>29KG<\/strong><\/span><\/td>\n<\/tr>\n<tr style=\"height: 53px;\">\n<td style=\"width: 313px; text-align: center; height: 53px;\"><span style=\"font-size: 18px;\"><strong>moteur<\/strong><\/span><\/td>\n<td style=\"width: 316px; text-align: center; height: 53px;\"><span style=\"font-size: 18px;\"><strong>180w * 2<\/strong><\/span><\/td>\n<\/tr>\n<tr style=\"height: 53px;\">\n<td style=\"width: 313px; text-align: center; height: 53px;\"><span style=\"font-size: 18px;\"><strong>taille du si\u00e8ge<\/strong><\/span><\/td>\n<td style=\"width: 316px; text-align: center; height: 53px;\"><span style=\"font-size: 18px;\"><strong>43*41*54 cm<\/strong><\/span><\/td>\n<\/tr>\n<\/tbody>\n<\/table>\n<p><img decoding=\"async\" style=\"max-width: 750;\" src=\"https:\/\/anbanjia.com.cn\/wp-content\/uploads\/2022\/05\/H6d15580d6efe4d2cbaee0d44244b0f4f8.jpg\" data-alt=\"cheap price in the philippines tricycle used power electric wheelchair\" data-src=\"\"><img decoding=\"async\" src=\"https:\/\/anbanjia.com.cn\/wp-content\/uploads\/2022\/05\/Hb65d138c039b415aa2b618f7dfebaff5v.jpg\" data-alt=\"cheap price in the philippines tricycle used power electric wheelchair\" data-src=\"\"><img decoding=\"async\" src=\"https:\/\/anbanjia.com.cn\/wp-content\/uploads\/2022\/05\/He257ca0981f549ddb9aa6e0b13fe51c5W.jpg\" data-alt=\"cheap price in the philippines tricycle used power electric wheelchair\" data-src=\"\"><img decoding=\"async\" src=\"https:\/\/anbanjia.com.cn\/wp-content\/uploads\/2022\/05\/Ha57e5032d6534701bdc9b77c5728a9007.jpg\" data-alt=\"cheap price in the philippines tricycle used power electric wheelchair\" data-src=\"\"><img decoding=\"async\" src=\"https:\/\/anbanjia.com.cn\/wp-content\/uploads\/2022\/05\/Hc7d0df1cb7ec4387b57882c8ffa165abs.jpg\" data-alt=\"cheap price in the philippines tricycle used power electric wheelchair\" data-src=\"\"><img decoding=\"async\" src=\"https:\/\/anbanjia.com.cn\/wp-content\/uploads\/2022\/05\/H0e60f1ac647a4e4c94b44eeacb0599f8M.jpg\" data-alt=\"cheap price in the philippines tricycle used power electric wheelchair\" data-src=\"\"><img decoding=\"async\" src=\"https:\/\/anbanjia.com.cn\/wp-content\/uploads\/2022\/05\/Hf7f2053724cf474f8d184a19a57236bbK.jpg\" data-alt=\"cheap price in the philippines tricycle used power electric wheelchair\" data-src=\"\"><img decoding=\"async\" src=\"https:\/\/anbanjia.com.cn\/wp-content\/uploads\/2022\/05\/H9acc1eadbf5f41d0b1d9f2c2c947105eE.jpg\" data-alt=\"cheap price in the philippines tricycle used power electric wheelchair\" data-src=\"\"><img decoding=\"async\" src=\"https:\/\/anbanjia.com.cn\/wp-content\/uploads\/2022\/05\/H61ed2246b0eb4983811d1dd51f529636Z.jpg\" data-alt=\"cheap price in the philippines tricycle used power electric wheelchair\" data-src=\"\"><\/p>\n<\/div>\n<\/div>\n<div id=\"ali-anchor-AliPostDhMb-g8zpw\" class=\"mceSectionContainer\" style=\"padding-top: 8px;\" data-section=\"AliPostDhMb-g8zpw\" data-section-title=\"contact us\">\n<div id=\"ali-title-AliPostDhMb-g8zpw\" style=\"padding: 8px 0; border-bottom: 1px solid #ddd;\"><span style=\"background-color: #ddd; color: #333; font-weight: bold; padding: 8px 10px; line-height: 12px;\">Nous contacter<\/span><\/div>\n<div style=\"padding: 10px 0;\">\n<p><a href=\"https:\/\/abj-medical.en.alibaba.com\/contactinfo.html?spm=a2700.8304367.topnav.8.5d239224wxD2sy\" target=\"_blank\" rel=\"noopener noreferrer\"> <img decoding=\"async\" src=\"https:\/\/anbanjia.com.cn\/wp-content\/uploads\/2022\/05\/HTB1E_8LXOLxK1Rjy0Ffq6zYdVXay.jpg\" data-alt=\"cheap price in the philippines tricycle used power electric wheelchair\" data-src=\"\"><\/a><\/p>\n<\/div>\n<\/div>\n<div id=\"ali-anchor-AliPostDhMb-vv6n9\" class=\"mceSectionContainer\" style=\"padding-top: 8px;\" data-section=\"AliPostDhMb-vv6n9\" data-section-title=\"Product Categories\">\n<div id=\"ali-title-AliPostDhMb-vv6n9\" style=\"padding: 8px 0; border-bottom: 1px solid #ddd;\"><span style=\"background-color: #ddd; color: #333; font-weight: bold; padding: 8px 10px; line-height: 12px;\">cat\u00e9gories de produits<\/span><\/div>\n<div style=\"padding: 10px 0;\">\n<p> <a href=\"https:\/\/abj-medical.en.alibaba.com\/productgrouplist-804871560\/Electric_wheelchair_and_apparatus.html?spm=a2700.icbuShop.88.30.704a44ebaAhP4D\" target=\"_blank\" rel=\"noopener noreferrer\"><img decoding=\"async\" src=\"https:\/\/anbanjia.com.cn\/wp-content\/uploads\/2022\/05\/HTB1ERWiSFXXXXasXXXXq6xXFXXXw.jpg\" data-alt=\"cheap price in the philippines tricycle used power electric wheelchair\" data-src=\"\"><\/a><\/p>\n<\/div>\n<\/div>\n<div id=\"ali-anchor-AliPostDhMb-ub5hb\" class=\"mceSectionContainer\" style=\"padding-top: 8px;\" data-section=\"AliPostDhMb-ub5hb\" data-section-title=\"certificate\">\n<div id=\"ali-title-AliPostDhMb-ub5hb\" style=\"padding: 8px 0; border-bottom: 1px solid #ddd;\"><span style=\"background-color: #ddd; color: #333; font-weight: bold; padding: 8px 10px; line-height: 12px;\">certificat<\/span><\/div>\n<div style=\"padding: 10px 0;\">\n<p><img decoding=\"async\" src=\"https:\/\/anbanjia.com.cn\/wp-content\/uploads\/2022\/05\/HTB1Z1olSpXXXXctXXXXq6xXFXXXu-1.jpg\" data-alt=\"cheap price in the philippines tricycle used power electric wheelchair\" data-src=\"\"><\/p>\n<\/div>\n<\/div>\n<div id=\"ali-anchor-AliPostDhMb-yhho8\" class=\"mceSectionContainer\" style=\"padding-top: 8px;\" data-section=\"AliPostDhMb-yhho8\" data-section-title=\"company information\">\n<div id=\"ali-title-AliPostDhMb-yhho8\" style=\"padding: 8px 0; border-bottom: 1px solid #ddd;\"><span style=\"background-color: #ddd; color: #333; font-weight: bold; padding: 8px 10px; line-height: 12px;\">Informations sur la soci\u00e9t\u00e9<\/span><\/div>\n<div style=\"padding: 10px 0;\">\n<p><img decoding=\"async\" src=\"https:\/\/anbanjia.com.cn\/wp-content\/uploads\/2022\/05\/H2624fa5d782c4876bf4d35d9dc8a3fa9k.jpg\" data-alt=\"cheap price in the philippines tricycle used power electric wheelchair\" data-src=\"\"><\/p>\n<\/div>\n<\/div>\n<\/div>\n","protected":false},"excerpt":{"rendered":"<p>&nbsp;<\/p>\n<div style=\"width: auto;\">\n<div style=\"min-width: 300px; max-width: 300px; word-wrap: break-word; float: left;\">Propri\u00e9t\u00e9s : fournitures de th\u00e9rapie de r\u00e9adaptation.<\/div>\n<div style=\"min-width: 300px; max-width: 300px; word-wrap: break-word; float: left;\">Lieu d&rsquo;origine : Chine<\/div>\n<\/div>\n<div style=\"width: auto;\">\n<div style=\"min-width: 300px; max-width: 300px; word-wrap: break-word; float: left;\">Taille totale:59*97.5*97CM<\/div>\n<div style=\"min-width: 300px; max-width: 300px; word-wrap: break-word; float: left;\">Taille du pli : 30*59*77 cm<\/div>\n<\/div>\n<div style=\"width: auto;\">\n<div style=\"min-width: 300px; max-width: 300px; word-wrap: break-word; float: left;\">capacit\u00e9 de chargement : 160 kg<\/div>\n<div style=\"min-width: 300px; max-width: 300px; word-wrap: break-word; float: left;\">Poids net&nbsp;: 23&nbsp;KG<\/div>\n<\/div>\n<div style=\"width: auto;\">\n<div style=\"min-width: 300px; max-width: 300px; word-wrap: break-word; float: left;\">Distance&nbsp;: 10&nbsp;km\/20&nbsp;km<\/div>\n<div style=\"min-width: 300px; max-width: 300px; word-wrap: break-word; float: left;\">moteur : 180w*2<\/div>\n<\/div>\n<div style=\"width: auto;\">\n<div style=\"min-width: 300px; max-width: 300px; word-wrap: break-word; float: left;\">taille du si\u00e8ge : 43*41*54cm<\/div>\n<div style=\"min-width: 300px; max-width: 300px; word-wrap: break-word; float: left;\">poids net : 23 kg<\/div>\n<\/div>\n<div style=\"width: auto;\">\n<div style=\"min-width: 300px; max-width: 300px; word-wrap: break-word; float: left;\">mat\u00e9riau : alliage de magn\u00e9sium<\/div>\n<div style=\"min-width: 300px; max-width: 300px; word-wrap: break-word; float: left;\">Fonction : fauteuil roulant \u00e9lectrique<\/div>\n<\/div>\n<div>Logo personnalis\u00e9(Min. Commande : 500 pi\u00e8ces)<\/div>\n<div>Emballage personnalis\u00e9(Min. Commande : 500 Pi\u00e8ces)<\/div>\n","protected":false},"featured_media":7655,"comment_status":"closed","ping_status":"closed","template":"","meta":[],"product_cat":[128],"product_tag":[],"class_list":["post-12964","product","type-product","status-publish","has-post-thumbnail","hentry","product_cat-fauteuil-roulant-electrique"],"_links":{"self":[{"href":"https:\/\/anbanjia.com.cn\/fr\/wp-json\/wp\/v2\/product\/12964","targetHints":{"allow":["GET"]}}],"collection":[{"href":"https:\/\/anbanjia.com.cn\/fr\/wp-json\/wp\/v2\/product"}],"about":[{"href":"https:\/\/anbanjia.com.cn\/fr\/wp-json\/wp\/v2\/types\/product"}],"replies":[{"embeddable":true,"href":"https:\/\/anbanjia.com.cn\/fr\/wp-json\/wp\/v2\/comments?post=12964"}],"wp:featuredmedia":[{"embeddable":true,"href":"https:\/\/anbanjia.com.cn\/fr\/wp-json\/wp\/v2\/media\/7655"}],"wp:attachment":[{"href":"https:\/\/anbanjia.com.cn\/fr\/wp-json\/wp\/v2\/media?parent=12964"}],"wp:term":[{"taxonomy":"product_cat","embeddable":true,"href":"https:\/\/anbanjia.com.cn\/fr\/wp-json\/wp\/v2\/product_cat?post=12964"},{"taxonomy":"product_tag","embeddable":true,"href":"https:\/\/anbanjia.com.cn\/fr\/wp-json\/wp\/v2\/product_tag?post=12964"}],"curies":[{"name":"wp","href":"https:\/\/api.w.org\/{rel}","templated":true}]}}