{"id":12955,"date":"2022-05-02T18:07:29","date_gmt":"2022-05-02T18:07:29","guid":{"rendered":"https:\/\/www.anbanjia.com.cn\/product\/fauteuil-roulant-electrique-de-handcycl-de-puissance-de-la-chine-avec-la-batterie-au-lithium\/"},"modified":"2022-05-02T18:07:29","modified_gmt":"2022-05-02T18:07:29","slug":"china-power-electric-handcycl-wheelchair-with-lithium-batterie","status":"publish","type":"product","link":"https:\/\/anbanjia.com.cn\/fr\/produit\/china-power-electric-handcycl-wheelchair-with-lithium-batterie\/","title":{"rendered":"Fauteuil roulant \u00e9lectrique de handcycl de puissance de la Chine avec la batterie au lithium"},"content":{"rendered":"<div style=\"max-width: 750px; margin: 0 auto;\">\n<div id=\"ali-anchor-AliPostDhMb-ljvh5\" style=\"padding-top: 8px;\" data-section=\"AliPostDhMb-ljvh5\" data-section-title=\"Product Details\">\n<div id=\"ali-title-AliPostDhMb-ljvh5\" style=\"padding: 8px 0; border-bottom: 1px solid #ddd;\"><span style=\"background-color: #ddd; color: #333; font-weight: bold; padding: 8px 10px; line-height: 12px;\">d\u00e9tails du produit<\/span><\/div>\n<div style=\"padding: 10px 0;\">\n<p style=\"text-align: center;\"><span style=\"font-size: 24px;\"><strong> fauteuil roulant \u00e9lectrique l\u00e9ger<\/strong><\/span><\/p>\n<table style=\"border-collapse: collapse; background-color: #ffffff; width: 707px; height: 502px;\" border=\"1\">\n<tbody>\n<tr style=\"height: 53px;\">\n<td style=\"width: 353px; text-align: center; height: 53px;\"><span style=\"font-size: 18px;\">Taille du si\u00e8ge<\/span><\/td>\n<td style=\"width: 348px; text-align: center; height: 53px;\">43*41*54 cm<\/td>\n<\/tr>\n<tr style=\"height: 38px;\">\n<td style=\"width: 353px; text-align: center; height: 38px;\"><span style=\"font-size: 18px;\">Cadre<\/span><\/td>\n<td style=\"width: 348px; text-align: center; height: 38px;\">alliage de magn\u00e9sium<\/td>\n<\/tr>\n<tr style=\"height: 38px;\">\n<td style=\"width: 353px; text-align: center; height: 38px;\"><span style=\"font-size: 18px;\">Tapisserie<\/span><\/td>\n<td style=\"width: 348px; text-align: center; height: 38px;\"><span style=\"font-size: 18px;\">Coussin de si\u00e8ge en PU 3D<\/span><\/td>\n<\/tr>\n<tr style=\"height: 38px;\">\n<td style=\"width: 353px; text-align: center; height: 38px;\"><span style=\"font-size: 18px;\">taille de pli<\/span><\/td>\n<td style=\"width: 348px; text-align: center; height: 38px;\"><span style=\"font-size: 18px;\">30*59*77cm<\/span><\/td>\n<\/tr>\n<tr style=\"height: 38px;\">\n<td style=\"width: 353px; text-align: center; height: 38px;\"><span style=\"font-size: 18px;\">batterie<\/span><\/td>\n<td style=\"width: 348px; text-align: center; height: 38px;\"><span style=\"font-size: 18px;\">6ah\/10ah<\/span><\/td>\n<\/tr>\n<tr style=\"height: 38px;\">\n<td style=\"width: 353px; text-align: center; height: 38px;\"><span style=\"font-size: 18px;\">capacit\u00e9 de chargement<\/span><\/td>\n<td style=\"width: 348px; text-align: center; height: 38px;\"><span style=\"font-size: 18px;\">160 kg<\/span><\/td>\n<\/tr>\n<tr style=\"height: 38px;\">\n<td style=\"width: 353px; text-align: center; height: 38px;\"><span style=\"font-size: 18px;\">poids net<\/span><\/td>\n<td style=\"width: 348px; text-align: center; height: 38px;\"><span style=\"font-size: 18px;\">23 kg<\/span><\/td>\n<\/tr>\n<tr style=\"height: 38px;\">\n<td style=\"width: 353px; text-align: center; height: 38px;\"><span style=\"font-size: 18px;\">distance<\/span><\/td>\n<td style=\"width: 348px; text-align: center; height: 38px;\"><span style=\"font-size: 18px;\">10km\/20km<\/span><\/td>\n<\/tr>\n<tr style=\"height: 38px;\">\n<td style=\"width: 353px; text-align: center; height: 38px;\"><span style=\"font-size: 18px;\">moteur<\/span><\/td>\n<td style=\"width: 348px; text-align: center; height: 38px;\"><span style=\"font-size: 18px;\">180w * 2<\/span><\/td>\n<\/tr>\n<\/tbody>\n<\/table>\n<p><span style=\"font-size: 18px;\">Il y a 2 batteries \u00e0 choisir, l&rsquo;une est de 6ah, l&rsquo;autre de 10ah. Nous pouvons emmener le fauteuil roulant avec une batterie de 6ah \u00e0 l&rsquo;a\u00e9roport. (Diff\u00e9rents pays ont des politiques diff\u00e9rentes, et certains pays peuvent ne pas \u00eatre autoris\u00e9s \u00e0 le prendre \u00e0 bord)<\/span><\/p>\n<div id=\"target-textblock\" style=\"font-family: sans-serif,Helvetica,Arial,serif; width: 485.266px; font-size: medium; line-height: 20px; text-align: left; color: #000000; font-style: normal; font-weight: 400; background-color: #ffffff;\">\n<div id=\"texttarget\" style=\"font-family: sans-serif,Helvetica,Arial,serif; overflow: hidden; width: 485.266px; box-sizing: border-box;\">\n<p style=\"font-family: sans-serif,Helvetica,Arial,serif; line-height: 20px; min-height: 20px; margin: 0px;\">\n<\/div>\n<\/div>\n<p><img decoding=\"async\" style=\"max-width: 750;\" src=\"https:\/\/anbanjia.com.cn\/wp-content\/uploads\/2022\/05\/Hbd613deadc614539ada5260db0c5a3a35.jpg\" data-alt=\"China power electric handcycl wheelchair with lithium battery\" data-src=\"\"><img decoding=\"async\" src=\"https:\/\/anbanjia.com.cn\/wp-content\/uploads\/2022\/05\/He257ca0981f549ddb9aa6e0b13fe51c5W.jpg\" data-alt=\"China power electric handcycl wheelchair with lithium battery\" data-src=\"\"><img decoding=\"async\" src=\"https:\/\/anbanjia.com.cn\/wp-content\/uploads\/2022\/05\/Ha57e5032d6534701bdc9b77c5728a9007.jpg\" data-alt=\"China power electric handcycl wheelchair with lithium battery\" data-src=\"\"><img decoding=\"async\" src=\"https:\/\/anbanjia.com.cn\/wp-content\/uploads\/2022\/05\/Hb65d138c039b415aa2b618f7dfebaff5v.jpg\" data-alt=\"China power electric handcycl wheelchair with lithium battery\" data-src=\"\"><img decoding=\"async\" src=\"https:\/\/anbanjia.com.cn\/wp-content\/uploads\/2022\/05\/H6d15580d6efe4d2cbaee0d44244b0f4f8.jpg\" data-alt=\"China power electric handcycl wheelchair with lithium battery\" data-src=\"\"><img decoding=\"async\" src=\"https:\/\/anbanjia.com.cn\/wp-content\/uploads\/2022\/05\/H61ed2246b0eb4983811d1dd51f529636Z.jpg\" data-alt=\"China power electric handcycl wheelchair with lithium battery\" data-src=\"\"><img decoding=\"async\" src=\"https:\/\/anbanjia.com.cn\/wp-content\/uploads\/2022\/05\/H0e60f1ac647a4e4c94b44eeacb0599f8M.jpg\" data-alt=\"China power electric handcycl wheelchair with lithium battery\" data-src=\"\"><img decoding=\"async\" src=\"https:\/\/anbanjia.com.cn\/wp-content\/uploads\/2022\/05\/Hf7f2053724cf474f8d184a19a57236bbK.jpg\" data-alt=\"China power electric handcycl wheelchair with lithium battery\" data-src=\"\"><\/p>\n<\/div>\n<\/div>\n<div id=\"ali-anchor-AliPostDhMb-g8zpw\" style=\"padding-top: 8px;\" data-section=\"AliPostDhMb-g8zpw\" data-section-title=\"contact us\">\n<div id=\"ali-title-AliPostDhMb-g8zpw\" style=\"padding: 8px 0; border-bottom: 1px solid #ddd;\"><span style=\"background-color: #ddd; color: #333; font-weight: bold; padding: 8px 10px; line-height: 12px;\">Nous contacter<\/span><\/div>\n<div style=\"padding: 10px 0;\">\n<p><a href=\"https:\/\/abj-medical.en.alibaba.com\/contactinfo.html?spm=a2700.8304367.topnav.8.5d239224wxD2sy\" target=\"_blank\" rel=\"noopener\"> <img decoding=\"async\" src=\"https:\/\/anbanjia.com.cn\/wp-content\/uploads\/2022\/05\/HTB1E_8LXOLxK1Rjy0Ffq6zYdVXay.jpg\" data-alt=\"China power electric handcycl wheelchair with lithium battery\" data-src=\"\"><\/a><\/p>\n<\/div>\n<\/div>\n<div id=\"ali-anchor-AliPostDhMb-vv6n9\" style=\"padding-top: 8px;\" data-section=\"AliPostDhMb-vv6n9\" data-section-title=\"Product Categories\">\n<div id=\"ali-title-AliPostDhMb-vv6n9\" style=\"padding: 8px 0; border-bottom: 1px solid #ddd;\"><span style=\"background-color: #ddd; color: #333; font-weight: bold; padding: 8px 10px; line-height: 12px;\">cat\u00e9gories de produits<\/span><\/div>\n<div style=\"padding: 10px 0;\">\n<p> <a href=\"https:\/\/abj-medical.en.alibaba.com\/productgrouplist-804871560\/Electric_wheelchair_and_apparatus.html?spm=a2700.icbuShop.88.30.704a44ebaAhP4D\" target=\"_blank\" rel=\"noopener\"><img decoding=\"async\" src=\"https:\/\/anbanjia.com.cn\/wp-content\/uploads\/2022\/05\/HTB1ERWiSFXXXXasXXXXq6xXFXXXw.jpg\" data-alt=\"China power electric handcycl wheelchair with lithium battery\" data-src=\"\"><\/a><\/p>\n<\/div>\n<\/div>\n<div id=\"ali-anchor-AliPostDhMb-ub5hb\" style=\"padding-top: 8px;\" data-section=\"AliPostDhMb-ub5hb\" data-section-title=\"certificate\">\n<div id=\"ali-title-AliPostDhMb-ub5hb\" style=\"padding: 8px 0; border-bottom: 1px solid #ddd;\"><span style=\"background-color: #ddd; color: #333; font-weight: bold; padding: 8px 10px; line-height: 12px;\">certificat<\/span><\/div>\n<div style=\"padding: 10px 0;\">\n<p><img decoding=\"async\" src=\"https:\/\/anbanjia.com.cn\/wp-content\/uploads\/2022\/05\/HTB1Z1olSpXXXXctXXXXq6xXFXXXu-1.jpg\" data-alt=\"China power electric handcycl wheelchair with lithium battery\" data-src=\"\"><\/p>\n<\/div>\n<\/div>\n<\/div>\n","protected":false},"excerpt":{"rendered":"<p>&nbsp;<\/p>\n<div style=\"width: auto;\">\n<div style=\"min-width: 300px; max-width: 300px; word-wrap: break-word; float: left;\">Taille totale:59*97.5*97CM<\/div>\n<div style=\"min-width: 300px; max-width: 300px; word-wrap: break-word; float: left;\">Taille du pli : 30*59*77 cm<\/div>\n<\/div>\n<div style=\"width: auto;\">\n<div style=\"min-width: 300px; max-width: 300px; word-wrap: break-word; float: left;\">Batterie&nbsp;: 6&nbsp;ah\/10&nbsp;ah<\/div>\n<div style=\"min-width: 300px; max-width: 300px; word-wrap: break-word; float: left;\">Capacit\u00e9 de chargement&nbsp;: 160&nbsp;kg<\/div>\n<\/div>\n<div style=\"width: auto;\">\n<div style=\"min-width: 300px; max-width: 300px; word-wrap: break-word; float: left;\">Poids net&nbsp;: 23&nbsp;kg<\/div>\n<div style=\"min-width: 300px; max-width: 300px; word-wrap: break-word; float: left;\">Distance&nbsp;: 10&nbsp;km\/20&nbsp;km<\/div>\n<\/div>\n<div style=\"width: auto;\">\n<div style=\"min-width: 300px; max-width: 300px; word-wrap: break-word; float: left;\">Moteur : 180 W * 2<\/div>\n<div style=\"min-width: 300px; max-width: 300px; word-wrap: break-word; float: left;\">Taille du si\u00e8ge : 43*41*54 cm<\/div>\n<\/div>\n<div>Logo personnalis\u00e9(Min. Commande : 500 pi\u00e8ces)<\/div>\n<div>Emballage personnalis\u00e9(Min. Commande : 500 Pi\u00e8ces)<\/div>\n","protected":false},"featured_media":12775,"comment_status":"closed","ping_status":"closed","template":"","meta":[],"product_cat":[128],"product_tag":[],"class_list":["post-12955","product","type-product","status-publish","has-post-thumbnail","hentry","product_cat-fauteuil-roulant-electrique"],"_links":{"self":[{"href":"https:\/\/anbanjia.com.cn\/fr\/wp-json\/wp\/v2\/product\/12955","targetHints":{"allow":["GET"]}}],"collection":[{"href":"https:\/\/anbanjia.com.cn\/fr\/wp-json\/wp\/v2\/product"}],"about":[{"href":"https:\/\/anbanjia.com.cn\/fr\/wp-json\/wp\/v2\/types\/product"}],"replies":[{"embeddable":true,"href":"https:\/\/anbanjia.com.cn\/fr\/wp-json\/wp\/v2\/comments?post=12955"}],"wp:featuredmedia":[{"embeddable":true,"href":"https:\/\/anbanjia.com.cn\/fr\/wp-json\/wp\/v2\/media\/12775"}],"wp:attachment":[{"href":"https:\/\/anbanjia.com.cn\/fr\/wp-json\/wp\/v2\/media?parent=12955"}],"wp:term":[{"taxonomy":"product_cat","embeddable":true,"href":"https:\/\/anbanjia.com.cn\/fr\/wp-json\/wp\/v2\/product_cat?post=12955"},{"taxonomy":"product_tag","embeddable":true,"href":"https:\/\/anbanjia.com.cn\/fr\/wp-json\/wp\/v2\/product_tag?post=12955"}],"curies":[{"name":"wp","href":"https:\/\/api.w.org\/{rel}","templated":true}]}}