{"id":12950,"date":"2022-05-02T18:03:11","date_gmt":"2022-05-02T18:03:11","guid":{"rendered":"https:\/\/www.anbanjia.com.cn\/product\/handbike-attachment-e-fauteuil-roulant-tracteur-500w-distance-de-deplacement-diy-kit-de-conversion-de-fauteuil-roulant-electrique-avec-batterie-au-lithium\/"},"modified":"2022-05-02T18:03:11","modified_gmt":"2022-05-02T18:03:11","slug":"handbike-attachment-e-wheelchair-tractor-500w-travel-distance-bricolage-electrique-wheelchair-conversion-kit-with-lithium-battery","status":"publish","type":"product","link":"https:\/\/anbanjia.com.cn\/fr\/produit\/handbike-attachment-e-wheelchair-tractor-500w-travel-distance-bricolage-electrique-wheelchair-conversion-kit-with-lithium-battery\/","title":{"rendered":"Handbike Attachment E-fauteuil roulant tracteur 500w distance de d\u00e9placement DIY kit de conversion de fauteuil roulant \u00e9lectrique avec batterie au lithium"},"content":{"rendered":"<div style=\"max-width: 750px;margin: 0 auto;\">\n<p><strong><span style=\"font-family: 'comic sans ms', sans-serif; font-size: 32px;\">2020 Le plus r\u00e9cent 36V 500W 12 pouces Suspension Fourche Fauteuil Roulant \u00c9lectrique Tracteur Attachement Handbike Handbike DIY Kits de Conversion et 36V 11.6AH Thunder Type Lithium ion Batterie<\/span><\/strong><\/p>\n<div class=\"mceSectionContainer\" data-section=\"AliPostDhMb-104l7\" data-section-title=\"Product Description\" id=\"ali-anchor-AliPostDhMb-104l7\" style=\"padding-top: 8px;\">\n<div id=\"ali-title-AliPostDhMb-104l7\" style=\"padding: 8px 0; border-bottom: 1px solid #ddd;\"><span style=\"background-color: #ddd; color: #333; font-weight: bold; padding: 8px 10px; line-height: 12px;\">Description du produit<\/span><\/div>\n<div style=\"padding: 10px 0;\">\n<p> <span style=\"font-family: Calibri, 'zapf dingbats'; font-size: 24px;\">Mat\u00e9riau du cadre : cadre en alliage d&rsquo;aluminium<\/span><br \/><span style=\"font-family: Calibri, 'zapf dingbats'; font-size: 24px;\">Moteur : 36V 500W en moteur roue<\/span><br \/><span style=\"font-family: Calibri, 'zapf dingbats'; font-size: 24px;\">Batterie&nbsp;: 36&nbsp;V 11,6&nbsp;AH de type tonnerre<\/span><br \/><span style=\"font-family: Calibri, 'zapf dingbats'; font-size: 24px;\">Contr\u00f4leur&nbsp;: contr\u00f4leur intelligent<\/span><br \/><span style=\"font-family: Calibri, 'zapf dingbats'; font-size: 24px;\">Chargeur : AC 100V-240V, chargeur intelligent 2 amp\u00e8res<\/span><br \/><span style=\"font-family: Calibri, 'zapf dingbats'; font-size: 24px;\">Pneu : KENDA 16*2.125<\/span><br \/><span style=\"font-family: Calibri, 'zapf dingbats'; font-size: 24px;\">Limite de vitesse&nbsp;: 10-25&nbsp;km\/h<\/span><br \/><span style=\"font-family: Calibri, 'zapf dingbats'; font-size: 24px;\">Frein : frein \u00e0 disque, frein \u00e0 main<\/span><br \/><span style=\"font-family: Calibri, 'zapf dingbats'; font-size: 24px;\">Lumi\u00e8re&nbsp;: lumi\u00e8re LED avant avec klaxon<\/span><br \/><span style=\"font-family: Calibri, 'zapf dingbats'; font-size: 24px;\">Affichage&nbsp;: \u00e9cran LCD005<\/span><br \/><span style=\"font-family: Calibri, 'zapf dingbats'; font-size: 24px;\">Acc\u00e9l\u00e9rateur&nbsp;: acc\u00e9l\u00e9rateur \u00e0 demi-tour<\/span><\/p>\n<p><img decoding=\"async\" data-alt=\"Handbike Attachment E-wheelchair tractor 500w travel distance DIY electric wheelchair conversion kit with lithium battery\" data-src=\"\" ori-height=\"634\" ori-width=\"819\" src=\"https:\/\/anbanjia.com.cn\/wp-content\/uploads\/2022\/05\/H55a9ea2d4bbb488ea71287951712930aB.png\" style=\"max-width: 750;\"><\/p>\n<p><img decoding=\"async\" data-alt=\"Handbike Attachment E-wheelchair tractor 500w travel distance DIY electric wheelchair conversion kit with lithium battery\" data-src=\"\" ori-height=\"750\" ori-width=\"750\" src=\"https:\/\/anbanjia.com.cn\/wp-content\/uploads\/2022\/05\/Hc56dc219c016426f9007e7d7a80f7c6dz.jpg\"><img decoding=\"async\" data-alt=\"Handbike Attachment E-wheelchair tractor 500w travel distance DIY electric wheelchair conversion kit with lithium battery\" data-src=\"\" ori-height=\"750\" ori-width=\"750\" src=\"https:\/\/anbanjia.com.cn\/wp-content\/uploads\/2022\/05\/H62126d0dfc1e4b08918a3dae994d291eg.jpg\"><img decoding=\"async\" data-alt=\"Handbike Attachment E-wheelchair tractor 500w travel distance DIY electric wheelchair conversion kit with lithium battery\" data-src=\"\" ori-height=\"750\" ori-width=\"750\" src=\"https:\/\/anbanjia.com.cn\/wp-content\/uploads\/2022\/05\/He08de01116ee48479e4b1f1dc9e9974aa.jpg\"><img decoding=\"async\" data-alt=\"Handbike Attachment E-wheelchair tractor 500w travel distance DIY electric wheelchair conversion kit with lithium battery\" data-src=\"\" ori-height=\"634\" ori-width=\"819\" src=\"https:\/\/anbanjia.com.cn\/wp-content\/uploads\/2022\/05\/H55a9ea2d4bbb488ea71287951712930aB.png\"><\/p>\n<p><img decoding=\"async\" data-alt=\"Handbike Attachment E-wheelchair tractor 500w travel distance DIY electric wheelchair conversion kit with lithium battery\" data-src=\"\" ori-height=\"604\" ori-width=\"750\" src=\"https:\/\/anbanjia.com.cn\/wp-content\/uploads\/2022\/05\/H1c8ffa30fb72430c948478864f2d6cd2o.jpg\"><\/p>\n<\/p>\n<\/div>\n<\/div>\n<div class=\"mceSectionContainer\" data-section=\"AliPostDhMb-kl2bh\" data-section-title=\"Contact information\" id=\"ali-anchor-AliPostDhMb-kl2bh\" style=\"padding-top: 8px;\">\n<div id=\"ali-title-AliPostDhMb-kl2bh\" style=\"padding: 8px 0; border-bottom: 1px solid #ddd;\"><span style=\"background-color: #ddd; color: #333; font-weight: bold; padding: 8px 10px; line-height: 12px;\">Informations de contact<\/span><\/div>\n<div style=\"padding: 10px 0;\">\n<p><img decoding=\"async\" data-alt=\"Handbike Attachment E-wheelchair tractor 500w travel distance DIY electric wheelchair conversion kit with lithium battery\" data-src=\"\" ori-height=\"271\" ori-width=\"760\" src=\"https:\/\/anbanjia.com.cn\/wp-content\/uploads\/2022\/05\/H4a476ca2a62642c5955586ce8e509aa6M.png\"><\/p>\n<\/p>\n<\/div>\n<\/div>\n<div class=\"mceSectionContainer\" data-section=\"AliPostDhMb-b1tjz\" data-section-title=\"Shipping and payment\" id=\"ali-anchor-AliPostDhMb-b1tjz\" style=\"padding-top: 8px;\">\n<div id=\"ali-title-AliPostDhMb-b1tjz\" style=\"padding: 8px 0; border-bottom: 1px solid #ddd;\"><span style=\"background-color: #ddd; color: #333; font-weight: bold; padding: 8px 10px; line-height: 12px;\">Exp\u00e9dition et paiement<\/span><\/div>\n<div style=\"padding: 10px 0;\">\n<p><img decoding=\"async\" data-alt=\"Handbike Attachment E-wheelchair tractor 500w travel distance DIY electric wheelchair conversion kit with lithium battery\" data-src=\"\" ori-height=\"1011\" ori-width=\"770\" src=\"https:\/\/anbanjia.com.cn\/wp-content\/uploads\/2022\/05\/HTB1dO4eSFXXXXX8XVXXq6xXFXXXe.jpg\"> <\/p>\n<\/div>\n<\/div>\n<div class=\"mceSectionContainer\" data-section=\"AliPostDhMb-yfenf\" data-section-title=\"certificate 444\" id=\"ali-anchor-AliPostDhMb-yfenf\" style=\"padding-top: 8px;\">\n<div id=\"ali-title-AliPostDhMb-yfenf\" style=\"padding: 8px 0; border-bottom: 1px solid #ddd;\"><span style=\"background-color: #ddd; color: #333; font-weight: bold; padding: 8px 10px; line-height: 12px;\">certificat 444<\/span><\/div>\n<div style=\"padding: 10px 0;\">\n<p><img decoding=\"async\" data-alt=\"Handbike Attachment E-wheelchair tractor 500w travel distance DIY electric wheelchair conversion kit with lithium battery\" data-src=\"\" ori-height=\"353\" ori-width=\"750\" src=\"https:\/\/anbanjia.com.cn\/wp-content\/uploads\/2022\/05\/HTB1dCJESFXXXXa5XXXXq6xXFXXXO.jpg\"> <\/p>\n<\/div>\n<\/div>\n<div class=\"mceSectionContainer\" data-section=\"AliPostDhMb-wj35h\" data-section-title=\"Company Information\" id=\"ali-anchor-AliPostDhMb-wj35h\" style=\"padding-top: 8px;\">\n<div id=\"ali-title-AliPostDhMb-wj35h\" style=\"padding: 8px 0; border-bottom: 1px solid #ddd;\"><span style=\"background-color: #ddd; color: #333; font-weight: bold; padding: 8px 10px; line-height: 12px;\">Informations sur la soci\u00e9t\u00e9<\/span><\/div>\n<div style=\"padding: 10px 0;\">\n<p><img decoding=\"async\" data-alt=\"Handbike Attachment E-wheelchair tractor 500w travel distance DIY electric wheelchair conversion kit with lithium battery\" data-src=\"\" ori-height=\"1929\" ori-width=\"769\" src=\"https:\/\/anbanjia.com.cn\/wp-content\/uploads\/2022\/05\/Ha43def8a2df44eac925e2c3ab5a1b97b2.jpg\"> <\/p>\n<\/div>\n<\/div>\n<\/div>\n","protected":false},"excerpt":{"rendered":"<div style=\"width:auto\">\n<div style=\"min-width: 300px;max-width: 300px;word-wrap: break-word;float: left\">Propri\u00e9t\u00e9s : fournitures de th\u00e9rapie de r\u00e9adaptation. <\/div>\n<div style=\"min-width: 300px;max-width: 300px;word-wrap: break-word;float: left\">Lieu d&rsquo;origine : Chine<\/div>\n<\/p><\/div>\n<div style=\"width:auto\">\n<div style=\"min-width: 300px;max-width: 300px;word-wrap: break-word;float: left\">Type: Trottinettes Handicap\u00e9es <\/div>\n<div style=\"min-width: 300px;max-width: 300px;word-wrap: break-word;float: left\">Mat\u00e9riau du cadre : alliage d&rsquo;aluminium<\/div>\n<\/p><\/div>\n<div style=\"width:auto\">\n<div style=\"min-width: 300px;max-width: 300px;word-wrap: break-word;float: left\">Moteur : 36V 500W <\/div>\n<div style=\"min-width: 300px;max-width: 300px;word-wrap: break-word;float: left\">Vitesse MAX&nbsp;: 20&nbsp;km\/h<\/div>\n<\/p><\/div>\n<div style=\"width:auto\">\n<div style=\"min-width: 300px;max-width: 300px;word-wrap: break-word;float: left\">Batterie&nbsp;: 8,8&nbsp;Ah\/11,6&nbsp;Ah <\/div>\n<div style=\"min-width: 300px;max-width: 300px;word-wrap: break-word;float: left\">Acc\u00e9l\u00e9rateur&nbsp;: acc\u00e9l\u00e9rateur \u00e0 demi-tour<\/div>\n<\/p><\/div>\n<div style=\"width:auto\">\n<div style=\"min-width: 300px;max-width: 300px;word-wrap: break-word;float: left\">Paquet:70*38*23 cm, 20 kg <\/div>\n<div style=\"min-width: 300px;max-width: 300px;word-wrap: break-word;float: left\">Frein&nbsp;: frein \u00e0 disque<\/div>\n<\/p><\/div>\n","protected":false},"featured_media":12124,"comment_status":"closed","ping_status":"closed","template":"","meta":[],"product_cat":[128],"product_tag":[],"class_list":["post-12950","product","type-product","status-publish","has-post-thumbnail","hentry","product_cat-fauteuil-roulant-electrique"],"_links":{"self":[{"href":"https:\/\/anbanjia.com.cn\/fr\/wp-json\/wp\/v2\/product\/12950","targetHints":{"allow":["GET"]}}],"collection":[{"href":"https:\/\/anbanjia.com.cn\/fr\/wp-json\/wp\/v2\/product"}],"about":[{"href":"https:\/\/anbanjia.com.cn\/fr\/wp-json\/wp\/v2\/types\/product"}],"replies":[{"embeddable":true,"href":"https:\/\/anbanjia.com.cn\/fr\/wp-json\/wp\/v2\/comments?post=12950"}],"wp:featuredmedia":[{"embeddable":true,"href":"https:\/\/anbanjia.com.cn\/fr\/wp-json\/wp\/v2\/media\/12124"}],"wp:attachment":[{"href":"https:\/\/anbanjia.com.cn\/fr\/wp-json\/wp\/v2\/media?parent=12950"}],"wp:term":[{"taxonomy":"product_cat","embeddable":true,"href":"https:\/\/anbanjia.com.cn\/fr\/wp-json\/wp\/v2\/product_cat?post=12950"},{"taxonomy":"product_tag","embeddable":true,"href":"https:\/\/anbanjia.com.cn\/fr\/wp-json\/wp\/v2\/product_tag?post=12950"}],"curies":[{"name":"wp","href":"https:\/\/api.w.org\/{rel}","templated":true}]}}