{"id":12949,"date":"2022-05-02T18:07:29","date_gmt":"2022-05-02T18:07:29","guid":{"rendered":"https:\/\/www.anbanjia.com.cn\/product\/fauteuils-roulants-electriques-pliants-daeroport-de-voyage-de-fauteuil-roulant-motorise-portatif-leger-en-aluminium-pour-linterieur\/"},"modified":"2022-05-02T18:07:29","modified_gmt":"2022-05-02T18:07:29","slug":"aluminium-leger-portatif-fauteuil-roulant-motorise-voyage-aeroport-fauteuils-roulants-electriques-pliants-pour-interieur","status":"publish","type":"product","link":"https:\/\/anbanjia.com.cn\/fr\/produit\/aluminium-leger-portatif-fauteuil-roulant-motorise-voyage-aeroport-fauteuils-roulants-electriques-pliants-pour-interieur\/","title":{"rendered":"Fauteuils roulants \u00e9lectriques pliants d&rsquo;a\u00e9roport de voyage de fauteuil roulant motoris\u00e9 portatif l\u00e9ger en aluminium pour l&rsquo;int\u00e9rieur"},"content":{"rendered":"<div style=\"max-width: 750px; margin: 0 auto;\">\n<div id=\"detail_decorate_root\" data-magic-global=\"%7B%22bizId%22%3A3215165050%2C%22pageId%22%3A21052955827%2C%22siteId%22%3A5005610021%7D\">\n<div class=\"J_module\">\n<div class=\"detail-decorate-json-renderer-container\">\n<div class=\"magic-0\">\n<div class=\"magic-1\">\n<div class=\"magic-2\">\n<div class=\"magic-3\"><\/div>\n<\/div>\n<\/div>\n<\/div>\n<\/div>\n<\/div>\n<div class=\"J_module\">\n<div class=\"ife-detail-decorate-table\">\n<p data-spm-anchor-id=\"a2700.wholesale.0.i26.1ddb4ea6zFMkjs\"><strong> fauteuil roulant \u00e9lectrique l\u00e9ger<\/strong><\/p>\n<table border=\"1\">\n<tbody>\n<tr>\n<td>Taille du si\u00e8ge<\/td>\n<td>43*41*54cm<\/td>\n<\/tr>\n<tr>\n<td>Cadre<\/td>\n<td>alliage de magn\u00e9sium<\/td>\n<\/tr>\n<tr>\n<td>Tapisserie<\/td>\n<td>Coussin de si\u00e8ge en PU 3D<\/td>\n<\/tr>\n<tr>\n<td>taille de pli<\/td>\n<td>30*59*77cm<\/td>\n<\/tr>\n<tr>\n<td>batterie<\/td>\n<td>6ah\/10ah<\/td>\n<\/tr>\n<tr>\n<td>capacit\u00e9 de chargement<\/td>\n<td>160 kg<\/td>\n<\/tr>\n<tr>\n<td>poids net<\/td>\n<td>23 kg<\/td>\n<\/tr>\n<tr>\n<td>distance<\/td>\n<td>10km\/20km<\/td>\n<\/tr>\n<tr>\n<td>moteur<\/td>\n<td>180w * 2<\/td>\n<\/tr>\n<\/tbody>\n<\/table>\n<p>&nbsp;<\/p>\n<p>Il y a 2 batteries \u00e0 choisir, l&rsquo;une est de 6ah, l&rsquo;autre de 10ah. Nous pouvons emmener le fauteuil roulant avec une batterie de 6ah \u00e0 l&rsquo;a\u00e9roport. (Diff\u00e9rents pays ont des politiques diff\u00e9rentes, et certains pays peuvent ne pas \u00eatre autoris\u00e9s \u00e0 le prendre \u00e0 bord)<\/p>\n<div id=\"target-textblock\">\n<div id=\"texttarget\">\n<p>&nbsp;<\/p>\n<\/div>\n<\/div>\n<p><img decoding=\"async\" src=\"https:\/\/s.alicdn.com\/@sc01\/kf\/Hbd613deadc614539ada5260db0c5a3a35\/230438700\/Hbd613deadc614539ada5260db0c5a3a35.jpg?quality=close\" alt=\"Magnesium alloy lightweight handicapped joystick wheelchair for travel\" width=\"750\" height=\"750\" data-src=\"\/\/s.alicdn.com\/@sc01\/kf\/Hbd613deadc614539ada5260db0c5a3a35\/230438700\/Hbd613deadc614539ada5260db0c5a3a35.jpg?quality=close\" data-alt=\"Magnesium alloy lightweight handicapped joystick wheelchair for travel\"><img decoding=\"async\" src=\"https:\/\/s.alicdn.com\/@sc01\/kf\/He257ca0981f549ddb9aa6e0b13fe51c5W\/230438700\/He257ca0981f549ddb9aa6e0b13fe51c5W.jpg?quality=close\" alt=\"Magnesium alloy lightweight handicapped joystick wheelchair for travel\" width=\"750\" height=\"1140\" data-src=\"\/\/s.alicdn.com\/@sc01\/kf\/He257ca0981f549ddb9aa6e0b13fe51c5W\/230438700\/He257ca0981f549ddb9aa6e0b13fe51c5W.jpg?quality=close\" data-alt=\"Magnesium alloy lightweight handicapped joystick wheelchair for travel\"><img decoding=\"async\" src=\"https:\/\/s.alicdn.com\/@sc01\/kf\/Ha57e5032d6534701bdc9b77c5728a9007\/230438700\/Ha57e5032d6534701bdc9b77c5728a9007.jpg?quality=close\" alt=\"Magnesium alloy lightweight handicapped joystick wheelchair for travel\" width=\"750\" height=\"412.0253164556962\" data-src=\"\/\/s.alicdn.com\/@sc01\/kf\/Ha57e5032d6534701bdc9b77c5728a9007\/230438700\/Ha57e5032d6534701bdc9b77c5728a9007.jpg?quality=close\" data-alt=\"Magnesium alloy lightweight handicapped joystick wheelchair for travel\"><img decoding=\"async\" src=\"https:\/\/s.alicdn.com\/@sc02\/kf\/Hb65d138c039b415aa2b618f7dfebaff5v\/230438700\/Hb65d138c039b415aa2b618f7dfebaff5v.jpg?quality=close\" alt=\"Magnesium alloy lightweight handicapped joystick wheelchair for travel\" width=\"750\" height=\"750\" data-src=\"\/\/s.alicdn.com\/@sc02\/kf\/Hb65d138c039b415aa2b618f7dfebaff5v\/230438700\/Hb65d138c039b415aa2b618f7dfebaff5v.jpg?quality=close\" data-alt=\"Magnesium alloy lightweight handicapped joystick wheelchair for travel\"><img decoding=\"async\" src=\"https:\/\/s.alicdn.com\/@sc01\/kf\/H6d15580d6efe4d2cbaee0d44244b0f4f8\/230438700\/H6d15580d6efe4d2cbaee0d44244b0f4f8.jpg?quality=close\" alt=\"Magnesium alloy lightweight handicapped joystick wheelchair for travel\" width=\"750\" height=\"750\" data-src=\"\/\/s.alicdn.com\/@sc01\/kf\/H6d15580d6efe4d2cbaee0d44244b0f4f8\/230438700\/H6d15580d6efe4d2cbaee0d44244b0f4f8.jpg?quality=close\" data-alt=\"Magnesium alloy lightweight handicapped joystick wheelchair for travel\"><img decoding=\"async\" src=\"https:\/\/s.alicdn.com\/@sc01\/kf\/H61ed2246b0eb4983811d1dd51f529636Z\/230438700\/H61ed2246b0eb4983811d1dd51f529636Z.jpg?quality=close\" alt=\"Magnesium alloy lightweight handicapped joystick wheelchair for travel\" width=\"750\" height=\"750\" data-src=\"\/\/s.alicdn.com\/@sc01\/kf\/H61ed2246b0eb4983811d1dd51f529636Z\/230438700\/H61ed2246b0eb4983811d1dd51f529636Z.jpg?quality=close\" data-alt=\"Magnesium alloy lightweight handicapped joystick wheelchair for travel\"><img decoding=\"async\" src=\"https:\/\/s.alicdn.com\/@sc02\/kf\/H0e60f1ac647a4e4c94b44eeacb0599f8M\/230438700\/H0e60f1ac647a4e4c94b44eeacb0599f8M.jpg?quality=close\" alt=\"Magnesium alloy lightweight handicapped joystick wheelchair for travel\" width=\"750\" height=\"750\" data-src=\"\/\/s.alicdn.com\/@sc02\/kf\/H0e60f1ac647a4e4c94b44eeacb0599f8M\/230438700\/H0e60f1ac647a4e4c94b44eeacb0599f8M.jpg?quality=close\" data-alt=\"Magnesium alloy lightweight handicapped joystick wheelchair for travel\"><img decoding=\"async\" src=\"https:\/\/s.alicdn.com\/@sc02\/kf\/Hf7f2053724cf474f8d184a19a57236bbK\/230438700\/Hf7f2053724cf474f8d184a19a57236bbK.jpg?quality=close\" alt=\"Magnesium alloy lightweight handicapped joystick wheelchair for travel\" width=\"750\" height=\"750\" data-src=\"\/\/s.alicdn.com\/@sc02\/kf\/Hf7f2053724cf474f8d184a19a57236bbK\/230438700\/Hf7f2053724cf474f8d184a19a57236bbK.jpg?quality=close\" data-alt=\"Magnesium alloy lightweight handicapped joystick wheelchair for travel\"><\/p>\n<\/div>\n<\/div>\n<\/div>\n<\/div>\n","protected":false},"excerpt":{"rendered":"<p>&nbsp;<\/p>\n<div style=\"width: auto;\">\n<div style=\"min-width: 300px; max-width: 300px; word-wrap: break-word; float: left;\">Lieu d&rsquo;origine : Chine<\/div>\n<div style=\"min-width: 300px; max-width: 300px; word-wrap: break-word; float: left;\">Nom de marque:Anbanjia<\/div>\n<\/div>\n<div style=\"width: auto;\">\n<div style=\"min-width: 300px; max-width: 300px; word-wrap: break-word; float: left;\">Num\u00e9ro de mod\u00e8le:111A<\/div>\n<div style=\"min-width: 300px; max-width: 300px; word-wrap: break-word; float: left;\">Puissance : 201-500w<\/div>\n<\/div>\n<div style=\"width: auto;\">\n<div style=\"min-width: 300px; max-width: 300px; word-wrap: break-word; float: left;\">Tension&nbsp;: 24&nbsp;V<\/div>\n<div style=\"min-width: 300px; max-width: 300px; word-wrap: break-word; float: left;\">Pliable&nbsp;:&nbsp;Oui<\/div>\n<\/div>\n<div style=\"width: auto;\">\n<div style=\"min-width: 300px; max-width: 300px; word-wrap: break-word; float: left;\">Vitesse maximale:&lt; 30km\/h<\/div>\n<div style=\"min-width: 300px; max-width: 300px; word-wrap: break-word; float: left;\">Type intelligent : \u00c9lectronique<\/div>\n<\/div>\n<div style=\"width: auto;\">\n<div style=\"min-width: 300px; max-width: 300px; word-wrap: break-word; float: left;\">Taille totale:59*97.5*97CM<\/div>\n<div style=\"min-width: 300px; max-width: 300px; word-wrap: break-word; float: left;\">Taille du pli : 30*59*77 cm<\/div>\n<\/div>\n<div style=\"width: auto;\">\n<div style=\"min-width: 300px; max-width: 300px; word-wrap: break-word; float: left;\">Batterie&nbsp;: 10&nbsp;ah<\/div>\n<div style=\"min-width: 300px; max-width: 300px; word-wrap: break-word; float: left;\">Capacit\u00e9 de chargement&nbsp;: 160&nbsp;kg<\/div>\n<\/div>\n<div style=\"width: auto;\">\n<div style=\"min-width: 300px; max-width: 300px; word-wrap: break-word; float: left;\">Poids net&nbsp;: 23&nbsp;kg<\/div>\n<div style=\"min-width: 300px; max-width: 300px; word-wrap: break-word; float: left;\">Distance&nbsp;: 20&nbsp;km<\/div>\n<\/div>\n<div>Logo personnalis\u00e9(Min. Commande : 500 pi\u00e8ces)<\/div>\n<div>Emballage personnalis\u00e9(Min. Commande : 500 Pi\u00e8ces)<\/div>\n","protected":false},"featured_media":12773,"comment_status":"closed","ping_status":"closed","template":"","meta":[],"product_cat":[128],"product_tag":[],"class_list":["post-12949","product","type-product","status-publish","has-post-thumbnail","hentry","product_cat-fauteuil-roulant-electrique"],"_links":{"self":[{"href":"https:\/\/anbanjia.com.cn\/fr\/wp-json\/wp\/v2\/product\/12949","targetHints":{"allow":["GET"]}}],"collection":[{"href":"https:\/\/anbanjia.com.cn\/fr\/wp-json\/wp\/v2\/product"}],"about":[{"href":"https:\/\/anbanjia.com.cn\/fr\/wp-json\/wp\/v2\/types\/product"}],"replies":[{"embeddable":true,"href":"https:\/\/anbanjia.com.cn\/fr\/wp-json\/wp\/v2\/comments?post=12949"}],"wp:featuredmedia":[{"embeddable":true,"href":"https:\/\/anbanjia.com.cn\/fr\/wp-json\/wp\/v2\/media\/12773"}],"wp:attachment":[{"href":"https:\/\/anbanjia.com.cn\/fr\/wp-json\/wp\/v2\/media?parent=12949"}],"wp:term":[{"taxonomy":"product_cat","embeddable":true,"href":"https:\/\/anbanjia.com.cn\/fr\/wp-json\/wp\/v2\/product_cat?post=12949"},{"taxonomy":"product_tag","embeddable":true,"href":"https:\/\/anbanjia.com.cn\/fr\/wp-json\/wp\/v2\/product_tag?post=12949"}],"curies":[{"name":"wp","href":"https:\/\/api.w.org\/{rel}","templated":true}]}}