{"id":12938,"date":"2022-05-02T18:07:32","date_gmt":"2022-05-02T18:07:32","guid":{"rendered":"https:\/\/www.anbanjia.com.cn\/product\/fauteuil-roulant-electrique-inclinable-pour-handicapes-leger-en-alliage-daluminium-approuve-ce\/"},"modified":"2022-05-02T18:07:32","modified_gmt":"2022-05-02T18:07:32","slug":"fauteuil-roulant-handicape-leger-homologue-ce-pliage-facile-en-alliage-d-aluminium-handicape-inclinable-fauteuil-roulant-electrique","status":"publish","type":"product","link":"https:\/\/anbanjia.com.cn\/fr\/produit\/fauteuil-roulant-handicape-leger-homologue-ce-pliage-facile-en-alliage-d-aluminium-handicape-inclinable-fauteuil-roulant-electrique\/","title":{"rendered":"Fauteuil roulant \u00e9lectrique inclinable pour handicap\u00e9s l\u00e9ger en alliage d&rsquo;aluminium approuv\u00e9 CE"},"content":{"rendered":"<div style=\"max-width: 750px;margin: 0 auto;\">\n<div data-magic-global=\"%7B%22bizId%22%3A3215165050%2C%22pageId%22%3A20178651991%2C%22siteId%22%3A5005610021%7D\" id=\"detail_decorate_root\">\n<div class=\"J_module\" module-id=\"25692241127\" module-title=\"detailTextWithTitle\" render=\"true\">\n<div class=\"detail-decorate-json-renderer-container\">\n<div class=\"magic-1\">\n<h3 class=\"magic-2\"><\/h3>\n<h3 class=\"magic-3\">Fauteuil roulant \u00e9lectrique inclinable pour handicap\u00e9s l\u00e9ger en alliage d&rsquo;aluminium approuv\u00e9 CE<br \/><\/h3>\n<div class=\"magic-4\">\n<div class=\"magic-5\">\n<div class=\"magic-6\"><\/div>\n<\/div>\n<\/div>\n<\/div>\n<\/div>\n<\/div>\n<div class=\"J_module\" module-id=\"25692241128\" module-title=\"detailTextWithTitle\" render=\"true\">\n<div class=\"detail-decorate-json-renderer-container\">\n<div class=\"magic-1\">\n<h3 class=\"magic-2\"><\/h3>\n<h3 class=\"magic-7\">\n<div class=\"magic-8\"><span class=\"magic-9\"><font color=\"#5f5fff\" face=\"Arial, Helvetica\" size=\"4\">Veuillez contacter le vendeur si vous voulez changer la couleur, exp\u00e9diez normalement le fauteuil roulant \u00e9lectrique couleur Siliver.<\/font><\/span><\/div>\n<p><font color=\"#5f5fff\" face=\"Arial, Helvetica\" size=\"4\"><\/p>\n<div class=\"magic-8\"><span class=\"magic-9\"><font>Ce fauteuil roulant \u00e9lectrique qui a la couleur dor\u00e9e, bleue, rouge, marron, argent\u00e9e, blanche, bienvenue pour votre commande<\/font><\/span><span class=\"magic-9\"> <\/span><\/div>\n<p><\/font><\/h3>\n<div class=\"magic-4\">\n<div class=\"magic-5\">\n<div class=\"magic-6\">\n<div class=\"magic-8\"><font face=\"Arial, Helvetica\"> <b> <\/b><span class=\"magic-10\"><font size=\"4\"><b>Bienvenue votre enqu\u00eate sur notre fauteuil roulant.<\/b><\/font><\/span><\/font><\/div>\n<\/div>\n<\/div>\n<\/div>\n<\/div>\n<\/div>\n<\/div>\n<div class=\"J_module\" module-id=\"25692241129\" module-title=\"detailSingleImage\" render=\"true\">\n<div class=\"icbu-pc-images magic-11\">\n<div>\n<div class=\"flex-layout-v\">\n<div class=\"flex-layout-h magic-11\">\n<div class=\"magic-12\"><img decoding=\"async\" class=\"magic-13\" data-src=\"\" src=\"https:\/\/anbanjia.com.cn\/wp-content\/uploads\/2022\/05\/HTB1ZgmeRVXXXXbbXXXX760XFXXXb.png\" style=\"max-width: 750;\"><\/div>\n<\/div>\n<\/div>\n<\/div>\n<\/div>\n<\/div>\n<div class=\"J_module\" module-id=\"25692241130\" module-title=\"detailSingleImage\" render=\"true\">\n<div class=\"icbu-pc-images magic-11\">\n<div>\n<div class=\"flex-layout-v\">\n<div class=\"flex-layout-h magic-11\">\n<div class=\"magic-14\"><img decoding=\"async\" class=\"magic-15\" data-src=\"\" src=\"https:\/\/anbanjia.com.cn\/wp-content\/uploads\/2022\/05\/HTB12bhlRVXXXXX6aFXX760XFXXXp.png\"><\/div>\n<\/div>\n<\/div>\n<\/div>\n<\/div>\n<\/div><\/div>\n<\/div>\n","protected":false},"excerpt":{"rendered":"<div style=\"width:auto\">\n<div style=\"min-width: 300px;max-width: 300px;word-wrap: break-word;float: left\">Propri\u00e9t\u00e9s : fournitures de th\u00e9rapie de r\u00e9adaptation. <\/div>\n<div style=\"min-width: 300px;max-width: 300px;word-wrap: break-word;float: left\">Lieu d&rsquo;origine&nbsp;: Guangdong, Chine<\/div>\n<\/p><\/div>\n<div style=\"width:auto\">\n<div style=\"min-width: 300px;max-width: 300px;word-wrap: break-word;float: left\">Nom de marque:OEM ODM <\/div>\n<div style=\"min-width: 300px;max-width: 300px;word-wrap: break-word;float: left\">Num\u00e9ro de mod\u00e8le : ABJ5513A<\/div>\n<\/p><\/div>\n<div style=\"width:auto\">\n<div style=\"min-width: 300px;max-width: 300px;word-wrap: break-word;float: left\">Type:Fauteuil roulant <\/div>\n<div style=\"min-width: 300px;max-width: 300px;word-wrap: break-word;float: left\">Certificat&nbsp;: ECM, EPRE<\/div>\n<\/p><\/div>\n<div style=\"width:auto\">\n<div style=\"min-width: 300px;max-width: 300px;word-wrap: break-word;float: left\">Fonction : pliable. <\/div>\n<div style=\"min-width: 300px;max-width: 300px;word-wrap: break-word;float: left\">Taille:89*61*97CM<\/div>\n<\/p><\/div>\n<div style=\"width:auto\">\n<div style=\"min-width: 300px;max-width: 300px;word-wrap: break-word;float: left\">Moteur&nbsp;: 24&nbsp;V\/200&nbsp;W*2 sans fard <\/div>\n<div style=\"min-width: 300px;max-width: 300px;word-wrap: break-word;float: left\">Capacit\u00e9 de poids&nbsp;: capacit\u00e9 de poids<\/div>\n<\/p><\/div>\n<div style=\"width:auto\">\n<div style=\"min-width: 300px;max-width: 300px;word-wrap: break-word;float: left\">Piles : 2*24V6Ah BATTERIE AU LITHIUM <\/div>\n<div style=\"min-width: 300px;max-width: 300px;word-wrap: break-word;float: left\">Cadre ::Pulv\u00e9risation du cadre en alliage d&rsquo;aluminium<\/div>\n<\/p><\/div>\n<div style=\"width:auto\">\n<div style=\"min-width: 300px;max-width: 300px;word-wrap: break-word;float: left\">Poids net&nbsp;: 19,8&nbsp;kg <\/div>\n<div style=\"min-width: 300px;max-width: 300px;word-wrap: break-word;float: left\">Couleur: argent, bleu, rouge, noir, marron, blanc<\/div>\n<\/p><\/div>\n","protected":false},"featured_media":8084,"comment_status":"closed","ping_status":"closed","template":"","meta":[],"product_cat":[128],"product_tag":[],"class_list":["post-12938","product","type-product","status-publish","has-post-thumbnail","hentry","product_cat-fauteuil-roulant-electrique"],"_links":{"self":[{"href":"https:\/\/anbanjia.com.cn\/fr\/wp-json\/wp\/v2\/product\/12938","targetHints":{"allow":["GET"]}}],"collection":[{"href":"https:\/\/anbanjia.com.cn\/fr\/wp-json\/wp\/v2\/product"}],"about":[{"href":"https:\/\/anbanjia.com.cn\/fr\/wp-json\/wp\/v2\/types\/product"}],"replies":[{"embeddable":true,"href":"https:\/\/anbanjia.com.cn\/fr\/wp-json\/wp\/v2\/comments?post=12938"}],"wp:featuredmedia":[{"embeddable":true,"href":"https:\/\/anbanjia.com.cn\/fr\/wp-json\/wp\/v2\/media\/8084"}],"wp:attachment":[{"href":"https:\/\/anbanjia.com.cn\/fr\/wp-json\/wp\/v2\/media?parent=12938"}],"wp:term":[{"taxonomy":"product_cat","embeddable":true,"href":"https:\/\/anbanjia.com.cn\/fr\/wp-json\/wp\/v2\/product_cat?post=12938"},{"taxonomy":"product_tag","embeddable":true,"href":"https:\/\/anbanjia.com.cn\/fr\/wp-json\/wp\/v2\/product_tag?post=12938"}],"curies":[{"name":"wp","href":"https:\/\/api.w.org\/{rel}","templated":true}]}}