{"id":12925,"date":"2022-05-02T18:03:13","date_gmt":"2022-05-02T18:03:13","guid":{"rendered":"https:\/\/www.anbanjia.com.cn\/product\/nouveaux-produits-en-aluminium-fauteuil-roulant-electrique-pliant-handicape-a-grande-roue-avec-handicape\/"},"modified":"2022-05-02T18:03:13","modified_gmt":"2022-05-02T18:03:13","slug":"aluminium-nouveaux-produits-grande-roue-handicape-fauteuil-roulant-electrique-pliant-avec-handicape","status":"publish","type":"product","link":"https:\/\/anbanjia.com.cn\/fr\/produit\/aluminium-nouveaux-produits-grande-roue-handicape-fauteuil-roulant-electrique-pliant-avec-handicape\/","title":{"rendered":"Nouveaux produits en aluminium fauteuil roulant \u00e9lectrique pliant handicap\u00e9 \u00e0 grande roue avec handicap\u00e9"},"content":{"rendered":"<div style=\"max-width: 750px; margin: 0 auto;\">\n<p style=\"text-align: center;\"><span style=\"font-size: 24px;\">Nouveaux produits en aluminium fauteuil roulant \u00e9lectrique pliant handicap\u00e9 \u00e0 grande roue avec handicap\u00e9<\/span><\/p>\n<p style=\"text-align: center;\"><span style=\"font-size: 24px; color: #0000ff;\">Il y a 2 mod\u00e8les de roues, la roue arri\u00e8re a 12 pouces et 24 pouces \u00e0 choisir.<\/span><\/p>\n<p style=\"text-align: center;\"><span style=\"font-size: 24px;\"><img decoding=\"async\" style=\"max-width: 750;\" src=\"https:\/\/anbanjia.com.cn\/wp-content\/uploads\/2022\/05\/H0c0663d431bd4164a24c76feb572f268X.jpg\" data-alt=\"Aluminum new products big wheel handicapped folding electric power wheelchair with disabled\" data-src=\"\"><img decoding=\"async\" src=\"https:\/\/anbanjia.com.cn\/wp-content\/uploads\/2022\/05\/H66711b6111ed44809469f4d90756696fO.jpg\" data-alt=\"Aluminum new products big wheel handicapped folding electric power wheelchair with disabled\" data-src=\"\"><img decoding=\"async\" src=\"https:\/\/anbanjia.com.cn\/wp-content\/uploads\/2022\/05\/Hc2d9434a0e124faa83b7a20ff5f16759E.jpg\" data-alt=\"Aluminum new products big wheel handicapped folding electric power wheelchair with disabled\" data-src=\"\"><\/span><\/p>\n<p style=\"text-align: center;\"><span style=\"font-size: 24px;\"><img decoding=\"async\" src=\"https:\/\/anbanjia.com.cn\/wp-content\/uploads\/2022\/05\/HTB1z2AaajvuK1Rjy0Faq6x2aVXaA.jpg\" data-alt=\"Aluminum new products big wheel handicapped folding electric power wheelchair with disabled\" data-height=\"1454\" data-src=\"\" data-width=\"750\"><\/span><\/p>\n<p style=\"text-align: center;\"><strong><span style=\"font-size: 32px;\">D\u00e9tail du produit<\/span><\/strong><\/p>\n<p style=\"text-align: center;\"><img decoding=\"async\" src=\"https:\/\/anbanjia.com.cn\/wp-content\/uploads\/2022\/05\/HTB1s5r7aifrK1RjSspbq6A4pFXaX.jpg\" data-alt=\"Aluminum new products big wheel handicapped folding electric power wheelchair with disabled\" data-height=\"750\" data-src=\"\" data-width=\"750\"><img decoding=\"async\" src=\"https:\/\/anbanjia.com.cn\/wp-content\/uploads\/2022\/05\/HTB1GKP9aojrK1RkHFNRq6ySvpXab.jpg\" data-alt=\"Aluminum new products big wheel handicapped folding electric power wheelchair with disabled\" data-height=\"750\" data-src=\"\" data-width=\"750\"><img decoding=\"async\" src=\"https:\/\/anbanjia.com.cn\/wp-content\/uploads\/2022\/05\/HTB1rwoeajDuK1Rjy1zjq6zraFXab.jpg\" data-alt=\"Aluminum new products big wheel handicapped folding electric power wheelchair with disabled\" data-height=\"750\" data-src=\"\" data-width=\"750\"><\/p>\n<p style=\"text-align: center;\"><img decoding=\"async\" src=\"https:\/\/anbanjia.com.cn\/wp-content\/uploads\/2022\/05\/HTB1PaweaoLrK1Rjy0Fj762YXFXah.jpg\" data-alt=\"Aluminum new products big wheel handicapped folding electric power wheelchair with disabled\" data-height=\"436\" data-src=\"\" data-width=\"750\"><\/p>\n<p style=\"text-align: center;\"><strong><span style=\"font-size: 32px;\">Entreprise et Usine<\/span><\/strong><\/p>\n<p style=\"text-align: center;\"><img decoding=\"async\" src=\"https:\/\/anbanjia.com.cn\/wp-content\/uploads\/2022\/05\/H3d43ab43a0f24fc7886a50fee5674fd4U.jpg\" data-alt=\"Aluminum new products big wheel handicapped folding electric power wheelchair with disabled\" data-src=\"\"><\/p>\n<p style=\"text-align: center;\"><img decoding=\"async\" src=\"https:\/\/anbanjia.com.cn\/wp-content\/uploads\/2022\/05\/HTB1zCn7ao_rK1Rjy0Fcq6zEvVXai.jpg\" data-alt=\"Aluminum new products big wheel handicapped folding electric power wheelchair with disabled\" data-src=\"\"><\/p>\n<p><span style=\"font-size: 24px; color: #0000ff;\">\u00c0 propos de nous:<\/span><br \/>\n<span style=\"font-size: 24px; color: #0000ff;\">1. Plus de commande, plus de remise, prix comp\u00e9titif&nbsp;!<\/span><br \/>\n<span style=\"font-size: 24px; color: #0000ff;\">2. Bienvenue \u00e0 nous contacter pour obtenir un meilleur prix&nbsp;!<\/span><br \/>\n<span style=\"font-size: 24px; color: #0000ff;\">3.Bon service, livraison rapide, et nous valons la peine d&rsquo;\u00eatre dignes de confiance.<\/span><br \/>\n<span style=\"font-size: 24px; color: #0000ff;\">4. Nous pouvons vous garantir que vous serez satisfait de nos produits.<\/span><br \/>\n<span style=\"font-size: 24px; color: #0000ff;\">5. Nous traitons les clients comme des amis et vous offrons un service consid\u00e9rable.<\/span><\/p>\n<p style=\"text-align: center;\"><strong><span style=\"font-size: 32px;\">Emballage et livraison<\/span><\/strong><\/p>\n<p style=\"text-align: center;\"><img decoding=\"async\" src=\"https:\/\/anbanjia.com.cn\/wp-content\/uploads\/2022\/05\/HTB1OJ4JQpXXXXXcapXXq6xXFXXXh.jpg\" data-alt=\"Aluminum new products big wheel handicapped folding electric power wheelchair with disabled\" data-height=\"562\" data-src=\"\" data-width=\"750\"><img decoding=\"async\" src=\"https:\/\/anbanjia.com.cn\/wp-content\/uploads\/2022\/05\/HTB16jBTQpXXXXXLaXXXq6xXFXXXP.jpg\" data-alt=\"Aluminum new products big wheel handicapped folding electric power wheelchair with disabled\" data-height=\"562\" data-src=\"\" data-width=\"750\"><img decoding=\"async\" src=\"https:\/\/anbanjia.com.cn\/wp-content\/uploads\/2022\/05\/HTB1tXgbajDuK1RjSszdq6xGLpXar.jpg\" data-alt=\"Aluminum new products big wheel handicapped folding electric power wheelchair with disabled\" data-height=\"400\" data-src=\"\" data-width=\"750\"><\/p>\n<p style=\"text-align: center;\"><strong><span style=\"font-size: 32px;\">Nous contacter<\/span><\/strong><\/p>\n<p style=\"text-align: center;\"><img decoding=\"async\" src=\"https:\/\/anbanjia.com.cn\/wp-content\/uploads\/2022\/05\/H10fdde19478c4022952b6ef21b37e97bx.jpg\" data-alt=\"Aluminum new products big wheel handicapped folding electric power wheelchair with disabled\" data-src=\"\"><\/p>\n<\/div>\n","protected":false},"excerpt":{"rendered":"<p>&nbsp;<\/p>\n<div style=\"width: auto;\">\n<div style=\"min-width: 300px; max-width: 300px; word-wrap: break-word; float: left;\">Propri\u00e9t\u00e9s : fournitures de th\u00e9rapie de r\u00e9adaptation.<\/div>\n<div style=\"min-width: 300px; max-width: 300px; word-wrap: break-word; float: left;\">Lieu d&rsquo;origine&nbsp;: Guangdong, Chine<\/div>\n<\/div>\n<div style=\"width: auto;\">\n<div style=\"min-width: 300px; max-width: 300px; word-wrap: break-word; float: left;\">Nom de marque:OEM ODM<\/div>\n<div style=\"min-width: 300px; max-width: 300px; word-wrap: break-word; float: left;\">Num\u00e9ro de mod\u00e8le&nbsp;: 130&nbsp;A<\/div>\n<\/div>\n<div style=\"width: auto;\">\n<div style=\"min-width: 300px; max-width: 300px; word-wrap: break-word; float: left;\">Type:Fauteuil roulant<\/div>\n<div style=\"min-width: 300px; max-width: 300px; word-wrap: break-word; float: left;\">Mat\u00e9riau : alliage d&rsquo;aluminium.<\/div>\n<\/div>\n<div style=\"width: auto;\">\n<div style=\"min-width: 300px; max-width: 300px; word-wrap: break-word; float: left;\">Couleur : rouge\/noir\/bleu.<\/div>\n<div style=\"min-width: 300px; max-width: 300px; word-wrap: break-word; float: left;\">Caract\u00e9ristique: Coffre-fort<\/div>\n<\/div>\n<div style=\"width: auto;\">\n<div style=\"min-width: 300px; max-width: 300px; word-wrap: break-word; float: left;\">Utilisation&nbsp;: soins \u00e0 domicile<\/div>\n<div style=\"min-width: 300px; max-width: 300px; word-wrap: break-word; float: left;\">Moteur&nbsp;: 24&nbsp;V\/320&nbsp;W*2<\/div>\n<\/div>\n<div style=\"width: auto;\">\n<div style=\"min-width: 300px; max-width: 300px; word-wrap: break-word; float: left;\">Batterie&nbsp;: batterie Li-ion 24&nbsp;V&nbsp;20&nbsp;Ah<\/div>\n<div style=\"min-width: 300px; max-width: 300px; word-wrap: break-word; float: left;\">Taille du produit : 98 x 62 x 93 cm.<\/div>\n<\/div>\n<div style=\"width: auto;\">\n<div style=\"min-width: 300px; max-width: 300px; word-wrap: break-word; float: left;\">Taille pli\u00e9e:73x36x73cm<\/div>\n<div style=\"min-width: 300px; max-width: 300px; word-wrap: break-word; float: left;\">Capacit\u00e9 de poids&nbsp;: 120&nbsp;kg<\/div>\n<\/div>\n<div>Logo personnalis\u00e9(Min. Commande : 50 pi\u00e8ces)<\/div>\n<div>Emballage personnalis\u00e9(Min. Commande : 50 Pi\u00e8ces)<\/div>\n","protected":false},"featured_media":12809,"comment_status":"closed","ping_status":"closed","template":"","meta":[],"product_cat":[128],"product_tag":[],"class_list":["post-12925","product","type-product","status-publish","has-post-thumbnail","hentry","product_cat-fauteuil-roulant-electrique"],"_links":{"self":[{"href":"https:\/\/anbanjia.com.cn\/fr\/wp-json\/wp\/v2\/product\/12925","targetHints":{"allow":["GET"]}}],"collection":[{"href":"https:\/\/anbanjia.com.cn\/fr\/wp-json\/wp\/v2\/product"}],"about":[{"href":"https:\/\/anbanjia.com.cn\/fr\/wp-json\/wp\/v2\/types\/product"}],"replies":[{"embeddable":true,"href":"https:\/\/anbanjia.com.cn\/fr\/wp-json\/wp\/v2\/comments?post=12925"}],"wp:featuredmedia":[{"embeddable":true,"href":"https:\/\/anbanjia.com.cn\/fr\/wp-json\/wp\/v2\/media\/12809"}],"wp:attachment":[{"href":"https:\/\/anbanjia.com.cn\/fr\/wp-json\/wp\/v2\/media?parent=12925"}],"wp:term":[{"taxonomy":"product_cat","embeddable":true,"href":"https:\/\/anbanjia.com.cn\/fr\/wp-json\/wp\/v2\/product_cat?post=12925"},{"taxonomy":"product_tag","embeddable":true,"href":"https:\/\/anbanjia.com.cn\/fr\/wp-json\/wp\/v2\/product_tag?post=12925"}],"curies":[{"name":"wp","href":"https:\/\/api.w.org\/{rel}","templated":true}]}}