{"id":12924,"date":"2022-05-02T18:03:11","date_gmt":"2022-05-02T18:03:11","guid":{"rendered":"https:\/\/www.anbanjia.com.cn\/product\/fauteuil-roulant-electrique-pliable-leger-de-chaise-electrique-de-prix-de-gros-dusine-pour-des-personnes-agees\/"},"modified":"2022-05-02T18:03:11","modified_gmt":"2022-05-02T18:03:11","slug":"usine-prix-de-gros-fauteuil-electrique-pliable-leger-fauteuil-roulant-electrique-pour-personnes-agees","status":"publish","type":"product","link":"https:\/\/anbanjia.com.cn\/fr\/produit\/usine-prix-de-gros-fauteuil-electrique-pliable-leger-fauteuil-roulant-electrique-pour-personnes-agees\/","title":{"rendered":"Fauteuil roulant \u00e9lectrique pliable l\u00e9ger de chaise \u00e9lectrique de prix de gros d&rsquo;usine pour des personnes \u00e2g\u00e9es"},"content":{"rendered":"<div style=\"max-width: 750px; margin: 0 auto;\">\n<div id=\"ali-anchor-AliPostDhMb-ljvh5\" class=\"mceSectionContainer\" style=\"padding-top: 8px;\" data-section=\"AliPostDhMb-ljvh5\" data-section-title=\"Product Details\">\n<div id=\"ali-title-AliPostDhMb-ljvh5\" style=\"padding: 8px 0; border-bottom: 1px solid #ddd;\"><span style=\"background-color: #ddd; color: #333; font-weight: bold; padding: 8px 10px; line-height: 12px;\">d\u00e9tails du produit<\/span><\/div>\n<div style=\"padding: 10px 0;\">\n<p style=\"text-align: center;\"><span style=\"font-size: 24px;\"><strong> fauteuil roulant \u00e9lectrique l\u00e9ger<\/strong><\/span><\/p>\n<table style=\"border-collapse: collapse; background-color: #ffffff; width: 707px; height: 502px;\" border=\"1\">\n<tbody>\n<tr style=\"height: 53px;\">\n<td style=\"width: 353px; text-align: center; height: 53px;\"><span style=\"font-size: 18px;\">Taille du si\u00e8ge<\/span><\/td>\n<td style=\"width: 348px; text-align: center; height: 53px;\">43*41*54 cm<\/td>\n<\/tr>\n<tr style=\"height: 38px;\">\n<td style=\"width: 353px; text-align: center; height: 38px;\"><span style=\"font-size: 18px;\">Cadre<\/span><\/td>\n<td style=\"width: 348px; text-align: center; height: 38px;\">alliage de magn\u00e9sium<\/td>\n<\/tr>\n<tr style=\"height: 38px;\">\n<td style=\"width: 353px; text-align: center; height: 38px;\"><span style=\"font-size: 18px;\">Tapisserie<\/span><\/td>\n<td style=\"width: 348px; text-align: center; height: 38px;\"><span style=\"font-size: 18px;\">Coussin de si\u00e8ge en PU 3D<\/span><\/td>\n<\/tr>\n<tr style=\"height: 38px;\">\n<td style=\"width: 353px; text-align: center; height: 38px;\"><span style=\"font-size: 18px;\">taille de pli<\/span><\/td>\n<td style=\"width: 348px; text-align: center; height: 38px;\"><span style=\"font-size: 18px;\">30*59*77 cm<\/span><\/td>\n<\/tr>\n<tr style=\"height: 38px;\">\n<td style=\"width: 353px; text-align: center; height: 38px;\"><span style=\"font-size: 18px;\">batterie<\/span><\/td>\n<td style=\"width: 348px; text-align: center; height: 38px;\"><span style=\"font-size: 18px;\">6ah\/10ah<\/span><\/td>\n<\/tr>\n<tr style=\"height: 38px;\">\n<td style=\"width: 353px; text-align: center; height: 38px;\"><span style=\"font-size: 18px;\">capacit\u00e9 de chargement<\/span><\/td>\n<td style=\"width: 348px; text-align: center; height: 38px;\"><span style=\"font-size: 18px;\">160 kg<\/span><\/td>\n<\/tr>\n<tr style=\"height: 38px;\">\n<td style=\"width: 353px; text-align: center; height: 38px;\"><span style=\"font-size: 18px;\">poids net<\/span><\/td>\n<td style=\"width: 348px; text-align: center; height: 38px;\"><span style=\"font-size: 18px;\">23 kg<\/span><\/td>\n<\/tr>\n<tr style=\"height: 38px;\">\n<td style=\"width: 353px; text-align: center; height: 38px;\"><span style=\"font-size: 18px;\">distance<\/span><\/td>\n<td style=\"width: 348px; text-align: center; height: 38px;\"><span style=\"font-size: 18px;\">10km\/20km<\/span><\/td>\n<\/tr>\n<tr style=\"height: 38px;\">\n<td style=\"width: 353px; text-align: center; height: 38px;\"><span style=\"font-size: 18px;\">moteur<\/span><\/td>\n<td style=\"width: 348px; text-align: center; height: 38px;\"><span style=\"font-size: 18px;\">180w * 2<\/span><\/td>\n<\/tr>\n<\/tbody>\n<\/table>\n<p><span style=\"font-size: 18px;\">Il y a 2 batteries \u00e0 choisir, l&rsquo;une est de 10 Ah, l&rsquo;autre de 20 Ah. Nous pouvons emmener le fauteuil roulant avec une batterie de 10 Ah \u00e0 l&rsquo;a\u00e9roport. (Diff\u00e9rents pays ont des politiques diff\u00e9rentes, et certains pays peuvent ne pas \u00eatre autoris\u00e9s \u00e0 le prendre \u00e0 bord)<\/span><\/p>\n<div id=\"target-textblock\" style=\"font-family: sans-serif,Helvetica,Arial,serif; width: 485.266px; font-size: medium; line-height: 20px; text-align: left; color: #000000; font-style: normal; font-weight: 400; background-color: #ffffff;\">\n<div id=\"texttarget\" style=\"font-family: sans-serif,Helvetica,Arial,serif; overflow: hidden; width: 485.266px; box-sizing: border-box;\">\n<p style=\"font-family: sans-serif,Helvetica,Arial,serif; line-height: 20px; min-height: 20px; margin: 0px;\"> <img decoding=\"async\" style=\"max-width: 750;\" src=\"https:\/\/anbanjia.com.cn\/wp-content\/uploads\/2022\/05\/Hda531586cc01486eb25123fab953e423w.jpg\" data-alt=\"2020 Factory wholesale price lightweight foldable power chair electric wheelchair for elderly people\" data-src=\"\"><img decoding=\"async\" src=\"https:\/\/anbanjia.com.cn\/wp-content\/uploads\/2022\/05\/H99ed4b11244849ce99874dd0a6916cb2Q.jpg\" data-alt=\"2020 Factory wholesale price lightweight foldable power chair electric wheelchair for elderly people\" data-src=\"\"><img decoding=\"async\" src=\"https:\/\/anbanjia.com.cn\/wp-content\/uploads\/2022\/05\/Ha8a139def8d24744b50d24536cf869eal.jpg\" data-alt=\"2020 Factory wholesale price lightweight foldable power chair electric wheelchair for elderly people\" data-src=\"\"><img decoding=\"async\" src=\"https:\/\/anbanjia.com.cn\/wp-content\/uploads\/2022\/05\/H5f125906898c47d08b6d9441f5c993747.jpg\" data-alt=\"2020 Factory wholesale price lightweight foldable power chair electric wheelchair for elderly people\" data-src=\"\"><img decoding=\"async\" src=\"https:\/\/anbanjia.com.cn\/wp-content\/uploads\/2022\/05\/H7c4ea7d6ad564384a53a326c6f8e4287q.jpg\" data-alt=\"2020 Factory wholesale price lightweight foldable power chair electric wheelchair for elderly people\" data-src=\"\"><img decoding=\"async\" src=\"https:\/\/anbanjia.com.cn\/wp-content\/uploads\/2022\/05\/H651af004cfee48c99cb2a6fa9d1ee388B.jpg\" data-alt=\"2020 Factory wholesale price lightweight foldable power chair electric wheelchair for elderly people\" data-src=\"\"><img decoding=\"async\" src=\"https:\/\/anbanjia.com.cn\/wp-content\/uploads\/2022\/05\/H371f8424deb74631a84e71b958a4e82bN.jpg\" data-alt=\"2020 Factory wholesale price lightweight foldable power chair electric wheelchair for elderly people\" data-src=\"\"><\/p>\n<\/div>\n<\/div>\n<\/div>\n<\/div>\n<div id=\"ali-anchor-AliPostDhMb-g8zpw\" class=\"mceSectionContainer\" style=\"padding-top: 8px;\" data-section=\"AliPostDhMb-g8zpw\" data-section-title=\"contact us\">\n<div id=\"ali-title-AliPostDhMb-g8zpw\" style=\"padding: 8px 0; border-bottom: 1px solid #ddd;\"><span style=\"background-color: #ddd; color: #333; font-weight: bold; padding: 8px 10px; line-height: 12px;\">Nous contacter<\/span><\/div>\n<div style=\"padding: 10px 0;\">\n<p><a href=\"https:\/\/abj-medical.en.alibaba.com\/contactinfo.html?spm=a2700.8304367.topnav.8.5d239224wxD2sy\" target=\"_blank\" rel=\"noopener noreferrer\"> <img decoding=\"async\" src=\"https:\/\/anbanjia.com.cn\/wp-content\/uploads\/2022\/05\/H4a476ca2a62642c5955586ce8e509aa6M.png\" data-alt=\"2020 Factory wholesale price lightweight foldable power chair electric wheelchair for elderly people\" data-src=\"\"><\/a><\/p>\n<\/div>\n<\/div>\n<div id=\"ali-anchor-AliPostDhMb-vv6n9\" class=\"mceSectionContainer\" style=\"padding-top: 8px;\" data-section=\"AliPostDhMb-vv6n9\" data-section-title=\"Product Categories\">\n<div id=\"ali-title-AliPostDhMb-vv6n9\" style=\"padding: 8px 0; border-bottom: 1px solid #ddd;\"><span style=\"background-color: #ddd; color: #333; font-weight: bold; padding: 8px 10px; line-height: 12px;\">cat\u00e9gories de produits<\/span><\/div>\n<div style=\"padding: 10px 0;\">\n<p> <a href=\"https:\/\/abj-medical.en.alibaba.com\/productgrouplist-804871560\/Electric_wheelchair_and_apparatus.html?spm=a2700.icbuShop.88.30.704a44ebaAhP4D\" target=\"_blank\" rel=\"noopener noreferrer\"><img decoding=\"async\" src=\"https:\/\/anbanjia.com.cn\/wp-content\/uploads\/2022\/05\/HTB1ERWiSFXXXXasXXXXq6xXFXXXw.jpg\" data-alt=\"2020 Factory wholesale price lightweight foldable power chair electric wheelchair for elderly people\" data-src=\"\"><\/a><\/p>\n<\/div>\n<\/div>\n<div id=\"ali-anchor-AliPostDhMb-ub5hb\" class=\"mceSectionContainer\" style=\"padding-top: 8px;\" data-section=\"AliPostDhMb-ub5hb\" data-section-title=\"certificate\">\n<div id=\"ali-title-AliPostDhMb-ub5hb\" style=\"padding: 8px 0; border-bottom: 1px solid #ddd;\"><span style=\"background-color: #ddd; color: #333; font-weight: bold; padding: 8px 10px; line-height: 12px;\">certificat<\/span><\/div>\n<div style=\"padding: 10px 0;\">\n<p><img decoding=\"async\" src=\"https:\/\/anbanjia.com.cn\/wp-content\/uploads\/2022\/05\/HTB1Z1olSpXXXXctXXXXq6xXFXXXu-1.jpg\" data-alt=\"2020 Factory wholesale price lightweight foldable power chair electric wheelchair for elderly people\" data-src=\"\"><\/p>\n<\/div>\n<\/div>\n<div id=\"ali-anchor-AliPostDhMb-yhho8\" class=\"mceSectionContainer\" style=\"padding-top: 8px;\" data-section=\"AliPostDhMb-yhho8\" data-section-title=\"company information\">\n<div id=\"ali-title-AliPostDhMb-yhho8\" style=\"padding: 8px 0; border-bottom: 1px solid #ddd;\"><span style=\"background-color: #ddd; color: #333; font-weight: bold; padding: 8px 10px; line-height: 12px;\">Informations sur la soci\u00e9t\u00e9<\/span><\/div>\n<div style=\"padding: 10px 0;\">\n<p><img decoding=\"async\" src=\"https:\/\/anbanjia.com.cn\/wp-content\/uploads\/2022\/05\/Ha43def8a2df44eac925e2c3ab5a1b97b2.jpg\" data-alt=\"2020 Factory wholesale price lightweight foldable power chair electric wheelchair for elderly people\" data-src=\"\"><\/p>\n<\/div>\n<\/div>\n<\/div>\n","protected":false},"excerpt":{"rendered":"<p>&nbsp;<\/p>\n<div style=\"width: auto;\">\n<div style=\"min-width: 300px; max-width: 300px; word-wrap: break-word; float: left;\">Lieu d&rsquo;origine : Chine<\/div>\n<div style=\"min-width: 300px; max-width: 300px; word-wrap: break-word; float: left;\">Puissance&nbsp;: 100-200&nbsp;w<\/div>\n<\/div>\n<div style=\"width: auto;\">\n<div style=\"min-width: 300px; max-width: 300px; word-wrap: break-word; float: left;\">Tension&nbsp;: 24&nbsp;V<\/div>\n<div style=\"min-width: 300px; max-width: 300px; word-wrap: break-word; float: left;\">Temps de charge : 4-5 heures<\/div>\n<\/div>\n<div style=\"width: auto;\">\n<div style=\"min-width: 300px; max-width: 300px; word-wrap: break-word; float: left;\">Pliable&nbsp;:&nbsp;Oui<\/div>\n<div style=\"min-width: 300px; max-width: 300px; word-wrap: break-word; float: left;\">Port\u00e9e par charge&nbsp;: 20<\/div>\n<\/div>\n<div style=\"width: auto;\">\n<div style=\"min-width: 300px; max-width: 300px; word-wrap: break-word; float: left;\">Vitesse maximale:&lt; 30km\/h<\/div>\n<div style=\"min-width: 300px; max-width: 300px; word-wrap: break-word; float: left;\">Taille totale:59*97.5*97CM<\/div>\n<\/div>\n<div style=\"width: auto;\">\n<div style=\"min-width: 300px; max-width: 300px; word-wrap: break-word; float: left;\">Taille du pli : 30*59*77 cm<\/div>\n<div style=\"min-width: 300px; max-width: 300px; word-wrap: break-word; float: left;\">Batterie&nbsp;: 6&nbsp;ah\/10&nbsp;ah<\/div>\n<\/div>\n<div style=\"width: auto;\">\n<div style=\"min-width: 300px; max-width: 300px; word-wrap: break-word; float: left;\">Capacit\u00e9 de chargement&nbsp;: 160&nbsp;kg<\/div>\n<div style=\"min-width: 300px; max-width: 300px; word-wrap: break-word; float: left;\">Poids net&nbsp;: 23&nbsp;kg<\/div>\n<\/div>\n<div style=\"width: auto;\">\n<div style=\"min-width: 300px; max-width: 300px; word-wrap: break-word; float: left;\">Distance&nbsp;: 10&nbsp;km\/20&nbsp;km<\/div>\n<div style=\"min-width: 300px; max-width: 300px; word-wrap: break-word; float: left;\">Moteur : 180 W * 2<\/div>\n<\/div>\n<div style=\"width: auto;\">\n<div style=\"min-width: 300px; max-width: 300px; word-wrap: break-word; float: left;\">Taille du si\u00e8ge : 43*41*54 cm<\/div>\n<div style=\"min-width: 300px; max-width: 300px; word-wrap: break-word; float: left;\">Ensemble combin\u00e9 offert&nbsp;: 0<\/div>\n<\/div>\n<div>Logo personnalis\u00e9(Min. Commande : 500 pi\u00e8ces)<\/div>\n<div>Emballage personnalis\u00e9(Min. Commande : 200 pi\u00e8ces)<\/div>\n","protected":false},"featured_media":7445,"comment_status":"closed","ping_status":"closed","template":"","meta":[],"product_cat":[128],"product_tag":[],"class_list":["post-12924","product","type-product","status-publish","has-post-thumbnail","hentry","product_cat-fauteuil-roulant-electrique"],"_links":{"self":[{"href":"https:\/\/anbanjia.com.cn\/fr\/wp-json\/wp\/v2\/product\/12924","targetHints":{"allow":["GET"]}}],"collection":[{"href":"https:\/\/anbanjia.com.cn\/fr\/wp-json\/wp\/v2\/product"}],"about":[{"href":"https:\/\/anbanjia.com.cn\/fr\/wp-json\/wp\/v2\/types\/product"}],"replies":[{"embeddable":true,"href":"https:\/\/anbanjia.com.cn\/fr\/wp-json\/wp\/v2\/comments?post=12924"}],"wp:featuredmedia":[{"embeddable":true,"href":"https:\/\/anbanjia.com.cn\/fr\/wp-json\/wp\/v2\/media\/7445"}],"wp:attachment":[{"href":"https:\/\/anbanjia.com.cn\/fr\/wp-json\/wp\/v2\/media?parent=12924"}],"wp:term":[{"taxonomy":"product_cat","embeddable":true,"href":"https:\/\/anbanjia.com.cn\/fr\/wp-json\/wp\/v2\/product_cat?post=12924"},{"taxonomy":"product_tag","embeddable":true,"href":"https:\/\/anbanjia.com.cn\/fr\/wp-json\/wp\/v2\/product_tag?post=12924"}],"curies":[{"name":"wp","href":"https:\/\/api.w.org\/{rel}","templated":true}]}}