{"id":12912,"date":"2022-05-02T18:07:35","date_gmt":"2022-05-02T18:07:35","guid":{"rendered":"https:\/\/www.anbanjia.com.cn\/product\/support-pour-fauteuil-roulant-electrique-pour-fauteuil-roulant-electrique-a-mobilite-reduite\/"},"modified":"2022-05-02T18:07:35","modified_gmt":"2022-05-02T18:07:35","slug":"fauteuil-roulant-electrique-support-debout-electrique-pour-mobilite-handicapee","status":"publish","type":"product","link":"https:\/\/anbanjia.com.cn\/fr\/produit\/fauteuil-roulant-electrique-support-debout-electrique-pour-mobilite-handicapee\/","title":{"rendered":"Support pour fauteuil roulant \u00e9lectrique pour fauteuil roulant \u00e9lectrique \u00e0 mobilit\u00e9 r\u00e9duite"},"content":{"rendered":"<div style=\"max-width: 750px; margin: 0 auto;\">\n<p style=\"text-align: center;\"><span style=\"font-size: 32px; background-color: #99ccff;\"><strong>Support pour fauteuil roulant \u00e9lectrique pour fauteuil roulant \u00e9lectrique \u00e0 mobilit\u00e9 r\u00e9duite<\/strong><\/span><\/p>\n<div id=\"ali-anchor-AliPostDhMb-otebh\" class=\"mceSectionContainer\" style=\"padding-top: 8px;\" data-section=\"AliPostDhMb-otebh\" data-section-title=\"Our Services\">\n<div id=\"ali-title-AliPostDhMb-otebh\" style=\"padding: 8px 0; border-bottom: 1px solid #ddd;\"><span style=\"background-color: #ddd; color: #333; font-weight: bold; padding: 8px 10px; line-height: 12px;\">Nos services<\/span><\/div>\n<div style=\"padding: 10px 0;\">\n<p><img decoding=\"async\" style=\"max-width: 750;\" src=\"https:\/\/anbanjia.com.cn\/wp-content\/uploads\/2022\/05\/HTB1oH8oSFXXXXXyXFXXq6xXFXXXj.jpg\" data-alt=\"handicapped mobility power standing wheelchair electric wheelchair stand\" data-src=\"\"><\/p>\n<p><img decoding=\"async\" src=\"https:\/\/anbanjia.com.cn\/wp-content\/uploads\/2022\/05\/HTB1P7hgXHsTMeJjSszh763GCFXaD.png\" data-alt=\"handicapped mobility power standing wheelchair electric wheelchair stand\" data-src=\"\"><img decoding=\"async\" src=\"https:\/\/anbanjia.com.cn\/wp-content\/uploads\/2022\/05\/HTB177JgXMMPMeJjy1Xdq6ysrXXal.jpg\" data-alt=\"handicapped mobility power standing wheelchair electric wheelchair stand\" data-src=\"\"><\/p>\n<p><img decoding=\"async\" src=\"https:\/\/anbanjia.com.cn\/wp-content\/uploads\/2022\/05\/HTB1MZxeXOIRMeJjy0Fbq6znqXXan.jpg\" data-alt=\"handicapped mobility power standing wheelchair electric wheelchair stand\" data-src=\"\"><\/p>\n<p><img decoding=\"async\" src=\"https:\/\/anbanjia.com.cn\/wp-content\/uploads\/2022\/05\/HTB1m9Nwas_vK1RkSmRy760wupXaz.png\" data-alt=\"handicapped mobility power standing wheelchair electric wheelchair stand\" data-src=\"\"><img decoding=\"async\" src=\"https:\/\/anbanjia.com.cn\/wp-content\/uploads\/2022\/05\/HTB1wdZcaTjxK1Rjy0Fnq6yBaFXav.jpg\" data-alt=\"handicapped mobility power standing wheelchair electric wheelchair stand\" data-src=\"\"><img decoding=\"async\" src=\"https:\/\/anbanjia.com.cn\/wp-content\/uploads\/2022\/05\/HTB1uRj_aODxK1RjSsphq6zHrpXat.jpg\" data-alt=\"handicapped mobility power standing wheelchair electric wheelchair stand\" data-src=\"\"><\/p>\n<p><a href=\"https:\/\/abj-medical.en.alibaba.com\/productgrouplist-804830358\/Manual_wheelchair_Walking_aids.html?spm=a2700.8304367.prup15aafb.7.73152c54ouuwDa\" target=\"_blank\" rel=\"noopener\"><img decoding=\"async\" src=\"https:\/\/anbanjia.com.cn\/wp-content\/uploads\/2022\/05\/HTB1ERWiSFXXXXasXXXXq6xXFXXXw.jpg\" data-alt=\"handicapped mobility power standing wheelchair electric wheelchair stand\" data-src=\"\"><\/a><a href=\"https:\/\/abj-medical.en.alibaba.com\/productgrouplist-804871560\/Electric_wheelchair_and_apparatus.html?spm=a2700.8304367.prup15aafb.12.73152c54aI4eoF\" target=\"_blank\" rel=\"noopener\"><img decoding=\"async\" src=\"https:\/\/anbanjia.com.cn\/wp-content\/uploads\/2022\/05\/HTB1TH4ZSFXXXXazXFXXq6xXFXXXm.jpg\" data-alt=\"handicapped mobility power standing wheelchair electric wheelchair stand\" data-src=\"\"><\/a><\/p>\n<\/div>\n<\/div>\n<div id=\"ali-anchor-AliPostDhMb-53gwi\" class=\"mceSectionContainer\" style=\"padding-top: 8px;\" data-section=\"AliPostDhMb-53gwi\" data-section-title=\"Company Information\">\n<div id=\"ali-title-AliPostDhMb-53gwi\" style=\"padding: 8px 0; border-bottom: 1px solid #ddd;\"><span style=\"background-color: #ddd; color: #333; font-weight: bold; padding: 8px 10px; line-height: 12px;\">Informations sur la soci\u00e9t\u00e9<\/span><\/div>\n<div style=\"padding: 10px 0;\">\n<p><img decoding=\"async\" src=\"https:\/\/anbanjia.com.cn\/wp-content\/uploads\/2022\/05\/Ha43def8a2df44eac925e2c3ab5a1b97b2.jpg\" data-alt=\"handicapped mobility power standing wheelchair electric wheelchair stand\" data-src=\"\"><\/p>\n<\/div>\n<\/div>\n<div id=\"ali-anchor-AliPostDhMb-tdti9\" class=\"mceSectionContainer\" style=\"padding-top: 8px;\" data-section=\"AliPostDhMb-tdti9\" data-section-title=\"Home\">\n<div id=\"ali-title-AliPostDhMb-tdti9\" style=\"padding: 8px 0; border-bottom: 1px solid #ddd;\"><span style=\"background-color: #ddd; color: #333; font-weight: bold; padding: 8px 10px; line-height: 12px;\">Accueil<\/span><\/div>\n<div style=\"padding: 10px 0;\">\n<p><a href=\"https:\/\/abj-medical.en.alibaba.com\/?spm=a2700.8304367.topnav.1.73152c5472OLhq\" target=\"_blank\" rel=\"noopener\"><img decoding=\"async\" src=\"https:\/\/anbanjia.com.cn\/wp-content\/uploads\/2022\/05\/HTB1eq74SpXXXXbRaXXXq6xXFXXXa.jpg\" data-alt=\"handicapped mobility power standing wheelchair electric wheelchair stand\" data-src=\"\"><\/a><img decoding=\"async\" src=\"https:\/\/anbanjia.com.cn\/wp-content\/uploads\/2022\/05\/HTB1vm0WR3HqK1RjSZFEq6AGMXXa6.jpg\" data-alt=\"handicapped mobility power standing wheelchair electric wheelchair stand\" data-src=\"\"><\/p>\n<\/div>\n<\/div>\n<\/div>\n","protected":false},"excerpt":{"rendered":"<p>&nbsp;<\/p>\n<div style=\"width: auto;\">\n<div style=\"min-width: 300px; max-width: 300px; word-wrap: break-word; float: left;\">Propri\u00e9t\u00e9s : fournitures de th\u00e9rapie de r\u00e9adaptation.<\/div>\n<div style=\"min-width: 300px; max-width: 300px; word-wrap: break-word; float: left;\">Lieu d&rsquo;origine&nbsp;: Guangdong, Chine<\/div>\n<\/div>\n<div style=\"width: auto;\">\n<div style=\"min-width: 300px; max-width: 300px; word-wrap: break-word; float: left;\">Nom de marque:OEM ODM<\/div>\n<div style=\"min-width: 300px; max-width: 300px; word-wrap: break-word; float: left;\">Num\u00e9ro de mod\u00e8le : ABJ-2601<\/div>\n<\/div>\n<div style=\"width: auto;\">\n<div style=\"min-width: 300px; max-width: 300px; word-wrap: break-word; float: left;\">Type:Fauteuil roulant<\/div>\n<div style=\"min-width: 300px; max-width: 300px; word-wrap: break-word; float: left;\">Mat\u00e9riel:acier<\/div>\n<\/div>\n","protected":false},"featured_media":12763,"comment_status":"closed","ping_status":"closed","template":"","meta":[],"product_cat":[128],"product_tag":[],"class_list":["post-12912","product","type-product","status-publish","has-post-thumbnail","hentry","product_cat-fauteuil-roulant-electrique"],"_links":{"self":[{"href":"https:\/\/anbanjia.com.cn\/fr\/wp-json\/wp\/v2\/product\/12912","targetHints":{"allow":["GET"]}}],"collection":[{"href":"https:\/\/anbanjia.com.cn\/fr\/wp-json\/wp\/v2\/product"}],"about":[{"href":"https:\/\/anbanjia.com.cn\/fr\/wp-json\/wp\/v2\/types\/product"}],"replies":[{"embeddable":true,"href":"https:\/\/anbanjia.com.cn\/fr\/wp-json\/wp\/v2\/comments?post=12912"}],"wp:featuredmedia":[{"embeddable":true,"href":"https:\/\/anbanjia.com.cn\/fr\/wp-json\/wp\/v2\/media\/12763"}],"wp:attachment":[{"href":"https:\/\/anbanjia.com.cn\/fr\/wp-json\/wp\/v2\/media?parent=12912"}],"wp:term":[{"taxonomy":"product_cat","embeddable":true,"href":"https:\/\/anbanjia.com.cn\/fr\/wp-json\/wp\/v2\/product_cat?post=12912"},{"taxonomy":"product_tag","embeddable":true,"href":"https:\/\/anbanjia.com.cn\/fr\/wp-json\/wp\/v2\/product_tag?post=12912"}],"curies":[{"name":"wp","href":"https:\/\/api.w.org\/{rel}","templated":true}]}}