{"id":12911,"date":"2022-05-02T18:07:33","date_gmt":"2022-05-02T18:07:33","guid":{"rendered":"https:\/\/www.anbanjia.com.cn\/product\/prix-bon-marche-pieces-de-rechange-legeres-fauteuil-roulant-pliable-electrique\/"},"modified":"2022-05-02T18:07:33","modified_gmt":"2022-05-02T18:07:33","slug":"prix-pas-cher-pieces-de-rechange-legeres-fauteuil-roulant-electrique-pliable","status":"publish","type":"product","link":"https:\/\/anbanjia.com.cn\/fr\/produit\/prix-pas-cher-pieces-de-rechange-legeres-fauteuil-roulant-electrique-pliable\/","title":{"rendered":"Prix bon march\u00e9 pi\u00e8ces de rechange l\u00e9g\u00e8res fauteuil roulant pliable \u00e9lectrique"},"content":{"rendered":"<div style=\"max-width: 750px;margin: 0 auto;\">\n<div data-host=\"111234190\" data-id=\"detail_decorate_root\" id=\"detail_decorate_root\">\n<div class=\"engine-app\" data-reactroot=\"\" id=\"_root\">\n<div class=\"magic-0\" data-section=\"AliMagic-h5i376\" data-section-title=\"Product Description\" id=\"ali-anchor-AliMagic-h5i376\">Description du produit<\/div>\n<div class=\"detail-decorate-json-renderer-container\">\n<div class=\"magic-1\">\n<h3 class=\"magic-2\" data-id=\"title0\"><\/h3>\n<h3 class=\"magic-3\"><font color=\"#1f1fff\" size=\"6\">Fauteuil roulant \u00e9lectrique pliable \u00e0 bas prix avec<\/font><\/h3>\n<h3 class=\"magic-3\"><font color=\"#1f1fff\" size=\"6\"><br \/><\/font><\/h3>\n<h3 class=\"magic-3\"><font color=\"#1f1fff\" size=\"6\">double lithium<\/font> <span class=\"magic-4\">approbateur CE<\/span><\/h3>\n<div class=\"magic-5\">\n<div class=\"magic-6\">\n<div class=\"magic-7\" data-id=\"paragraph0\">\n<p class=\"magic-8\"><\/p>\n<\/div>\n<\/div>\n<\/div>\n<\/div>\n<\/div>\n<div class=\"icbu-pc-images magic-9\">\n<div>\n<div class=\"flex-layout-v\">\n<div class=\"flex-layout-h magic-9\">\n<div class=\"magic-10\"><img decoding=\"async\" class=\"magic-11\" data-src=\"\" src=\"https:\/\/anbanjia.com.cn\/wp-content\/uploads\/2022\/05\/HTB1cHTrSpXXXXbVXVXXq6xXFXXX5.jpg\" style=\"max-width: 750;\"><\/div>\n<\/div>\n<\/div>\n<\/div>\n<\/div>\n<div class=\"icbu-pc-images magic-9\">\n<div>\n<div class=\"flex-layout-v\">\n<div class=\"flex-layout-h magic-9\">\n<div class=\"magic-12\"><img decoding=\"async\" class=\"magic-13\" data-id=\"child-image-0\" data-src=\"\" src=\"https:\/\/anbanjia.com.cn\/wp-content\/uploads\/2022\/05\/HTB1xIxwRVXXXXaqaXXX760XFXXXe.png\"><\/div>\n<div class=\"magic-14\"><img decoding=\"async\" class=\"magic-15\" data-id=\"child-image-1\" data-src=\"\" src=\"https:\/\/anbanjia.com.cn\/wp-content\/uploads\/2022\/05\/HTB1FeiiRVXXXXXEXXXX760XFXXXc.png\"><\/div>\n<\/div>\n<\/div>\n<\/div>\n<\/div>\n<div class=\"icbu-pc-images magic-9\">\n<div>\n<div class=\"flex-layout-v\">\n<div class=\"flex-layout-h magic-9\">\n<div class=\"magic-12\"><img decoding=\"async\" class=\"magic-16\" data-id=\"child-image-0\" data-src=\"\" src=\"https:\/\/anbanjia.com.cn\/wp-content\/uploads\/2022\/05\/HTB1C51vSpXXXXXZXVXXq6xXFXXXs.jpg\"><\/div>\n<div class=\"magic-14\"><img decoding=\"async\" class=\"magic-17\" data-id=\"child-image-1\" data-src=\"\" src=\"https:\/\/anbanjia.com.cn\/wp-content\/uploads\/2022\/05\/HTB13EnTSpXXXXanXXXX760XFXXXy.png\"><\/div>\n<\/div>\n<\/div>\n<\/div>\n<\/div>\n<div class=\"icbu-pc-images magic-9\">\n<div>\n<div class=\"flex-layout-v\">\n<div class=\"flex-layout-h magic-9\">\n<div class=\"magic-18\"><img decoding=\"async\" class=\"magic-19\" data-src=\"\" src=\"https:\/\/anbanjia.com.cn\/wp-content\/uploads\/2022\/05\/HTB1gY4ZSpXXXXb7aXXX760XFXXXD.png\"><\/div>\n<\/div>\n<\/div>\n<\/div>\n<\/div>\n<div class=\"magic-0\" data-section=\"AliMagic-4u9z5a\" data-section-title=\"Detailed Images\" id=\"ali-anchor-AliMagic-4u9z5a\">Images d\u00e9taill\u00e9es<\/div>\n<div class=\"icbu-pc-images magic-9\">\n<div>\n<div class=\"flex-layout-v\">\n<div class=\"flex-layout-h magic-9\">\n<div class=\"magic-20\"><img decoding=\"async\" class=\"magic-21\" data-src=\"\" src=\"https:\/\/anbanjia.com.cn\/wp-content\/uploads\/2022\/05\/HTB1qsuOSpXXXXahXpXXq6xXFXXXs.jpg\"><\/div>\n<\/div>\n<\/div>\n<\/div>\n<\/div>\n<div class=\"icbu-pc-images magic-9\">\n<div>\n<div class=\"flex-layout-v\">\n<div class=\"flex-layout-h magic-9\">\n<div class=\"magic-22\"><img decoding=\"async\" class=\"magic-23\" data-src=\"\" src=\"https:\/\/anbanjia.com.cn\/wp-content\/uploads\/2022\/05\/HTB19JGvSpXXXXc5XFXXq6xXFXXXz.jpg\"><\/div>\n<\/div>\n<\/div>\n<\/div>\n<\/div>\n<div class=\"icbu-pc-images magic-9\">\n<div>\n<div class=\"flex-layout-v\">\n<div class=\"flex-layout-h magic-9\">\n<div class=\"magic-24\"><img decoding=\"async\" class=\"magic-25\" data-src=\"\" src=\"https:\/\/anbanjia.com.cn\/wp-content\/uploads\/2022\/05\/HTB19qSkSpXXXXcjaXXXq6xXFXXXv.jpg\"><\/div>\n<\/div>\n<\/div>\n<\/div>\n<\/div>\n<div class=\"icbu-pc-images magic-9\">\n<div>\n<div class=\"flex-layout-v\">\n<div class=\"flex-layout-h magic-9\">\n<div class=\"magic-26\"><img decoding=\"async\" class=\"magic-27\" data-src=\"\" src=\"https:\/\/anbanjia.com.cn\/wp-content\/uploads\/2022\/05\/HTB1eCaxSpXXXXXFXVXXq6xXFXXX2.jpg\"><\/div>\n<\/div>\n<\/div>\n<\/div>\n<\/div>\n<div class=\"icbu-pc-images magic-9\">\n<div>\n<div class=\"flex-layout-v\">\n<div class=\"flex-layout-h magic-9\">\n<div class=\"magic-28\"><img decoding=\"async\" class=\"magic-29\" data-src=\"\" src=\"https:\/\/anbanjia.com.cn\/wp-content\/uploads\/2022\/05\/HTB1w2SXSpXXXXadaFXXq6xXFXXXV.jpg\"><\/div>\n<\/div>\n<\/div>\n<\/div>\n<\/div>\n<div class=\"icbu-pc-images magic-9\">\n<div>\n<div class=\"flex-layout-v\">\n<div class=\"flex-layout-h magic-9\">\n<div class=\"magic-30\"><img decoding=\"async\" class=\"magic-31\" data-src=\"\" src=\"https:\/\/anbanjia.com.cn\/wp-content\/uploads\/2022\/05\/HTB1ne0ORVXXXXcxXFXX760XFXXXd.png\"><\/div>\n<\/div>\n<\/div>\n<\/div>\n<\/div>\n<div class=\"icbu-pc-images magic-9\">\n<div>\n<div class=\"flex-layout-v\">\n<div class=\"flex-layout-h magic-9\">\n<div class=\"magic-10\"><img decoding=\"async\" class=\"magic-11\" data-src=\"\" src=\"https:\/\/anbanjia.com.cn\/wp-content\/uploads\/2022\/05\/HTB1cHTrSpXXXXbVXVXXq6xXFXXX5.jpg\"><\/div>\n<\/div>\n<\/div>\n<\/div>\n<\/div>\n<div class=\"icbu-pc-images magic-9\">\n<div>\n<div class=\"flex-layout-v\">\n<div class=\"flex-layout-h magic-9\">\n<div class=\"magic-32\"><img decoding=\"async\" class=\"magic-33\" data-src=\"\" src=\"https:\/\/anbanjia.com.cn\/wp-content\/uploads\/2022\/05\/HTB1uB5NSpXXXXarXpXXq6xXFXXX3.jpg\"><\/div>\n<\/div>\n<\/div>\n<\/div>\n<\/div>\n<div class=\"magic-0\" data-section=\"AliMagic-ko5vyz\" data-section-title=\"Packing &amp; Delivery\" id=\"ali-anchor-AliMagic-ko5vyz\">Emballage et livraison<\/div>\n<div class=\"icbu-pc-images magic-9\">\n<div>\n<div class=\"flex-layout-v\">\n<div class=\"flex-layout-h magic-9\">\n<div class=\"magic-12\"><img decoding=\"async\" class=\"magic-34\" data-id=\"child-image-0\" data-src=\"\" src=\"https:\/\/anbanjia.com.cn\/wp-content\/uploads\/2022\/05\/HTB1GrGhSpXXXXX0apXXq6xXFXXXW.jpg\"><\/div>\n<div class=\"magic-14\"><img decoding=\"async\" class=\"magic-35\" data-id=\"child-image-1\" data-src=\"\" src=\"https:\/\/anbanjia.com.cn\/wp-content\/uploads\/2022\/05\/HTB1nzOwSpXXXXX8XVXXq6xXFXXXa.jpg\"><\/div>\n<\/div>\n<\/div>\n<\/div>\n<\/div>\n<div class=\"icbu-pc-images magic-9\">\n<div>\n<div class=\"flex-layout-h\">\n<div class=\"flex-layout-v magic-36\">\n<div class=\"magic-37\"><img decoding=\"async\" class=\"magic-38\" data-id=\"child-image-0\" data-src=\"\" src=\"https:\/\/anbanjia.com.cn\/wp-content\/uploads\/2022\/05\/HTB13TaLSpXXXXboXpXXq6xXFXXX2.jpg\"><\/div>\n<\/div>\n<div class=\"text-wrapper magic-39\">\n<div class=\"text-wrapper-right text-theme-light text-align-left\">\n<div class=\"text-title\" data-id=\"right-title\">\n<h3 class=\"magic-3\"><font color=\"#571fff\"><font size=\"6\">Paquet:65x39x82cm<br \/><\/font><br \/><font size=\"6\">Poids brut&nbsp;: 32&nbsp;kg<\/font><\/font><br \/><\/h3>\n<\/div>\n<div class=\"text-content\" data-id=\"right-content\">\n<p class=\"magic-8\"><\/p>\n<\/div>\n<\/div>\n<\/div>\n<\/div>\n<\/div>\n<\/div>\n<div class=\"magic-0\" data-section=\"AliMagic-cjmj9r\" data-section-title=\"Factory Show\" id=\"ali-anchor-AliMagic-cjmj9r\">Spectacle d&rsquo;usine<\/div>\n<div class=\"icbu-pc-images magic-9\">\n<div>\n<div class=\"flex-layout-v\">\n<div class=\"flex-layout-h magic-9\">\n<div class=\"magic-40\"><img decoding=\"async\" class=\"magic-41\" data-src=\"\" src=\"https:\/\/anbanjia.com.cn\/wp-content\/uploads\/2022\/05\/HTB1PdCLSpXXXXbAXpXXq6xXFXXXa.jpg\"><\/div>\n<\/div>\n<\/div>\n<\/div>\n<\/div>\n<div class=\"magic-0\" data-section=\"AliMagic-wchxth\" data-section-title=\"Certifications\" id=\"ali-anchor-AliMagic-wchxth\">Certificats<\/div>\n<div class=\"icbu-pc-images magic-9\">\n<div>\n<div class=\"flex-layout-v\">\n<div class=\"flex-layout-h magic-9\">\n<div class=\"magic-42\"><img decoding=\"async\" class=\"magic-43\" data-src=\"\" src=\"https:\/\/anbanjia.com.cn\/wp-content\/uploads\/2022\/05\/HTB1Je9WQpXXXXafXpXXq6xXFXXX1.jpg\"><\/div>\n<\/div>\n<\/div>\n<\/div>\n<\/div>\n<div class=\"magic-0\" data-section=\"AliMagic-1tiilf\" data-section-title=\"Our Company\" id=\"ali-anchor-AliMagic-1tiilf\">Notre compagnie<\/div>\n<div class=\"icbu-pc-images magic-9\">\n<div>\n<div class=\"flex-layout-v\">\n<div class=\"flex-layout-h magic-9\">\n<div class=\"magic-44\"><img decoding=\"async\" class=\"magic-45\" data-src=\"\" src=\"https:\/\/anbanjia.com.cn\/wp-content\/uploads\/2022\/05\/HTB1K8kkQXXXXXb1XXXXq6xXFXXXV.jpg\"><\/div>\n<\/div>\n<\/div>\n<\/div>\n<\/div>\n<div class=\"detail-decorate-json-renderer-container\">\n<div class=\"magic-1\">\n<h3 class=\"magic-2\" data-id=\"title0\"><\/h3>\n<h3 class=\"magic-3\"><font color=\"#00a7df\" size=\"5\">1. Plus de commande, plus de remise, prix comp\u00e9titif&nbsp;!<br \/>2. Bienvenue \u00e0 nous contacter pour obtenir un meilleur prix&nbsp;!<br \/>3.Bon service, livraison rapide, et nous valons la peine d&rsquo;\u00eatre dignes de confiance.<br \/>4. Nous pouvons vous garantir que vous serez satisfait de nos produits. <br \/>5. Nous traitons les clients comme des amis et vous offrons un service consid\u00e9rable.<br \/>6. nous sommes une \u00e9quipe de vente avec des soins m\u00e9dicaux professionnels et un support technique de l&rsquo;\u00e9quipe d&rsquo;ing\u00e9nieurs.<\/font><br \/><span class=\"magic-46\"><br \/><\/span><\/h3>\n<h3 class=\"magic-3\"><font color=\"#0000bf\" size=\"6\">Choisissez-nous non seulement pour les affaires<\/font><\/h3>\n<h3 class=\"magic-3\"><font color=\"#1f1fff\" size=\"5\">Nous prenons au s\u00e9rieux votre commande et appr\u00e9cions chaque demande qui nous est envoy\u00e9e, garantissant un prix comp\u00e9titif rapide. D\u00e9lai de livraison ponctuel&nbsp;:<br \/>&#8211;nous passons votre commande et traitons imm\u00e9diatement, assurons votre d\u00e9lai de livraison ponctuel <\/p>\n<p>V\u00e9rifier avant exp\u00e9dition :<br \/>&#8211;Nos coll\u00e8gues d&rsquo;inspection v\u00e9rifient la qualit\u00e9 avant l&rsquo;exp\u00e9dition, nous faisons un avis d&rsquo;exp\u00e9dition d\u00e8s que votre commande est exp\u00e9di\u00e9e<\/p>\n<p>Service apr\u00e8s-vente :<br \/>Nous nous f\u00e9licitons de votre demande sur les marchandises et respectons vos commentaires apr\u00e8s r\u00e9ception des marchandises.<\/font><br \/><\/h3>\n<div class=\"magic-5\">\n<div class=\"magic-6\">\n<div class=\"magic-7\" data-id=\"paragraph0\">\n<p class=\"magic-8\"><\/p>\n<\/div>\n<\/div>\n<\/div>\n<\/div>\n<\/div>\n<div class=\"icbu-pc-images magic-9\">\n<div>\n<div class=\"flex-layout-v\">\n<div class=\"flex-layout-h magic-9\">\n<div class=\"magic-47\"><img decoding=\"async\" class=\"magic-48\" data-src=\"\" src=\"https:\/\/anbanjia.com.cn\/wp-content\/uploads\/2022\/05\/HTB1XU1rouySBuNjy1zd760PxFXaK-2.png\"><\/div>\n<\/div>\n<\/div>\n<\/div>\n<\/div>\n<\/div>\n<\/div>\n<\/div>\n","protected":false},"excerpt":{"rendered":"<div style=\"width:auto\">\n<div style=\"min-width: 300px;max-width: 300px;word-wrap: break-word;float: left\">Propri\u00e9t\u00e9s : fournitures de th\u00e9rapie de r\u00e9adaptation. <\/div>\n<div style=\"min-width: 300px;max-width: 300px;word-wrap: break-word;float: left\">Lieu d&rsquo;origine&nbsp;: Guangdong, Chine<\/div>\n<\/p><\/div>\n<div style=\"width:auto\">\n<div style=\"min-width: 300px;max-width: 300px;word-wrap: break-word;float: left\">Nom de marque:Anbanjia\/OEM <\/div>\n<div style=\"min-width: 300px;max-width: 300px;word-wrap: break-word;float: left\">Num\u00e9ro de mod\u00e8le : ABJ-5513<\/div>\n<\/p><\/div>\n<div style=\"width:auto\">\n<div style=\"min-width: 300px;max-width: 300px;word-wrap: break-word;float: left\">Type:Fauteuil roulant <\/div>\n<div style=\"min-width: 300px;max-width: 300px;word-wrap: break-word;float: left\">Mat\u00e9riau : alliage d&rsquo;aluminium.<\/div>\n<\/p><\/div>\n<div style=\"width:auto\">\n<div style=\"min-width: 300px;max-width: 300px;word-wrap: break-word;float: left\">Couleur: ruban\/bleu\/rouge <\/div>\n<div style=\"min-width: 300px;max-width: 300px;word-wrap: break-word;float: left\">Certificat: ISO9001 CE<\/div>\n<\/p><\/div>\n<div style=\"width:auto\">\n<div style=\"min-width: 300px;max-width: 300px;word-wrap: break-word;float: left\">Moteur&nbsp;: 24&nbsp;V\/250&nbsp;W*2 <\/div>\n<div style=\"min-width: 300px;max-width: 300px;word-wrap: break-word;float: left\">Distance parcourue&nbsp;: 20&nbsp;km\/30&nbsp;km pour deux batteries<\/div>\n<\/p><\/div>\n","protected":false},"featured_media":12234,"comment_status":"closed","ping_status":"closed","template":"","meta":[],"product_cat":[128],"product_tag":[],"class_list":["post-12911","product","type-product","status-publish","has-post-thumbnail","hentry","product_cat-fauteuil-roulant-electrique"],"_links":{"self":[{"href":"https:\/\/anbanjia.com.cn\/fr\/wp-json\/wp\/v2\/product\/12911","targetHints":{"allow":["GET"]}}],"collection":[{"href":"https:\/\/anbanjia.com.cn\/fr\/wp-json\/wp\/v2\/product"}],"about":[{"href":"https:\/\/anbanjia.com.cn\/fr\/wp-json\/wp\/v2\/types\/product"}],"replies":[{"embeddable":true,"href":"https:\/\/anbanjia.com.cn\/fr\/wp-json\/wp\/v2\/comments?post=12911"}],"wp:featuredmedia":[{"embeddable":true,"href":"https:\/\/anbanjia.com.cn\/fr\/wp-json\/wp\/v2\/media\/12234"}],"wp:attachment":[{"href":"https:\/\/anbanjia.com.cn\/fr\/wp-json\/wp\/v2\/media?parent=12911"}],"wp:term":[{"taxonomy":"product_cat","embeddable":true,"href":"https:\/\/anbanjia.com.cn\/fr\/wp-json\/wp\/v2\/product_cat?post=12911"},{"taxonomy":"product_tag","embeddable":true,"href":"https:\/\/anbanjia.com.cn\/fr\/wp-json\/wp\/v2\/product_tag?post=12911"}],"curies":[{"name":"wp","href":"https:\/\/api.w.org\/{rel}","templated":true}]}}