{"id":12909,"date":"2022-05-02T18:07:41","date_gmt":"2022-05-02T18:07:41","guid":{"rendered":"https:\/\/www.anbanjia.com.cn\/product\/monte-escalier-electrique-pour-transporteur-descaliers-cargo-de-haut-en-bas-facile-a-prendre-le-chariot-de-produit\/"},"modified":"2022-05-02T18:07:41","modified_gmt":"2022-05-02T18:07:41","slug":"cargo-escalier-transporteur-electrique-grimpeur-machine-monter-et-descendre-facile-a-emporter-le-chariot-de-produit","status":"publish","type":"product","link":"https:\/\/anbanjia.com.cn\/fr\/produit\/cargo-escalier-transporteur-electrique-grimpeur-machine-monter-et-descendre-facile-a-emporter-le-chariot-de-produit\/","title":{"rendered":"Monte-escalier \u00e9lectrique pour transporteur d&rsquo;escaliers Cargo de haut en bas facile \u00e0 prendre le chariot de produit"},"content":{"rendered":"<div style=\"max-width: 750px; margin: 0 auto;\">\n<div id=\"ali-anchor-AliPostDhMb-8mvxg\" class=\"mceSectionContainer\" style=\"padding-top: 8px;\" data-section=\"AliPostDhMb-8mvxg\" data-section-title=\"Product Details\">\n<div id=\"ali-title-AliPostDhMb-8mvxg\" style=\"padding: 8px 0; border-bottom: 1px solid #ddd;\"><span style=\"background-color: #ddd; color: #333; font-weight: bold; padding: 8px 10px; line-height: 12px;\">d\u00e9tails du produit<\/span><\/div>\n<div style=\"padding: 10px 0;\">\n<p style=\"text-align: left;\"><img decoding=\"async\" style=\"max-width: 750;\" src=\"https:\/\/anbanjia.com.cn\/wp-content\/uploads\/2022\/05\/HTB1pKcVSpXXXXa8XXXXq6xXFXXXs-2.jpg\" data-alt=\"Cargo stair transporter electric climber machine up and down easy to take the product trolley\" data-src=\"\"><span style=\"font-size: 32px;\"><strong> <span style=\"font-size: 18px;\">Taille du produit (L * W * H): 103 * 53 * 173 cm<\/span><br \/>\n<span style=\"font-size: 18px;\">Taille pli\u00e9e (L*W*H):118*53*22cm<\/span><br \/>\n<span style=\"font-size: 18px;\">Taille d&#8217;emballage (L*W*H):124*60*24cm<\/span><br \/>\n<span style=\"font-size: 18px;\">Limite de charge&nbsp;: 200&nbsp;kg<\/span><br \/>\n<span style=\"font-size: 18px;\">NO&nbsp;: 24&nbsp;kg<\/span><br \/>\n<span style=\"font-size: 18px;\">GW&nbsp;: 45&nbsp;kg<\/span><br \/>\n<span style=\"font-size: 18px;\">Puissance de sortie du moteur&nbsp;: 120&nbsp;W<\/span><br \/>\n<span style=\"font-size: 18px;\">Tension de sortie du moteur : 20-29,4 V<\/span><br \/>\n<span style=\"font-size: 18px;\">Tension adaptable au moteur&nbsp;: 20-29,4&nbsp;v<\/span><br \/>\n<span style=\"font-size: 18px;\">Courant moteur&nbsp;: 13,9&nbsp;A<\/span><br \/>\n<span style=\"font-size: 18px;\">Tension de la batterie&nbsp;: 24&nbsp;V<\/span><br \/>\n<span style=\"font-size: 18px;\">Dur\u00e9e de vie : 1 an<\/span><\/strong><\/span><\/p>\n<p><span style=\"font-size: 32px;\"><strong><span style=\"color: #ff0000;\">Veuillez contacter le vendeur pour obtenir plus de d\u00e9tails et le prix de celui-ci.<\/span><\/strong><\/span><\/p>\n<p><img decoding=\"async\" src=\"https:\/\/anbanjia.com.cn\/wp-content\/uploads\/2022\/05\/H7753f0f9c25e40c88e886e706c46190fI.jpg\" data-alt=\"Cargo stair transporter electric climber machine up and down easy to take the product trolley\" data-src=\"\"><img decoding=\"async\" src=\"https:\/\/anbanjia.com.cn\/wp-content\/uploads\/2022\/05\/H3f5f8655421c4f26af4070659ce9b2eep.jpg\" data-alt=\"Cargo stair transporter electric climber machine up and down easy to take the product trolley\" data-src=\"\"><img decoding=\"async\" src=\"https:\/\/anbanjia.com.cn\/wp-content\/uploads\/2022\/05\/He95747c922da46a8a0930863838546fcu.jpg\" data-alt=\"Cargo stair transporter electric climber machine up and down easy to take the product trolley\" data-src=\"\"><img decoding=\"async\" src=\"https:\/\/anbanjia.com.cn\/wp-content\/uploads\/2022\/05\/H8353031123d24bcd8dea26020f87a120a.jpg\" data-alt=\"Cargo stair transporter electric climber machine up and down easy to take the product trolley\" data-src=\"\"><img decoding=\"async\" src=\"https:\/\/anbanjia.com.cn\/wp-content\/uploads\/2022\/05\/Hf0cb894808cf432dbe85639c578c0bcfi.jpg\" data-alt=\"Cargo stair transporter electric climber machine up and down easy to take the product trolley\" data-src=\"\"><img decoding=\"async\" src=\"https:\/\/anbanjia.com.cn\/wp-content\/uploads\/2022\/05\/H1f396a1526d74a9fb2dea531c349f8b9c.jpg\" data-alt=\"Cargo stair transporter electric climber machine up and down easy to take the product trolley\" data-src=\"\"><img decoding=\"async\" src=\"https:\/\/anbanjia.com.cn\/wp-content\/uploads\/2022\/05\/Hbfa401acdaae4e33bd5e7f4b4d5418fdp.jpg\" data-alt=\"Cargo stair transporter electric climber machine up and down easy to take the product trolley\" data-src=\"\"><\/p>\n<\/div>\n<\/div>\n<div id=\"ali-anchor-AliPostDhMb-6b91d\" class=\"mceSectionContainer\" style=\"padding-top: 8px;\" data-section=\"AliPostDhMb-6b91d\" data-section-title=\"produce &amp; payment\">\n<div id=\"ali-title-AliPostDhMb-6b91d\" style=\"padding: 8px 0; border-bottom: 1px solid #ddd;\"><span style=\"background-color: #ddd; color: #333; font-weight: bold; padding: 8px 10px; line-height: 12px;\">produire et payer<\/span><\/div>\n<div style=\"padding: 10px 0;\">\n<p><img decoding=\"async\" src=\"https:\/\/anbanjia.com.cn\/wp-content\/uploads\/2022\/05\/HTB1LlvUSpXXXXbJXVXXq6xXFXXXf-1.jpg\" data-alt=\"Cargo stair transporter electric climber machine up and down easy to take the product trolley\" data-src=\"\"><\/p>\n<\/div>\n<\/div>\n<div id=\"ali-anchor-AliPostDhMb-p592h\" class=\"mceSectionContainer\" style=\"padding-top: 8px;\" data-section=\"AliPostDhMb-p592h\" data-section-title=\"certificate\">\n<div id=\"ali-title-AliPostDhMb-p592h\" style=\"padding: 8px 0; border-bottom: 1px solid #ddd;\"><span style=\"background-color: #ddd; color: #333; font-weight: bold; padding: 8px 10px; line-height: 12px;\">certificat<\/span><\/div>\n<div style=\"padding: 10px 0;\">\n<p><img decoding=\"async\" src=\"https:\/\/anbanjia.com.cn\/wp-content\/uploads\/2022\/05\/HTB1Z1olSpXXXXctXXXXq6xXFXXXu-1.jpg\" data-alt=\"Cargo stair transporter electric climber machine up and down easy to take the product trolley\" data-src=\"\"><\/p>\n<\/div>\n<\/div>\n<div id=\"ali-anchor-AliPostDhMb-qwlzm\" class=\"mceSectionContainer\" style=\"padding-top: 8px;\" data-section=\"AliPostDhMb-qwlzm\" data-section-title=\"company information\">\n<div id=\"ali-title-AliPostDhMb-qwlzm\" style=\"padding: 8px 0; border-bottom: 1px solid #ddd;\"><span style=\"background-color: #ddd; color: #333; font-weight: bold; padding: 8px 10px; line-height: 12px;\">Informations sur la soci\u00e9t\u00e9<\/span><\/div>\n<div style=\"padding: 10px 0;\">\n<p><img decoding=\"async\" src=\"https:\/\/anbanjia.com.cn\/wp-content\/uploads\/2022\/05\/HTB1MME3SpXXXXbJaXXXq6xXFXXXA-1.jpg\" data-alt=\"Cargo stair transporter electric climber machine up and down easy to take the product trolley\" data-src=\"\"><img decoding=\"async\" src=\"https:\/\/anbanjia.com.cn\/wp-content\/uploads\/2022\/05\/HTB1vm0WR3HqK1RjSZFEq6AGMXXa6.jpg\" data-alt=\"Cargo stair transporter electric climber machine up and down easy to take the product trolley\" data-src=\"\"><\/p>\n<\/div>\n<\/div>\n<\/div>\n","protected":false},"excerpt":{"rendered":"<p>&nbsp;<\/p>\n<div style=\"width: auto;\">\n<div style=\"min-width: 300px; max-width: 300px; word-wrap: break-word; float: left;\">Propri\u00e9t\u00e9s : fournitures de th\u00e9rapie de r\u00e9adaptation.<\/div>\n<div style=\"min-width: 300px; max-width: 300px; word-wrap: break-word; float: left;\">Lieu d&rsquo;origine&nbsp;: Guangdong, Chine<\/div>\n<\/div>\n<div style=\"width: auto;\">\n<div style=\"min-width: 300px; max-width: 300px; word-wrap: break-word; float: left;\">Nom de marque : ABJ\/OEM<\/div>\n<div style=\"min-width: 300px; max-width: 300px; word-wrap: break-word; float: left;\">Num\u00e9ro de mod\u00e8le&nbsp;: ABJ-11A<\/div>\n<\/div>\n<div style=\"width: auto;\">\n<div style=\"min-width: 300px; max-width: 300px; word-wrap: break-word; float: left;\">Type:Fauteuil roulant<\/div>\n<div style=\"min-width: 300px; max-width: 300px; word-wrap: break-word; float: left;\">Mat\u00e9riau : alliage d&rsquo;aluminium.<\/div>\n<\/div>\n<div style=\"width: auto;\">\n<div style=\"min-width: 300px; max-width: 300px; word-wrap: break-word; float: left;\">Certificat&nbsp;: ISO9001<\/div>\n<div style=\"min-width: 300px; max-width: 300px; word-wrap: break-word; float: left;\">Capacit\u00e9 de chargement&nbsp;: 200&nbsp;KG<\/div>\n<\/div>\n<div style=\"width: auto;\">\n<div style=\"min-width: 300px; max-width: 300px; word-wrap: break-word; float: left;\">Taille pli\u00e9e : 108*540*310mm<\/div>\n<div style=\"min-width: 300px; max-width: 300px; word-wrap: break-word; float: left;\">Largeur totale : 46 cm<\/div>\n<\/div>\n","protected":false},"featured_media":12751,"comment_status":"closed","ping_status":"closed","template":"","meta":[],"product_cat":[128],"product_tag":[],"class_list":["post-12909","product","type-product","status-publish","has-post-thumbnail","hentry","product_cat-fauteuil-roulant-electrique"],"_links":{"self":[{"href":"https:\/\/anbanjia.com.cn\/fr\/wp-json\/wp\/v2\/product\/12909","targetHints":{"allow":["GET"]}}],"collection":[{"href":"https:\/\/anbanjia.com.cn\/fr\/wp-json\/wp\/v2\/product"}],"about":[{"href":"https:\/\/anbanjia.com.cn\/fr\/wp-json\/wp\/v2\/types\/product"}],"replies":[{"embeddable":true,"href":"https:\/\/anbanjia.com.cn\/fr\/wp-json\/wp\/v2\/comments?post=12909"}],"wp:featuredmedia":[{"embeddable":true,"href":"https:\/\/anbanjia.com.cn\/fr\/wp-json\/wp\/v2\/media\/12751"}],"wp:attachment":[{"href":"https:\/\/anbanjia.com.cn\/fr\/wp-json\/wp\/v2\/media?parent=12909"}],"wp:term":[{"taxonomy":"product_cat","embeddable":true,"href":"https:\/\/anbanjia.com.cn\/fr\/wp-json\/wp\/v2\/product_cat?post=12909"},{"taxonomy":"product_tag","embeddable":true,"href":"https:\/\/anbanjia.com.cn\/fr\/wp-json\/wp\/v2\/product_tag?post=12909"}],"curies":[{"name":"wp","href":"https:\/\/api.w.org\/{rel}","templated":true}]}}