{"id":12906,"date":"2022-05-02T18:07:33","date_gmt":"2022-05-02T18:07:33","guid":{"rendered":"https:\/\/www.anbanjia.com.cn\/product\/prix-de-gros-fauteuil-roulant-electrique-a-moteur-320w-handicape-rapide\/"},"modified":"2022-05-02T18:07:33","modified_gmt":"2022-05-02T18:07:33","slug":"prix-de-gros-rapide-handicape-moteur-320w-fauteuil-roulant-electrique","status":"publish","type":"product","link":"https:\/\/anbanjia.com.cn\/fr\/produit\/prix-de-gros-rapide-handicape-moteur-320w-fauteuil-roulant-electrique\/","title":{"rendered":"Prix de gros fauteuil roulant \u00e9lectrique \u00e0 moteur 320w handicap\u00e9 rapide"},"content":{"rendered":"<div style=\"max-width: 750px; margin: 0 auto;\">\n<div id=\"ali-anchor-AliPostDhMb-29lc6\" style=\"padding-top: 8px;\" data-section=\"AliPostDhMb-29lc6\" data-section-title=\"Product Details\">\n<div id=\"ali-title-AliPostDhMb-29lc6\" style=\"padding: 8px 0; border-bottom: 1px solid #ddd;\"><span style=\"background-color: #ddd; color: #333; font-weight: bold; padding: 8px 10px; line-height: 12px;\">d\u00e9tails du produit<\/span><\/div>\n<div style=\"padding: 10px 0;\">\n<p style=\"text-align: center;\"><strong><span style=\"font-size: 24px;\">Fauteuil roulant \u00e9lectrique \u00e0 moteur 320w handicap\u00e9 rapide<\/span><\/strong><\/p>\n<p> <img decoding=\"async\" style=\"max-width: 750;\" src=\"https:\/\/anbanjia.com.cn\/wp-content\/uploads\/2022\/05\/HTB1xlqYcECF3KVjSZJnq6znHFXaV.jpg\" data-alt=\"Wholesale price fast handicapped 320w motor electric wheelchair\" data-src=\"\"><\/p>\n<table style=\"border-collapse: collapse; background-color: #ffffff; width: 718px; height: 156px;\" border=\"1\">\n<tbody>\n<tr>\n<td style=\"text-align: center; width: 442px;\"><span style=\"font-size: 24px;\">Mat\u00e9riel<\/span><\/td>\n<td style=\"text-align: center; width: 269px;\"><span style=\"font-size: 24px;\">Aluminium<\/span><\/td>\n<\/tr>\n<tr>\n<td style=\"text-align: center; width: 442px;\"><span style=\"font-size: 24px;\">Capacit\u00e9 de chargement<\/span><\/td>\n<td style=\"text-align: center; width: 269px;\"><span style=\"font-size: 24px;\">150 kg<\/span><\/td>\n<\/tr>\n<tr>\n<td style=\"text-align: center; width: 442px;\"><span style=\"font-size: 24px;\">Capacit\u00e9 de pente<\/span><\/td>\n<td style=\"text-align: center; width: 269px;\"><span style=\"font-size: 24px;\"> 30\u00b0<\/span><\/td>\n<\/tr>\n<tr>\n<td style=\"text-align: center; width: 442px;\"><span style=\"font-size: 24px;\">Couleur <\/span><\/td>\n<td style=\"text-align: center; width: 269px;\"><span style=\"font-size: 24px;\">Noir<\/span><\/td>\n<\/tr>\n<\/tbody>\n<\/table>\n<p><span style=\"font-size: 32px;\">Des d\u00e9tails:<\/span><\/p>\n<p><img decoding=\"async\" src=\"https:\/\/anbanjia.com.cn\/wp-content\/uploads\/2022\/05\/HTB1nZ5xcEGF3KVjSZFvq6z_nXXan.jpg\" data-alt=\"Wholesale price fast handicapped 320w motor electric wheelchair\" data-src=\"\"><img decoding=\"async\" src=\"https:\/\/anbanjia.com.cn\/wp-content\/uploads\/2022\/05\/HTB14y5ucv1H3KVjSZFHq6zKppXa2.jpg\" data-alt=\"Wholesale price fast handicapped 320w motor electric wheelchair\" data-src=\"\"><img decoding=\"async\" src=\"https:\/\/anbanjia.com.cn\/wp-content\/uploads\/2022\/05\/HTB13EaycBaE3KVjSZLeq6xsSFXaK.jpg\" data-alt=\"Wholesale price fast handicapped 320w motor electric wheelchair\" data-src=\"\"><img decoding=\"async\" src=\"https:\/\/anbanjia.com.cn\/wp-content\/uploads\/2022\/05\/HTB16ZSQcECF3KVjSZJnq6znHFXat.jpg\" data-alt=\"Wholesale price fast handicapped 320w motor electric wheelchair\" data-src=\"\"><\/p>\n<\/div>\n<\/div>\n<div id=\"ali-anchor-AliPostDhMb-a72c2\" style=\"padding-top: 8px;\" data-section=\"AliPostDhMb-a72c2\" data-section-title=\"Product Categories\">\n<div id=\"ali-title-AliPostDhMb-a72c2\" style=\"padding: 8px 0; border-bottom: 1px solid #ddd;\"><span style=\"background-color: #ddd; color: #333; font-weight: bold; padding: 8px 10px; line-height: 12px;\">cat\u00e9gories de produits<\/span><\/div>\n<div style=\"padding: 10px 0;\">\n<p><a href=\"https:\/\/abj-medical.en.alibaba.com\/productlist.html?spm=a2700.8304367.topnav.2.5d239224q5nscJ\" target=\"_blank\" rel=\"noopener\"><img decoding=\"async\" src=\"https:\/\/anbanjia.com.cn\/wp-content\/uploads\/2022\/05\/HTB1ERWiSFXXXXasXXXXq6xXFXXXw.jpg\" data-alt=\"Wholesale price fast handicapped 320w motor electric wheelchair\" data-src=\"\"><img decoding=\"async\" src=\"https:\/\/anbanjia.com.cn\/wp-content\/uploads\/2022\/05\/HTB1TH4ZSFXXXXazXFXXq6xXFXXXm.jpg\" data-alt=\"Wholesale price fast handicapped 320w motor electric wheelchair\" data-src=\"\"><\/a><\/p>\n<\/div>\n<\/div>\n<div id=\"ali-anchor-AliPostDhMb-prbth\" style=\"padding-top: 8px;\" data-section=\"AliPostDhMb-prbth\" data-section-title=\"company information\">\n<div id=\"ali-title-AliPostDhMb-prbth\" style=\"padding: 8px 0; border-bottom: 1px solid #ddd;\"><span style=\"background-color: #ddd; color: #333; font-weight: bold; padding: 8px 10px; line-height: 12px;\">Informations sur la soci\u00e9t\u00e9<\/span><\/div>\n<div style=\"padding: 10px 0;\">\n<p><img decoding=\"async\" src=\"https:\/\/anbanjia.com.cn\/wp-content\/uploads\/2022\/05\/HTB1MME3SpXXXXbJaXXXq6xXFXXXA-1.jpg\" data-alt=\"Wholesale price fast handicapped 320w motor electric wheelchair\" data-src=\"\"><\/p>\n<\/div>\n<\/div>\n<div id=\"ali-anchor-AliPostDhMb-74sem\" style=\"padding-top: 8px;\" data-section=\"AliPostDhMb-74sem\" data-section-title=\"certificate\">\n<div id=\"ali-title-AliPostDhMb-74sem\" style=\"padding: 8px 0; border-bottom: 1px solid #ddd;\"><span style=\"background-color: #ddd; color: #333; font-weight: bold; padding: 8px 10px; line-height: 12px;\">certificat<\/span><\/div>\n<div style=\"padding: 10px 0;\">\n<p><img decoding=\"async\" src=\"https:\/\/anbanjia.com.cn\/wp-content\/uploads\/2022\/05\/HTB1Z1olSpXXXXctXXXXq6xXFXXXu-1.jpg\" data-alt=\"Wholesale price fast handicapped 320w motor electric wheelchair\" data-src=\"\"><\/p>\n<\/div>\n<\/div>\n<div id=\"ali-anchor-AliPostDhMb-g9ro9\" style=\"padding-top: 8px;\" data-section=\"AliPostDhMb-g9ro9\" data-section-title=\"produce &amp; payment\">\n<div id=\"ali-title-AliPostDhMb-g9ro9\" style=\"padding: 8px 0; border-bottom: 1px solid #ddd;\"><span style=\"background-color: #ddd; color: #333; font-weight: bold; padding: 8px 10px; line-height: 12px;\">produire et payer<\/span><\/div>\n<div style=\"padding: 10px 0;\">\n<p><img decoding=\"async\" src=\"https:\/\/anbanjia.com.cn\/wp-content\/uploads\/2022\/05\/HTB1LlvUSpXXXXbJXVXXq6xXFXXXf-1.jpg\" data-alt=\"Wholesale price fast handicapped 320w motor electric wheelchair\" data-src=\"\"><img decoding=\"async\" src=\"https:\/\/anbanjia.com.cn\/wp-content\/uploads\/2022\/05\/HTB1O0UfSpXXXXaRXpXXq6xXFXXXA.jpg\" data-alt=\"Wholesale price fast handicapped 320w motor electric wheelchair\" data-src=\"\"> <img decoding=\"async\" src=\"https:\/\/anbanjia.com.cn\/wp-content\/uploads\/2022\/05\/HTB1_5oxSpXXXXcFXFXXq6xXFXXXt.jpg\" data-src=\"\"><\/p>\n<\/div>\n<\/div>\n<div id=\"ali-anchor-AliPostDhMb-l6dt8\" style=\"padding-top: 8px;\" data-section=\"AliPostDhMb-l6dt8\" data-section-title=\"contact us\">\n<div id=\"ali-title-AliPostDhMb-l6dt8\" style=\"padding: 8px 0; border-bottom: 1px solid #ddd;\"><span style=\"background-color: #ddd; color: #333; font-weight: bold; padding: 8px 10px; line-height: 12px;\">Nous contacter<\/span><\/div>\n<div style=\"padding: 10px 0;\">\n<p><img decoding=\"async\" src=\"https:\/\/anbanjia.com.cn\/wp-content\/uploads\/2022\/05\/HTB1XU1rouySBuNjy1zd760PxFXaK-2.png\" data-alt=\"Wholesale price fast handicapped 320w motor electric wheelchair\" data-src=\"\"><\/p>\n<\/div>\n<\/div>\n<\/div>\n","protected":false},"excerpt":{"rendered":"<p>&nbsp;<\/p>\n<div style=\"width: auto;\">\n<div style=\"min-width: 300px; max-width: 300px; word-wrap: break-word; float: left;\">Propri\u00e9t\u00e9s : fournitures de th\u00e9rapie de r\u00e9adaptation.<\/div>\n<div style=\"min-width: 300px; max-width: 300px; word-wrap: break-word; float: left;\">Lieu d&rsquo;origine&nbsp;: Guangdong, Chine<\/div>\n<\/div>\n<div style=\"width: auto;\">\n<div style=\"min-width: 300px; max-width: 300px; word-wrap: break-word; float: left;\">Nom de marque:Anbanjia\/OEM<\/div>\n<div style=\"min-width: 300px; max-width: 300px; word-wrap: break-word; float: left;\">Num\u00e9ro de mod\u00e8le : ABJ-2606<\/div>\n<\/div>\n<div style=\"width: auto;\">\n<div style=\"min-width: 300px; max-width: 300px; word-wrap: break-word; float: left;\">Type:Fauteuil roulant<\/div>\n<div style=\"min-width: 300px; max-width: 300px; word-wrap: break-word; float: left;\">Mat\u00e9riel:Aluminium<\/div>\n<\/div>\n<div style=\"width: auto;\">\n<div style=\"min-width: 300px; max-width: 300px; word-wrap: break-word; float: left;\">Taille du produit: 68*88*108 cm<\/div>\n<div style=\"min-width: 300px; max-width: 300px; word-wrap: break-word; float: left;\">Poids&nbsp;: 36&nbsp;kg<\/div>\n<\/div>\n<div style=\"width: auto;\">\n<div style=\"min-width: 300px; max-width: 300px; word-wrap: break-word; float: left;\">Capacit\u00e9 de chargement&nbsp;: 150&nbsp;kg<\/div>\n<div style=\"min-width: 300px; max-width: 300px; word-wrap: break-word; float: left;\">Capacit\u00e9 d&rsquo;inclinaison : 30\u00b0<\/div>\n<\/div>\n<div style=\"width: auto;\">\n<div style=\"min-width: 300px; max-width: 300px; word-wrap: break-word; float: left;\">La couleur noire<\/div>\n<div style=\"min-width: 300px; max-width: 300px; word-wrap: break-word; float: left;\">Certificat: ISO9001 CE<\/div>\n<\/div>\n","protected":false},"featured_media":8130,"comment_status":"closed","ping_status":"closed","template":"","meta":[],"product_cat":[128],"product_tag":[],"class_list":["post-12906","product","type-product","status-publish","has-post-thumbnail","hentry","product_cat-fauteuil-roulant-electrique"],"_links":{"self":[{"href":"https:\/\/anbanjia.com.cn\/fr\/wp-json\/wp\/v2\/product\/12906","targetHints":{"allow":["GET"]}}],"collection":[{"href":"https:\/\/anbanjia.com.cn\/fr\/wp-json\/wp\/v2\/product"}],"about":[{"href":"https:\/\/anbanjia.com.cn\/fr\/wp-json\/wp\/v2\/types\/product"}],"replies":[{"embeddable":true,"href":"https:\/\/anbanjia.com.cn\/fr\/wp-json\/wp\/v2\/comments?post=12906"}],"wp:featuredmedia":[{"embeddable":true,"href":"https:\/\/anbanjia.com.cn\/fr\/wp-json\/wp\/v2\/media\/8130"}],"wp:attachment":[{"href":"https:\/\/anbanjia.com.cn\/fr\/wp-json\/wp\/v2\/media?parent=12906"}],"wp:term":[{"taxonomy":"product_cat","embeddable":true,"href":"https:\/\/anbanjia.com.cn\/fr\/wp-json\/wp\/v2\/product_cat?post=12906"},{"taxonomy":"product_tag","embeddable":true,"href":"https:\/\/anbanjia.com.cn\/fr\/wp-json\/wp\/v2\/product_tag?post=12906"}],"curies":[{"name":"wp","href":"https:\/\/api.w.org\/{rel}","templated":true}]}}