{"id":12903,"date":"2022-05-02T18:07:37","date_gmt":"2022-05-02T18:07:37","guid":{"rendered":"https:\/\/www.anbanjia.com.cn\/product\/lhopital-electrique-automatique-leger-de-fauteuil-roulant-descalade-descalier-a-utilise-le-fauteuil-roulant-plie-de-chaise\/"},"modified":"2022-05-02T18:07:37","modified_gmt":"2022-05-02T18:07:37","slug":"leger-automatique-escalier-montant-fauteuil-roulant-hopital-fauteuil-plie-occasion-fauteuil-roulant-roulant","status":"publish","type":"product","link":"https:\/\/anbanjia.com.cn\/fr\/produit\/leger-automatique-escalier-montant-fauteuil-roulant-hopital-fauteuil-plie-occasion-fauteuil-roulant-roulant\/","title":{"rendered":"L&rsquo;h\u00f4pital \u00e9lectrique automatique l\u00e9ger de fauteuil roulant d&rsquo;escalade d&rsquo;escalier a utilis\u00e9 le fauteuil roulant pli\u00e9 de chaise"},"content":{"rendered":"<div style=\"max-width: 750px;margin: 0 auto;\">\n<p><strong><span style=\"font-size: 32px; font-family: 'comic sans ms', sans-serif;\">L&rsquo;h\u00f4pital \u00e9lectrique automatique de fauteuil roulant d&rsquo;escalade d&rsquo;escalier a utilis\u00e9 le fauteuil roulant pli\u00e9 de chaise<\/span><\/strong><\/p>\n<p><span style=\"font-size: 18px; font-family: 'comic sans ms', sans-serif; color: #0000ff;\">1.pour les h\u00f4pitaux, les centres d&rsquo;urgence, les incendies, les ambulances d&rsquo;urgence, la famille transportant des patients dans l&rsquo;escalier <br \/>2. l&rsquo;utilisation principale du transfert de civi\u00e8re d&rsquo;escalier de b\u00e2timent de grande hauteur du patient dans les escaliers, une personne peut op\u00e9rer<br \/>3.une structure de voie unique, pratique et s\u00fbre lorsque la civi\u00e8re descend l&rsquo;escalier<br \/>4. civi\u00e8re avec un total de quatre roues pour un d\u00e9placement facile sur le sol<br \/>5.il est fait d&rsquo;un mat\u00e9riau en acier inoxydable \u00e0 haute r\u00e9sistance<br \/>tailles 6.castor : dia125\/75mm<\/span><\/p>\n<p><span style=\"font-size: 18px; font-family: 'comic sans ms', sans-serif; color: #0000ff;\"><img decoding=\"async\" data-alt=\"Lightweight Automatic Electric Stair Climbing Wheelchair Hospital Used folded chair wheelchair\" data-src=\"\" ori-height=\"2704\" ori-width=\"770\" src=\"https:\/\/anbanjia.com.cn\/wp-content\/uploads\/2022\/05\/HTB1HyPjvpuWBuNjSszbq6AS7FXaE-scaled.jpg\" style=\"max-width: 750;\"><img decoding=\"async\" data-alt=\"Lightweight Automatic Electric Stair Climbing Wheelchair Hospital Used folded chair wheelchair\" data-src=\"\" ori-height=\"2927\" ori-width=\"769\" src=\"https:\/\/anbanjia.com.cn\/wp-content\/uploads\/2022\/05\/HTB1BzGOcMZC2uNjSZFnq6yxZpXak-scaled.jpg\"><img decoding=\"async\" data-alt=\"Lightweight Automatic Electric Stair Climbing Wheelchair Hospital Used folded chair wheelchair\" data-height=\"3089\" data-src=\"\" data-width=\"771\" ori-height=\"8010\" ori-width=\"2000\" src=\"https:\/\/anbanjia.com.cn\/wp-content\/uploads\/2022\/05\/HTB1iolwhCYTBKNjSZKbq6xJ8pXaI-scaled.jpg\"><img decoding=\"async\" data-alt=\"Lightweight Automatic Electric Stair Climbing Wheelchair Hospital Used folded chair wheelchair\" data-height=\"3581\" data-src=\"\" data-width=\"769\" ori-height=\"9312\" ori-width=\"2000\" src=\"https:\/\/anbanjia.com.cn\/wp-content\/uploads\/2022\/05\/HTB1NUuRhyMnBKNjSZFoq6zOSFXa5-scaled.jpg\"><\/span><\/p>\n<div class=\"mceSectionContainer\" data-section=\"AliPostDhMb-4dayk\" data-section-title=\"Packaging &amp; Shipping\" id=\"ali-anchor-AliPostDhMb-4dayk\" style=\"padding-top: 8px;\">\n<div id=\"ali-title-AliPostDhMb-4dayk\" style=\"padding: 8px 0; border-bottom: 1px solid #ddd;\"><span style=\"background-color: #ddd; color: #333; font-weight: bold; padding: 8px 10px; line-height: 12px;\">Emballage et exp\u00e9dition<\/span><\/div>\n<div style=\"padding: 10px 0;\">\n<p> <img decoding=\"async\" data-alt=\"Lightweight Automatic Electric Stair Climbing Wheelchair Hospital Used folded chair wheelchair\" data-src=\"\" ori-height=\"576\" ori-width=\"756\" src=\"https:\/\/anbanjia.com.cn\/wp-content\/uploads\/2022\/05\/HTB1FNB_d7KWBuNjy1zjq6AOypXav.jpg\"><img decoding=\"async\" data-alt=\"Lightweight Automatic Electric Stair Climbing Wheelchair Hospital Used folded chair wheelchair\" data-height=\"577\" data-src=\"\" data-width=\"769\" ori-height=\"1080\" ori-width=\"1440\" src=\"https:\/\/anbanjia.com.cn\/wp-content\/uploads\/2022\/05\/HTB1CEdohqAoBKNjSZSyq6yHAVXat.jpg\"><\/p>\n<\/div>\n<\/div>\n<div class=\"mceSectionContainer\" data-section=\"AliPostDhMb-fevj2\" data-section-title=\"Our Services\" id=\"ali-anchor-AliPostDhMb-fevj2\" style=\"padding-top: 8px;\">\n<div id=\"ali-title-AliPostDhMb-fevj2\" style=\"padding: 8px 0; border-bottom: 1px solid #ddd;\"><span style=\"background-color: #ddd; color: #333; font-weight: bold; padding: 8px 10px; line-height: 12px;\">Nos services<\/span><\/div>\n<div style=\"padding: 10px 0;\">\n<p><span style=\"font-size: 18px;\">Nous prenons au s\u00e9rieux votre commande et appr\u00e9cions chaque demande qui nous est envoy\u00e9e, garantissant un prix comp\u00e9titif rapide.<\/span><br \/><span style=\"font-size: 18px;\">D\u00e9lai de livraison ponctuel :<\/span><br \/><span style=\"font-size: 18px;\">&#8211;nous passons votre commande et traitons imm\u00e9diatement, assurons votre d\u00e9lai de livraison ponctuel<\/span><\/p>\n<p><span style=\"font-size: 18px;\">V\u00e9rifier avant exp\u00e9dition :<\/span><br \/><span style=\"font-size: 18px;\">&#8211;Nos coll\u00e8gues d&rsquo;inspection v\u00e9rifient la qualit\u00e9 avant l&rsquo;exp\u00e9dition, nous faisons un avis d&rsquo;exp\u00e9dition d\u00e8s que votre commande est exp\u00e9di\u00e9e<\/span><\/p>\n<p><span style=\"font-size: 18px;\">Service apr\u00e8s-vente :<\/span><br \/><span style=\"font-size: 18px;\">Nous nous f\u00e9licitons de votre demande sur les marchandises et respectons vos commentaires apr\u00e8s r\u00e9ception des marchandises.<\/span><\/p>\n<\/div>\n<\/div>\n<div class=\"mceSectionContainer\" data-section=\"AliPostDhMb-txiy3\" data-section-title=\"Contact Information\" id=\"ali-anchor-AliPostDhMb-txiy3\" style=\"padding-top: 8px;\">\n<div id=\"ali-title-AliPostDhMb-txiy3\" style=\"padding: 8px 0; border-bottom: 1px solid #ddd;\"><span style=\"background-color: #ddd; color: #333; font-weight: bold; padding: 8px 10px; line-height: 12px;\">Coordonn\u00e9es<\/span><\/div>\n<div style=\"padding: 10px 0;\">\n<p><img decoding=\"async\" data-src=\"\" ori-height=\"271\" ori-width=\"760\" src=\"https:\/\/anbanjia.com.cn\/wp-content\/uploads\/2022\/05\/Hee9408d448ab460f94c285e537e347025.png\"><\/p>\n<\/div>\n<\/div>\n<\/div>\n","protected":false},"excerpt":{"rendered":"<div style=\"width:auto\">\n<div style=\"min-width: 300px;max-width: 300px;word-wrap: break-word;float: left\">Lieu d&rsquo;origine&nbsp;: Guangdong, Chine <\/div>\n<div style=\"min-width: 300px;max-width: 300px;word-wrap: break-word;float: left\">Nom de marque:Anbnajia<\/div>\n<\/p><\/div>\n<div style=\"width:auto\">\n<div style=\"min-width: 300px;max-width: 300px;word-wrap: break-word;float: left\">Num\u00e9ro de mod\u00e8le&nbsp;: ABJ-11B <\/div>\n<div style=\"min-width: 300px;max-width: 300px;word-wrap: break-word;float: left\">Classification des instruments&nbsp;: classe&nbsp;I<\/div>\n<\/p><\/div>\n<div style=\"width:auto\">\n<div style=\"min-width: 300px;max-width: 300px;word-wrap: break-word;float: left\">Garantie : AUCUNE <\/div>\n<div style=\"min-width: 300px;max-width: 300px;word-wrap: break-word;float: left\">Service apr\u00e8s-vente : AUCUN<\/div>\n<\/p><\/div>\n<div style=\"width:auto\">\n<div style=\"min-width: 300px;max-width: 300px;word-wrap: break-word;float: left\">Largeur d&rsquo;assise : 47 cm <\/div>\n<div style=\"min-width: 300px;max-width: 300px;word-wrap: break-word;float: left\">Profondeur d&rsquo;assise : 47,5 cm<\/div>\n<\/p><\/div>\n<div style=\"width:auto\">\n<div style=\"min-width: 300px;max-width: 300px;word-wrap: break-word;float: left\">taille pli\u00e9e: 110*57*34cm <\/div>\n<div style=\"min-width: 300px;max-width: 300px;word-wrap: break-word;float: left\">Taille d\u00e9pli\u00e9e: 123*51*160 cm<\/div>\n<\/p><\/div>\n<div style=\"width:auto\">\n<div style=\"min-width: 300px;max-width: 300px;word-wrap: break-word;float: left\">Type&nbsp;: dispositifs de premiers secours <\/div>\n<div style=\"min-width: 300px;max-width: 300px;word-wrap: break-word;float: left\">Mat\u00e9riau : alliage d&rsquo;aluminium.<\/div>\n<\/p><\/div>\n","protected":false},"featured_media":4955,"comment_status":"closed","ping_status":"closed","template":"","meta":[],"product_cat":[128],"product_tag":[],"class_list":["post-12903","product","type-product","status-publish","has-post-thumbnail","hentry","product_cat-fauteuil-roulant-electrique"],"_links":{"self":[{"href":"https:\/\/anbanjia.com.cn\/fr\/wp-json\/wp\/v2\/product\/12903","targetHints":{"allow":["GET"]}}],"collection":[{"href":"https:\/\/anbanjia.com.cn\/fr\/wp-json\/wp\/v2\/product"}],"about":[{"href":"https:\/\/anbanjia.com.cn\/fr\/wp-json\/wp\/v2\/types\/product"}],"replies":[{"embeddable":true,"href":"https:\/\/anbanjia.com.cn\/fr\/wp-json\/wp\/v2\/comments?post=12903"}],"wp:featuredmedia":[{"embeddable":true,"href":"https:\/\/anbanjia.com.cn\/fr\/wp-json\/wp\/v2\/media\/4955"}],"wp:attachment":[{"href":"https:\/\/anbanjia.com.cn\/fr\/wp-json\/wp\/v2\/media?parent=12903"}],"wp:term":[{"taxonomy":"product_cat","embeddable":true,"href":"https:\/\/anbanjia.com.cn\/fr\/wp-json\/wp\/v2\/product_cat?post=12903"},{"taxonomy":"product_tag","embeddable":true,"href":"https:\/\/anbanjia.com.cn\/fr\/wp-json\/wp\/v2\/product_tag?post=12903"}],"curies":[{"name":"wp","href":"https:\/\/api.w.org\/{rel}","templated":true}]}}