{"id":12901,"date":"2022-05-02T18:07:34","date_gmt":"2022-05-02T18:07:34","guid":{"rendered":"https:\/\/www.anbanjia.com.cn\/product\/fauteuil-roulant-se-pliant-facile-dhopital-denergie-electrique-dalliage-daluminium-de-prix-de-fabrication-pour-le-voyage\/"},"modified":"2022-05-02T18:07:34","modified_gmt":"2022-05-02T18:07:34","slug":"fabrication-prix-alliage-daluminium-pliage-facile-electrique-electrique-fauteuil-roulant-dhopital-pour-voyage","status":"publish","type":"product","link":"https:\/\/anbanjia.com.cn\/fr\/produit\/fabrication-prix-alliage-daluminium-pliage-facile-electrique-electrique-fauteuil-roulant-dhopital-pour-voyage\/","title":{"rendered":"Fauteuil roulant se pliant facile d&rsquo;h\u00f4pital d&rsquo;\u00e9nergie \u00e9lectrique d&rsquo;alliage d&rsquo;aluminium de prix de fabrication pour le voyage"},"content":{"rendered":"<div style=\"max-width: 750px; margin: 0 auto;\">\n<p style=\"text-align: center;\"><span style=\"font-size: 32px;\"><strong>prix de fabrication prix bon march\u00e9 fauteuil roulant \u00e9lectrique pliable l\u00e9ger<\/strong><\/span><\/p>\n<div id=\"ali-anchor-AliPostDhMb-otebh\" class=\"mceSectionContainer\" style=\"padding-top: 8px;\" data-section=\"AliPostDhMb-otebh\" data-section-title=\"Our Services\">\n<div id=\"ali-title-AliPostDhMb-otebh\" style=\"padding: 8px 0; border-bottom: 1px solid #ddd;\"><span style=\"background-color: #ddd; color: #333; font-weight: bold; padding: 8px 10px; line-height: 12px;\">Nos services<\/span><\/div>\n<div style=\"padding: 10px 0;\">\n<p><img decoding=\"async\" style=\"max-width: 750;\" src=\"https:\/\/anbanjia.com.cn\/wp-content\/uploads\/2022\/05\/HTB1oH8oSFXXXXXyXFXXq6xXFXXXj.jpg\" data-alt=\"Manufacture price Aluminum Alloy Easy Folding Electric Power Hospital Wheelchair For Travel\" data-height=\"460\" data-src=\"\" data-width=\"740\"><\/p>\n<p><img decoding=\"async\" src=\"https:\/\/anbanjia.com.cn\/wp-content\/uploads\/2022\/05\/HTB1bL9WXmrDK1JjSZFLq6zk4FXa0.jpg\" data-alt=\"Manufacture price Aluminum Alloy Easy Folding Electric Power Hospital Wheelchair For Travel\" data-height=\"305\" data-src=\"\" data-width=\"758\"><img decoding=\"async\" src=\"https:\/\/anbanjia.com.cn\/wp-content\/uploads\/2022\/05\/HTB1HIG1XhHBK1JjSZFyq6AmcFXa7-scaled.jpg\" data-alt=\"Manufacture price Aluminum Alloy Easy Folding Electric Power Hospital Wheelchair For Travel\" data-height=\"3450\" data-src=\"\" data-width=\"728\"><\/p>\n<p><img decoding=\"async\" src=\"https:\/\/anbanjia.com.cn\/wp-content\/uploads\/2022\/05\/HTB1vOuYXg2DK1JjSZFOq6ybwFXaD.jpg\" data-alt=\"Manufacture price Aluminum Alloy Easy Folding Electric Power Hospital Wheelchair For Travel\" data-height=\"885\" data-src=\"\" data-width=\"728\"><img decoding=\"async\" src=\"https:\/\/anbanjia.com.cn\/wp-content\/uploads\/2022\/05\/HTB18U5WXg6DK1JjSZJiq6ylIVXad.jpg\" data-alt=\"Manufacture price Aluminum Alloy Easy Folding Electric Power Hospital Wheelchair For Travel\" data-height=\"475\" data-src=\"\" data-width=\"729\"><\/p>\n<p><a href=\"https:\/\/abj-medical.en.alibaba.com\/productgrouplist-804830358\/Manual_wheelchair_Walking_aids.html?spm=a2700.8304367.prup15aafb.7.73152c54ouuwDa\" target=\"_blank\" rel=\"noopener\"><img decoding=\"async\" src=\"https:\/\/anbanjia.com.cn\/wp-content\/uploads\/2022\/05\/HTB1ERWiSFXXXXasXXXXq6xXFXXXw.jpg\" data-alt=\"Manufacture price Aluminum Alloy Easy Folding Electric Power Hospital Wheelchair For Travel\" data-src=\"\"><\/a><a href=\"https:\/\/abj-medical.en.alibaba.com\/productgrouplist-804871560\/Electric_wheelchair_and_apparatus.html?spm=a2700.8304367.prup15aafb.12.73152c54aI4eoF\" target=\"_blank\" rel=\"noopener\"><img decoding=\"async\" src=\"https:\/\/anbanjia.com.cn\/wp-content\/uploads\/2022\/05\/HTB1TH4ZSFXXXXazXFXXq6xXFXXXm.jpg\" data-alt=\"Manufacture price Aluminum Alloy Easy Folding Electric Power Hospital Wheelchair For Travel\" data-src=\"\"><\/a><\/p>\n<p><a href=\"https:\/\/abj-medical.en.alibaba.com\/productgrouplist-804975632\/Walking_aids.html?spm=a2700.8304367.prup15aafb.10.73152c54PGPQYG\" target=\"_blank\" rel=\"noopener\"><img decoding=\"async\" src=\"https:\/\/anbanjia.com.cn\/wp-content\/uploads\/2022\/05\/HTB1SR00Xo6FK1Jjy0Fpq6zFqVXai.jpg\" data-alt=\"Manufacture price Aluminum Alloy Easy Folding Electric Power Hospital Wheelchair For Travel\" data-src=\"\"><\/a><\/p>\n<\/div>\n<\/div>\n<div id=\"ali-anchor-AliPostDhMb-53gwi\" class=\"mceSectionContainer\" style=\"padding-top: 8px;\" data-section=\"AliPostDhMb-53gwi\" data-section-title=\"Company Information\">\n<div id=\"ali-title-AliPostDhMb-53gwi\" style=\"padding: 8px 0; border-bottom: 1px solid #ddd;\"><span style=\"background-color: #ddd; color: #333; font-weight: bold; padding: 8px 10px; line-height: 12px;\">Informations sur la soci\u00e9t\u00e9<\/span><\/div>\n<div style=\"padding: 10px 0;\">\n<p><img decoding=\"async\" src=\"https:\/\/anbanjia.com.cn\/wp-content\/uploads\/2022\/05\/Ha43def8a2df44eac925e2c3ab5a1b97b2.jpg\" data-alt=\"Manufacture price Aluminum Alloy Easy Folding Electric Power Hospital Wheelchair For Travel\" data-src=\"\"><\/p>\n<\/div>\n<\/div>\n<div id=\"ali-anchor-AliPostDhMb-6y77g\" class=\"mceSectionContainer\" style=\"padding-top: 8px;\" data-section=\"AliPostDhMb-6y77g\" data-section-title=\"certificate 444\">\n<div id=\"ali-title-AliPostDhMb-6y77g\" style=\"padding: 8px 0; border-bottom: 1px solid #ddd;\"><span style=\"background-color: #ddd; color: #333; font-weight: bold; padding: 8px 10px; line-height: 12px;\">certificat 444<\/span><\/div>\n<div style=\"padding: 10px 0;\">\n<p><img decoding=\"async\" src=\"https:\/\/anbanjia.com.cn\/wp-content\/uploads\/2022\/05\/HTB1dCJESFXXXXa5XXXXq6xXFXXXO.jpg\" data-alt=\"Manufacture price Aluminum Alloy Easy Folding Electric Power Hospital Wheelchair For Travel\" data-src=\"\"><\/p>\n<\/div>\n<\/div>\n<div id=\"ali-anchor-AliPostDhMb-lvt50\" class=\"mceSectionContainer\" style=\"padding-top: 8px;\" data-section=\"AliPostDhMb-lvt50\" data-section-title=\"Shipping and payment\">\n<div id=\"ali-title-AliPostDhMb-lvt50\" style=\"padding: 8px 0; border-bottom: 1px solid #ddd;\"><span style=\"background-color: #ddd; color: #333; font-weight: bold; padding: 8px 10px; line-height: 12px;\">Exp\u00e9dition et paiement<\/span><\/div>\n<div style=\"padding: 10px 0;\">\n<p><img decoding=\"async\" src=\"https:\/\/anbanjia.com.cn\/wp-content\/uploads\/2022\/05\/HTB1dO4eSFXXXXX8XVXXq6xXFXXXe.jpg\" data-alt=\"Manufacture price Aluminum Alloy Easy Folding Electric Power Hospital Wheelchair For Travel\" data-src=\"\"><\/p>\n<\/div>\n<\/div>\n<div id=\"ali-anchor-AliPostDhMb-tdti9\" class=\"mceSectionContainer\" style=\"padding-top: 8px;\" data-section=\"AliPostDhMb-tdti9\" data-section-title=\"Home\">\n<div id=\"ali-title-AliPostDhMb-tdti9\" style=\"padding: 8px 0; border-bottom: 1px solid #ddd;\"><span style=\"background-color: #ddd; color: #333; font-weight: bold; padding: 8px 10px; line-height: 12px;\">Accueil<\/span><\/div>\n<div style=\"padding: 10px 0;\">\n<p><a href=\"https:\/\/abj-medical.en.alibaba.com\/\" target=\"_blank\" rel=\"noopener\"><img decoding=\"async\" src=\"https:\/\/anbanjia.com.cn\/wp-content\/uploads\/2022\/05\/HTB1eq74SpXXXXbRaXXXq6xXFXXXa.jpg\" data-alt=\"Manufacture price Aluminum Alloy Easy Folding Electric Power Hospital Wheelchair For Travel\" data-src=\"\"><\/a> <img decoding=\"async\" src=\"https:\/\/anbanjia.com.cn\/wp-content\/uploads\/2022\/05\/HTB1SbjDoQ9WBuNjSspeq6yz5VXaM.jpg\" data-alt=\"Manufacture price Aluminum Alloy Easy Folding Electric Power Hospital Wheelchair For Travel\" data-src=\"\"><\/p>\n<\/div>\n<\/div>\n<\/div>\n","protected":false},"excerpt":{"rendered":"<p>&nbsp;<\/p>\n<div style=\"width: auto;\">\n<div style=\"min-width: 300px; max-width: 300px; word-wrap: break-word; float: left;\">Propri\u00e9t\u00e9s : fournitures de th\u00e9rapie de r\u00e9adaptation.<\/div>\n<div style=\"min-width: 300px; max-width: 300px; word-wrap: break-word; float: left;\">Lieu d&rsquo;origine&nbsp;: Guangdong, Chine<\/div>\n<\/div>\n<div style=\"width: auto;\">\n<div style=\"min-width: 300px; max-width: 300px; word-wrap: break-word; float: left;\">Nom de marque:OEM ODM<\/div>\n<div style=\"min-width: 300px; max-width: 300px; word-wrap: break-word; float: left;\">Num\u00e9ro de mod\u00e8le : ABJ-1501<\/div>\n<\/div>\n<div style=\"width: auto;\">\n<div style=\"min-width: 300px; max-width: 300px; word-wrap: break-word; float: left;\">Type:Fauteuil roulant<\/div>\n<div style=\"min-width: 300px; max-width: 300px; word-wrap: break-word; float: left;\">capacit\u00e9 de chargement&nbsp;: 150&nbsp;kg\/330&nbsp;LBS<\/div>\n<\/div>\n<div style=\"width: auto;\">\n<div style=\"min-width: 300px; max-width: 300px; word-wrap: break-word; float: left;\">Moteur : 300 W * 2<\/div>\n<div style=\"min-width: 300px; max-width: 300px; word-wrap: break-word; float: left;\">roue arri\u00e8re&nbsp;: option petite et grande roue<\/div>\n<\/div>\n<div style=\"width: auto;\">\n<div style=\"min-width: 300px; max-width: 300px; word-wrap: break-word; float: left;\">Mat\u00e9riel:Aluminium<\/div>\n<div style=\"min-width: 300px; max-width: 300px; word-wrap: break-word; float: left;\">Batterie&nbsp;: 24&nbsp;V, 20&nbsp;Ah<\/div>\n<\/div>\n","protected":false},"featured_media":12280,"comment_status":"closed","ping_status":"closed","template":"","meta":[],"product_cat":[128],"product_tag":[],"class_list":["post-12901","product","type-product","status-publish","has-post-thumbnail","hentry","product_cat-fauteuil-roulant-electrique"],"_links":{"self":[{"href":"https:\/\/anbanjia.com.cn\/fr\/wp-json\/wp\/v2\/product\/12901","targetHints":{"allow":["GET"]}}],"collection":[{"href":"https:\/\/anbanjia.com.cn\/fr\/wp-json\/wp\/v2\/product"}],"about":[{"href":"https:\/\/anbanjia.com.cn\/fr\/wp-json\/wp\/v2\/types\/product"}],"replies":[{"embeddable":true,"href":"https:\/\/anbanjia.com.cn\/fr\/wp-json\/wp\/v2\/comments?post=12901"}],"wp:featuredmedia":[{"embeddable":true,"href":"https:\/\/anbanjia.com.cn\/fr\/wp-json\/wp\/v2\/media\/12280"}],"wp:attachment":[{"href":"https:\/\/anbanjia.com.cn\/fr\/wp-json\/wp\/v2\/media?parent=12901"}],"wp:term":[{"taxonomy":"product_cat","embeddable":true,"href":"https:\/\/anbanjia.com.cn\/fr\/wp-json\/wp\/v2\/product_cat?post=12901"},{"taxonomy":"product_tag","embeddable":true,"href":"https:\/\/anbanjia.com.cn\/fr\/wp-json\/wp\/v2\/product_tag?post=12901"}],"curies":[{"name":"wp","href":"https:\/\/api.w.org\/{rel}","templated":true}]}}