{"id":12898,"date":"2022-05-02T18:07:37","date_gmt":"2022-05-02T18:07:37","guid":{"rendered":"https:\/\/www.anbanjia.com.cn\/product\/fauteuil-roulant-electrique-large-a-batterie-au-lithium-pliable-electrique-pour-personnes-handicapees-et-agees\/"},"modified":"2022-05-02T18:07:37","modified_gmt":"2022-05-02T18:07:37","slug":"fauteuil-roulant-electrique-pour-personnes-agees-repliables-avec-batterie-au-lithium-large","status":"publish","type":"product","link":"https:\/\/anbanjia.com.cn\/fr\/produit\/fauteuil-roulant-electrique-pour-personnes-agees-repliables-avec-batterie-au-lithium-large\/","title":{"rendered":"Fauteuil roulant \u00e9lectrique large \u00e0 batterie au lithium pliable \u00e9lectrique pour personnes handicap\u00e9es et \u00e2g\u00e9es"},"content":{"rendered":"<div style=\"max-width: 750px;margin: 0 auto;\">\n<div data-section=\"AliPostDhMb-uqu4o\" data-section-title=\"Product Details\" id=\"ali-anchor-AliPostDhMb-uqu4o\" style=\"padding-top: 8px;\">\n<div id=\"ali-title-AliPostDhMb-uqu4o\" style=\"padding: 8px 0; border-bottom: 1px solid #ddd;\"><span style=\"background-color: #ddd; color: #333; font-weight: bold; padding: 8px 10px; line-height: 12px;\">d\u00e9tails du produit<\/span><\/div>\n<div style=\"padding: 10px 0;\"><\/p>\n<p><img decoding=\"async\" data-alt=\"Power foldable lithium battery wide electric wheelchair for disable,elderly people\" data-src=\"\" ori-height=\"476\" ori-width=\"750\" src=\"https:\/\/anbanjia.com.cn\/wp-content\/uploads\/2022\/05\/HTB1pKcVSpXXXXa8XXXXq6xXFXXXs-2.jpg\" style=\"max-width: 750;\"><\/p>\n<p style=\"text-align: center;\"><span style=\"font-size: 32px; color: #003366;\">Fauteuil roulant \u00e9lectrique \u00e0 batterie au lithium pliable pour personnes handicap\u00e9es et \u00e2g\u00e9es <\/span><\/p>\n<p><span style=\"font-size: 32px; color: #003366;\"><img decoding=\"async\" data-alt=\"Power foldable lithium battery wide electric wheelchair for disable,elderly people\" data-src=\"\" ori-height=\"800\" ori-width=\"800\" src=\"https:\/\/anbanjia.com.cn\/wp-content\/uploads\/2022\/05\/HTB1YZcEednJ8KJjSszdq6yxuFXau.jpg\"><img decoding=\"async\" data-alt=\"Power foldable lithium battery wide electric wheelchair for disable,elderly people\" data-src=\"\" ori-height=\"800\" ori-width=\"800\" src=\"https:\/\/anbanjia.com.cn\/wp-content\/uploads\/2022\/05\/HTB1XsWxaAfb_uJjSsD4761qiFXac.png\"><img decoding=\"async\" data-alt=\"Power foldable lithium battery wide electric wheelchair for disable,elderly people\" data-src=\"\" ori-height=\"747\" ori-width=\"800\" src=\"https:\/\/anbanjia.com.cn\/wp-content\/uploads\/2022\/05\/HTB10yuTbgjN8KJjSZFkq6yboXXaz.jpg\"><img decoding=\"async\" data-alt=\"Power foldable lithium battery wide electric wheelchair for disable,elderly people\" data-src=\"\" ori-height=\"740\" ori-width=\"800\" src=\"https:\/\/anbanjia.com.cn\/wp-content\/uploads\/2022\/05\/HTB1c1i3bdHO8KJjSZFHq6zWJFXak.jpg\"><img decoding=\"async\" data-alt=\"Power foldable lithium battery wide electric wheelchair for disable,elderly people\" data-src=\"\" ori-height=\"5839\" ori-width=\"1000\" src=\"https:\/\/anbanjia.com.cn\/wp-content\/uploads\/2022\/05\/HTB1LiZrecnI8KJjSsziq6z8QpXaf-scaled.jpg\"><\/span><\/p>\n<\/div>\n<\/div>\n<div data-section=\"AliPostDhMb-5drey\" data-section-title=\"Product Categories\" id=\"ali-anchor-AliPostDhMb-5drey\" style=\"padding-top: 8px;\">\n<div id=\"ali-title-AliPostDhMb-5drey\" style=\"padding: 8px 0; border-bottom: 1px solid #ddd;\"><span style=\"background-color: #ddd; color: #333; font-weight: bold; padding: 8px 10px; line-height: 12px;\">cat\u00e9gories de produits<\/span><\/div>\n<div style=\"padding: 10px 0;\">\n<p><a href=\"https:\/\/abj-medical.en.alibaba.com\/productlist.html?spm=a2700.details.toavopna6.1.91381fdsn1VZK\" target=\"_blank\" rel=\"noopener\"><img decoding=\"async\" data-alt=\"Power foldable lithium battery wide electric wheelchair for disable,elderly people\" data-src=\"\" ori-height=\"285\" ori-width=\"750\" src=\"https:\/\/anbanjia.com.cn\/wp-content\/uploads\/2022\/05\/HTB1ERWiSFXXXXasXXXXq6xXFXXXw.jpg\"><img decoding=\"async\" data-alt=\"Power foldable lithium battery wide electric wheelchair for disable,elderly people\" data-src=\"\" ori-height=\"241\" ori-width=\"750\" src=\"https:\/\/anbanjia.com.cn\/wp-content\/uploads\/2022\/05\/HTB1FWMLemfD8KJjSszhq6zIJFXa8.jpg\"><\/a> <\/p>\n<\/div>\n<\/div>\n<div data-section=\"AliPostDhMb-drsdk\" data-section-title=\"company information\" id=\"ali-anchor-AliPostDhMb-drsdk\" style=\"padding-top: 8px;\">\n<div id=\"ali-title-AliPostDhMb-drsdk\" style=\"padding: 8px 0; border-bottom: 1px solid #ddd;\"><span style=\"background-color: #ddd; color: #333; font-weight: bold; padding: 8px 10px; line-height: 12px;\">Informations sur la soci\u00e9t\u00e9<\/span><\/div>\n<div style=\"padding: 10px 0;\">\n<p><img decoding=\"async\" data-alt=\"Power foldable lithium battery wide electric wheelchair for disable,elderly people\" data-src=\"\" ori-height=\"1857\" ori-width=\"750\" src=\"https:\/\/anbanjia.com.cn\/wp-content\/uploads\/2022\/05\/HTB1MME3SpXXXXbJaXXXq6xXFXXXA-1.jpg\"> <\/p>\n<\/div>\n<\/div>\n<div data-section=\"AliPostDhMb-qyndu\" data-section-title=\"produce &amp; payment\" id=\"ali-anchor-AliPostDhMb-qyndu\" style=\"padding-top: 8px;\">\n<div id=\"ali-title-AliPostDhMb-qyndu\" style=\"padding: 8px 0; border-bottom: 1px solid #ddd;\"><span style=\"background-color: #ddd; color: #333; font-weight: bold; padding: 8px 10px; line-height: 12px;\">produire et payer<\/span><\/div>\n<div style=\"padding: 10px 0;\">\n<p><img decoding=\"async\" data-alt=\"Power foldable lithium battery wide electric wheelchair for disable,elderly people\" data-src=\"\" ori-height=\"454\" ori-width=\"750\" src=\"https:\/\/anbanjia.com.cn\/wp-content\/uploads\/2022\/05\/HTB1LlvUSpXXXXbJXVXXq6xXFXXXf-1.jpg\"><img decoding=\"async\" data-alt=\"Power foldable lithium battery wide electric wheelchair for disable,elderly people\" data-src=\"\" ori-height=\"524\" ori-width=\"750\" src=\"https:\/\/anbanjia.com.cn\/wp-content\/uploads\/2022\/05\/HTB1R1haSFXXXXXNXVXXq6xXFXXXz-1.jpg\"> <\/p>\n<\/div>\n<\/div>\n<div data-section=\"AliPostDhMb-mh57l\" data-section-title=\"contact us\" id=\"ali-anchor-AliPostDhMb-mh57l\" style=\"padding-top: 8px;\">\n<div id=\"ali-title-AliPostDhMb-mh57l\" style=\"padding: 8px 0; border-bottom: 1px solid #ddd;\"><span style=\"background-color: #ddd; color: #333; font-weight: bold; padding: 8px 10px; line-height: 12px;\">Nous contacter<\/span><\/div>\n<div style=\"padding: 10px 0;\">\n<p><a href=\"https:\/\/abj-medical.en.alibaba.com\/contactinfo.html?spm=a2700.8304367.topnav.8.5d239224wxD2sy\" target=\"_blank\" rel=\"noopener\"><img decoding=\"async\" data-alt=\"Power foldable lithium battery wide electric wheelchair for disable,elderly people\" data-src=\"\" ori-height=\"278\" ori-width=\"716\" src=\"https:\/\/anbanjia.com.cn\/wp-content\/uploads\/2022\/05\/HTB1XU1rouySBuNjy1zd760PxFXaK-2.png\"> <\/a><\/p>\n<\/div>\n<\/div>\n<\/div>\n","protected":false},"excerpt":{"rendered":"<div style=\"width:auto\">\n<div style=\"min-width: 300px;max-width: 300px;word-wrap: break-word;float: left\">Propri\u00e9t\u00e9s : fournitures de th\u00e9rapie de r\u00e9adaptation. <\/div>\n<div style=\"min-width: 300px;max-width: 300px;word-wrap: break-word;float: left\">Lieu d&rsquo;origine&nbsp;: Guangdong, Chine<\/div>\n<\/p><\/div>\n<div style=\"width:auto\">\n<div style=\"min-width: 300px;max-width: 300px;word-wrap: break-word;float: left\">Nom de marque:Anbanjia\/OEM <\/div>\n<div style=\"min-width: 300px;max-width: 300px;word-wrap: break-word;float: left\">Num\u00e9ro de mod\u00e8le&nbsp;: ABJ-KLWII<\/div>\n<\/p><\/div>\n<div style=\"width:auto\">\n<div style=\"min-width: 300px;max-width: 300px;word-wrap: break-word;float: left\">Type:Fauteuil roulant <\/div>\n<div style=\"min-width: 300px;max-width: 300px;word-wrap: break-word;float: left\">Couleur: or<\/div>\n<\/p><\/div>\n<div style=\"width:auto\">\n<div style=\"min-width: 300px;max-width: 300px;word-wrap: break-word;float: left\">Mat\u00e9riau : alliage d&rsquo;aluminium <\/div>\n<div style=\"min-width: 300px;max-width: 300px;word-wrap: break-word;float: left\">capacit\u00e9 de poids&nbsp;: 160&nbsp;kg<\/div>\n<\/p><\/div>\n<div style=\"width:auto\">\n<div style=\"min-width: 300px;max-width: 300px;word-wrap: break-word;float: left\">moteur sans balais&nbsp;: 24&nbsp;v\/250&nbsp;*&nbsp;2&nbsp;pi\u00e8ces <\/div>\n<div style=\"min-width: 300px;max-width: 300px;word-wrap: break-word;float: left\">vitesse&nbsp;: r\u00e9glable de 0 \u00e0 7,2&nbsp;km\/h<\/div>\n<\/p><\/div>\n","protected":false},"featured_media":8228,"comment_status":"closed","ping_status":"closed","template":"","meta":[],"product_cat":[128],"product_tag":[],"class_list":["post-12898","product","type-product","status-publish","has-post-thumbnail","hentry","product_cat-fauteuil-roulant-electrique"],"_links":{"self":[{"href":"https:\/\/anbanjia.com.cn\/fr\/wp-json\/wp\/v2\/product\/12898","targetHints":{"allow":["GET"]}}],"collection":[{"href":"https:\/\/anbanjia.com.cn\/fr\/wp-json\/wp\/v2\/product"}],"about":[{"href":"https:\/\/anbanjia.com.cn\/fr\/wp-json\/wp\/v2\/types\/product"}],"replies":[{"embeddable":true,"href":"https:\/\/anbanjia.com.cn\/fr\/wp-json\/wp\/v2\/comments?post=12898"}],"wp:featuredmedia":[{"embeddable":true,"href":"https:\/\/anbanjia.com.cn\/fr\/wp-json\/wp\/v2\/media\/8228"}],"wp:attachment":[{"href":"https:\/\/anbanjia.com.cn\/fr\/wp-json\/wp\/v2\/media?parent=12898"}],"wp:term":[{"taxonomy":"product_cat","embeddable":true,"href":"https:\/\/anbanjia.com.cn\/fr\/wp-json\/wp\/v2\/product_cat?post=12898"},{"taxonomy":"product_tag","embeddable":true,"href":"https:\/\/anbanjia.com.cn\/fr\/wp-json\/wp\/v2\/product_tag?post=12898"}],"curies":[{"name":"wp","href":"https:\/\/api.w.org\/{rel}","templated":true}]}}