{"id":12897,"date":"2022-05-02T18:07:31","date_gmt":"2022-05-02T18:07:31","guid":{"rendered":"https:\/\/www.anbanjia.com.cn\/product\/prix-de-fabrication-grande-roue-reelle-16-fauteuil-roulant-electrique-pliable-en-aluminium\/"},"modified":"2022-05-02T18:07:31","modified_gmt":"2022-05-02T18:07:31","slug":"prix-de-fabrication-grande-roue-reelle-16-fauteuil-roulant-electrique-pliable-en-aluminium","status":"publish","type":"product","link":"https:\/\/anbanjia.com.cn\/fr\/produit\/prix-de-fabrication-grande-roue-reelle-16-fauteuil-roulant-electrique-pliable-en-aluminium\/","title":{"rendered":"prix de fabrication grande roue r\u00e9elle 16 \u00ab\u00a0fauteuil roulant \u00e9lectrique pliable en aluminium"},"content":{"rendered":"<div style=\"max-width: 750px; margin: 0 auto;\">\n<div data-maya=\"{\"theme\":{\"face\":\"yang\",\"fontFace\":\"Roboto\",\"fontSize\":22,\"colors\":1},\"items\":[{\"title\":\"27p9m\",\"formats\":[[[{\"ycaze\":\"H\"},{\"fwktm\":\"P\"}]],[{\"yxb37\":\"Ia\"}]]},{\"title\":\"pwlj2\",\"formats\":[[[{\"gl5wk\":\"H\"},{\"vhrtr\":\"P\"}]],[{\"2pok4\":\"Ia\"}],[{\"1du0q\":\"Ia\"}],[{\"1d2ob\":\"Ia\"}],[{\"kmzl1\":\"Ia\"}],{\"layout\":\"8:4\",\"mods\":[{\"e4jrv\":\"Ic\"},[{\"1fqs7\":\"Ie\"},{\"t7hpu\":\"Ie\"},{\"79uvj\":\"Ie\"}]]},[{\"17pj3\":\"Ia\"}],[{\"287a5\":\"Ia\"}],[{\"lrh5e\":\"Ia\"}],[{\"k7k29\":\"Ia\"}]]},{\"title\":\"yhdm2\",\"formats\":[[{\"0bp3w\":\"Ia\"}]]},{\"title\":\"uur48\",\"formats\":[[{\"ps2gb\":\"Ia\"}]]},{\"title\":\"fetxh\",\"formats\":[[{\"umc8e\":\"Ia\"}],[{\"wnlxi\":\"Ia\"}],{\"layout\":\"8:4\",\"mods\":[{\"bt2yk\":\"Ic\"},[{\"v7zbn\":\"Ie\"},{\"utxs6\":\"Ie\"},{\"o7i54\":\"Ie\"}]]}]},{\"title\":\"lgs3g\",\"formats\":[[{\"w3klr\":\"Ia\"}],[{\"agekz\":\"Ih\"},{\"sw75m\":\"Ih\"}],[[{\"6gyku\":\"H\"},{\"34mfi\":\"P\"}],{\"u20fl\":\"Il\"}],[{\"zs988\":\"Il\"},[{\"dty6m\":\"H\"},{\"oysoc\":\"P\"}]],[{\"4jst8\":\"P\"}],[[{\"z5cw2\":\"Ib\"},{\"ls3jm\":\"H\"},{\"m78da\":\"P\"}]],[{\"kxp4k\":\"Ia\"}]]}]}\">\n<div style=\"vertical-align: top; padding-top: 15px; padding-bottom: 15px;\">\n<div id=\"27p9m\" style=\"vertical-align: top; padding-top: 10px; padding-bottom: 10px;\">\n<div id=\"ali-anchor-AliMaya-1duie\" style=\"padding: 8px 0 4px 0; border-bottom: 2px solid #4D6599; border-radius: 3px 3px 0 0; line-height: 1; color: #4d6599; font-size: 22px;\" data-section=\"AliMaya-1duie\" data-section-title=\"Product Description\">Description du produit<\/div>\n<\/div>\n<div style=\"vertical-align: top; padding-top: 10px; padding-bottom: 10px; margin-right: -4px; margin-left: -4px;\">\n<div style=\"vertical-align: top; box-sizing: border-box; padding-right: 4px; padding-left: 4px; margin-top: -4px; margin-bottom: -4px;\">\n<div id=\"ycaze\" style=\"vertical-align: top; box-sizing: border-box; padding-top: 4px; padding-bottom: 4px;\">\n<h3 style=\"text-align: center; padding: 0px; line-height: 20px; margin: 0px;\"><span style=\"color: #3f0000; font-size: xx-large;\">prix de fabrication grande roue r\u00e9elle 16 \u00ab\u00a0fauteuil roulant \u00e9lectrique pliable en aluminium <\/span><\/h3>\n<\/div>\n<div id=\"fwktm\" style=\"vertical-align: top; box-sizing: border-box; padding-top: 4px; padding-bottom: 4px;\"><\/div>\n<\/div>\n<\/div>\n<div style=\"vertical-align: top; padding-top: 10px; padding-bottom: 10px; margin-right: -4px; margin-left: -4px;\">\n<div id=\"yxb37\" style=\"vertical-align: top; box-sizing: border-box; padding-right: 4px; padding-left: 4px;\">\n<div style=\"overflow: hidden; width: 750px; height: 227.273px;\"><img decoding=\"async\" style=\"max-width: 750;\" src=\"https:\/\/anbanjia.com.cn\/wp-content\/uploads\/2022\/05\/HTB1xNwnQVXXXXcCXFXXq6xXFXXXT.jpg\" data-src=\"\"><\/div>\n<\/div>\n<\/div>\n<\/div>\n<div style=\"vertical-align: top; padding-top: 15px; padding-bottom: 15px;\">\n<div id=\"pwlj2\" style=\"vertical-align: top; padding-top: 10px; padding-bottom: 10px;\">\n<div id=\"ali-anchor-AliMaya-jjszy\" style=\"padding: 8px 0 4px 0; border-bottom: 2px solid #4D6599; border-radius: 3px 3px 0 0; line-height: 1; color: #4d6599; font-size: 22px;\" data-section=\"AliMaya-jjszy\" data-section-title=\"Detailed Images\">Images d\u00e9taill\u00e9es<\/div>\n<\/div>\n<div style=\"vertical-align: top; padding-top: 10px; padding-bottom: 10px; margin-right: -4px; margin-left: -4px;\">\n<div style=\"vertical-align: top; box-sizing: border-box; padding-right: 4px; padding-left: 4px; margin-top: -4px; margin-bottom: -4px;\">\n<div id=\"gl5wk\" style=\"vertical-align: top; box-sizing: border-box; padding-top: 4px; padding-bottom: 4px;\">\n<h3 style=\"padding: 0px; line-height: 20px; color: #333333; margin: 0px;\"><span style=\"font-size: xx-large;\">sp\u00e9cifications du fauteuil roulant \u00e9lectrique pliable :<\/span><\/h3>\n<\/div>\n<div id=\"vhrtr\" style=\"vertical-align: top; box-sizing: border-box; padding-top: 4px; padding-bottom: 4px;\">\n<p style=\"margin: 0; padding: 0;\"><b><span style=\"font-size: large;\">1. Pliage sans outil<br \/>\nContr\u00f4leur 2.PG UK \/ Contr\u00f4leur chinois<br \/>\n3. Frein m\u00e9canique<br \/>\n4. Roue arri\u00e8re avec jante en aluminium<\/span><\/b><\/p>\n<\/div>\n<\/div>\n<\/div>\n<div style=\"vertical-align: top; padding-top: 10px; padding-bottom: 10px; margin-right: -4px; margin-left: -4px;\">\n<div id=\"2pok4\" style=\"vertical-align: top; box-sizing: border-box; padding-right: 4px; padding-left: 4px;\">\n<div style=\"overflow: hidden; width: 750px; height: 282.247px;\"><img decoding=\"async\" style=\"width: 750px; height: 282.247px; margin-left: 0px; margin-top: 0px;\" src=\"https:\/\/anbanjia.com.cn\/wp-content\/uploads\/2022\/05\/HTB1Q9MrQVXXXXXdXVXX760XFXXXP.png\" data-src=\"\"><\/div>\n<\/div>\n<\/div>\n<div style=\"vertical-align: top; padding-top: 10px; padding-bottom: 10px; margin-right: -4px; margin-left: -4px;\">\n<div id=\"1du0q\" style=\"vertical-align: top; box-sizing: border-box; padding-right: 4px; padding-left: 4px;\">\n<div style=\"overflow: hidden; width: 750px; height: 767.25px;\"><img decoding=\"async\" style=\"width: 750px; height: 767.25px; margin-left: 0px; margin-top: 0px;\" src=\"https:\/\/anbanjia.com.cn\/wp-content\/uploads\/2022\/05\/HTB1LmZeQVXXXXXRaXXXq6xXFXXXC.jpg\" data-src=\"\"><\/div>\n<\/div>\n<\/div>\n<div style=\"vertical-align: top; padding-top: 10px; padding-bottom: 10px; margin-right: -4px; margin-left: -4px;\">\n<div id=\"1d2ob\" style=\"vertical-align: top; box-sizing: border-box; padding-right: 4px; padding-left: 4px;\">\n<div style=\"overflow: hidden; width: 750px; height: 792.109px;\"><img decoding=\"async\" style=\"width: 750px; height: 792.109px; margin-left: 0px; margin-top: 0px;\" src=\"https:\/\/anbanjia.com.cn\/wp-content\/uploads\/2022\/05\/HTB1Kd3eQVXXXXbzaXXX760XFXXXp.png\" data-src=\"\"><\/div>\n<\/div>\n<\/div>\n<div style=\"vertical-align: top; padding-top: 10px; padding-bottom: 10px; margin-right: -4px; margin-left: -4px;\">\n<div id=\"kmzl1\" style=\"vertical-align: top; box-sizing: border-box; padding-right: 4px; padding-left: 4px;\">\n<div style=\"overflow: hidden; width: 750px; height: 750px;\"><img decoding=\"async\" style=\"width: 750px; height: 750px; margin-left: 0px; margin-top: 0px;\" src=\"https:\/\/anbanjia.com.cn\/wp-content\/uploads\/2022\/05\/HTB1XvL1QVXXXXXaaFXXq6xXFXXX2.jpg\" data-src=\"\"><\/div>\n<\/div>\n<\/div>\n<div style=\"vertical-align: top; padding-top: 10px; padding-bottom: 10px; margin-right: -4px; margin-left: -4px;\">\n<div id=\"17pj3\" style=\"vertical-align: top; box-sizing: border-box; padding-right: 4px; padding-left: 4px;\">\n<div style=\"overflow: hidden; width: 750px; height: 1130.7px;\"><img decoding=\"async\" style=\"width: 750px; height: 1130.7px; margin-left: 0px; margin-top: 0px;\" src=\"https:\/\/anbanjia.com.cn\/wp-content\/uploads\/2022\/05\/HTB1Guj3QVXXXXb7aXXXq6xXFXXX2.jpg\" data-src=\"\"><\/div>\n<\/div>\n<\/div>\n<div style=\"vertical-align: top; padding-top: 10px; padding-bottom: 10px; margin-right: -4px; margin-left: -4px;\">\n<div id=\"287a5\" style=\"vertical-align: top; box-sizing: border-box; padding-right: 4px; padding-left: 4px;\">\n<div style=\"overflow: hidden; width: 750px; height: 355.164px;\"><img decoding=\"async\" style=\"width: 750px; height: 355.164px; margin-left: 0px; margin-top: 0px;\" src=\"https:\/\/anbanjia.com.cn\/wp-content\/uploads\/2022\/05\/HTB1fhUgQVXXXXXKXVXXq6xXFXXXC.jpg\" data-src=\"\"><\/div>\n<\/div>\n<\/div>\n<div style=\"vertical-align: top; padding-top: 10px; padding-bottom: 10px; margin-right: -4px; margin-left: -4px;\">\n<div id=\"lrh5e\" style=\"vertical-align: top; box-sizing: border-box; padding-right: 4px; padding-left: 4px;\">\n<div style=\"overflow: hidden; width: 750px; height: 562.5px;\"><img decoding=\"async\" style=\"width: 750px; height: 562.5px; margin-left: 0px; margin-top: 0px;\" src=\"https:\/\/anbanjia.com.cn\/wp-content\/uploads\/2022\/05\/HTB1RZszQVXXXXXSXFXXq6xXFXXXN.jpg\" data-src=\"\"><\/div>\n<\/div>\n<\/div>\n<div style=\"vertical-align: top; padding-top: 10px; padding-bottom: 10px; margin-right: -4px; margin-left: -4px;\">\n<div id=\"k7k29\" style=\"vertical-align: top; box-sizing: border-box; padding-right: 4px; padding-left: 4px;\">\n<div style=\"overflow: hidden; width: 750px; height: 1000px;\"><img decoding=\"async\" style=\"width: 750px; height: 1000px; margin-left: 0px; margin-top: 0px;\" src=\"https:\/\/anbanjia.com.cn\/wp-content\/uploads\/2022\/05\/HTB1wJINQVXXXXbLXXXXq6xXFXXXD.jpg\" data-src=\"\"><\/div>\n<\/div>\n<\/div>\n<\/div>\n<div style=\"vertical-align: top; padding-top: 15px; padding-bottom: 15px;\">\n<div id=\"yhdm2\" style=\"vertical-align: top; padding-top: 10px; padding-bottom: 10px;\">\n<div id=\"ali-anchor-AliMaya-4239y\" style=\"padding: 8px 0 4px 0; border-bottom: 2px solid #4D6599; border-radius: 3px 3px 0 0; line-height: 1; color: #4d6599; font-size: 22px;\" data-section=\"AliMaya-4239y\" data-section-title=\"Certificate\">Certificat<\/div>\n<\/div>\n<div style=\"vertical-align: top; padding-top: 10px; padding-bottom: 10px; margin-right: -4px; margin-left: -4px;\">\n<div id=\"0bp3w\" style=\"vertical-align: top; box-sizing: border-box; padding-right: 4px; padding-left: 4px;\">\n<div style=\"overflow: hidden; width: 750px; height: 562.5px;\"><img decoding=\"async\" style=\"width: 750px; height: 562.5px; margin-left: 0px; margin-top: 0px;\" src=\"https:\/\/anbanjia.com.cn\/wp-content\/uploads\/2022\/05\/HTB1Je9WQpXXXXafXpXXq6xXFXXX1.jpg\" data-src=\"\"><\/div>\n<\/div>\n<\/div>\n<\/div>\n<div style=\"vertical-align: top; padding-top: 15px; padding-bottom: 15px;\">\n<div id=\"uur48\" style=\"vertical-align: top; padding-top: 10px; padding-bottom: 10px;\">\n<div id=\"ali-anchor-AliMaya-fin03\" style=\"padding: 8px 0 4px 0; border-bottom: 2px solid #4D6599; border-radius: 3px 3px 0 0; line-height: 1; color: #4d6599; font-size: 22px;\" data-section=\"AliMaya-fin03\" data-section-title=\"Other product\">Autre produit<\/div>\n<\/div>\n<div style=\"vertical-align: top; padding-top: 10px; padding-bottom: 10px; margin-right: -4px; margin-left: -4px;\">\n<div id=\"ps2gb\" style=\"vertical-align: top; box-sizing: border-box; padding-right: 4px; padding-left: 4px;\">\n<div style=\"overflow: hidden; width: 750px; height: 400px;\"><img decoding=\"async\" style=\"width: 750px; height: 400px; margin-left: 0px; margin-top: 0px;\" src=\"https:\/\/anbanjia.com.cn\/wp-content\/uploads\/2022\/05\/HTB19PZNQVXXXXcdXXXXq6xXFXXXZ.jpg\" data-src=\"\"><\/div>\n<\/div>\n<\/div>\n<\/div>\n<div style=\"vertical-align: top; padding-top: 15px; padding-bottom: 15px;\">\n<div id=\"fetxh\" style=\"vertical-align: top; padding-top: 10px; padding-bottom: 10px;\">\n<div id=\"ali-anchor-AliMaya-s5f46\" style=\"padding: 8px 0 4px 0; border-bottom: 2px solid #4D6599; border-radius: 3px 3px 0 0; line-height: 1; color: #4d6599; font-size: 22px;\" data-section=\"AliMaya-s5f46\" data-section-title=\"Factory detail\">D\u00e9tail d&rsquo;usine<\/div>\n<\/div>\n<div style=\"vertical-align: top; padding-top: 10px; padding-bottom: 10px; margin-right: -4px; margin-left: -4px;\">\n<div id=\"umc8e\" style=\"vertical-align: top; box-sizing: border-box; padding-right: 4px; padding-left: 4px;\">\n<div style=\"overflow: hidden; width: 750px; height: 920px;\"><img decoding=\"async\" style=\"width: 750px; height: 920px; margin-left: 0px; margin-top: 0px;\" src=\"https:\/\/anbanjia.com.cn\/wp-content\/uploads\/2022\/05\/HTB1Ae_JQpXXXXXlapXXq6xXFXXXk.jpg\" data-src=\"\"><\/div>\n<\/div>\n<\/div>\n<div style=\"vertical-align: top; padding-top: 10px; padding-bottom: 10px; margin-right: -4px; margin-left: -4px;\">\n<div id=\"wnlxi\" style=\"vertical-align: top; box-sizing: border-box; padding-right: 4px; padding-left: 4px;\">\n<div style=\"overflow: hidden; width: 750px; height: 1028px;\"><img decoding=\"async\" style=\"width: 750px; height: 1028px; margin-left: 0px; margin-top: 0px;\" src=\"https:\/\/anbanjia.com.cn\/wp-content\/uploads\/2022\/05\/HTB1YgLLQpXXXXcHaXXXq6xXFXXXp.jpg\" data-src=\"\"><\/div>\n<\/div>\n<\/div>\n<div style=\"vertical-align: top; padding-top: 10px; padding-bottom: 10px; margin-right: -4px; margin-left: -4px;\">\n<div id=\"bt2yk\" style=\"vertical-align: top; width: 66.6667%; display: inline-block; box-sizing: border-box; padding-right: 4px; padding-left: 4px;\">\n<div style=\"overflow: hidden; width: 497.344px; height: 526px;\"><img decoding=\"async\" style=\"width: 514.174px; height: 526px; margin-left: 0px; margin-top: 0px;\" src=\"https:\/\/anbanjia.com.cn\/wp-content\/uploads\/2022\/05\/HTB1LmZeQVXXXXXRaXXXq6xXFXXXC.jpg\" data-src=\"\"><\/div>\n<\/div>\n<div style=\"vertical-align: top; width: 33.3333%; display: inline-block; box-sizing: border-box; padding-right: 4px; padding-left: 4px; margin-top: -4px; margin-bottom: -4px;\">\n<div id=\"v7zbn\" style=\"vertical-align: top; box-sizing: border-box; padding-top: 4px; padding-bottom: 4px;\">\n<div style=\"overflow: hidden; width: 244.656px; height: 170px;\"><img decoding=\"async\" style=\"width: 198.9px; height: 263.7px; margin-left: 0px; margin-top: -89px;\" src=\"https:\/\/anbanjia.com.cn\/wp-content\/uploads\/2022\/05\/HTB1CtbBQpXXXXaQapXXq6xXFXXXe.jpg\" data-src=\"\"><\/div>\n<\/div>\n<div id=\"utxs6\" style=\"vertical-align: top; box-sizing: border-box; padding-top: 4px; padding-bottom: 4px;\">\n<div style=\"overflow: hidden; width: 244.656px; height: 170px;\"><img decoding=\"async\" style=\"width: 198.9px; height: 263.7px; margin-left: 0px; margin-top: -75px;\" src=\"https:\/\/anbanjia.com.cn\/wp-content\/uploads\/2022\/05\/HTB1iSQcQpXXXXXmXFXXq6xXFXXXR.jpg\" data-src=\"\"><\/div>\n<\/div>\n<div id=\"o7i54\" style=\"vertical-align: top; box-sizing: border-box; padding-top: 4px; padding-bottom: 4px;\">\n<div style=\"overflow: hidden; width: 244.656px; height: 170px;\"><img decoding=\"async\" style=\"width: 198.9px; height: 263.7px; margin-left: 0px; margin-top: -21px;\" src=\"https:\/\/anbanjia.com.cn\/wp-content\/uploads\/2022\/05\/HTB1fOIXQpXXXXXvXFXXq6xXFXXXV.jpg\" data-src=\"\"><\/div>\n<\/div>\n<\/div>\n<\/div>\n<\/div>\n<div style=\"vertical-align: top; padding-top: 15px; padding-bottom: 15px;\">\n<div id=\"lgs3g\" style=\"vertical-align: top; padding-top: 10px; padding-bottom: 10px;\">\n<div id=\"ali-anchor-AliMaya-pm04s\" style=\"padding: 8px 0 4px 0; border-bottom: 2px solid #4D6599; border-radius: 3px 3px 0 0; line-height: 1; color: #4d6599; font-size: 22px;\" data-section=\"AliMaya-pm04s\" data-section-title=\"Packing &amp; Delivery\">Emballage et livraison<\/div>\n<\/div>\n<div style=\"vertical-align: top; padding-top: 10px; padding-bottom: 10px; margin-right: -4px; margin-left: -4px;\">\n<div id=\"w3klr\" style=\"vertical-align: top; box-sizing: border-box; padding-right: 4px; padding-left: 4px;\">\n<div style=\"overflow: hidden; width: 750px; height: 405px;\"><img decoding=\"async\" style=\"width: 742.5px; height: 404.8px; margin-left: 0px; margin-top: 0px;\" src=\"https:\/\/anbanjia.com.cn\/wp-content\/uploads\/2022\/05\/HTB1h3vHQXXXXXXWapXXq6xXFXXXC.jpg\" data-src=\"\"><\/div>\n<\/div>\n<\/div>\n<div style=\"vertical-align: top; padding-top: 10px; padding-bottom: 10px; margin-right: -4px; margin-left: -4px;\">\n<div id=\"agekz\" style=\"vertical-align: top; width: 50%; display: inline-block; box-sizing: border-box; padding-right: 4px; padding-left: 4px;\">\n<div style=\"overflow: hidden; width: 371px; height: 320px;\"><img decoding=\"async\" style=\"width: 300.6px; height: 371.7px; margin-left: 0px; margin-top: 0px;\" src=\"https:\/\/anbanjia.com.cn\/wp-content\/uploads\/2022\/05\/HTB1Ual9QpXXXXXdXVXXq6xXFXXXK.jpg\" data-src=\"\"><\/div>\n<\/div>\n<div id=\"sw75m\" style=\"vertical-align: top; width: 50%; display: inline-block; box-sizing: border-box; padding-right: 4px; padding-left: 4px;\">\n<div style=\"overflow: hidden; width: 371px; height: 320px;\"><img decoding=\"async\" style=\"width: 426.667px; height: 320px; margin-left: 0px; margin-top: 0px;\" src=\"https:\/\/anbanjia.com.cn\/wp-content\/uploads\/2022\/05\/HTB1OJ4JQpXXXXXcapXXq6xXFXXXh.jpg\" data-src=\"\"><\/div>\n<\/div>\n<\/div>\n<div style=\"vertical-align: top; padding-top: 10px; padding-bottom: 10px; margin-right: -4px; margin-left: -4px;\">\n<div style=\"vertical-align: top; width: 50%; display: inline-block; box-sizing: border-box; padding-right: 4px; padding-left: 4px; margin-top: -4px; margin-bottom: -4px;\">\n<div id=\"6gyku\" style=\"vertical-align: top; box-sizing: border-box; padding-top: 4px; padding-bottom: 4px;\">\n<h3 style=\"padding: 0px; line-height: 20px; margin: 0px;\"><span style=\"color: #0000ff; font-size: x-large;\"> C&rsquo;est notre formation <\/span><\/h3>\n<div><\/div>\n<\/div>\n<div id=\"34mfi\" style=\"vertical-align: top; box-sizing: border-box; padding-top: 4px; padding-bottom: 4px;\">\n<p style=\"margin: 0; padding: 0;\"><b><span style=\"font-size: large;\">Allez dans les pharmacies, les h\u00f4pitaux, les cliniques, les magasins m\u00e9dicaux, les plates-formes o\u00f9 nous collaborons pour faire de la formation, enseignons aux clients comment bien utiliser et exploiter, afin de donner des suggestions professionnelles<\/span> <span style=\"font-size: medium;\">.<\/span><\/b><\/p>\n<p style=\"margin: 0; padding: 0;\"><b><span style=\"font-size: medium;\"> <\/span><\/b><\/p>\n<\/div>\n<\/div>\n<div id=\"u20fl\" style=\"vertical-align: top; width: 50%; display: inline-block; box-sizing: border-box; padding-right: 4px; padding-left: 4px;\">\n<div style=\"overflow: hidden; width: 371px; height: 220px;\"><img decoding=\"async\" style=\"width: 371px; height: 278.25px; margin-left: 0px; margin-top: 0px;\" src=\"https:\/\/anbanjia.com.cn\/wp-content\/uploads\/2022\/05\/HTB16wWrQpXXXXchXXXXq6xXFXXXw.jpg\" data-src=\"\"><\/div>\n<\/div>\n<\/div>\n<div style=\"vertical-align: top; padding-top: 10px; padding-bottom: 10px; margin-right: -4px; margin-left: -4px;\">\n<div id=\"zs988\" style=\"vertical-align: top; width: 50%; display: inline-block; box-sizing: border-box; padding-right: 4px; padding-left: 4px;\">\n<div style=\"overflow: hidden; width: 371px; height: 220px;\"><img decoding=\"async\" style=\"width: 371px; height: 247.086px; margin-left: 0px; margin-top: 0px;\" src=\"https:\/\/anbanjia.com.cn\/wp-content\/uploads\/2022\/05\/HTB1odV2QpXXXXauXVXXq6xXFXXXf.jpg\" data-src=\"\"><\/div>\n<\/div>\n<div style=\"vertical-align: top; width: 50%; display: inline-block; box-sizing: border-box; padding-right: 4px; padding-left: 4px; margin-top: -4px; margin-bottom: -4px;\">\n<div id=\"dty6m\" style=\"vertical-align: top; box-sizing: border-box; padding-top: 4px; padding-bottom: 4px;\">\n<h3 style=\"padding: 0px; line-height: 20px; margin: 0px;\"><span style=\"color: #0000ff; font-size: x-large;\"> <\/span><\/h3>\n<h3 style=\"padding: 0px; line-height: 20px; margin: 0px;\"><span style=\"color: #0000ff; font-size: x-large;\">Entra\u00eenement interne<\/span><\/h3>\n<\/div>\n<div id=\"oysoc\" style=\"vertical-align: top; box-sizing: border-box; padding-top: 4px; padding-bottom: 4px;\">\n<div><b><span style=\"font-size: large;\"> <\/span><\/b><\/div>\n<p><b><span style=\"font-size: large;\">ce que nous faisons? Nous \u00e9tudions et nous formons tout le temps, nous sommes une profession m\u00e9dicale pour les clients mondiaux et nous ne sommes jamais moins exigeants, soyons s\u00e9rieux pour nous-m\u00eames pour enseigner les soins m\u00e9dicaux.<\/span><\/b><\/p>\n<\/div>\n<\/div>\n<\/div>\n<div style=\"vertical-align: top; padding-top: 10px; padding-bottom: 10px; margin-right: -4px; margin-left: -4px;\">\n<div id=\"4jst8\" style=\"vertical-align: top; box-sizing: border-box; padding-right: 4px; padding-left: 4px;\">\n<p style=\"margin: 0; padding: 0;\">\n<p style=\"margin: 0; padding: 0;\"><span style=\"color: #0000df; font-size: large;\"><b>Choisissez-nous :<\/b><\/span><\/p>\n<p style=\"margin: 0; padding: 0;\">\n<p style=\"margin: 0; padding: 0;\"><span style=\"line-height: 24px;\"><b><span style=\"font-size: large;\">Nous prenons au s\u00e9rieux votre commande et appr\u00e9cions chaque demande qui nous est envoy\u00e9e, garantissant un prix comp\u00e9titif rapide.<\/span><\/b><\/span><\/p>\n<p style=\"margin: 0; padding: 0;\"><b><span style=\"font-size: large;\">D\u00e9lai de livraison ponctuel :<\/span><\/b><\/p>\n<p style=\"margin: 0; padding: 0;\"><b><span style=\"font-size: large;\">&#8211;nous passons votre commande et traitons imm\u00e9diatement, assurons votre d\u00e9lai de livraison ponctuel <\/span><\/b><\/p>\n<p style=\"margin: 0; padding: 0;\"><b><span style=\"font-size: large;\">V\u00e9rifier avant exp\u00e9dition :<\/span><\/b><\/p>\n<p style=\"margin: 0; padding: 0;\"><b><span style=\"font-size: large;\">&#8211;Nos coll\u00e8gues d&rsquo;inspection v\u00e9rifient la qualit\u00e9 avant l&rsquo;exp\u00e9dition, nous faisons un avis d&rsquo;exp\u00e9dition d\u00e8s que votre commande est exp\u00e9di\u00e9e<\/span><\/b><\/p>\n<p style=\"margin: 0; padding: 0;\"><b><span style=\"font-size: large;\">Service apr\u00e8s-vente :<\/span><\/b><\/p>\n<p style=\"margin: 0; padding: 0;\"><b><span style=\"font-size: large;\">Nous nous f\u00e9licitons de votre demande sur les marchandises et respectons vos commentaires apr\u00e8s r\u00e9ception des marchandises.<\/span><\/b><\/p>\n<p style=\"margin: 0; padding: 0;\">\n<p style=\"margin: 0; padding: 0;\"><span style=\"color: #0000ff; font-size: large;\"><b>\u00c0 propos de nous :<\/b><\/span><\/p>\n<p><span style=\"font-size: large;\"><b>1. Plus de commande, plus de remise, prix comp\u00e9titif&nbsp;!<br \/>\n2. Bienvenue \u00e0 nous contacter pour obtenir un meilleur prix&nbsp;!<br \/>\n3.Bon service, livraison rapide, et nous valons la peine d&rsquo;\u00eatre dignes de confiance.<br \/>\n4. Nous pouvons vous garantir que vous serez satisfait de nos produits.<br \/>\n5. Nous traitons les clients comme des amis et vous offrons un service consid\u00e9rable.<br \/>\n6. nous sommes une \u00e9quipe de vente avec des soins m\u00e9dicaux professionnels et un support technique de l&rsquo;\u00e9quipe d&rsquo;ing\u00e9nieurs.<\/b><\/span><\/p>\n<\/div>\n<\/div>\n<div style=\"vertical-align: top; padding-top: 10px; padding-bottom: 10px; margin-right: -4px; margin-left: -4px;\">\n<div style=\"vertical-align: top; box-sizing: border-box; padding-right: 4px; padding-left: 4px; margin-top: -4px; margin-bottom: -4px;\">\n<div id=\"z5cw2\" style=\"vertical-align: top; box-sizing: border-box; padding-top: 4px; padding-bottom: 4px;\">\n<div style=\"overflow: hidden; width: 750px; height: 320px;\"><img decoding=\"async\" style=\"width: 735.9px; height: 490.6px; margin-left: 0px; margin-top: -109px;\" src=\"https:\/\/anbanjia.com.cn\/wp-content\/uploads\/2022\/05\/HTB1K8kkQXXXXXb1XXXXq6xXFXXXV.jpg\" data-src=\"\"><\/div>\n<\/div>\n<div id=\"ls3jm\" style=\"vertical-align: top; box-sizing: border-box; padding-top: 4px; padding-bottom: 4px;\"><\/div>\n<div id=\"m78da\" style=\"vertical-align: top; box-sizing: border-box; padding-top: 4px; padding-bottom: 4px;\">\n<p style=\"margin: 0; padding: 0;\"><span style=\"font-size: large;\"><b>Nous sommes des jeunes actifs et cr\u00e9atifs pour rechercher des sources pour les clients.<\/b><\/span><\/p>\n<\/div>\n<\/div>\n<\/div>\n<div style=\"vertical-align: top; padding-top: 10px; padding-bottom: 10px; margin-right: -4px; margin-left: -4px;\">\n<div id=\"kxp4k\" style=\"vertical-align: top; box-sizing: border-box; padding-right: 4px; padding-left: 4px;\">\n<div style=\"overflow: hidden; width: 750px; height: 312px;\"><img decoding=\"async\" style=\"width: 750px; height: 312px; margin-left: 0px; margin-top: 0px;\" src=\"https:\/\/anbanjia.com.cn\/wp-content\/uploads\/2022\/05\/HTB1SbjDoQ9WBuNjSspeq6yz5VXaM.jpg\" data-src=\"\"><\/div>\n<\/div>\n<\/div>\n<\/div>\n<\/div>\n<\/div>\n","protected":false},"excerpt":{"rendered":"<p>&nbsp;<\/p>\n<div style=\"width: auto;\">\n<div style=\"min-width: 300px; max-width: 300px; word-wrap: break-word; float: left;\">Propri\u00e9t\u00e9s : fournitures de th\u00e9rapie de r\u00e9adaptation.<\/div>\n<div style=\"min-width: 300px; max-width: 300px; word-wrap: break-word; float: left;\">Lieu d&rsquo;origine&nbsp;: Guangdong, Chine<\/div>\n<\/div>\n<div style=\"width: auto;\">\n<div style=\"min-width: 300px; max-width: 300px; word-wrap: break-word; float: left;\">Nom de marque:OEM ODM<\/div>\n<div style=\"min-width: 300px; max-width: 300px; word-wrap: break-word; float: left;\">Num\u00e9ro de mod\u00e8le : ABJ5213<\/div>\n<\/div>\n<div style=\"width: auto;\">\n<div style=\"min-width: 300px; max-width: 300px; word-wrap: break-word; float: left;\">Type:Fauteuil roulant, Fauteuil roulant, Fauteuil roulant \u00e9conomique<\/div>\n<div style=\"min-width: 300px; max-width: 300px; word-wrap: break-word; float: left;\">Taille:100.5*67*96CM<\/div>\n<\/div>\n<div style=\"width: auto;\">\n<div style=\"min-width: 300px; max-width: 300px; word-wrap: break-word; float: left;\">Moteur&nbsp;: 24&nbsp;V\/250&nbsp;W<\/div>\n<div style=\"min-width: 300px; max-width: 300px; word-wrap: break-word; float: left;\">Fonction : fauteuil roulant pliant<\/div>\n<\/div>\n<div style=\"width: auto;\">\n<div style=\"min-width: 300px; max-width: 300px; word-wrap: break-word; float: left;\">Capacit\u00e9 de poids&nbsp;: 100&nbsp;kg<\/div>\n<div style=\"min-width: 300px; max-width: 300px; word-wrap: break-word; float: left;\">Piles : 12V20Ah*2<\/div>\n<\/div>\n<div style=\"width: auto;\">\n<div style=\"min-width: 300px; max-width: 300px; word-wrap: break-word; float: left;\">Mat\u00e9riel:fauteuil roulant \u00e0 jante en aluminium<\/div>\n<div style=\"min-width: 300px; max-width: 300px; word-wrap: break-word; float: left;\">Couleur : rouge, jaune, vert<\/div>\n<\/div>\n","protected":false},"featured_media":12769,"comment_status":"closed","ping_status":"closed","template":"","meta":[],"product_cat":[128],"product_tag":[],"class_list":["post-12897","product","type-product","status-publish","has-post-thumbnail","hentry","product_cat-fauteuil-roulant-electrique"],"_links":{"self":[{"href":"https:\/\/anbanjia.com.cn\/fr\/wp-json\/wp\/v2\/product\/12897","targetHints":{"allow":["GET"]}}],"collection":[{"href":"https:\/\/anbanjia.com.cn\/fr\/wp-json\/wp\/v2\/product"}],"about":[{"href":"https:\/\/anbanjia.com.cn\/fr\/wp-json\/wp\/v2\/types\/product"}],"replies":[{"embeddable":true,"href":"https:\/\/anbanjia.com.cn\/fr\/wp-json\/wp\/v2\/comments?post=12897"}],"wp:featuredmedia":[{"embeddable":true,"href":"https:\/\/anbanjia.com.cn\/fr\/wp-json\/wp\/v2\/media\/12769"}],"wp:attachment":[{"href":"https:\/\/anbanjia.com.cn\/fr\/wp-json\/wp\/v2\/media?parent=12897"}],"wp:term":[{"taxonomy":"product_cat","embeddable":true,"href":"https:\/\/anbanjia.com.cn\/fr\/wp-json\/wp\/v2\/product_cat?post=12897"},{"taxonomy":"product_tag","embeddable":true,"href":"https:\/\/anbanjia.com.cn\/fr\/wp-json\/wp\/v2\/product_tag?post=12897"}],"curies":[{"name":"wp","href":"https:\/\/api.w.org\/{rel}","templated":true}]}}