{"id":12893,"date":"2022-05-02T18:07:34","date_gmt":"2022-05-02T18:07:34","guid":{"rendered":"https:\/\/www.anbanjia.com.cn\/product\/fauteuil-roulant-electrique-a-moteur-a-prix-bon-marche-de-haute-qualite\/"},"modified":"2022-05-02T18:07:34","modified_gmt":"2022-05-02T18:07:34","slug":"fauteuil-roulant-electrique-moteur-electrique-de-haute-qualite-prix-pas-cher","status":"publish","type":"product","link":"https:\/\/anbanjia.com.cn\/fr\/produit\/fauteuil-roulant-electrique-moteur-electrique-de-haute-qualite-prix-pas-cher\/","title":{"rendered":"Fauteuil roulant \u00e9lectrique \u00e0 moteur \u00e0 prix bon march\u00e9 de haute qualit\u00e9"},"content":{"rendered":"<div style=\"max-width: 750px; margin: 0 auto;\">\n<div id=\"ali-anchor-AliPostDhMb-dlw5t\" style=\"padding-top: 8px;\" data-section=\"AliPostDhMb-dlw5t\" data-section-title=\"Product Details\">\n<div id=\"ali-title-AliPostDhMb-dlw5t\" style=\"padding: 8px 0; border-bottom: 1px solid #ddd;\"><span style=\"background-color: #ddd; color: #333; font-weight: bold; padding: 8px 10px; line-height: 12px;\">d\u00e9tails du produit<\/span><\/div>\n<div style=\"padding: 10px 0px; text-align: center;\">\n<p style=\"text-align: center;\"><span style=\"font-size: 32px; color: #ff0000;\"><strong>fauteuil roulant \u00e9lectrique<\/strong><\/span><\/p>\n<p style=\"text-align: left;\"><img decoding=\"async\" style=\"max-width: 750;\" src=\"https:\/\/anbanjia.com.cn\/wp-content\/uploads\/2022\/05\/HTB1p9Wucv1H3KVjSZFB762SMXXa8.png\" data-alt=\"Cheap price power motor electric wheelchair with hight quality\" data-height=\"298\" data-src=\"\" data-width=\"291\"><img decoding=\"async\" src=\"https:\/\/anbanjia.com.cn\/wp-content\/uploads\/2022\/05\/HTB1_tGvcv5G3KVjSZPxq6zI3XXaa.jpg\" data-alt=\"Cheap price power motor electric wheelchair with hight quality\" data-height=\"249\" data-src=\"\" data-width=\"286\"><\/p>\n<p style=\"text-align: center;\"><strong><span style=\"font-size: 24px;\">Roue arri\u00e8re 2 tailles au choix<\/span><\/strong><\/p>\n<table style=\"border-collapse: collapse; background-color: #ffffff; width: 626px; height: 213px;\" border=\"1\">\n<tbody>\n<tr>\n<td style=\"width: 151px; text-align: center;\"><strong><span style=\"font-size: 18px;\">Mat\u00e9riel<\/span><\/strong><\/td>\n<td style=\"width: 468px;\"><span style=\"font-size: 18px;\">Alliage d&rsquo;aluminium<\/span><\/td>\n<\/tr>\n<tr>\n<td style=\"width: 151px;\"><strong><span style=\"font-size: 18px;\">Taille totale<\/span><\/strong><\/td>\n<td style=\"width: 468px;\"><span style=\"font-size: 18px;\">110*68*96 cm<\/span><\/td>\n<\/tr>\n<tr>\n<td style=\"width: 151px;\"><strong><span style=\"font-size: 18px;\">taille de pliage<\/span><\/strong><\/td>\n<td style=\"width: 468px;\"><span style=\"font-size: 18px;\">82*38*74cm<\/span><\/td>\n<\/tr>\n<tr>\n<td style=\"width: 151px;\"><strong><span style=\"font-size: 18px;\">la vitesse<\/span><\/strong><\/td>\n<td style=\"width: 468px;\"><span style=\"font-size: 18px;\"><span style=\"color: #333333; font-family: arial; font-style: normal; font-weight: 400; text-align: left; background-color: #ffffff; float: none; display: inline !important;\">\u2264<\/span> 6km\/h<\/span><\/td>\n<\/tr>\n<tr>\n<td style=\"width: 151px;\"><strong><span style=\"font-size: 18px;\">Batterie<\/span><\/strong><\/td>\n<td style=\"width: 468px;\"><span style=\"font-size: 18px;\">24V 20AH<\/span><\/td>\n<\/tr>\n<tr>\n<td style=\"width: 151px;\"><strong><span style=\"font-size: 18px;\">Largeur d&rsquo;assise<\/span><\/strong><\/td>\n<td style=\"width: 468px;\"><span style=\"font-size: 18px;\">46cm<\/span><\/td>\n<\/tr>\n<tr>\n<td style=\"width: 151px;\"><strong><span style=\"font-size: 18px;\">poids net<\/span><\/strong><\/td>\n<td style=\"width: 468px;\"><span style=\"font-size: 18px;\">36 kg<\/span><\/td>\n<\/tr>\n<\/tbody>\n<\/table>\n<\/div>\n<\/div>\n<div id=\"ali-anchor-AliPostDhMb-hote0\" style=\"padding-top: 8px;\" data-section=\"AliPostDhMb-hote0\" data-section-title=\"Product Description\">\n<div id=\"ali-title-AliPostDhMb-hote0\" style=\"padding: 8px 0; border-bottom: 1px solid #ddd;\"><span style=\"background-color: #ddd; color: #333; font-weight: bold; padding: 8px 10px; line-height: 12px;\">Description du produit<\/span><\/div>\n<div style=\"padding: 10px 0;\"> <img decoding=\"async\" src=\"https:\/\/anbanjia.com.cn\/wp-content\/uploads\/2022\/05\/HTB1nZ5xcEGF3KVjSZFvq6z_nXXan.jpg\" data-alt=\"Cheap price power motor electric wheelchair with hight quality\" data-src=\"\"><img decoding=\"async\" src=\"https:\/\/anbanjia.com.cn\/wp-content\/uploads\/2022\/05\/HTB14y5ucv1H3KVjSZFHq6zKppXa2.jpg\" data-alt=\"Cheap price power motor electric wheelchair with hight quality\" data-src=\"\"><img decoding=\"async\" src=\"https:\/\/anbanjia.com.cn\/wp-content\/uploads\/2022\/05\/HTB13EaycBaE3KVjSZLeq6xsSFXaK.jpg\" data-alt=\"Cheap price power motor electric wheelchair with hight quality\" data-src=\"\"><\/div>\n<\/div>\n<div id=\"ali-anchor-AliPostDhMb-r351h\" style=\"padding-top: 8px;\" data-section=\"AliPostDhMb-r351h\" data-section-title=\"Product Categories\">\n<div id=\"ali-title-AliPostDhMb-r351h\" style=\"padding: 8px 0; border-bottom: 1px solid #ddd;\"><span style=\"background-color: #ddd; color: #333; font-weight: bold; padding: 8px 10px; line-height: 12px;\">cat\u00e9gories de produits<\/span><\/div>\n<div style=\"padding: 10px 0;\">\n<p><a href=\"https:\/\/abj-medical.en.alibaba.com\/productlist.html?spm=a2700.8304367.topnav.2.5d239224q5nscJ\" target=\"_blank\" rel=\"noopener\"><img decoding=\"async\" src=\"https:\/\/anbanjia.com.cn\/wp-content\/uploads\/2022\/05\/HTB1ERWiSFXXXXasXXXXq6xXFXXXw.jpg\" data-alt=\"Cheap price power motor electric wheelchair with hight quality\" data-src=\"\"><img decoding=\"async\" src=\"https:\/\/anbanjia.com.cn\/wp-content\/uploads\/2022\/05\/HTB1TH4ZSFXXXXazXFXXq6xXFXXXm.jpg\" data-alt=\"Cheap price power motor electric wheelchair with hight quality\" data-src=\"\"><\/a><\/p>\n<\/div>\n<\/div>\n<div id=\"ali-anchor-AliPostDhMb-ghsi4\" style=\"padding-top: 8px;\" data-section=\"AliPostDhMb-ghsi4\" data-section-title=\"company information\">\n<div id=\"ali-title-AliPostDhMb-ghsi4\" style=\"padding: 8px 0; border-bottom: 1px solid #ddd;\"><span style=\"background-color: #ddd; color: #333; font-weight: bold; padding: 8px 10px; line-height: 12px;\">Informations sur la soci\u00e9t\u00e9<\/span><\/div>\n<div style=\"padding: 10px 0;\">\n<p><img decoding=\"async\" src=\"https:\/\/anbanjia.com.cn\/wp-content\/uploads\/2022\/05\/HTB1MME3SpXXXXbJaXXXq6xXFXXXA-1.jpg\" data-alt=\"Cheap price power motor electric wheelchair with hight quality\" data-src=\"\"><\/p>\n<\/div>\n<\/div>\n<div id=\"ali-anchor-AliPostDhMb-bncpc\" style=\"padding-top: 8px;\" data-section=\"AliPostDhMb-bncpc\" data-section-title=\"certificate\">\n<div id=\"ali-title-AliPostDhMb-bncpc\" style=\"padding: 8px 0; border-bottom: 1px solid #ddd;\"><span style=\"background-color: #ddd; color: #333; font-weight: bold; padding: 8px 10px; line-height: 12px;\">certificat<\/span><\/div>\n<div style=\"padding: 10px 0;\">\n<p><img decoding=\"async\" src=\"https:\/\/anbanjia.com.cn\/wp-content\/uploads\/2022\/05\/HTB1Z1olSpXXXXctXXXXq6xXFXXXu-1.jpg\" data-alt=\"Cheap price power motor electric wheelchair with hight quality\" data-src=\"\"><\/p>\n<\/div>\n<\/div>\n<div id=\"ali-anchor-AliPostDhMb-s86z0\" style=\"padding-top: 8px;\" data-section=\"AliPostDhMb-s86z0\" data-section-title=\"produce &amp; payment\">\n<div id=\"ali-title-AliPostDhMb-s86z0\" style=\"padding: 8px 0; border-bottom: 1px solid #ddd;\"><span style=\"background-color: #ddd; color: #333; font-weight: bold; padding: 8px 10px; line-height: 12px;\">produire et payer<\/span><\/div>\n<div style=\"padding: 10px 0;\">\n<p><img decoding=\"async\" src=\"https:\/\/anbanjia.com.cn\/wp-content\/uploads\/2022\/05\/HTB1LlvUSpXXXXbJXVXXq6xXFXXXf-1.jpg\" data-alt=\"Cheap price power motor electric wheelchair with hight quality\" data-src=\"\"><img decoding=\"async\" src=\"https:\/\/anbanjia.com.cn\/wp-content\/uploads\/2022\/05\/HTB1O0UfSpXXXXaRXpXXq6xXFXXXA.jpg\" data-alt=\"Cheap price power motor electric wheelchair with hight quality\" data-src=\"\"> <img decoding=\"async\" src=\"https:\/\/anbanjia.com.cn\/wp-content\/uploads\/2022\/05\/HTB1_5oxSpXXXXcFXFXXq6xXFXXXt.jpg\" data-src=\"\"><\/p>\n<\/div>\n<\/div>\n<\/div>\n","protected":false},"excerpt":{"rendered":"<p>&nbsp;<\/p>\n<div style=\"width: auto;\">\n<div style=\"min-width: 300px; max-width: 300px; word-wrap: break-word; float: left;\">Propri\u00e9t\u00e9s : fournitures de th\u00e9rapie de r\u00e9adaptation.<\/div>\n<div style=\"min-width: 300px; max-width: 300px; word-wrap: break-word; float: left;\">Lieu d&rsquo;origine&nbsp;: Guangdong, Chine<\/div>\n<\/div>\n<div style=\"width: auto;\">\n<div style=\"min-width: 300px; max-width: 300px; word-wrap: break-word; float: left;\">Nom de marque:Anbanjia\/OEM<\/div>\n<div style=\"min-width: 300px; max-width: 300px; word-wrap: break-word; float: left;\">Num\u00e9ro de mod\u00e8le : ABJ-2606<\/div>\n<\/div>\n<div style=\"width: auto;\">\n<div style=\"min-width: 300px; max-width: 300px; word-wrap: break-word; float: left;\">Type:Fauteuil roulant<\/div>\n<div style=\"min-width: 300px; max-width: 300px; word-wrap: break-word; float: left;\">Mat\u00e9riel:Aluminium<\/div>\n<\/div>\n<div style=\"width: auto;\">\n<div style=\"min-width: 300px; max-width: 300px; word-wrap: break-word; float: left;\">Certificat: ISO9001 CE<\/div>\n<div style=\"min-width: 300px; max-width: 300px; word-wrap: break-word; float: left;\">La couleur noire<\/div>\n<\/div>\n<div style=\"width: auto;\">\n<div style=\"min-width: 300px; max-width: 300px; word-wrap: break-word; float: left;\">Poids&nbsp;: 36&nbsp;kg<\/div>\n<div style=\"min-width: 300px; max-width: 300px; word-wrap: break-word; float: left;\">Taille du produit: 68*88*108 cm<\/div>\n<\/div>\n<div style=\"width: auto;\">\n<div style=\"min-width: 300px; max-width: 300px; word-wrap: break-word; float: left;\">Contr\u00f4leur&nbsp;: ABJ-2606<\/div>\n<div style=\"min-width: 300px; max-width: 300px; word-wrap: break-word; float: left;\">Capacit\u00e9 de chargement : 150 kg<\/div>\n<\/div>\n","protected":false},"featured_media":12264,"comment_status":"closed","ping_status":"closed","template":"","meta":[],"product_cat":[128],"product_tag":[],"class_list":["post-12893","product","type-product","status-publish","has-post-thumbnail","hentry","product_cat-fauteuil-roulant-electrique"],"_links":{"self":[{"href":"https:\/\/anbanjia.com.cn\/fr\/wp-json\/wp\/v2\/product\/12893","targetHints":{"allow":["GET"]}}],"collection":[{"href":"https:\/\/anbanjia.com.cn\/fr\/wp-json\/wp\/v2\/product"}],"about":[{"href":"https:\/\/anbanjia.com.cn\/fr\/wp-json\/wp\/v2\/types\/product"}],"replies":[{"embeddable":true,"href":"https:\/\/anbanjia.com.cn\/fr\/wp-json\/wp\/v2\/comments?post=12893"}],"wp:featuredmedia":[{"embeddable":true,"href":"https:\/\/anbanjia.com.cn\/fr\/wp-json\/wp\/v2\/media\/12264"}],"wp:attachment":[{"href":"https:\/\/anbanjia.com.cn\/fr\/wp-json\/wp\/v2\/media?parent=12893"}],"wp:term":[{"taxonomy":"product_cat","embeddable":true,"href":"https:\/\/anbanjia.com.cn\/fr\/wp-json\/wp\/v2\/product_cat?post=12893"},{"taxonomy":"product_tag","embeddable":true,"href":"https:\/\/anbanjia.com.cn\/fr\/wp-json\/wp\/v2\/product_tag?post=12893"}],"curies":[{"name":"wp","href":"https:\/\/api.w.org\/{rel}","templated":true}]}}