{"id":12891,"date":"2022-05-02T18:07:38","date_gmt":"2022-05-02T18:07:38","guid":{"rendered":"https:\/\/www.anbanjia.com.cn\/product\/fauteuil-roulant-electrique-a-moteur-electrique-a-pedale-en-plastique-a-piles-le-moins-cher-en-alliage-daluminium-avec-controleur-de-joystick\/"},"modified":"2022-05-02T18:07:38","modified_gmt":"2022-05-02T18:07:38","slug":"alliage-daluminium-le-moins-cher-batterie-plastique-pedale-moteur-electrique-fauteuil-roulant-electrique-avec-joystick-controleur","status":"publish","type":"product","link":"https:\/\/anbanjia.com.cn\/fr\/produit\/alliage-daluminium-le-moins-cher-batterie-plastique-pedale-moteur-electrique-fauteuil-roulant-electrique-avec-joystick-controleur\/","title":{"rendered":"Fauteuil roulant \u00e9lectrique \u00e0 moteur \u00e9lectrique \u00e0 p\u00e9dale en plastique \u00e0 piles le moins cher en alliage d&rsquo;aluminium avec contr\u00f4leur de joystick"},"content":{"rendered":"<div style=\"max-width: 750px; margin: 0 auto;\">\n<div id=\"detail_decorate_root\" data-host=\"111525417\" data-id=\"detail_decorate_root\">\n<div id=\"_root\" class=\"engine-app\" data-reactroot=\"\">\n<div id=\"ali-anchor-AliMagic-exrtm4\" class=\"magic-0\" data-section=\"AliMagic-exrtm4\" data-section-title=\"Hot Sale Products\">Description du produit<\/div>\n<div class=\"ife-detail-decorate-table\">\n<table class=\"all magic-10\">\n<tbody>\n<tr>\n<td>\n<div class=\"magic-11\">\n<div class=\"magic-12\"><b><span style=\"font-family: Times New Roman, Times; font-size: large;\">Article<\/span><\/b><\/div>\n<\/div>\n<\/td>\n<td colspan=\"3\">\n<div class=\"magic-13\">\n<div class=\"magic-12\">ABJ-2608L<\/div>\n<\/div>\n<\/td>\n<td class=\"magic-14\">\n<div class=\"magic-15\"><\/div>\n<\/td>\n<td class=\"magic-14\">\n<div class=\"magic-15\"><\/div>\n<\/td>\n<\/tr>\n<tr>\n<td>\n<div class=\"magic-11\">\n<div class=\"magic-12\"><b><span style=\"font-family: Times New Roman, Times; font-size: large;\">Mat\u00e9riel<\/span><\/b><\/div>\n<\/div>\n<\/td>\n<td colspan=\"3\">\n<div class=\"magic-13\">\n<div class=\"magic-12\">Alliage d&rsquo;aluminium<\/div>\n<\/div>\n<\/td>\n<td class=\"magic-14\">\n<div class=\"magic-15\"><\/div>\n<\/td>\n<td class=\"magic-14\">\n<div class=\"magic-15\"><\/div>\n<\/td>\n<\/tr>\n<tr>\n<td>\n<div class=\"magic-11\">\n<div class=\"magic-12\"><b><span style=\"font-family: Times New Roman, Times; font-size: large;\">Taille globale<\/span><\/b><\/div>\n<\/div>\n<\/td>\n<td colspan=\"3\">\n<div class=\"magic-13\">\n<div class=\"magic-12\">98*100*67cm<\/div>\n<\/div>\n<\/td>\n<td class=\"magic-14\">\n<div class=\"magic-15\"><\/div>\n<\/td>\n<td class=\"magic-14\">\n<div class=\"magic-15\"><\/div>\n<\/td>\n<\/tr>\n<tr>\n<td>\n<div class=\"magic-11\">\n<div class=\"magic-12\"><b><span style=\"font-family: Times New Roman, Times; font-size: large;\">Taille pli\u00e9e<\/span><\/b><\/div>\n<\/div>\n<\/td>\n<td colspan=\"3\">\n<div class=\"magic-13\">\n<div class=\"magic-12\">75*76*34 cm<\/div>\n<\/div>\n<\/td>\n<td class=\"magic-14\">\n<div class=\"magic-15\"><\/div>\n<\/td>\n<td class=\"magic-14\">\n<div class=\"magic-15\"><\/div>\n<\/td>\n<\/tr>\n<tr>\n<td>\n<div class=\"magic-11\">\n<div class=\"magic-12\"><b><span style=\"font-family: Times New Roman, Times; font-size: large;\">Largeur du si\u00e8ge<\/span><\/b><\/div>\n<\/div>\n<\/td>\n<td colspan=\"3\">\n<div class=\"magic-13\">\n<div class=\"magic-12\">46cm<\/div>\n<\/div>\n<\/td>\n<td class=\"magic-14\">\n<div class=\"magic-15\"><\/div>\n<\/td>\n<td class=\"magic-14\">\n<div class=\"magic-15\"><\/div>\n<\/td>\n<\/tr>\n<tr>\n<td>\n<div class=\"magic-11\">\n<div class=\"magic-12\"><b><span style=\"font-family: Times New Roman, Times; font-size: large;\">Profondeur du si\u00e8ge<\/span><\/b><\/div>\n<\/div>\n<\/td>\n<td colspan=\"3\">\n<div class=\"magic-13\">\n<div class=\"magic-12\">50cm<\/div>\n<\/div>\n<\/td>\n<td class=\"magic-14\">\n<div class=\"magic-15\"><\/div>\n<\/td>\n<td class=\"magic-14\">\n<div class=\"magic-15\"><\/div>\n<\/td>\n<\/tr>\n<tr>\n<td>\n<div class=\"magic-11\">\n<div class=\"magic-12\"><b><span style=\"font-family: Times New Roman, Times; font-size: large;\">Hauteur du si\u00e8ge<\/span><\/b><\/div>\n<\/div>\n<\/td>\n<td colspan=\"3\">\n<div class=\"magic-13\">\n<div class=\"magic-12\">42cm<\/div>\n<\/div>\n<\/td>\n<td class=\"magic-14\">\n<div class=\"magic-15\"><\/div>\n<\/td>\n<td class=\"magic-14\">\n<div class=\"magic-15\"><\/div>\n<\/td>\n<\/tr>\n<tr>\n<td>\n<div class=\"magic-11\">\n<div class=\"magic-12\"><b><span style=\"font-family: Times New Roman, Times; font-size: large;\">Poids net<\/span><\/b><\/div>\n<\/div>\n<\/td>\n<td colspan=\"3\">\n<div class=\"magic-13\">\n<div class=\"magic-12\">36 kg<\/div>\n<\/div>\n<\/td>\n<td class=\"magic-14\">\n<div class=\"magic-15\"><\/div>\n<\/td>\n<td class=\"magic-14\">\n<div class=\"magic-15\"><\/div>\n<\/td>\n<\/tr>\n<tr>\n<td>\n<div class=\"magic-11\">\n<div class=\"magic-12\"><b><span style=\"font-family: Times New Roman, Times; font-size: large;\">Charge maximale<\/span><\/b><\/div>\n<\/div>\n<\/td>\n<td colspan=\"3\">\n<div class=\"magic-16\">\n<div class=\"magic-12\">100 kg<\/div>\n<\/div>\n<\/td>\n<td class=\"magic-14\">\n<div class=\"magic-15\"><\/div>\n<\/td>\n<td class=\"magic-14\">\n<div class=\"magic-15\"><\/div>\n<\/td>\n<\/tr>\n<\/tbody>\n<\/table>\n<\/div>\n<div class=\"icbu-pc-images magic-1\">\n<div>\n<div class=\"flex-layout-v\">\n<div class=\"flex-layout-h magic-1\">\n<div class=\"magic-17\"><img decoding=\"async\" class=\"magic-18\" src=\"https:\/\/anbanjia.com.cn\/wp-content\/uploads\/2022\/05\/HTB1_18sl5AnBKNjSZFvq6yTKXXau.jpg\" data-src=\"\"><\/div>\n<\/div>\n<\/div>\n<\/div>\n<\/div>\n<div id=\"ali-anchor-AliMagic-rhlu6w\" class=\"magic-0\" data-section=\"AliMagic-rhlu6w\" data-section-title=\"Detailed Images\">Images d\u00e9taill\u00e9es<\/div>\n<div class=\"icbu-pc-images magic-1\">\n<div class=\"flex-layout-v\">\n<div class=\"flex-layout-h magic-1\">\n<div class=\"magic-19\"><\/div>\n<\/div>\n<\/div>\n<\/div>\n<div class=\"icbu-pc-images magic-1\">\n<div>\n<div class=\"flex-layout-v\">\n<div class=\"flex-layout-h magic-1\">\n<div class=\"magic-21\"><img decoding=\"async\" class=\"magic-22\" src=\"https:\/\/anbanjia.com.cn\/wp-content\/uploads\/2022\/05\/HTB1RhoTGMaTBuNjSszfq6xgfpXae.jpg\" data-src=\"\"><\/div>\n<\/div>\n<\/div>\n<\/div>\n<\/div>\n<div class=\"icbu-pc-images magic-1\">\n<div>\n<div class=\"flex-layout-v\">\n<div class=\"flex-layout-h magic-1\">\n<div class=\"magic-23\"><img decoding=\"async\" class=\"magic-24\" src=\"https:\/\/anbanjia.com.cn\/wp-content\/uploads\/2022\/05\/HTB1LQ8HG29TBuNjy0Fcq6zeiFXaX.jpg\" data-src=\"\"><\/div>\n<\/div>\n<\/div>\n<\/div>\n<\/div>\n<div class=\"icbu-pc-images magic-1\">\n<div>\n<div class=\"flex-layout-v\">\n<div class=\"flex-layout-h magic-1\">\n<div class=\"magic-25\"><img decoding=\"async\" class=\"magic-26\" src=\"https:\/\/anbanjia.com.cn\/wp-content\/uploads\/2022\/05\/HTB1fNpjl_qWBKNjSZFAq6ynSpXaO.jpg\" data-src=\"\"><\/div>\n<\/div>\n<\/div>\n<\/div>\n<\/div>\n<div class=\"icbu-pc-images magic-1\">\n<div>\n<div class=\"flex-layout-v\">\n<div class=\"flex-layout-h magic-1\">\n<div class=\"magic-27\"><img decoding=\"async\" class=\"magic-28\" src=\"https:\/\/anbanjia.com.cn\/wp-content\/uploads\/2022\/05\/HTB1q6niXPrguuRjy0Feq6xcbFXa7.jpg\" data-src=\"\"><\/div>\n<\/div>\n<\/div>\n<\/div>\n<\/div>\n<\/div>\n<\/div>\n<\/div>\n","protected":false},"excerpt":{"rendered":"<p>&nbsp;<\/p>\n<div style=\"width: auto;\">\n<div style=\"min-width: 300px; max-width: 300px; word-wrap: break-word; float: left;\">Propri\u00e9t\u00e9s : fournitures de th\u00e9rapie de r\u00e9adaptation.<\/div>\n<div style=\"min-width: 300px; max-width: 300px; word-wrap: break-word; float: left;\">Lieu d&rsquo;origine&nbsp;: Guangdong, Chine<\/div>\n<\/div>\n<div style=\"width: auto;\">\n<div style=\"min-width: 300px; max-width: 300px; word-wrap: break-word; float: left;\">Nom de marque:OEM ODM<\/div>\n<div style=\"min-width: 300px; max-width: 300px; word-wrap: break-word; float: left;\">Num\u00e9ro de mod\u00e8le : ABJ-2608L<\/div>\n<\/div>\n<div style=\"width: auto;\">\n<div style=\"min-width: 300px; max-width: 300px; word-wrap: break-word; float: left;\">Type:Fauteuil roulant<\/div>\n<div style=\"min-width: 300px; max-width: 300px; word-wrap: break-word; float: left;\">Mat\u00e9riel:Alliage d&rsquo;aluminium<\/div>\n<\/div>\n<div style=\"width: auto;\">\n<div style=\"min-width: 300px; max-width: 300px; word-wrap: break-word; float: left;\">La couleur noire<\/div>\n<div style=\"min-width: 300px; max-width: 300px; word-wrap: break-word; float: left;\">Certificat&nbsp;:&nbsp;CE<\/div>\n<\/div>\n<div style=\"width: auto;\">\n<div style=\"min-width: 300px; max-width: 300px; word-wrap: break-word; float: left;\">Fonction : soins de sant\u00e9\/pliage.<\/div>\n<div style=\"min-width: 300px; max-width: 300px; word-wrap: break-word; float: left;\">Caract\u00e9ristique: Durable\/S\u00fbr<\/div>\n<\/div>\n<div style=\"width: auto;\">\n<div style=\"min-width: 300px; max-width: 300px; word-wrap: break-word; float: left;\">Utilisation : soins en plein air\/\u00e0 domicile.<\/div>\n<div style=\"min-width: 300px; max-width: 300px; word-wrap: break-word; float: left;\">Taille globale: 98*100*67 cm<\/div>\n<\/div>\n<div style=\"width: auto;\">\n<div style=\"min-width: 300px; max-width: 300px; word-wrap: break-word; float: left;\">Taille pli\u00e9e: 75*76*34cm<\/div>\n<div style=\"min-width: 300px; max-width: 300px; word-wrap: break-word; float: left;\">Poids net&nbsp;: 36&nbsp;kg<\/div>\n<\/div>\n","protected":false},"featured_media":12757,"comment_status":"closed","ping_status":"closed","template":"","meta":[],"product_cat":[128],"product_tag":[],"class_list":["post-12891","product","type-product","status-publish","has-post-thumbnail","hentry","product_cat-fauteuil-roulant-electrique"],"_links":{"self":[{"href":"https:\/\/anbanjia.com.cn\/fr\/wp-json\/wp\/v2\/product\/12891","targetHints":{"allow":["GET"]}}],"collection":[{"href":"https:\/\/anbanjia.com.cn\/fr\/wp-json\/wp\/v2\/product"}],"about":[{"href":"https:\/\/anbanjia.com.cn\/fr\/wp-json\/wp\/v2\/types\/product"}],"replies":[{"embeddable":true,"href":"https:\/\/anbanjia.com.cn\/fr\/wp-json\/wp\/v2\/comments?post=12891"}],"wp:featuredmedia":[{"embeddable":true,"href":"https:\/\/anbanjia.com.cn\/fr\/wp-json\/wp\/v2\/media\/12757"}],"wp:attachment":[{"href":"https:\/\/anbanjia.com.cn\/fr\/wp-json\/wp\/v2\/media?parent=12891"}],"wp:term":[{"taxonomy":"product_cat","embeddable":true,"href":"https:\/\/anbanjia.com.cn\/fr\/wp-json\/wp\/v2\/product_cat?post=12891"},{"taxonomy":"product_tag","embeddable":true,"href":"https:\/\/anbanjia.com.cn\/fr\/wp-json\/wp\/v2\/product_tag?post=12891"}],"curies":[{"name":"wp","href":"https:\/\/api.w.org\/{rel}","templated":true}]}}