{"id":12890,"date":"2022-05-02T18:07:33","date_gmt":"2022-05-02T18:07:33","guid":{"rendered":"https:\/\/www.anbanjia.com.cn\/product\/fauteuil-roulant-electrique-pliable-leger-de-qualite-superieure\/"},"modified":"2022-05-02T18:07:33","modified_gmt":"2022-05-02T18:07:33","slug":"fauteuil-roulant-electrique-pliable-leger-de-haute-qualite","status":"publish","type":"product","link":"https:\/\/anbanjia.com.cn\/fr\/produit\/fauteuil-roulant-electrique-pliable-leger-de-haute-qualite\/","title":{"rendered":"Fauteuil roulant \u00e9lectrique pliable l\u00e9ger de qualit\u00e9 sup\u00e9rieure"},"content":{"rendered":"<div style=\"max-width: 750px; margin: 0 auto;\">\n<div id=\"ali-anchor-AliPostDhMb-s7ft2\" style=\"padding-top: 8px;\" data-section=\"AliPostDhMb-s7ft2\" data-section-title=\"Product Description\">\n<div id=\"ali-title-AliPostDhMb-s7ft2\" style=\"padding: 8px 0; border-bottom: 1px solid #ddd;\"><span style=\"background-color: #ddd; color: #333; font-weight: bold; padding: 8px 10px; line-height: 12px;\">Description du produit<\/span><\/div>\n<div style=\"padding: 10px 0px; text-align: center;\"><strong><span style=\"font-size: 32px;\">Fauteuil roulant \u00e9lectrique pliable l\u00e9ger de qualit\u00e9 sup\u00e9rieure<\/span><\/strong><img decoding=\"async\" style=\"max-width: 750;\" src=\"https:\/\/anbanjia.com.cn\/wp-content\/uploads\/2022\/05\/HTB1OAi0cBGw3KVjSZFwq6zQ2FXaq.jpg\" data-alt=\"Top quality lightweight foldable electric wheelchair\" data-src=\"\"><\/div>\n<div style=\"padding: 10px 0px; text-align: center;\">\n<table style=\"border-collapse: collapse; background-color: #ffffff; width: 80%;\" border=\"1\">\n<tbody>\n<tr>\n<td style=\"width: 33.0576%;\"><span style=\"font-size: 18px;\">Mat\u00e9riel<\/span><\/td>\n<td style=\"width: 62.9424%;\"><span style=\"font-size: 18px;\">alliage d&rsquo;aluminium<\/span><\/td>\n<\/tr>\n<tr>\n<td style=\"width: 33.0576%;\"><span style=\"font-size: 18px;\">taille du si\u00e8ge<\/span><\/td>\n<td style=\"width: 62.9424%;\"><span style=\"font-size: 18px;\">47(l)*50(h)*42(d)cm<\/span><\/td>\n<\/tr>\n<tr>\n<td style=\"width: 33.0576%;\"><span style=\"font-size: 18px;\">hauteur du dossier<\/span><\/td>\n<td style=\"width: 62.9424%;\"><span style=\"font-size: 18px;\">43cm<\/span><\/td>\n<\/tr>\n<tr>\n<td style=\"width: 33.0576%;\"><span style=\"font-size: 18px;\">poids net<\/span><\/td>\n<td style=\"width: 62.9424%;\"><span style=\"font-size: 18px;\">36cm<\/span><\/td>\n<\/tr>\n<tr>\n<td style=\"width: 33.0576%;\"><span style=\"font-size: 18px;\">capacit\u00e9<\/span><\/td>\n<td style=\"width: 62.9424%;\"><span style=\"font-size: 18px;\">150 kg<\/span><\/td>\n<\/tr>\n<tr>\n<td style=\"width: 33.0576%;\"><span style=\"font-size: 18px;\">taille de roue<\/span><\/td>\n<td style=\"width: 62.9424%;\"><span style=\"font-size: 18px;\">8 pouces\/24 pouces<\/span><\/td>\n<\/tr>\n<\/tbody>\n<\/table>\n<p style=\"text-align: left;\"><img decoding=\"async\" src=\"https:\/\/anbanjia.com.cn\/wp-content\/uploads\/2022\/05\/HTB1dF1WcEGF3KVjSZFoq6zmpFXad.jpg\" data-alt=\"Top quality lightweight foldable electric wheelchair\" data-src=\"\"><img decoding=\"async\" src=\"https:\/\/anbanjia.com.cn\/wp-content\/uploads\/2022\/05\/HTB1EhaYcBOD3KVjSZFFq6An9pXax.jpg\" data-alt=\"Top quality lightweight foldable electric wheelchair\" data-src=\"\"><img decoding=\"async\" src=\"https:\/\/anbanjia.com.cn\/wp-content\/uploads\/2022\/05\/HTB1FwiVcxiH3KVjSZPfq6xBiVXa8.jpg\" data-alt=\"Top quality lightweight foldable electric wheelchair\" data-src=\"\"><img decoding=\"async\" src=\"https:\/\/anbanjia.com.cn\/wp-content\/uploads\/2022\/05\/HTB1JyiYcB1D3KVjSZFyq6zuFpXaX.jpg\" data-alt=\"Top quality lightweight foldable electric wheelchair\" data-src=\"\"><\/p>\n<\/div>\n<div style=\"padding: 10px 0px; text-align: center;\"><\/div>\n<\/div>\n<div id=\"ali-anchor-AliPostDhMb-9strm\" style=\"padding-top: 8px;\" data-section=\"AliPostDhMb-9strm\" data-section-title=\"Product Categories\">\n<div id=\"ali-title-AliPostDhMb-9strm\" style=\"padding: 8px 0; border-bottom: 1px solid #ddd;\"><span style=\"background-color: #ddd; color: #333; font-weight: bold; padding: 8px 10px; line-height: 12px;\">cat\u00e9gories de produits<\/span><\/div>\n<div style=\"padding: 10px 0;\">\n<p><a href=\"https:\/\/abj-medical.en.alibaba.com\/productlist.html?spm=a2700.8304367.topnav.2.5d239224q5nscJ\" target=\"_blank\" rel=\"noopener\"><img decoding=\"async\" src=\"https:\/\/anbanjia.com.cn\/wp-content\/uploads\/2022\/05\/HTB1ERWiSFXXXXasXXXXq6xXFXXXw.jpg\" data-alt=\"Top quality lightweight foldable electric wheelchair\" data-src=\"\"><img decoding=\"async\" src=\"https:\/\/anbanjia.com.cn\/wp-content\/uploads\/2022\/05\/HTB1TH4ZSFXXXXazXFXXq6xXFXXXm.jpg\" data-alt=\"Top quality lightweight foldable electric wheelchair\" data-src=\"\"><\/a><\/p>\n<\/div>\n<\/div>\n<div id=\"ali-anchor-AliPostDhMb-md7ij\" style=\"padding-top: 8px;\" data-section=\"AliPostDhMb-md7ij\" data-section-title=\"company information\">\n<div id=\"ali-title-AliPostDhMb-md7ij\" style=\"padding: 8px 0; border-bottom: 1px solid #ddd;\"><span style=\"background-color: #ddd; color: #333; font-weight: bold; padding: 8px 10px; line-height: 12px;\">Informations sur la soci\u00e9t\u00e9<\/span><\/div>\n<div style=\"padding: 10px 0;\">\n<p><img decoding=\"async\" src=\"https:\/\/anbanjia.com.cn\/wp-content\/uploads\/2022\/05\/HTB1MME3SpXXXXbJaXXXq6xXFXXXA-1.jpg\" data-alt=\"Top quality lightweight foldable electric wheelchair\" data-src=\"\"><\/p>\n<\/div>\n<\/div>\n<div id=\"ali-anchor-AliPostDhMb-li7qu\" style=\"padding-top: 8px;\" data-section=\"AliPostDhMb-li7qu\" data-section-title=\"certificate\">\n<div id=\"ali-title-AliPostDhMb-li7qu\" style=\"padding: 8px 0; border-bottom: 1px solid #ddd;\"><span style=\"background-color: #ddd; color: #333; font-weight: bold; padding: 8px 10px; line-height: 12px;\">certificat<\/span><\/div>\n<div style=\"padding: 10px 0;\">\n<p><img decoding=\"async\" src=\"https:\/\/anbanjia.com.cn\/wp-content\/uploads\/2022\/05\/HTB1Z1olSpXXXXctXXXXq6xXFXXXu-1.jpg\" data-alt=\"Top quality lightweight foldable electric wheelchair\" data-src=\"\"><\/p>\n<\/div>\n<\/div>\n<div id=\"ali-anchor-AliPostDhMb-44q6e\" style=\"padding-top: 8px;\" data-section=\"AliPostDhMb-44q6e\" data-section-title=\"produce &amp; payment\">\n<div id=\"ali-title-AliPostDhMb-44q6e\" style=\"padding: 8px 0; border-bottom: 1px solid #ddd;\"><span style=\"background-color: #ddd; color: #333; font-weight: bold; padding: 8px 10px; line-height: 12px;\">produire et payer<\/span><\/div>\n<div style=\"padding: 10px 0;\">\n<p><img decoding=\"async\" src=\"https:\/\/anbanjia.com.cn\/wp-content\/uploads\/2022\/05\/HTB1LlvUSpXXXXbJXVXXq6xXFXXXf-1.jpg\" data-alt=\"Top quality lightweight foldable electric wheelchair\" data-src=\"\"><img decoding=\"async\" src=\"https:\/\/anbanjia.com.cn\/wp-content\/uploads\/2022\/05\/HTB1O0UfSpXXXXaRXpXXq6xXFXXXA.jpg\" data-alt=\"Top quality lightweight foldable electric wheelchair\" data-src=\"\"> <img decoding=\"async\" src=\"https:\/\/anbanjia.com.cn\/wp-content\/uploads\/2022\/05\/HTB1_5oxSpXXXXcFXFXXq6xXFXXXt.jpg\" data-src=\"\"><\/p>\n<\/div>\n<\/div>\n<div id=\"ali-anchor-AliPostDhMb-k96e2\" style=\"padding-top: 8px;\" data-section=\"AliPostDhMb-k96e2\" data-section-title=\"contact us\">\n<div id=\"ali-title-AliPostDhMb-k96e2\" style=\"padding: 8px 0; border-bottom: 1px solid #ddd;\"><span style=\"background-color: #ddd; color: #333; font-weight: bold; padding: 8px 10px; line-height: 12px;\">Nous contacter<\/span><\/div>\n<div style=\"padding: 10px 0;\">\n<p><img decoding=\"async\" src=\"https:\/\/anbanjia.com.cn\/wp-content\/uploads\/2022\/05\/HTB1XU1rouySBuNjy1zd760PxFXaK-2.png\" data-alt=\"Top quality lightweight foldable electric wheelchair\" data-src=\"\"><\/p>\n<\/div>\n<\/div>\n<\/div>\n","protected":false},"excerpt":{"rendered":"<p>&nbsp;<\/p>\n<div style=\"width: auto;\">\n<div style=\"min-width: 300px; max-width: 300px; word-wrap: break-word; float: left;\">Propri\u00e9t\u00e9s : fournitures de th\u00e9rapie de r\u00e9adaptation.<\/div>\n<div style=\"min-width: 300px; max-width: 300px; word-wrap: break-word; float: left;\">Lieu d&rsquo;origine&nbsp;: Guangdong, Chine<\/div>\n<\/div>\n<div style=\"width: auto;\">\n<div style=\"min-width: 300px; max-width: 300px; word-wrap: break-word; float: left;\">Nom de marque:Anbanjia\/OEM<\/div>\n<div style=\"min-width: 300px; max-width: 300px; word-wrap: break-word; float: left;\">Num\u00e9ro de mod\u00e8le : ABJ-2606<\/div>\n<\/div>\n<div style=\"width: auto;\">\n<div style=\"min-width: 300px; max-width: 300px; word-wrap: break-word; float: left;\">Type:Fauteuil roulant<\/div>\n<div style=\"min-width: 300px; max-width: 300px; word-wrap: break-word; float: left;\">La couleur noire<\/div>\n<\/div>\n<div style=\"width: auto;\">\n<div style=\"min-width: 300px; max-width: 300px; word-wrap: break-word; float: left;\">Mat\u00e9riel:Aluminium<\/div>\n<div style=\"min-width: 300px; max-width: 300px; word-wrap: break-word; float: left;\">Certificat: ISO9001 CE<\/div>\n<\/div>\n<div style=\"width: auto;\">\n<div style=\"min-width: 300px; max-width: 300px; word-wrap: break-word; float: left;\">Contr\u00f4leur&nbsp;: ABJ-2606<\/div>\n<div style=\"min-width: 300px; max-width: 300px; word-wrap: break-word; float: left;\">Taille du produit: 68*88*108 cm<\/div>\n<\/div>\n<div style=\"width: auto;\">\n<div style=\"min-width: 300px; max-width: 300px; word-wrap: break-word; float: left;\">Poids&nbsp;: 36&nbsp;kg<\/div>\n<div style=\"min-width: 300px; max-width: 300px; word-wrap: break-word; float: left;\">Capacit\u00e9 de chargement&nbsp;: 150&nbsp;kg<\/div>\n<\/div>\n","protected":false},"featured_media":12765,"comment_status":"closed","ping_status":"closed","template":"","meta":[],"product_cat":[128],"product_tag":[],"class_list":["post-12890","product","type-product","status-publish","has-post-thumbnail","hentry","product_cat-fauteuil-roulant-electrique"],"_links":{"self":[{"href":"https:\/\/anbanjia.com.cn\/fr\/wp-json\/wp\/v2\/product\/12890","targetHints":{"allow":["GET"]}}],"collection":[{"href":"https:\/\/anbanjia.com.cn\/fr\/wp-json\/wp\/v2\/product"}],"about":[{"href":"https:\/\/anbanjia.com.cn\/fr\/wp-json\/wp\/v2\/types\/product"}],"replies":[{"embeddable":true,"href":"https:\/\/anbanjia.com.cn\/fr\/wp-json\/wp\/v2\/comments?post=12890"}],"wp:featuredmedia":[{"embeddable":true,"href":"https:\/\/anbanjia.com.cn\/fr\/wp-json\/wp\/v2\/media\/12765"}],"wp:attachment":[{"href":"https:\/\/anbanjia.com.cn\/fr\/wp-json\/wp\/v2\/media?parent=12890"}],"wp:term":[{"taxonomy":"product_cat","embeddable":true,"href":"https:\/\/anbanjia.com.cn\/fr\/wp-json\/wp\/v2\/product_cat?post=12890"},{"taxonomy":"product_tag","embeddable":true,"href":"https:\/\/anbanjia.com.cn\/fr\/wp-json\/wp\/v2\/product_tag?post=12890"}],"curies":[{"name":"wp","href":"https:\/\/api.w.org\/{rel}","templated":true}]}}