{"id":12886,"date":"2022-05-02T18:07:35","date_gmt":"2022-05-02T18:07:35","guid":{"rendered":"https:\/\/www.anbanjia.com.cn\/product\/fournisseur-de-la-chine-en-fauteuil-roulant-leger-sport-en-fauteuil-roulant-portable\/"},"modified":"2022-05-02T18:07:35","modified_gmt":"2022-05-02T18:07:35","slug":"chine-fournisseur-fauteuil-roulant-leger-sport-fauteuil-roulant-portatif","status":"publish","type":"product","link":"https:\/\/anbanjia.com.cn\/fr\/produit\/chine-fournisseur-fauteuil-roulant-leger-sport-fauteuil-roulant-portatif\/","title":{"rendered":"Fournisseur de la Chine en fauteuil roulant l\u00e9ger sport en fauteuil roulant portable"},"content":{"rendered":"<div style=\"max-width: 750px; margin: 0 auto;\">\n<p style=\"text-align: center;\"><span style=\"font-size: 32px;\"><strong><span style=\"background-color: #99ccff;\">Fournisseur de la Chine en fauteuil roulant l\u00e9ger sport en fauteuil roulant portable<\/span><\/strong><\/span><\/p>\n<div id=\"ali-anchor-AliPostDhMb-otebh\" class=\"mceSectionContainer\" style=\"padding-top: 8px;\" data-section=\"AliPostDhMb-otebh\" data-section-title=\"Our Services\">\n<div id=\"ali-title-AliPostDhMb-otebh\" style=\"padding: 8px 0; border-bottom: 1px solid #ddd;\"><span style=\"background-color: #ddd; color: #333; font-weight: bold; padding: 8px 10px; line-height: 12px;\">Nos services<\/span><\/div>\n<div style=\"padding: 10px 0;\">\n<p><img decoding=\"async\" style=\"max-width: 750;\" src=\"https:\/\/anbanjia.com.cn\/wp-content\/uploads\/2022\/05\/HTB1oH8oSFXXXXXyXFXXq6xXFXXXj.jpg\" data-alt=\"China Supplier lightweight wheelchair portable wheelchair sport\" data-src=\"\"><img decoding=\"async\" src=\"https:\/\/anbanjia.com.cn\/wp-content\/uploads\/2022\/05\/H09d6ebbe078240c3aa494105f4eec8bbo.jpg\" data-alt=\"China Supplier lightweight wheelchair portable wheelchair sport\" data-src=\"\"><\/p>\n<p><img decoding=\"async\" src=\"https:\/\/anbanjia.com.cn\/wp-content\/uploads\/2022\/05\/HTB1avRJXrsTMeJjSszdq6AEupXaM.jpg\" data-alt=\"China Supplier lightweight wheelchair portable wheelchair sport\" data-src=\"\"><img decoding=\"async\" src=\"https:\/\/anbanjia.com.cn\/wp-content\/uploads\/2022\/05\/H1101046ad2d042fb9ff8755f5ad298e49.jpg\" data-alt=\"China Supplier lightweight wheelchair portable wheelchair sport\" data-src=\"\"><img decoding=\"async\" src=\"https:\/\/anbanjia.com.cn\/wp-content\/uploads\/2022\/05\/HTB1QclOXwoQMeJjy0Fpq6ATxpXaZ-scaled.jpg\" data-alt=\"China Supplier lightweight wheelchair portable wheelchair sport\" data-src=\"\"><img decoding=\"async\" src=\"https:\/\/anbanjia.com.cn\/wp-content\/uploads\/2022\/05\/Hb24d43a87959411496c2d079fd08fb9eP.jpg\" data-alt=\"China Supplier lightweight wheelchair portable wheelchair sport\" data-src=\"\"><\/p>\n<p><a href=\"https:\/\/abj-medical.en.alibaba.com\/productgrouplist-804830358\/Manual_wheelchair_Walking_aids.html?spm=a2700.8304367.prup15aafb.7.73152c54ouuwDa\" target=\"_blank\" rel=\"noopener\"><img decoding=\"async\" src=\"https:\/\/anbanjia.com.cn\/wp-content\/uploads\/2022\/05\/HTB1ERWiSFXXXXasXXXXq6xXFXXXw.jpg\" data-alt=\"China Supplier lightweight wheelchair portable wheelchair sport\" data-src=\"\"><\/a><a href=\"https:\/\/abj-medical.en.alibaba.com\/productgrouplist-804871560\/Electric_wheelchair_and_apparatus.html?spm=a2700.8304367.prup15aafb.12.73152c54aI4eoF\" target=\"_blank\" rel=\"noopener\"><img decoding=\"async\" src=\"https:\/\/anbanjia.com.cn\/wp-content\/uploads\/2022\/05\/HTB1TH4ZSFXXXXazXFXXq6xXFXXXm.jpg\" data-alt=\"China Supplier lightweight wheelchair portable wheelchair sport\" data-src=\"\"><\/a><\/p>\n<\/div>\n<\/div>\n<div id=\"ali-anchor-AliPostDhMb-53gwi\" class=\"mceSectionContainer\" style=\"padding-top: 8px;\" data-section=\"AliPostDhMb-53gwi\" data-section-title=\"Company Information\">\n<div id=\"ali-title-AliPostDhMb-53gwi\" style=\"padding: 8px 0; border-bottom: 1px solid #ddd;\"><span style=\"background-color: #ddd; color: #333; font-weight: bold; padding: 8px 10px; line-height: 12px;\">Informations sur la soci\u00e9t\u00e9<\/span><\/div>\n<div style=\"padding: 10px 0;\">\n<p><img decoding=\"async\" src=\"https:\/\/anbanjia.com.cn\/wp-content\/uploads\/2022\/05\/Ha43def8a2df44eac925e2c3ab5a1b97b2.jpg\" data-alt=\"China Supplier lightweight wheelchair portable wheelchair sport\" data-src=\"\"><\/p>\n<\/div>\n<\/div>\n<div id=\"ali-anchor-AliPostDhMb-tdti9\" class=\"mceSectionContainer\" style=\"padding-top: 8px;\" data-section=\"AliPostDhMb-tdti9\" data-section-title=\"Home\">\n<div id=\"ali-title-AliPostDhMb-tdti9\" style=\"padding: 8px 0; border-bottom: 1px solid #ddd;\"><span style=\"background-color: #ddd; color: #333; font-weight: bold; padding: 8px 10px; line-height: 12px;\">Accueil<\/span><\/div>\n<div style=\"padding: 10px 0;\">\n<p><a href=\"https:\/\/abj-medical.en.alibaba.com\/?spm=a2700.8304367.topnav.1.73152c5472OLhq\" target=\"_blank\" rel=\"noopener\"><img decoding=\"async\" src=\"https:\/\/anbanjia.com.cn\/wp-content\/uploads\/2022\/05\/HTB1eq74SpXXXXbRaXXXq6xXFXXXa.jpg\" data-alt=\"China Supplier lightweight wheelchair portable wheelchair sport\" data-src=\"\"><\/a><\/p>\n<\/div>\n<\/div>\n<div id=\"ali-anchor-AliPostDhMb-8t93i\" class=\"mceSectionContainer\" style=\"padding-top: 8px;\" data-section=\"AliPostDhMb-8t93i\" data-section-title=\"Contact information\">\n<div id=\"ali-title-AliPostDhMb-8t93i\" style=\"padding: 8px 0; border-bottom: 1px solid #ddd;\"><span style=\"background-color: #ddd; color: #333; font-weight: bold; padding: 8px 10px; line-height: 12px;\">Informations de contact<\/span><\/div>\n<div style=\"padding: 10px 0;\">\n<p><img decoding=\"async\" src=\"https:\/\/anbanjia.com.cn\/wp-content\/uploads\/2022\/05\/HTB1SbjDoQ9WBuNjSspeq6yz5VXaM.jpg\" data-alt=\"China Supplier lightweight wheelchair portable wheelchair sport\" data-src=\"\"><\/p>\n<\/div>\n<\/div>\n<\/div>\n","protected":false},"excerpt":{"rendered":"<p>&nbsp;<\/p>\n<div style=\"width: auto;\">\n<div style=\"min-width: 300px; max-width: 300px; word-wrap: break-word; float: left;\">Propri\u00e9t\u00e9s : fournitures de th\u00e9rapie de r\u00e9adaptation.<\/div>\n<div style=\"min-width: 300px; max-width: 300px; word-wrap: break-word; float: left;\">Lieu d&rsquo;origine&nbsp;: Guangdong, Chine<\/div>\n<\/div>\n<div style=\"width: auto;\">\n<div style=\"min-width: 300px; max-width: 300px; word-wrap: break-word; float: left;\">Nom de marque:OEM ODM<\/div>\n<div style=\"min-width: 300px; max-width: 300px; word-wrap: break-word; float: left;\">Num\u00e9ro de mod\u00e8le : ABJ-KY723<\/div>\n<\/div>\n<div style=\"width: auto;\">\n<div style=\"min-width: 300px; max-width: 300px; word-wrap: break-word; float: left;\">Type:Fauteuil roulant<\/div>\n<div style=\"min-width: 300px; max-width: 300px; word-wrap: break-word; float: left;\">Mat\u00e9riel:Alliage d&rsquo;aluminium<\/div>\n<\/div>\n","protected":false},"featured_media":12761,"comment_status":"closed","ping_status":"closed","template":"","meta":[],"product_cat":[129],"product_tag":[],"class_list":["post-12886","product","type-product","status-publish","has-post-thumbnail","hentry","product_cat-fauteuil-roulant-de-sport"],"_links":{"self":[{"href":"https:\/\/anbanjia.com.cn\/fr\/wp-json\/wp\/v2\/product\/12886","targetHints":{"allow":["GET"]}}],"collection":[{"href":"https:\/\/anbanjia.com.cn\/fr\/wp-json\/wp\/v2\/product"}],"about":[{"href":"https:\/\/anbanjia.com.cn\/fr\/wp-json\/wp\/v2\/types\/product"}],"replies":[{"embeddable":true,"href":"https:\/\/anbanjia.com.cn\/fr\/wp-json\/wp\/v2\/comments?post=12886"}],"wp:featuredmedia":[{"embeddable":true,"href":"https:\/\/anbanjia.com.cn\/fr\/wp-json\/wp\/v2\/media\/12761"}],"wp:attachment":[{"href":"https:\/\/anbanjia.com.cn\/fr\/wp-json\/wp\/v2\/media?parent=12886"}],"wp:term":[{"taxonomy":"product_cat","embeddable":true,"href":"https:\/\/anbanjia.com.cn\/fr\/wp-json\/wp\/v2\/product_cat?post=12886"},{"taxonomy":"product_tag","embeddable":true,"href":"https:\/\/anbanjia.com.cn\/fr\/wp-json\/wp\/v2\/product_tag?post=12886"}],"curies":[{"name":"wp","href":"https:\/\/api.w.org\/{rel}","templated":true}]}}