{"id":12884,"date":"2022-05-02T18:07:41","date_gmt":"2022-05-02T18:07:41","guid":{"rendered":"https:\/\/www.anbanjia.com.cn\/product\/batteries-de-bicyclette-dequipement-dincapacite-trois-scooter-electrique-de-puissance-de-personnes-agees-de-rouleur-pour-des-personnes\/"},"modified":"2022-05-02T18:07:41","modified_gmt":"2022-05-02T18:07:41","slug":"equipement-handicap-velo-batteries-trois-roues-personnes-agees-alimentation-scooter-electrique-pour-personnes","status":"publish","type":"product","link":"https:\/\/anbanjia.com.cn\/fr\/produit\/equipement-handicap-velo-batteries-trois-roues-personnes-agees-alimentation-scooter-electrique-pour-personnes\/","title":{"rendered":"Batteries de bicyclette d&rsquo;\u00e9quipement d&rsquo;incapacit\u00e9 trois scooter \u00e9lectrique de puissance de personnes \u00e2g\u00e9es de rouleur pour des personnes"},"content":{"rendered":"<div id=\"ali-anchor-AliPostDhMb-ljvh5\" data-section=\"AliPostDhMb-ljvh5\" data-section-title=\"Product Details\">\n<div>\n<p data-spm-anchor-id=\"a2700.wholesale.0.i27.18cf733fy9YxVt\">Trottinette <strong>\u00e9lectrique l\u00e9g\u00e8re \u00e0<\/strong> <strong>bagages<\/strong><\/p>\n<p>&nbsp;<\/p>\n<table border=\"1\">\n<tbody>\n<tr>\n<td>Taille globale<\/td>\n<td>123*57*95<\/td>\n<\/tr>\n<tr>\n<td>Largeur pli\u00e9e<\/td>\n<td>44*36*74<\/td>\n<\/tr>\n<tr>\n<td>Roue arri\u00e8re<\/td>\n<td> PU 9&Prime;<\/td>\n<\/tr>\n<tr>\n<td>NO<\/td>\n<td>29 kg<\/td>\n<\/tr>\n<tr>\n<td>La vitesse<\/td>\n<td>r\u00e9glable 0~8 km\/h<\/td>\n<\/tr>\n<tr>\n<td>batterie<\/td>\n<td>36v<\/td>\n<\/tr>\n<tr>\n<td>Autonomie<\/td>\n<td>20 km<\/td>\n<\/tr>\n<tr>\n<td>Moteur sans balais<\/td>\n<td>300w<\/td>\n<\/tr>\n<\/tbody>\n<\/table>\n<p><img decoding=\"async\" src=\"https:\/\/s.alicdn.com\/@sc02\/kf\/H320d36aee56240d6ae780d4c937332667\/230438700\/H320d36aee56240d6ae780d4c937332667.png?quality=close\" width=\"750\" height=\"526.5\" data-src=\"\/\/s.alicdn.com\/@sc02\/kf\/H320d36aee56240d6ae780d4c937332667\/230438700\/H320d36aee56240d6ae780d4c937332667.png?quality=close\" data-width=\"1000\" data-height=\"702\"><\/p>\n<p>&nbsp;<\/p>\n<p><img decoding=\"async\" src=\"https:\/\/s.alicdn.com\/@sc02\/kf\/Ha75d156a61634f72ad161d86287b9f474\/230438700\/Ha75d156a61634f72ad161d86287b9f474.jpg?quality=close\" alt=\"Disabled Person Three Wheels luggage Electric Mobility Elderly adult Scooter\" width=\"750\" height=\"750\" data-src=\"\/\/s.alicdn.com\/@sc02\/kf\/Ha75d156a61634f72ad161d86287b9f474\/230438700\/Ha75d156a61634f72ad161d86287b9f474.jpg?quality=close\" data-alt=\"Disabled Person Three Wheels luggage Electric Mobility Elderly adult Scooter\"><img decoding=\"async\" src=\"https:\/\/s.alicdn.com\/@sc02\/kf\/Hcee4bb3f38184f4b9c41a454669b61bcT\/230438700\/Hcee4bb3f38184f4b9c41a454669b61bcT.jpg?quality=close\" alt=\"Disabled Person Three Wheels luggage Electric Mobility Elderly adult Scooter\" width=\"540\" height=\"537\" data-src=\"\/\/s.alicdn.com\/@sc02\/kf\/Hcee4bb3f38184f4b9c41a454669b61bcT\/230438700\/Hcee4bb3f38184f4b9c41a454669b61bcT.jpg?quality=close\" data-alt=\"Disabled Person Three Wheels luggage Electric Mobility Elderly adult Scooter\"><img decoding=\"async\" src=\"https:\/\/s.alicdn.com\/@sc01\/kf\/Hf432040824b54944bc49728c0818f8987\/230438700\/Hf432040824b54944bc49728c0818f8987.jpg?quality=close\" alt=\"Disabled Person Three Wheels luggage Electric Mobility Elderly adult Scooter\" width=\"538\" height=\"800\" data-src=\"\/\/s.alicdn.com\/@sc01\/kf\/Hf432040824b54944bc49728c0818f8987\/230438700\/Hf432040824b54944bc49728c0818f8987.jpg?quality=close\" data-alt=\"Disabled Person Three Wheels luggage Electric Mobility Elderly adult Scooter\"><img decoding=\"async\" src=\"https:\/\/s.alicdn.com\/@sc02\/kf\/He58d3983a8e440ddb412dcfac3b423b4p\/230438700\/He58d3983a8e440ddb412dcfac3b423b4p.jpg?quality=close\" alt=\"Disabled Person Three Wheels luggage Electric Mobility Elderly adult Scooter\" width=\"750\" height=\"1060\" data-src=\"\/\/s.alicdn.com\/@sc02\/kf\/He58d3983a8e440ddb412dcfac3b423b4p\/230438700\/He58d3983a8e440ddb412dcfac3b423b4p.jpg?quality=close\" data-alt=\"Disabled Person Three Wheels luggage Electric Mobility Elderly adult Scooter\"><img decoding=\"async\" src=\"https:\/\/s.alicdn.com\/@sc01\/kf\/Hbf97f46ced474b63a57a7e8cbbea6f0dk\/230438700\/Hbf97f46ced474b63a57a7e8cbbea6f0dk.jpg?quality=close\" alt=\"Disabled Person Three Wheels luggage Electric Mobility Elderly adult Scooter\" width=\"750\" height=\"750\" data-src=\"\/\/s.alicdn.com\/@sc01\/kf\/Hbf97f46ced474b63a57a7e8cbbea6f0dk\/230438700\/Hbf97f46ced474b63a57a7e8cbbea6f0dk.jpg?quality=close\" data-alt=\"Disabled Person Three Wheels luggage Electric Mobility Elderly adult Scooter\"><\/p>\n<\/div>\n<\/div>\n<div id=\"ali-anchor-AliPostDhMb-g8zpw\" data-section=\"AliPostDhMb-g8zpw\" data-section-title=\"contact us\">\n<div id=\"ali-title-AliPostDhMb-g8zpw\">Nous contacter<\/div>\n<div>\n<p><a href=\"https:\/\/abj-medical.en.alibaba.com\/contactinfo.html?spm=a2700.8304367.topnav.8.5d239224wxD2sy\" target=\"_blank\" rel=\"noopener\"> <img decoding=\"async\" src=\"https:\/\/s.alicdn.com\/@sc02\/kf\/HTB1E_8LXOLxK1Rjy0Ffq6zYdVXay\/230438700\/HTB1E_8LXOLxK1Rjy0Ffq6zYdVXay.jpg?quality=close\" alt=\"Disabled Person Three Wheels luggage Electric Mobility Elderly adult Scooter\" width=\"750\" height=\"311.25\" data-src=\"\/\/s.alicdn.com\/@sc02\/kf\/HTB1E_8LXOLxK1Rjy0Ffq6zYdVXay\/230438700\/HTB1E_8LXOLxK1Rjy0Ffq6zYdVXay.jpg?quality=close\" data-alt=\"Disabled Person Three Wheels luggage Electric Mobility Elderly adult Scooter\"><\/a><\/p>\n<\/div>\n<\/div>\n<div id=\"ali-anchor-AliPostDhMb-vv6n9\" data-section=\"AliPostDhMb-vv6n9\" data-section-title=\"Product Categories\">\n<div id=\"ali-title-AliPostDhMb-vv6n9\">cat\u00e9gories de produits<\/div>\n<div>\n<p> <a href=\"https:\/\/abj-medical.en.alibaba.com\/productgrouplist-804871560\/Electric_wheelchair_and_apparatus.html?spm=a2700.icbuShop.88.30.704a44ebaAhP4D\" target=\"_blank\" rel=\"noopener\"><img decoding=\"async\" src=\"https:\/\/s.alicdn.com\/@sc02\/kf\/HTB1ERWiSFXXXXasXXXXq6xXFXXXw\/230438700\/HTB1ERWiSFXXXXasXXXXq6xXFXXXw.jpg?quality=close\" alt=\"Disabled Person Three Wheels luggage Electric Mobility Elderly adult Scooter\" width=\"750\" height=\"285\" data-src=\"\/\/s.alicdn.com\/@sc02\/kf\/HTB1ERWiSFXXXXasXXXXq6xXFXXXw\/230438700\/HTB1ERWiSFXXXXasXXXXq6xXFXXXw.jpg?quality=close\" data-alt=\"Disabled Person Three Wheels luggage Electric Mobility Elderly adult Scooter\"><\/a><\/p>\n<\/div>\n<\/div>\n<div id=\"ali-anchor-AliPostDhMb-ub5hb\" data-section=\"AliPostDhMb-ub5hb\" data-section-title=\"certificate\">\n<div id=\"ali-title-AliPostDhMb-ub5hb\">certificat<\/div>\n<div>\n<p><img decoding=\"async\" src=\"https:\/\/s.alicdn.com\/@sc02\/kf\/HTB1Z1olSpXXXXctXXXXq6xXFXXXu\/230438700\/HTB1Z1olSpXXXXctXXXXq6xXFXXXu.jpg?quality=close\" alt=\"Disabled Person Three Wheels luggage Electric Mobility Elderly adult Scooter\" width=\"750\" height=\"365\" data-src=\"\/\/s.alicdn.com\/@sc02\/kf\/HTB1Z1olSpXXXXctXXXXq6xXFXXXu\/230438700\/HTB1Z1olSpXXXXctXXXXq6xXFXXXu.jpg?quality=close\" data-alt=\"Disabled Person Three Wheels luggage Electric Mobility Elderly adult Scooter\"><\/p>\n<\/div>\n<\/div>\n<div id=\"ali-anchor-AliPostDhMb-yhho8\" data-section=\"AliPostDhMb-yhho8\" data-section-title=\"company information\">\n<div id=\"ali-title-AliPostDhMb-yhho8\">Informations sur la soci\u00e9t\u00e9<\/div>\n<div>\n<p><img decoding=\"async\" src=\"https:\/\/s.alicdn.com\/@sc02\/kf\/HTB1HgKPcQ5E3KVjSZFCq6zuzXXay\/230438700\/HTB1HgKPcQ5E3KVjSZFCq6zuzXXay.jpg?quality=close\" width=\"750\" height=\"1100\" data-src=\"\/\/s.alicdn.com\/@sc02\/kf\/HTB1HgKPcQ5E3KVjSZFCq6zuzXXay\/230438700\/HTB1HgKPcQ5E3KVjSZFCq6zuzXXay.jpg?quality=close\"><\/p>\n<\/div>\n<\/div>\n","protected":false},"excerpt":{"rendered":"<p>&nbsp;<\/p>\n<div style=\"width: auto;\">\n<div style=\"min-width: 300px; max-width: 300px; word-wrap: break-word; float: left;\">Propri\u00e9t\u00e9s : fournitures de th\u00e9rapie de r\u00e9adaptation.<\/div>\n<div style=\"min-width: 300px; max-width: 300px; word-wrap: break-word; float: left;\">Lieu d&rsquo;origine&nbsp;: Guangdong, Chine<\/div>\n<\/div>\n<div style=\"width: auto;\">\n<div style=\"min-width: 300px; max-width: 300px; word-wrap: break-word; float: left;\">Num\u00e9ro de mod\u00e8le : LX05<\/div>\n<div style=\"min-width: 300px; max-width: 300px; word-wrap: break-word; float: left;\">Type:Fauteuil roulant<\/div>\n<\/div>\n<div style=\"width: auto;\">\n<div style=\"min-width: 300px; max-width: 300px; word-wrap: break-word; float: left;\">Tension&nbsp;: 48&nbsp;V<\/div>\n<div style=\"min-width: 300px; max-width: 300px; word-wrap: break-word; float: left;\">Pente d&rsquo;escalade : 12\u00b0<\/div>\n<\/div>\n<div style=\"width: auto;\">\n<div style=\"min-width: 300px; max-width: 300px; word-wrap: break-word; float: left;\">Capacit\u00e9 de poids&nbsp;: 130&nbsp;kg<\/div>\n<div style=\"min-width: 300px; max-width: 300px; word-wrap: break-word; float: left;\">Autonomie&nbsp;: 25-35&nbsp;km<\/div>\n<\/div>\n<div style=\"width: auto;\">\n<div style=\"min-width: 300px; max-width: 300px; word-wrap: break-word; float: left;\">Vitesse&nbsp;: r\u00e9glable de 0 \u00e0 8&nbsp;km\/h<\/div>\n<div style=\"min-width: 300px; max-width: 300px; word-wrap: break-word; float: left;\">Largeur pli\u00e9e : 125*58*95<\/div>\n<\/div>\n<div style=\"width: auto;\">\n<div style=\"min-width: 300px; max-width: 300px; word-wrap: break-word; float: left;\">Taille d&#8217;emballage de carton : 82*55*50cm<\/div>\n<div style=\"min-width: 300px; max-width: 300px; word-wrap: break-word; float: left;\">Quantit\u00e9 minimale de commande&nbsp;: 1&nbsp;pi\u00e8ces<\/div>\n<\/div>\n<div>Emballage personnalis\u00e9(Min. Commande : 500 Pi\u00e8ces)<\/div>\n","protected":false},"featured_media":12749,"comment_status":"closed","ping_status":"closed","template":"","meta":[],"product_cat":[117],"product_tag":[],"class_list":["post-12884","product","type-product","status-publish","has-post-thumbnail","hentry","product_cat-trottinette-pour-personnes-agees"],"_links":{"self":[{"href":"https:\/\/anbanjia.com.cn\/fr\/wp-json\/wp\/v2\/product\/12884","targetHints":{"allow":["GET"]}}],"collection":[{"href":"https:\/\/anbanjia.com.cn\/fr\/wp-json\/wp\/v2\/product"}],"about":[{"href":"https:\/\/anbanjia.com.cn\/fr\/wp-json\/wp\/v2\/types\/product"}],"replies":[{"embeddable":true,"href":"https:\/\/anbanjia.com.cn\/fr\/wp-json\/wp\/v2\/comments?post=12884"}],"wp:featuredmedia":[{"embeddable":true,"href":"https:\/\/anbanjia.com.cn\/fr\/wp-json\/wp\/v2\/media\/12749"}],"wp:attachment":[{"href":"https:\/\/anbanjia.com.cn\/fr\/wp-json\/wp\/v2\/media?parent=12884"}],"wp:term":[{"taxonomy":"product_cat","embeddable":true,"href":"https:\/\/anbanjia.com.cn\/fr\/wp-json\/wp\/v2\/product_cat?post=12884"},{"taxonomy":"product_tag","embeddable":true,"href":"https:\/\/anbanjia.com.cn\/fr\/wp-json\/wp\/v2\/product_tag?post=12884"}],"curies":[{"name":"wp","href":"https:\/\/api.w.org\/{rel}","templated":true}]}}