{"id":12882,"date":"2022-05-02T18:07:38","date_gmt":"2022-05-02T18:07:38","guid":{"rendered":"https:\/\/www.anbanjia.com.cn\/product\/joystick-moteur-a-courant-continu-handicape-fauteuil-roulant-electrique-leger-pliant-avec-batteries-de-fauteuil-roulant-electrique\/"},"modified":"2022-05-02T18:07:38","modified_gmt":"2022-05-02T18:07:38","slug":"joystick-moteur-cc-handicape-pliant-fauteuil-roulant-electrique-leger-avec-batteries-pour-fauteuil-roulant-electrique","status":"publish","type":"product","link":"https:\/\/anbanjia.com.cn\/fr\/produit\/joystick-moteur-cc-handicape-pliant-fauteuil-roulant-electrique-leger-avec-batteries-pour-fauteuil-roulant-electrique\/","title":{"rendered":"Joystick moteur \u00e0 courant continu handicap\u00e9 fauteuil roulant \u00e9lectrique l\u00e9ger pliant avec batteries de fauteuil roulant \u00e9lectrique"},"content":{"rendered":"<div style=\"max-width: 750px; margin: 0 auto;\">\n<div id=\"detail_decorate_root\" data-magic-global=\"%7B%22bizId%22%3A3215165050%2C%22pageId%22%3A5053471780%2C%22siteId%22%3A5005610021%7D\">\n<div class=\"J_module\">\n<div class=\"icbu-pc-images magic-1\">\n<div class=\"flex-layout-v\">\n<div class=\"flex-layout-h magic-1\">\n<div class=\"magic-2\">\n<div class=\"J_module\">\n<div id=\"ali-anchor-AliMagic-fdatqr\" class=\"magic-0\" data-section=\"AliMagic-fdatqr\" data-section-title=\"Product Description\" data-spm-anchor-id=\"a2700.details.0.i21.54924a987BHb07\">Description du produit<\/div>\n<\/div>\n<div class=\"J_module\">\n<div class=\"ife-detail-decorate-table\">\n<table class=\"has-title hight-light-first-column all magic-4\">\n<tbody>\n<tr>\n<td colspan=\"1\" rowspan=\"1\">\n<div class=\"magic-5\">\n<div class=\"magic-6\">Mat\u00e9riel<\/div>\n<\/div>\n<\/td>\n<td colspan=\"1\" rowspan=\"1\">\n<div class=\"magic-7\">\n<div class=\"magic-6\">Alliage de magn\u00e9sium<\/div>\n<\/div>\n<\/td>\n<\/tr>\n<tr>\n<td colspan=\"1\" rowspan=\"1\">\n<div class=\"magic-8\">\n<div class=\"magic-6\" data-spm-anchor-id=\"a2700.pc-decorate.0.i51.114a3333HRlOhS\">Taille totale<\/div>\n<\/div>\n<\/td>\n<td colspan=\"1\" rowspan=\"1\">\n<div class=\"magic-9\">\n<div class=\"magic-6\">105*64*87 cm<\/div>\n<\/div>\n<\/td>\n<\/tr>\n<tr>\n<td colspan=\"1\" rowspan=\"1\">\n<div class=\"magic-8\">\n<div class=\"magic-6\" data-spm-anchor-id=\"a2700.pc-decorate.0.i56.114a3333HRlOhS\">Largeur d&rsquo;assise<\/div>\n<\/div>\n<\/td>\n<td colspan=\"1\" rowspan=\"1\">\n<div class=\"magic-9\">\n<div class=\"magic-6\">44cm<\/div>\n<\/div>\n<\/td>\n<\/tr>\n<tr>\n<td colspan=\"1\" rowspan=\"1\">\n<div class=\"magic-8\">\n<div class=\"magic-6\">Hauteur de la poign\u00e9e<\/div>\n<\/div>\n<\/td>\n<td colspan=\"1\" rowspan=\"1\">\n<div class=\"magic-9\">\n<div class=\"magic-6\">21cm<\/div>\n<\/div>\n<\/td>\n<\/tr>\n<tr>\n<td colspan=\"1\" rowspan=\"1\">\n<div class=\"magic-8\">\n<div class=\"magic-6\">Roue avant<\/div>\n<\/div>\n<\/td>\n<td colspan=\"1\" rowspan=\"1\">\n<div class=\"magic-9\">\n<div class=\"magic-6\" data-spm-anchor-id=\"a2700.pc-decorate.0.i58.114a3333HRlOhS\">12 pouces<\/div>\n<\/div>\n<\/td>\n<\/tr>\n<tr>\n<td colspan=\"1\" rowspan=\"1\">\n<div class=\"magic-8\">\n<div class=\"magic-6\">Temps de charge<\/div>\n<\/div>\n<\/td>\n<td colspan=\"1\" rowspan=\"1\">\n<div class=\"magic-9\">\n<div class=\"magic-6\">4-5 heures<\/div>\n<\/div>\n<\/td>\n<\/tr>\n<tr>\n<td colspan=\"1\" rowspan=\"1\">\n<div class=\"magic-8\">\n<div class=\"magic-6\">Hauteur d&rsquo;escalade<\/div>\n<\/div>\n<\/td>\n<td colspan=\"1\" rowspan=\"1\">\n<div class=\"magic-9\">\n<div class=\"magic-6\">20\u00b0<\/div>\n<\/div>\n<\/td>\n<\/tr>\n<tr>\n<td colspan=\"1\" rowspan=\"1\">\n<div class=\"magic-8\">\n<div class=\"magic-6\">Batterie<\/div>\n<\/div>\n<\/td>\n<td colspan=\"1\" rowspan=\"1\">\n<div class=\"magic-9\">\n<div class=\"magic-6\">8.7AH<\/div>\n<\/div>\n<\/td>\n<\/tr>\n<tr>\n<td colspan=\"1\" rowspan=\"1\">\n<div class=\"magic-8\">\n<div class=\"magic-6\">NO<\/div>\n<\/div>\n<\/td>\n<td colspan=\"1\" rowspan=\"1\">\n<div class=\"magic-9\">\n<div class=\"magic-6\">16,5 kg<\/div>\n<\/div>\n<\/td>\n<\/tr>\n<\/tbody>\n<\/table>\n<\/div>\n<\/div>\n<div class=\"J_module\">\n<div id=\"ali-anchor-AliMagic-75vo32\" class=\"magic-0\" data-section=\"AliMagic-75vo32\" data-section-title=\"Detailed Images\">Images d\u00e9taill\u00e9es<\/div>\n<\/div>\n<div class=\"J_module\">\n<div class=\"icbu-pc-detailManyImage magic-10\">\n<div class=\"magic-11\"><img decoding=\"async\" class=\"magic-12\" src=\"https:\/\/s.alicdn.com\/@sc04\/kf\/Hb028fc3679164f9fab429cc71e89fd47n\/230438700\/Hb028fc3679164f9fab429cc71e89fd47n.png?quality=close\" data-src=\"\/\/s.alicdn.com\/@sc04\/kf\/Hb028fc3679164f9fab429cc71e89fd47n\/230438700\/Hb028fc3679164f9fab429cc71e89fd47n.png?quality=close\"><\/div>\n<div class=\"magic-11\"><img decoding=\"async\" class=\"magic-12\" src=\"https:\/\/s.alicdn.com\/@sc04\/kf\/Hb4aa01e7a1564b41a1891aa3ac10f372p\/230438700\/Hb4aa01e7a1564b41a1891aa3ac10f372p.png?quality=close\" data-src=\"\/\/s.alicdn.com\/@sc04\/kf\/Hb4aa01e7a1564b41a1891aa3ac10f372p\/230438700\/Hb4aa01e7a1564b41a1891aa3ac10f372p.png?quality=close\"><\/div>\n<div class=\"magic-11\"><img decoding=\"async\" class=\"magic-12\" src=\"https:\/\/s.alicdn.com\/@sc04\/kf\/H3ecb048efac846a1983b382339c976247\/230438700\/H3ecb048efac846a1983b382339c976247.png?quality=close\" data-src=\"\/\/s.alicdn.com\/@sc04\/kf\/H3ecb048efac846a1983b382339c976247\/230438700\/H3ecb048efac846a1983b382339c976247.png?quality=close\"><\/div>\n<div class=\"magic-11\"><img decoding=\"async\" class=\"magic-12\" src=\"https:\/\/s.alicdn.com\/@sc04\/kf\/H669940d83dea4073839839b5eb15389bz\/230438700\/H669940d83dea4073839839b5eb15389bz.png?quality=close\" data-src=\"\/\/s.alicdn.com\/@sc04\/kf\/H669940d83dea4073839839b5eb15389bz\/230438700\/H669940d83dea4073839839b5eb15389bz.png?quality=close\"><\/div>\n<div class=\"magic-11\"><img decoding=\"async\" class=\"magic-12\" src=\"https:\/\/s.alicdn.com\/@sc04\/kf\/H782dfbd8127e40028771a00138a81e02Z\/230438700\/H782dfbd8127e40028771a00138a81e02Z.png?quality=close\" data-src=\"\/\/s.alicdn.com\/@sc04\/kf\/H782dfbd8127e40028771a00138a81e02Z\/230438700\/H782dfbd8127e40028771a00138a81e02Z.png?quality=close\"><\/div>\n<div class=\"magic-11\"><img decoding=\"async\" class=\"magic-12\" src=\"https:\/\/s.alicdn.com\/@sc04\/kf\/Heac0c5daaea947b9bfdc109bb21a1065B\/230438700\/Heac0c5daaea947b9bfdc109bb21a1065B.png?quality=close\" data-src=\"\/\/s.alicdn.com\/@sc04\/kf\/Heac0c5daaea947b9bfdc109bb21a1065B\/230438700\/Heac0c5daaea947b9bfdc109bb21a1065B.png?quality=close\"><\/div>\n<div class=\"magic-11\"><img decoding=\"async\" class=\"magic-12\" src=\"https:\/\/s.alicdn.com\/@sc04\/kf\/H940c4046e5ff4fd483cedfb2a6cabd878\/230438700\/H940c4046e5ff4fd483cedfb2a6cabd878.png?quality=close\" data-src=\"\/\/s.alicdn.com\/@sc04\/kf\/H940c4046e5ff4fd483cedfb2a6cabd878\/230438700\/H940c4046e5ff4fd483cedfb2a6cabd878.png?quality=close\"><\/div>\n<div class=\"magic-11\"><img decoding=\"async\" class=\"magic-12\" src=\"https:\/\/s.alicdn.com\/@sc04\/kf\/Hcd210f0cafb34cf290787be757220a62R\/230438700\/Hcd210f0cafb34cf290787be757220a62R.png?quality=close\" data-src=\"\/\/s.alicdn.com\/@sc04\/kf\/Hcd210f0cafb34cf290787be757220a62R\/230438700\/Hcd210f0cafb34cf290787be757220a62R.png?quality=close\"><\/div>\n<\/div>\n<\/div>\n<\/div>\n<div class=\"magic-4\"><\/div>\n<div class=\"magic-4\"><\/div>\n<div class=\"magic-4\"><\/div>\n<\/div>\n<\/div>\n<\/div>\n<\/div>\n<\/div>\n<\/div>\n","protected":false},"excerpt":{"rendered":"<p>&nbsp;<\/p>\n<div style=\"width: auto;\">\n<div style=\"min-width: 300px; max-width: 300px; word-wrap: break-word; float: left;\">Propri\u00e9t\u00e9s : fournitures de th\u00e9rapie de r\u00e9adaptation.<\/div>\n<div style=\"min-width: 300px; max-width: 300px; word-wrap: break-word; float: left;\">Lieu d&rsquo;origine&nbsp;: Guangdong, Chine<\/div>\n<\/div>\n<div style=\"width: auto;\">\n<div style=\"min-width: 300px; max-width: 300px; word-wrap: break-word; float: left;\">Num\u00e9ro de mod\u00e8le&nbsp;: ABJ-130A<\/div>\n<div style=\"min-width: 300px; max-width: 300px; word-wrap: break-word; float: left;\">Type:Fauteuil roulant<\/div>\n<\/div>\n<div style=\"width: auto;\">\n<div style=\"min-width: 300px; max-width: 300px; word-wrap: break-word; float: left;\">Mat\u00e9riau : alliage de magn\u00e9sium<\/div>\n<div style=\"min-width: 300px; max-width: 300px; word-wrap: break-word; float: left;\">Largeur d&rsquo;assise : 44 cm<\/div>\n<\/div>\n<div style=\"width: auto;\">\n<div style=\"min-width: 300px; max-width: 300px; word-wrap: break-word; float: left;\">Hauteur du manche : 21 cm<\/div>\n<div style=\"min-width: 300px; max-width: 300px; word-wrap: break-word; float: left;\">Roue avant : 12 pouces<\/div>\n<\/div>\n<div style=\"width: auto;\">\n<div style=\"min-width: 300px; max-width: 300px; word-wrap: break-word; float: left;\">Temps de charge : 4-5 heures<\/div>\n<div style=\"min-width: 300px; max-width: 300px; word-wrap: break-word; float: left;\">Hauteur d&rsquo;escalade : 20\u00b0<\/div>\n<\/div>\n<div style=\"width: auto;\">\n<div style=\"min-width: 300px; max-width: 300px; word-wrap: break-word; float: left;\">NO&nbsp;: 16,5&nbsp;KG<\/div>\n<div style=\"min-width: 300px; max-width: 300px; word-wrap: break-word; float: left;\">batterie: 8.7ah<\/div>\n<\/div>\n<div>Emballage personnalis\u00e9(Min. Commande : 100 pi\u00e8ces)<\/div>\n","protected":false},"featured_media":8406,"comment_status":"closed","ping_status":"closed","template":"","meta":[],"product_cat":[128],"product_tag":[],"class_list":["post-12882","product","type-product","status-publish","has-post-thumbnail","hentry","product_cat-fauteuil-roulant-electrique"],"_links":{"self":[{"href":"https:\/\/anbanjia.com.cn\/fr\/wp-json\/wp\/v2\/product\/12882","targetHints":{"allow":["GET"]}}],"collection":[{"href":"https:\/\/anbanjia.com.cn\/fr\/wp-json\/wp\/v2\/product"}],"about":[{"href":"https:\/\/anbanjia.com.cn\/fr\/wp-json\/wp\/v2\/types\/product"}],"replies":[{"embeddable":true,"href":"https:\/\/anbanjia.com.cn\/fr\/wp-json\/wp\/v2\/comments?post=12882"}],"wp:featuredmedia":[{"embeddable":true,"href":"https:\/\/anbanjia.com.cn\/fr\/wp-json\/wp\/v2\/media\/8406"}],"wp:attachment":[{"href":"https:\/\/anbanjia.com.cn\/fr\/wp-json\/wp\/v2\/media?parent=12882"}],"wp:term":[{"taxonomy":"product_cat","embeddable":true,"href":"https:\/\/anbanjia.com.cn\/fr\/wp-json\/wp\/v2\/product_cat?post=12882"},{"taxonomy":"product_tag","embeddable":true,"href":"https:\/\/anbanjia.com.cn\/fr\/wp-json\/wp\/v2\/product_tag?post=12882"}],"curies":[{"name":"wp","href":"https:\/\/api.w.org\/{rel}","templated":true}]}}