{"id":12881,"date":"2022-05-02T18:07:37","date_gmt":"2022-05-02T18:07:37","guid":{"rendered":"https:\/\/www.anbanjia.com.cn\/product\/fauteuil-roulant-electrique-pliant-leger-et-moderne-karma-pour-personnes-agees\/"},"modified":"2022-05-02T18:07:37","modified_gmt":"2022-05-02T18:07:37","slug":"karma-modern-leger-pliant-fauteuil-roulant-electrique-pour-personnes-agees","status":"publish","type":"product","link":"https:\/\/anbanjia.com.cn\/fr\/produit\/karma-modern-leger-pliant-fauteuil-roulant-electrique-pour-personnes-agees\/","title":{"rendered":"Fauteuil roulant \u00e9lectrique pliant l\u00e9ger et moderne Karma pour personnes \u00e2g\u00e9es"},"content":{"rendered":"<div style=\"max-width: 750px; margin: 0 auto;\">\n<p style=\"text-align: center;\"><span style=\"color: #0000ff;\"><strong><span style=\"font-size: 32px;\">Fauteuil roulant \u00e9lectrique pliant l\u00e9ger et moderne Karma pour personnes \u00e2g\u00e9es<\/span><\/strong><\/span><\/p>\n<p style=\"text-align: center;\"><span style=\"font-size: 10px; font-family: 'times new roman', times;\"><strong><img decoding=\"async\" style=\"max-width: 750;\" src=\"https:\/\/anbanjia.com.cn\/wp-content\/uploads\/2022\/05\/HTB1U9nyiXooBKNjSZPhq6A2CXXaS.jpg\" data-alt=\"Karma Modern Lightweight Folding Electric Wheelchair For Elderly\" data-height=\"526\" data-src=\"\" data-width=\"1194\"><\/strong><\/span><\/p>\n<p style=\"text-align: left;\"><em><span style=\"font-size: 32px; font-family: 'times new roman', times;\"><span style=\"font-family: 'times new roman', times;\"><span style=\"background-color: #ffcc99;\"><strong>Description du produit <\/strong><\/span><\/span><\/span><\/em><\/p>\n<table style=\"color: #000000; font-family: Arial; font-size: 12px; font-style: normal; font-weight: normal; line-height: normal; border-collapse: collapse; width: 700px; height: 384px; background-color: #ffffff;\" border=\"1\">\n<tbody>\n<tr style=\"height: 32px;\">\n<td style=\"font-family: Verdana, Arial, Helvetica, sans-serif; font-size: 12px; color: #000000; margin: 8px; width: 269px; height: 32px; text-align: center;\"><strong>Nom du produit<\/strong><\/td>\n<td style=\"font-family: Verdana, Arial, Helvetica, sans-serif; font-size: 12px; color: #000000; margin: 8px; width: 426px; height: 32px; text-align: center;\">Fauteuil roulant \u00e9lectrique pliant l\u00e9ger et moderne Karma pour personnes \u00e2g\u00e9es<\/td>\n<\/tr>\n<tr style=\"height: 32px;\">\n<td style=\"font-family: Verdana, Arial, Helvetica, sans-serif; font-size: 12px; color: #000000; margin: 8px; width: 269px; height: 32px; text-align: center;\"><strong>Article<\/strong><\/td>\n<td style=\"font-family: Verdana, Arial, Helvetica, sans-serif; font-size: 12px; color: #000000; margin: 8px; width: 426px; height: 32px; text-align: center;\">ABJ-541<\/td>\n<\/tr>\n<tr style=\"height: 31px;\">\n<td style=\"font-family: Verdana, Arial, Helvetica, sans-serif; font-size: 12px; color: #000000; margin: 8px; width: 269px; height: 31px; text-align: center;\"><strong>Taille pli\u00e9e<\/strong><\/td>\n<td style=\"font-family: Verdana, Arial, Helvetica, sans-serif; font-size: 12px; color: #000000; margin: 8px; width: 426px; height: 31px; text-align: center;\">\n<p style=\"margin: 0px; padding: 0px;\">730*250*250mm<\/p>\n<\/td>\n<\/tr>\n<tr style=\"height: 31px;\">\n<td style=\"font-family: Verdana, Arial, Helvetica, sans-serif; font-size: 12px; color: #000000; margin: 8px; width: 269px; height: 31px; text-align: center;\"><strong>Taille globale<\/strong><\/td>\n<td style=\"font-family: Verdana, Arial, Helvetica, sans-serif; font-size: 12px; color: #000000; margin: 8px; width: 426px; height: 31px; text-align: center;\">850*570*930mm<\/td>\n<\/tr>\n<tr style=\"height: 32px;\">\n<td style=\"font-family: Verdana, Arial, Helvetica, sans-serif; font-size: 12px; color: #000000; margin: 8px; width: 269px; height: 32px; text-align: center;\"><strong>Mat\u00e9riel<\/strong><\/td>\n<td style=\"font-family: Verdana, Arial, Helvetica, sans-serif; font-size: 12px; color: #000000; margin: 8px; width: 426px; height: 32px; text-align: center;\">Alliage d&rsquo;aluminium<\/td>\n<\/tr>\n<tr style=\"height: 32px;\">\n<td style=\"font-family: Verdana, Arial, Helvetica, sans-serif; font-size: 12px; color: #000000; margin: 8px; width: 269px; height: 32px; text-align: center;\"><strong>Longueur de pliage<\/strong><\/td>\n<td style=\"font-family: Verdana, Arial, Helvetica, sans-serif; font-size: 12px; color: #000000; margin: 8px; width: 426px; height: 32px; text-align: center;\">76cm<\/td>\n<\/tr>\n<tr style=\"height: 32px;\">\n<td style=\"font-family: Verdana, Arial, Helvetica, sans-serif; font-size: 12px; color: #000000; margin: 8px; width: 269px; height: 32px; text-align: center;\"><strong>Poids net<\/strong><\/td>\n<td style=\"font-family: Verdana, Arial, Helvetica, sans-serif; font-size: 12px; color: #000000; margin: 8px; width: 426px; height: 32px; text-align: center;\">7,8&nbsp;kg<\/td>\n<\/tr>\n<tr style=\"height: 33px;\">\n<td style=\"font-family: Verdana, Arial, Helvetica, sans-serif; font-size: 12px; color: #000000; margin: 8px; width: 269px; height: 33px; text-align: center;\"><strong>Capacit\u00e9<\/strong><\/td>\n<td style=\"font-family: Verdana, Arial, Helvetica, sans-serif; font-size: 12px; color: #000000; margin: 8px; width: 426px; height: 33px; text-align: center;\">113 kg<\/td>\n<\/tr>\n<tr style=\"height: 33px;\">\n<td style=\"font-family: Verdana, Arial, Helvetica, sans-serif; font-size: 12px; color: #000000; margin: 8px; width: 269px; height: 33px; text-align: center;\"><strong>Profondeur du si\u00e8ge<\/strong><\/td>\n<td style=\"font-family: Verdana, Arial, Helvetica, sans-serif; font-size: 12px; color: #000000; margin: 8px; width: 426px; height: 33px; text-align: center;\">420mm<\/td>\n<\/tr>\n<\/tbody>\n<\/table>\n<p style=\"text-align: center;\"><span style=\"font-size: 10px; font-family: 'times new roman', times;\"><strong><img decoding=\"async\" src=\"https:\/\/anbanjia.com.cn\/wp-content\/uploads\/2022\/05\/HTB1MHqTxH1YBuNjSszh763UsFXa7.jpg\" data-alt=\"Karma Modern Lightweight Folding Electric Wheelchair For Elderly\" data-src=\"\"><\/strong><\/span><\/p>\n<p style=\"text-align: left;\"><em><span style=\"font-size: 32px; font-family: 'times new roman', times; background-color: #ffcc99;\"><strong>caract\u00e9ristiques du produit <\/strong><\/span><\/em><\/p>\n<p style=\"text-align: left;\"><span style=\"font-size: 10px; background-color: #000000;\"><em><span style=\"font-family: 'times new roman', times;\"><strong><img decoding=\"async\" style=\"display: block; margin-left: auto; margin-right: auto;\" src=\"https:\/\/anbanjia.com.cn\/wp-content\/uploads\/2022\/05\/HTB12j1apwKTBuNkSne1761JoXXa6.jpg\" data-alt=\"Karma Modern Lightweight Folding Electric Wheelchair For Elderly\" data-height=\"538\" data-src=\"\" data-width=\"709\"><\/strong><\/span><\/em><\/span><\/p>\n<p style=\"text-align: center;\">\n<div>\n<div>\n<div>\n<div id=\"trans_result\">\n<div id=\"res_con\">\n<div>\n<ul>\n<li><span style=\"font-size: 18px; font-family: arial, helvetica, sans-serif;\">Conception ultra-l\u00e9g\u00e8re<\/span><\/li>\n<li><span style=\"font-size: 18px; font-family: arial, helvetica, sans-serif;\">Atteindre le plus l\u00e9ger en m\u00eame temps pour assurer des performances de s\u00e9curit\u00e9 extr\u00eamement \u00e9lev\u00e9es.<\/span><\/li>\n<li><span style=\"font-size: 18px; font-family: arial, helvetica, sans-serif;\">Pliable de petite taille, facile \u00e0 transporter<\/span><\/li>\n<li><span style=\"font-size: 18px; font-family: arial, helvetica, sans-serif;\">Bo\u00eete de p\u00f4le de traction en option, le voyage n&rsquo;occupe pas d&rsquo;espace<\/span><\/li>\n<li><span style=\"font-size: 18px; font-family: arial, helvetica, sans-serif;\">Pneus en caoutchouc antid\u00e9rapants non gonflables, vous n&rsquo;avez donc pas besoin de gonfler, ne craignez pas le pneu.<\/span><\/li>\n<\/ul>\n<\/div>\n<\/div>\n<\/div>\n<\/div>\n<\/div>\n<\/div>\n<p style=\"text-align: left;\"><span style=\"font-family: 'times new roman', times;\"><em><span style=\"font-size: 32px; background-color: #ffcc99;\"><strong>d\u00e9tails du produit <\/strong><\/span><\/em><\/span><\/p>\n<p style=\"text-align: center;\"><img decoding=\"async\" src=\"https:\/\/anbanjia.com.cn\/wp-content\/uploads\/2022\/05\/HTB1Rb_lXhvEK1JjSZFPq6zWYpXaP.jpg\" data-alt=\"Karma Modern Lightweight Folding Electric Wheelchair For Elderly\" data-height=\"1312\" data-src=\"\" data-width=\"701\"><\/p>\n<p style=\"text-align: center;\"><span style=\"font-size: 10px; font-family: 'times new roman', times;\"><strong><img decoding=\"async\" src=\"https:\/\/anbanjia.com.cn\/wp-content\/uploads\/2022\/05\/HTB1k2vkXdHEK1JjSZFGq6AjVFXar.jpg\" data-alt=\"Karma Modern Lightweight Folding Electric Wheelchair For Elderly\" data-height=\"703\" data-src=\"\" data-width=\"703\"><\/strong><\/span><\/p>\n<p style=\"text-align: center;\"><span style=\"font-size: 10px; font-family: 'times new roman', times;\"><strong><img decoding=\"async\" src=\"https:\/\/anbanjia.com.cn\/wp-content\/uploads\/2022\/05\/HTB1_WjkXcPEK1JjSZFEq6yA3XXa1.jpg\" data-alt=\"Karma Modern Lightweight Folding Electric Wheelchair For Elderly\" data-height=\"615\" data-src=\"\" data-width=\"704\"><img decoding=\"async\" src=\"https:\/\/anbanjia.com.cn\/wp-content\/uploads\/2022\/05\/HTB1InflXg2DK1JjSZFKq6yYgVXaW.jpg\" data-alt=\"Karma Modern Lightweight Folding Electric Wheelchair For Elderly\" data-height=\"962\" data-src=\"\" data-width=\"704\"><\/strong><\/span><\/p>\n<p style=\"text-align: center;\"><span style=\"font-size: 10px; font-family: 'times new roman', times;\"><strong><img decoding=\"async\" src=\"https:\/\/anbanjia.com.cn\/wp-content\/uploads\/2022\/05\/HTB1sJjqXhDBK1JjSZFxq6xHlFXay.jpg\" data-alt=\"Karma Modern Lightweight Folding Electric Wheelchair For Elderly\" data-height=\"116\" data-src=\"\" data-width=\"724\"><\/strong><\/span><\/p>\n<p style=\"text-align: left;\"><em><span style=\"font-size: 32px; font-family: 'times new roman', times; background-color: #ffcc99;\"><strong>Atelier d&rsquo;usine <\/strong><\/span><\/em><em><span style=\"font-size: 32px; font-family: 'times new roman', times; background-color: #ffcc99;\"><strong>                                                 <\/strong><\/span><\/em><\/p>\n<p><span style=\"font-size: 18px;\"><span style=\"margin: 0px; padding: 0px; border: 0px; font-style: normal; font-weight: normal; line-height: 27px; font-family: Arial, Helvetica; vertical-align: baseline; color: #333333; text-align: left; float: none; display: inline !important; background-color: #ffffff;\">En tant que fournisseur professionnel et leader d&rsquo;\u00e9quipements m\u00e9dicaux,<\/span> <strong>ABJ<\/strong> <span style=\"margin: 0px; padding: 0px; border: 0px; font-style: normal; font-weight: normal; line-height: 27px; font-family: Arial, Helvetica; vertical-align: baseline; color: #333333; text-align: left; float: none; display: inline !important; background-color: #ffffff;\">fournit de nombreux produits de fauteuils roulants de haute qualit\u00e9 \u00e0 la majorit\u00e9 des clients, ce qui r\u00e9pond \u00e0 leurs exigences.<\/span><\/span><\/p>\n<p><span style=\"font-size: 14px;\"><img decoding=\"async\" src=\"https:\/\/anbanjia.com.cn\/wp-content\/uploads\/2022\/05\/HTB1hlt2pcuYBuNkSmRyq6AA3pXaM.jpg\" data-alt=\"Karma Modern Lightweight Folding Electric Wheelchair For Elderly\" data-height=\"250\" data-src=\"\" data-width=\"818\"><\/span><\/p>\n<p style=\"text-align: center;\"><span style=\"font-size: 10px; font-family: 'times new roman', times;\"><strong><img decoding=\"async\" src=\"https:\/\/anbanjia.com.cn\/wp-content\/uploads\/2022\/05\/HTB1chzdxuOSBuNjy0Fdq6zDnVXa7.jpg\" data-alt=\"Karma Modern Lightweight Folding Electric Wheelchair For Elderly\" data-height=\"383\" data-src=\"\" data-width=\"814\"><\/strong><\/span><\/p>\n<p style=\"box-sizing: content-box; margin: 0px; padding: 0px; border: 0px; font-style: normal; font-weight: normal; font-size: 12px; line-height: 18px; font-family: Arial,Helvetica; vertical-align: baseline; color: #333333;\"><strong><span style=\"box-sizing: content-box; margin: 0px; padding: 0px; border: 0px; font-style: inherit; font-weight: inherit; font-size: 18px; line-height: 27px; font-family: arial, helvetica, sans-serif; vertical-align: baseline;\">\u00c0 propos de nous:<\/span><\/strong><\/p>\n<p style=\"box-sizing: content-box; margin: 0px; padding: 0px; border: 0px; font-style: normal; font-weight: normal; font-size: 12px; line-height: 18px; font-family: Arial,Helvetica; vertical-align: baseline; color: #333333;\"><span style=\"box-sizing: content-box; margin: 0px; padding: 0px; border: 0px; font-style: inherit; font-weight: inherit; font-size: 18px; line-height: 27px; font-family: arial, helvetica, sans-serif; vertical-align: baseline;\">1. Plus de commande, plus de remise, prix comp\u00e9titif&nbsp;!<\/span><\/p>\n<p style=\"box-sizing: content-box; margin: 0px; padding: 0px; border: 0px; font-style: normal; font-weight: normal; font-size: 12px; line-height: 18px; font-family: Arial,Helvetica; vertical-align: baseline; color: #333333;\"><span style=\"box-sizing: content-box; margin: 0px; padding: 0px; border: 0px; font-style: inherit; font-weight: inherit; font-size: 18px; line-height: 27px; font-family: arial, helvetica, sans-serif; vertical-align: baseline;\">2. Bienvenue \u00e0 nous contacter pour obtenir un meilleur prix&nbsp;!<\/span><\/p>\n<p style=\"box-sizing: content-box; margin: 0px; padding: 0px; border: 0px; font-style: normal; font-weight: normal; font-size: 12px; line-height: 18px; font-family: Arial,Helvetica; vertical-align: baseline; color: #333333;\"><span style=\"box-sizing: content-box; margin: 0px; padding: 0px; border: 0px; font-style: inherit; font-weight: inherit; font-size: 18px; line-height: 27px; font-family: arial, helvetica, sans-serif; vertical-align: baseline;\">3.Bon service, livraison rapide, et nous valons la peine d&rsquo;\u00eatre dignes de confiance.<\/span><\/p>\n<p style=\"box-sizing: content-box; margin: 0px; padding: 0px; border: 0px; font-style: normal; font-weight: normal; font-size: 12px; line-height: 18px; font-family: Arial,Helvetica; vertical-align: baseline; color: #333333;\"><span style=\"box-sizing: content-box; margin: 0px; padding: 0px; border: 0px; font-style: inherit; font-weight: inherit; font-size: 18px; line-height: 27px; font-family: arial, helvetica, sans-serif; vertical-align: baseline;\">4. Nous pouvons vous garantir que vous serez satisfait de nos produits.<\/span><\/p>\n<p style=\"box-sizing: content-box; margin: 0px; padding: 0px; border: 0px; font-style: normal; font-weight: normal; font-size: 12px; line-height: 18px; font-family: Arial,Helvetica; vertical-align: baseline; color: #333333;\"><span style=\"box-sizing: content-box; margin: 0px; padding: 0px; border: 0px; font-style: inherit; font-weight: inherit; font-size: 18px; line-height: 27px; font-family: arial, helvetica, sans-serif; vertical-align: baseline;\">5. Nous traitons les clients comme des amis et vous offrons un service consid\u00e9rable.<\/span><\/p>\n<p style=\"box-sizing: content-box; margin: 0px; padding: 0px; border: 0px; font-style: normal; font-weight: normal; font-size: 12px; line-height: 18px; font-family: Arial,Helvetica; vertical-align: baseline; color: #333333;\"><span style=\"box-sizing: content-box; margin: 0px; padding: 0px; border: 0px; font-style: inherit; font-weight: inherit; font-size: 18px; line-height: 27px; font-family: arial, helvetica, sans-serif; vertical-align: baseline;\"> <\/span><\/p>\n<p style=\"box-sizing: content-box; margin: 0px; padding: 0px; border: 0px; font-style: normal; font-weight: normal; font-size: 12px; line-height: 18px; font-family: Arial,Helvetica; vertical-align: baseline; color: #333333;\"><span style=\"font-size: 32px; font-family: 'times new roman', times;\"><strong><span style=\"box-sizing: content-box; margin: 0px; padding: 0px; border: 0px; font-style: inherit; line-height: 27px; vertical-align: baseline; background-color: #ffcc99;\"><em>Emballage et livraison<\/em>                                                     <\/span><\/strong><\/span><\/p>\n<p style=\"box-sizing: content-box; margin: 0px; padding: 0px; border: 0px; font-style: normal; font-weight: normal; font-size: 12px; line-height: 18px; font-family: Arial,Helvetica; vertical-align: baseline; color: #333333;\"><span style=\"box-sizing: content-box; margin: 0px; padding: 0px; border: 0px; font-style: inherit; font-weight: inherit; font-size: 18px; line-height: 27px; font-family: arial, helvetica, sans-serif; vertical-align: baseline;\"><img decoding=\"async\" src=\"https:\/\/anbanjia.com.cn\/wp-content\/uploads\/2022\/05\/HTB1YtKkdGmWQ1JjSZPhq6xCJFXag.jpg\" data-alt=\"Karma Modern Lightweight Folding Electric Wheelchair For Elderly\" data-height=\"386\" data-src=\"\" data-width=\"386\"> <img decoding=\"async\" src=\"https:\/\/anbanjia.com.cn\/wp-content\/uploads\/2022\/05\/HTB1MS1WxHSYBuNjSspiq6xNzpXae.jpg\" data-alt=\"Karma Modern Lightweight Folding Electric Wheelchair For Elderly\" data-height=\"381\" data-src=\"\" data-width=\"286\"><\/span><\/p>\n<p style=\"box-sizing: content-box; margin: 0px; padding: 0px; border: 0px; font-style: normal; font-weight: normal; font-size: 12px; line-height: 18px; font-family: Arial,Helvetica; vertical-align: baseline; color: #333333;\"><span style=\"font-size: 18px; font-family: arial, helvetica, sans-serif;\">Tous les produits doivent \u00eatre inspect\u00e9s tr\u00e8s soigneusement par nous-m\u00eames avant l&rsquo;exp\u00e9dition. <\/span><\/p>\n<p style=\"box-sizing: content-box; margin: 0px; padding: 0px; border: 0px; font-style: normal; font-weight: normal; font-size: 12px; line-height: 18px; font-family: Arial,Helvetica; vertical-align: baseline; color: #333333;\"><span style=\"font-size: 18px; font-family: arial, helvetica, sans-serif;\">Nous fournissons aux clients une livraison rapide, un prix raisonnable, des services de haute qualit\u00e9 et \u00e0 long terme.<\/span><\/p>\n<p style=\"box-sizing: content-box; margin: 0px; padding: 0px; border: 0px; font-style: normal; font-weight: normal; font-size: 12px; line-height: 18px; font-family: Arial,Helvetica; vertical-align: baseline; color: #333333;\"><img decoding=\"async\" src=\"https:\/\/anbanjia.com.cn\/wp-content\/uploads\/2022\/05\/HTB1C65HxNSYBuNjSsph762GvVXaL.png\" data-height=\"389\" data-src=\"\" data-width=\"709\"><\/p>\n<p style=\"box-sizing: content-box; margin: 0px; padding: 0px; border: 0px; font-style: normal; font-weight: normal; font-size: 12px; line-height: 18px; font-family: Arial,Helvetica; vertical-align: baseline; color: #333333;\"><span style=\"box-sizing: content-box; margin: 0px; padding: 0px; border: 0px; font-style: inherit; font-weight: inherit; font-size: 18px; line-height: 27px; font-family: arial, helvetica, sans-serif; vertical-align: baseline;\"><img decoding=\"async\" src=\"https:\/\/anbanjia.com.cn\/wp-content\/uploads\/2022\/05\/HTB1r1xGxTtYBeNjy1Xdq6xXyVXal.jpg\" data-alt=\"Karma Modern Lightweight Folding Electric Wheelchair For Elderly\" data-height=\"476\" data-src=\"\" data-width=\"716\"><\/span><\/p>\n<p style=\"box-sizing: content-box; margin: 0px; padding: 0px; border: 0px; font-style: normal; font-weight: normal; font-size: 12px; line-height: 18px; font-family: Arial,Helvetica; vertical-align: baseline; color: #333333;\"><em><span style=\"box-sizing: content-box; margin: 0px; padding: 0px; border: 0px; font-weight: inherit; font-size: 32px; line-height: 48px; font-family: 'times new roman', times; vertical-align: baseline; color: #000000; background-color: #ffcc99;\"><strong>Informations de contact&nbsp;: <\/strong><\/span><\/em><\/p>\n<p style=\"box-sizing: content-box; margin: 0px; padding: 0px; border: 0px; font-style: normal; font-weight: normal; font-size: 12px; line-height: 18px; font-family: Arial,Helvetica; vertical-align: baseline; color: #333333;\"><span style=\"box-sizing: content-box; margin: 0px; padding: 0px; border: 0px; font-style: inherit; font-weight: inherit; font-size: 16px; line-height: 24px; font-family: georgia, palatino; vertical-align: baseline;\">Robbie Cheung<\/span><\/p>\n<p style=\"box-sizing: content-box; margin: 0px; padding: 0px; border: 0px; font-style: normal; font-weight: normal; font-size: 12px; line-height: 18px; font-family: Arial,Helvetica; vertical-align: baseline; color: #333333;\"><span style=\"box-sizing: content-box; margin: 0px; padding: 0px; border: 0px; font-style: inherit; font-weight: inherit; font-size: 16px; line-height: 24px; font-family: georgia, palatino; vertical-align: baseline;\">Responsable commercial : cn1520470662eara<\/span><\/p>\n<p style=\"box-sizing: content-box; margin: 0px; padding: 0px; border: 0px; font-style: normal; font-weight: normal; font-size: 12px; line-height: 18px; font-family: Arial,Helvetica; vertical-align: baseline; color: #333333;\"><span style=\"box-sizing: content-box; margin: 0px; padding: 0px; border: 0px; font-style: inherit; font-weight: inherit; font-size: 16px; line-height: 24px; font-family: georgia, palatino; vertical-align: baseline;\">Skype:86+ 13421050920 <!-- tangram:5557 begin--> <!-- tangram:5557 end--><br \/>\n<!-- tangram:5557 begin--> <!-- tangram:5557 end--><\/span><\/p>\n<p style=\"box-sizing: content-box; margin: 0px; padding: 0px; border: 0px; font-style: normal; font-weight: normal; font-size: 12px; line-height: 18px; font-family: Arial,Helvetica; vertical-align: baseline; color: #333333;\"><span style=\"box-sizing: content-box; margin: 0px; padding: 0px; border: 0px; font-style: inherit; font-weight: inherit; font-size: 16px; line-height: 24px; font-family: georgia, palatino; vertical-align: baseline;\">GUANGZHOU Anbanjia-Medical Technology CO., LTD. <\/span><\/p>\n<p style=\"box-sizing: content-box; margin: 0px; padding: 0px; border: 0px; font-style: normal; font-weight: normal; font-size: 12px; line-height: 18px; font-family: Arial,Helvetica; vertical-align: baseline; color: #333333;\"><span style=\"box-sizing: content-box; margin: 0px; padding: 0px; border: 0px; font-style: inherit; font-weight: inherit; font-size: 16px; line-height: 24px; font-family: georgia, palatino; vertical-align: baseline;\">Ajouter : \u00c9tage 2-2, B\u00e2t. B-3, Shachong Ind. Zone, n \u00b0 613, route Huawan, province de Liwan Dist Guangdong, Chine.<\/span><\/p>\n<\/div>\n","protected":false},"excerpt":{"rendered":"<p>&nbsp;<\/p>\n<div style=\"width: auto;\">\n<div style=\"min-width: 300px; max-width: 300px; word-wrap: break-word; float: left;\">Lieu d&rsquo;origine&nbsp;: Guangdong, Chine<\/div>\n<div style=\"min-width: 300px; max-width: 300px; word-wrap: break-word; float: left;\">Nom de marque:Anbanjia<\/div>\n<\/div>\n<div style=\"width: auto;\">\n<div style=\"min-width: 300px; max-width: 300px; word-wrap: break-word; float: left;\">Num\u00e9ro de mod\u00e8le : ABJ-541<\/div>\n<div style=\"min-width: 300px; max-width: 300px; word-wrap: break-word; float: left;\">Classification des instruments&nbsp;: classe&nbsp;II<\/div>\n<\/div>\n<div style=\"width: auto;\">\n<div style=\"min-width: 300px; max-width: 300px; word-wrap: break-word; float: left;\">Garantie 1 ann\u00e9e<\/div>\n<div style=\"min-width: 300px; max-width: 300px; word-wrap: break-word; float: left;\">Service apr\u00e8s-vente : AUCUN<\/div>\n<\/div>\n<div style=\"width: auto;\">\n<div style=\"min-width: 300px; max-width: 300px; word-wrap: break-word; float: left;\">Couleur bleue<\/div>\n<div style=\"min-width: 300px; max-width: 300px; word-wrap: break-word; float: left;\">Mat\u00e9riau : alliage d&rsquo;aluminium.<\/div>\n<\/div>\n<div style=\"width: auto;\">\n<div style=\"min-width: 300px; max-width: 300px; word-wrap: break-word; float: left;\">Certificat&nbsp;:&nbsp;CE<\/div>\n<div style=\"min-width: 300px; max-width: 300px; word-wrap: break-word; float: left;\">Longueur du pli&nbsp;: 76&nbsp;cm<\/div>\n<\/div>\n<div style=\"width: auto;\">\n<div style=\"min-width: 300px; max-width: 300px; word-wrap: break-word; float: left;\">Poids net&nbsp;: 7,8&nbsp;kg<\/div>\n<div style=\"min-width: 300px; max-width: 300px; word-wrap: break-word; float: left;\">Type:Fauteuil roulant<\/div>\n<\/div>\n<div style=\"width: auto;\">\n<div style=\"min-width: 300px; max-width: 300px; word-wrap: break-word; float: left;\">Caract\u00e9ristique: l\u00e9ger\/confortable<\/div>\n<div style=\"min-width: 300px; max-width: 300px; word-wrap: break-word; float: left;\">Capacit\u00e9&nbsp;: 113&nbsp;kg<\/div>\n<\/div>\n","protected":false},"featured_media":12759,"comment_status":"closed","ping_status":"closed","template":"","meta":[],"product_cat":[128],"product_tag":[],"class_list":["post-12881","product","type-product","status-publish","has-post-thumbnail","hentry","product_cat-fauteuil-roulant-electrique"],"_links":{"self":[{"href":"https:\/\/anbanjia.com.cn\/fr\/wp-json\/wp\/v2\/product\/12881","targetHints":{"allow":["GET"]}}],"collection":[{"href":"https:\/\/anbanjia.com.cn\/fr\/wp-json\/wp\/v2\/product"}],"about":[{"href":"https:\/\/anbanjia.com.cn\/fr\/wp-json\/wp\/v2\/types\/product"}],"replies":[{"embeddable":true,"href":"https:\/\/anbanjia.com.cn\/fr\/wp-json\/wp\/v2\/comments?post=12881"}],"wp:featuredmedia":[{"embeddable":true,"href":"https:\/\/anbanjia.com.cn\/fr\/wp-json\/wp\/v2\/media\/12759"}],"wp:attachment":[{"href":"https:\/\/anbanjia.com.cn\/fr\/wp-json\/wp\/v2\/media?parent=12881"}],"wp:term":[{"taxonomy":"product_cat","embeddable":true,"href":"https:\/\/anbanjia.com.cn\/fr\/wp-json\/wp\/v2\/product_cat?post=12881"},{"taxonomy":"product_tag","embeddable":true,"href":"https:\/\/anbanjia.com.cn\/fr\/wp-json\/wp\/v2\/product_tag?post=12881"}],"curies":[{"name":"wp","href":"https:\/\/api.w.org\/{rel}","templated":true}]}}