{"id":12867,"date":"2022-05-02T18:07:42","date_gmt":"2022-05-02T18:07:42","guid":{"rendered":"https:\/\/www.anbanjia.com.cn\/product\/fauteuil-roulant-de-sport-assiste-adulte-moderne-grande-roue-fauteuil-roulant-manuel-de-sport-pliant-ultra-leger-avec-roue-gonflable-de-24-pouces\/"},"modified":"2022-05-02T18:07:42","modified_gmt":"2022-05-02T18:07:42","slug":"assistance-fauteuil-roulant-sportif-adulte-moderne-grande-roue-ultra-leger-pliant-fauteuil-roulant-sport-manuel-avec-roue-gonflable-24-pouces","status":"publish","type":"product","link":"https:\/\/anbanjia.com.cn\/fr\/produit\/assistance-fauteuil-roulant-sportif-adulte-moderne-grande-roue-ultra-leger-pliant-fauteuil-roulant-sport-manuel-avec-roue-gonflable-24-pouces\/","title":{"rendered":"Fauteuil roulant de sport assist\u00e9 adulte moderne grande roue fauteuil roulant manuel de sport pliant ultra l\u00e9ger avec roue gonflable de 24 pouces"},"content":{"rendered":"<div id=\"ali-anchor-AliPostDhMb-ipl9i\" data-section=\"AliPostDhMb-ipl9i\" data-section-title=\"Product Details\">\n<div>\n<p><img decoding=\"async\" src=\"https:\/\/s.alicdn.com\/@sc02\/kf\/HTB1QclOXwoQMeJjy0Fpq6ATxpXaZ\/230438700\/HTB1QclOXwoQMeJjy0Fpq6ATxpXaZ.jpg?quality=close\" alt=\"Fashion Aluminum alloy lightweight power sport wheelchair CE approval\" width=\"750\" height=\"2800\" data-src=\"\/\/s.alicdn.com\/@sc02\/kf\/HTB1QclOXwoQMeJjy0Fpq6ATxpXaZ\/230438700\/HTB1QclOXwoQMeJjy0Fpq6ATxpXaZ.jpg?quality=close\" data-alt=\"Fashion Aluminum alloy lightweight power sport wheelchair CE approval\"><img decoding=\"async\" src=\"https:\/\/s.alicdn.com\/@sc01\/kf\/HTB1avRJXrsTMeJjSszdq6AEupXaM\/230438700\/HTB1avRJXrsTMeJjSszdq6AEupXaM.jpg?quality=close\" alt=\"Fashion Aluminum alloy lightweight power sport wheelchair CE approval\" width=\"750\" height=\"1260\" data-src=\"\/\/s.alicdn.com\/@sc01\/kf\/HTB1avRJXrsTMeJjSszdq6AEupXaM\/230438700\/HTB1avRJXrsTMeJjSszdq6AEupXaM.jpg?quality=close\" data-alt=\"Fashion Aluminum alloy lightweight power sport wheelchair CE approval\"><\/p>\n<\/div>\n<\/div>\n<div id=\"ali-anchor-AliPostDhMb-39yus\" data-section=\"AliPostDhMb-39yus\" data-section-title=\"Product Description\">\n<div id=\"ali-title-AliPostDhMb-39yus\">Description du produit<\/div>\n<div>\n<p> <img decoding=\"async\" src=\"https:\/\/s.alicdn.com\/@sc02\/kf\/HTB1IcVMXEgQMeJjy0Feq6xOEVXaN\/230438700\/HTB1IcVMXEgQMeJjy0Feq6xOEVXaN.jpg?quality=close\" alt=\"Fashion Aluminum alloy lightweight power sport wheelchair CE approval\" width=\"750\" height=\"2000\" data-src=\"\/\/s.alicdn.com\/@sc02\/kf\/HTB1IcVMXEgQMeJjy0Feq6xOEVXaN\/230438700\/HTB1IcVMXEgQMeJjy0Feq6xOEVXaN.jpg?quality=close\" data-alt=\"Fashion Aluminum alloy lightweight power sport wheelchair CE approval\"><a href=\"https:\/\/abj-medical.en.alibaba.com\/productlist.html?spm=a2700.details.toavopna6.1.697a8c3ec3yBNb\" target=\"_blank\" rel=\"noopener\"><img decoding=\"async\" src=\"https:\/\/s.alicdn.com\/@sc02\/kf\/HTB1ERWiSFXXXXasXXXXq6xXFXXXw\/230438700\/HTB1ERWiSFXXXXasXXXXq6xXFXXXw.jpg?quality=close\" alt=\"Fashion Aluminum alloy lightweight power sport wheelchair CE approval\" width=\"750\" height=\"285\" data-src=\"\/\/s.alicdn.com\/@sc02\/kf\/HTB1ERWiSFXXXXasXXXXq6xXFXXXw\/230438700\/HTB1ERWiSFXXXXasXXXXq6xXFXXXw.jpg?quality=close\" data-alt=\"Fashion Aluminum alloy lightweight power sport wheelchair CE approval\"><\/a><img decoding=\"async\" src=\"https:\/\/s.alicdn.com\/@sc01\/kf\/HTB1TH4ZSFXXXXazXFXXq6xXFXXXm\/230438700\/HTB1TH4ZSFXXXXazXFXXq6xXFXXXm.jpg?quality=close\" alt=\"Fashion Aluminum alloy lightweight power sport wheelchair CE approval\" width=\"750\" height=\"241\" data-src=\"\/\/s.alicdn.com\/@sc01\/kf\/HTB1TH4ZSFXXXXazXFXXq6xXFXXXm\/230438700\/HTB1TH4ZSFXXXXazXFXXq6xXFXXXm.jpg?quality=close\" data-alt=\"Fashion Aluminum alloy lightweight power sport wheelchair CE approval\"><\/p>\n<\/div>\n<\/div>\n<div id=\"ali-anchor-AliPostDhMb-dohry\" data-section=\"AliPostDhMb-dohry\" data-section-title=\"company information\">\n<div id=\"ali-title-AliPostDhMb-dohry\">Informations sur la soci\u00e9t\u00e9<\/div>\n<div>\n<p><img decoding=\"async\" src=\"https:\/\/s.alicdn.com\/@sc01\/kf\/HTB1MME3SpXXXXbJaXXXq6xXFXXXA\/230438700\/HTB1MME3SpXXXXbJaXXXq6xXFXXXA.jpg?quality=close\" alt=\"Fashion Aluminum alloy lightweight power sport wheelchair CE approval\" width=\"750\" height=\"1857\" data-src=\"\/\/s.alicdn.com\/@sc01\/kf\/HTB1MME3SpXXXXbJaXXXq6xXFXXXA\/230438700\/HTB1MME3SpXXXXbJaXXXq6xXFXXXA.jpg?quality=close\" data-alt=\"Fashion Aluminum alloy lightweight power sport wheelchair CE approval\"><\/p>\n<\/div>\n<\/div>\n<div id=\"ali-anchor-AliPostDhMb-ampca\" data-section=\"AliPostDhMb-ampca\" data-section-title=\"certificate\">\n<div id=\"ali-title-AliPostDhMb-ampca\">certificat<\/div>\n<div>\n<p><img decoding=\"async\" src=\"https:\/\/s.alicdn.com\/@sc02\/kf\/HTB1Z1olSpXXXXctXXXXq6xXFXXXu\/230438700\/HTB1Z1olSpXXXXctXXXXq6xXFXXXu.jpg?quality=close\" alt=\"Fashion Aluminum alloy lightweight power sport wheelchair CE approval\" width=\"750\" height=\"365\" data-src=\"\/\/s.alicdn.com\/@sc02\/kf\/HTB1Z1olSpXXXXctXXXXq6xXFXXXu\/230438700\/HTB1Z1olSpXXXXctXXXXq6xXFXXXu.jpg?quality=close\" data-alt=\"Fashion Aluminum alloy lightweight power sport wheelchair CE approval\"><\/p>\n<\/div>\n<\/div>\n<div id=\"ali-anchor-AliPostDhMb-3im0p\" data-section=\"AliPostDhMb-3im0p\" data-section-title=\"produce &amp; payment\">\n<div id=\"ali-title-AliPostDhMb-3im0p\">produire et payer<\/div>\n<div>\n<p><img decoding=\"async\" src=\"https:\/\/s.alicdn.com\/@sc01\/kf\/HTB1LlvUSpXXXXbJXVXXq6xXFXXXf\/230438700\/HTB1LlvUSpXXXXbJXVXXq6xXFXXXf.jpg?quality=close\" alt=\"Fashion Aluminum alloy lightweight power sport wheelchair CE approval\" width=\"750\" height=\"454\" data-src=\"\/\/s.alicdn.com\/@sc01\/kf\/HTB1LlvUSpXXXXbJXVXXq6xXFXXXf\/230438700\/HTB1LlvUSpXXXXbJXVXXq6xXFXXXf.jpg?quality=close\" data-alt=\"Fashion Aluminum alloy lightweight power sport wheelchair CE approval\"><img decoding=\"async\" src=\"https:\/\/s.alicdn.com\/@sc02\/kf\/HTB1R1haSFXXXXXNXVXXq6xXFXXXz\/230438700\/HTB1R1haSFXXXXXNXVXXq6xXFXXXz.jpg?quality=close\" alt=\"Fashion Aluminum alloy lightweight power sport wheelchair CE approval\" width=\"750\" height=\"524\" data-src=\"\/\/s.alicdn.com\/@sc02\/kf\/HTB1R1haSFXXXXXNXVXXq6xXFXXXz\/230438700\/HTB1R1haSFXXXXXNXVXXq6xXFXXXz.jpg?quality=close\" data-alt=\"Fashion Aluminum alloy lightweight power sport wheelchair CE approval\"><\/p>\n<\/div>\n<\/div>\n<div id=\"ali-anchor-AliPostDhMb-t4odn\" data-section=\"AliPostDhMb-t4odn\" data-section-title=\"contact us\">\n<div id=\"ali-title-AliPostDhMb-t4odn\">Nous contacter<\/div>\n<div>\n<p><img decoding=\"async\" src=\"https:\/\/s.alicdn.com\/@sc01\/kf\/HTB1XU1rouySBuNjy1zd760PxFXaK\/230438700\/HTB1XU1rouySBuNjy1zd760PxFXaK.png?quality=close\" alt=\"Fashion Aluminum alloy lightweight power sport wheelchair CE approval\" width=\"716\" height=\"278\" data-src=\"\/\/s.alicdn.com\/@sc01\/kf\/HTB1XU1rouySBuNjy1zd760PxFXaK\/230438700\/HTB1XU1rouySBuNjy1zd760PxFXaK.png?quality=close\" data-alt=\"Fashion Aluminum alloy lightweight power sport wheelchair CE approval\"><\/p>\n<\/div>\n<\/div>\n","protected":false},"excerpt":{"rendered":"<p>&nbsp;<\/p>\n<div style=\"width: auto;\">\n<div style=\"min-width: 300px; max-width: 300px; word-wrap: break-word; float: left;\">Propri\u00e9t\u00e9s : fournitures de th\u00e9rapie de r\u00e9adaptation.<\/div>\n<div style=\"min-width: 300px; max-width: 300px; word-wrap: break-word; float: left;\">Lieu d&rsquo;origine&nbsp;: Guangdong, Chine<\/div>\n<\/div>\n<div style=\"width: auto;\">\n<div style=\"min-width: 300px; max-width: 300px; word-wrap: break-word; float: left;\">Num\u00e9ro de mod\u00e8le : ABJ-778<\/div>\n<div style=\"min-width: 300px; max-width: 300px; word-wrap: break-word; float: left;\">Type:Fauteuil roulant<\/div>\n<\/div>\n<div style=\"width: auto;\">\n<div style=\"min-width: 300px; max-width: 300px; word-wrap: break-word; float: left;\">Mat\u00e9riel:Alliage d&rsquo;aluminium<\/div>\n<div style=\"min-width: 300px; max-width: 300px; word-wrap: break-word; float: left;\">La couleur rouge<\/div>\n<\/div>\n<div style=\"width: auto;\">\n<div style=\"min-width: 300px; max-width: 300px; word-wrap: break-word; float: left;\">Fonction : sport<\/div>\n<div style=\"min-width: 300px; max-width: 300px; word-wrap: break-word; float: left;\">Caract\u00e9ristique:Durable<\/div>\n<\/div>\n<div style=\"width: auto;\">\n<div style=\"min-width: 300px; max-width: 300px; word-wrap: break-word; float: left;\">Application : activit\u00e9s de plein air.<\/div>\n<div style=\"min-width: 300px; max-width: 300px; word-wrap: break-word; float: left;\">Utilisation : soins de sant\u00e9 du corps.<\/div>\n<\/div>\n<div style=\"width: auto;\">\n<div style=\"min-width: 300px; max-width: 300px; word-wrap: break-word; float: left;\">Taille globale : 80*64*73<\/div>\n<div style=\"min-width: 300px; max-width: 300px; word-wrap: break-word; float: left;\">Poids net&nbsp;: 13&nbsp;kg<\/div>\n<\/div>\n<div>Emballage personnalis\u00e9(Min. Commande : 100 pi\u00e8ces)<\/div>\n<div>Personnalisation graphique(Min. Commande : 100 pi\u00e8ces)<\/div>\n","protected":false},"featured_media":12747,"comment_status":"closed","ping_status":"closed","template":"","meta":[],"product_cat":[129],"product_tag":[],"class_list":["post-12867","product","type-product","status-publish","has-post-thumbnail","hentry","product_cat-fauteuil-roulant-de-sport"],"_links":{"self":[{"href":"https:\/\/anbanjia.com.cn\/fr\/wp-json\/wp\/v2\/product\/12867","targetHints":{"allow":["GET"]}}],"collection":[{"href":"https:\/\/anbanjia.com.cn\/fr\/wp-json\/wp\/v2\/product"}],"about":[{"href":"https:\/\/anbanjia.com.cn\/fr\/wp-json\/wp\/v2\/types\/product"}],"replies":[{"embeddable":true,"href":"https:\/\/anbanjia.com.cn\/fr\/wp-json\/wp\/v2\/comments?post=12867"}],"wp:featuredmedia":[{"embeddable":true,"href":"https:\/\/anbanjia.com.cn\/fr\/wp-json\/wp\/v2\/media\/12747"}],"wp:attachment":[{"href":"https:\/\/anbanjia.com.cn\/fr\/wp-json\/wp\/v2\/media?parent=12867"}],"wp:term":[{"taxonomy":"product_cat","embeddable":true,"href":"https:\/\/anbanjia.com.cn\/fr\/wp-json\/wp\/v2\/product_cat?post=12867"},{"taxonomy":"product_tag","embeddable":true,"href":"https:\/\/anbanjia.com.cn\/fr\/wp-json\/wp\/v2\/product_tag?post=12867"}],"curies":[{"name":"wp","href":"https:\/\/api.w.org\/{rel}","templated":true}]}}