{"id":12860,"date":"2022-05-02T18:07:46","date_gmt":"2022-05-02T18:07:46","guid":{"rendered":"https:\/\/www.anbanjia.com.cn\/product\/adulte-quatre-roues-moteur-electrique-personnes-agees-handicapees-voyage-facile-a-transporter-scooter-pliant-pour-les-personnes-agees\/"},"modified":"2022-05-02T18:07:46","modified_gmt":"2022-05-02T18:07:46","slug":"adulte-quatre-roues-moteur-electrique-personnes-agees-handicapes-voyage-facile-a-transporter-scooter-pliant-pour-personnes-agees","status":"publish","type":"product","link":"https:\/\/anbanjia.com.cn\/fr\/produit\/adulte-quatre-roues-moteur-electrique-personnes-agees-handicapes-voyage-facile-a-transporter-scooter-pliant-pour-personnes-agees\/","title":{"rendered":"Adulte quatre roues moteur \u00e9lectrique personnes \u00e2g\u00e9es handicap\u00e9es voyage facile \u00e0 transporter scooter pliant pour les personnes \u00e2g\u00e9es"},"content":{"rendered":"<div style=\"max-width: 750px;margin: 0 auto;\">\n<div data-magic-global=\"%7B%22bizId%22%3A3215165050%2C%22pageId%22%3A20084021559%2C%22siteId%22%3A5005610021%7D\" id=\"detail_decorate_root\">\n<div class=\"J_module\" module-id=\"22716559841\" module-title=\"detailTextContent\" render=\"true\">\n<div class=\"detail-decorate-json-renderer-container\">\n<div class=\"magic-1\">\n<div class=\"magic-2\">\n<div class=\"magic-3\">\n<div class=\"magic-4\">\n<div><span><br \/><\/span><\/div>\n<p><span><\/p>\n<div class=\"magic-5\"><span><span><font class=\"magic-6\">Veuillez contacter le vendeur pour obtenir le prix d&rsquo;exp\u00e9dition r\u00e9el,<\/font><\/span><\/span><\/div>\n<div class=\"magic-5\"><span><span><font class=\"magic-6\">vous pouvez contacter le vendeur par WhatsApp.<\/font><\/span><\/span><\/div>\n<div class=\"magic-5\"><span><span><font class=\"magic-6\">Pour qu&rsquo;elle puisse vous r\u00e9pondre rapidement, WhatsApp&nbsp;: +86 13246918260<\/font><\/span><br \/><\/span><\/div>\n<div class=\"magic-7\"><span><br \/><\/span><\/div>\n<div class=\"magic-7\">Taille du si\u00e8ge\uff1a57*37*43cm <\/div>\n<div class=\"magic-7\">Hauteur du dossier&nbsp;: 43&nbsp;cm<\/div>\n<div class=\"magic-7\">Taille d\u00e9pli\u00e9e\uff1a57*103*83cm<\/div>\n<div class=\"magic-7\">Taille du pli : 77*51*32 cm<\/div>\n<div class=\"magic-7\">Roue arri\u00e8re : 10 pouces<\/div>\n<div class=\"magic-7\">Capacit\u00e9 Poids&nbsp;: 120&nbsp;KG<\/div>\n<div class=\"magic-7\">Moteur\uff1a350W<\/div>\n<div class=\"magic-7\">Distance de d\u00e9placement : 25 KM-30 KM<\/div>\n<div class=\"magic-7\">Poids net&nbsp;: 19,5&nbsp;kg<\/div>\n<div class=\"magic-7\">Vitesse&nbsp;: 15&nbsp;km\/h<\/div>\n<div class=\"magic-7\">Mat\u00e9riau du cadre : alliage d&rsquo;aluminium<\/div>\n<div class=\"magic-7\">Paquet:45*58*87cm<\/div>\n<div class=\"magic-7\">Poids brut&nbsp;: 23,5&nbsp;kg<\/div>\n<p><\/span><\/div>\n<\/div>\n<\/div>\n<\/div>\n<\/div>\n<\/div>\n<div class=\"J_module\" module-id=\"22716559842\" module-title=\"detailManyImage\" render=\"true\">\n<div class=\"icbu-pc-detailManyImage magic-8\">\n<div class=\"magic-9\"><img decoding=\"async\" class=\"magic-10\" data-src=\"\" src=\"https:\/\/anbanjia.com.cn\/wp-content\/uploads\/2022\/05\/H4ebe78c9c494479f927627954d23e64av.jpg\" style=\"max-width: 750;\"><\/div>\n<div class=\"magic-9\"><img decoding=\"async\" class=\"magic-10\" data-src=\"\" src=\"https:\/\/anbanjia.com.cn\/wp-content\/uploads\/2022\/05\/H13448ea58df64c7eaa80b26c659c0b98d.jpg\"><\/div>\n<div class=\"magic-9\"><img decoding=\"async\" class=\"magic-10\" data-src=\"\" src=\"https:\/\/anbanjia.com.cn\/wp-content\/uploads\/2022\/05\/H9ec374ebf9a245faae393089b8e6838bc.jpg\"><\/div>\n<div class=\"magic-9\"><img decoding=\"async\" class=\"magic-10\" data-src=\"\" src=\"https:\/\/anbanjia.com.cn\/wp-content\/uploads\/2022\/05\/H9545f6e35ba04d2eb1b353ff42194e47u.jpg\"><\/div>\n<div class=\"magic-9\"><img decoding=\"async\" class=\"magic-10\" data-src=\"\" src=\"https:\/\/anbanjia.com.cn\/wp-content\/uploads\/2022\/05\/H73b799dc338646b2b76966fcf979886fW.jpg\"><\/div>\n<div class=\"magic-9\"><img decoding=\"async\" class=\"magic-10\" data-src=\"\" src=\"https:\/\/anbanjia.com.cn\/wp-content\/uploads\/2022\/05\/H4402f487a64e4c5a8ccfead4d91c1eafH.jpg\"><\/div>\n<div class=\"magic-9\"><img decoding=\"async\" class=\"magic-10\" data-src=\"\" src=\"https:\/\/anbanjia.com.cn\/wp-content\/uploads\/2022\/05\/Ha80380ea67624fd2acf401dd3bf1e9de8.jpg\"><\/div>\n<div class=\"magic-9\"><img decoding=\"async\" class=\"magic-10\" data-src=\"\" src=\"https:\/\/anbanjia.com.cn\/wp-content\/uploads\/2022\/05\/H0b7347e1fb3e491a850a21b8c13cb577j.jpg\"><\/div>\n<div class=\"magic-9\"><img decoding=\"async\" class=\"magic-10\" data-src=\"\" src=\"https:\/\/anbanjia.com.cn\/wp-content\/uploads\/2022\/05\/Ha43def8a2df44eac925e2c3ab5a1b97b2.jpg\"><\/div>\n<div class=\"magic-9\"><img decoding=\"async\" class=\"magic-10\" data-src=\"\" src=\"https:\/\/anbanjia.com.cn\/wp-content\/uploads\/2022\/05\/H0d98a1c526ad49f4ba43398cbcb5b09bB.png\"><\/div>\n<\/div>\n<\/div><\/div>\n<\/div>\n","protected":false},"excerpt":{"rendered":"<div style=\"width:auto\">\n<div style=\"min-width: 300px;max-width: 300px;word-wrap: break-word;float: left\">Lieu d&rsquo;origine&nbsp;: Guangdong, Chine <\/div>\n<div style=\"min-width: 300px;max-width: 300px;word-wrap: break-word;float: left\">Nom de marque:OEM<\/div>\n<\/p><\/div>\n<div style=\"width:auto\">\n<div style=\"min-width: 300px;max-width: 300px;word-wrap: break-word;float: left\">Num\u00e9ro de mod\u00e8le&nbsp;: ABJ-ES2S <\/div>\n<div style=\"min-width: 300px;max-width: 300px;word-wrap: break-word;float: left\">Puissance : 201-500w<\/div>\n<\/p><\/div>\n<div style=\"width:auto\">\n<div style=\"min-width: 300px;max-width: 300px;word-wrap: break-word;float: left\">Tension&nbsp;: 36&nbsp;V <\/div>\n<div style=\"min-width: 300px;max-width: 300px;word-wrap: break-word;float: left\">Temps de charge : 6-8h<\/div>\n<\/p><\/div>\n<div style=\"width:auto\">\n<div style=\"min-width: 300px;max-width: 300px;word-wrap: break-word;float: left\">Pliable&nbsp;:&nbsp;Oui <\/div>\n<div style=\"min-width: 300px;max-width: 300px;word-wrap: break-word;float: left\">Port\u00e9e par charge&nbsp;: 25&nbsp;km \u00e0 30&nbsp;km<\/div>\n<\/p><\/div>\n<div style=\"width:auto\">\n<div style=\"min-width: 300px;max-width: 300px;word-wrap: break-word;float: left\">Vitesse maximale&nbsp;:&lt;30&nbsp;km\/h <\/div>\n<div style=\"min-width: 300px;max-width: 300px;word-wrap: break-word;float: left\">Taille du si\u00e8ge : 57*37*43 cm<\/div>\n<\/p><\/div>\n<div style=\"width:auto\">\n<div style=\"min-width: 300px;max-width: 300px;word-wrap: break-word;float: left\">Hauteur du dossier : 43 cm <\/div>\n<div style=\"min-width: 300px;max-width: 300px;word-wrap: break-word;float: left\">Taille d\u00e9pli\u00e9e: 57*103*83 cm<\/div>\n<\/p><\/div>\n<div style=\"width:auto\">\n<div style=\"min-width: 300px;max-width: 300px;word-wrap: break-word;float: left\">Taille du pli : 77*51*32 cm <\/div>\n<div style=\"min-width: 300px;max-width: 300px;word-wrap: break-word;float: left\">Roue arri\u00e8re : 10 pouces<\/div>\n<\/p><\/div>\n<div style=\"width:auto\">\n<div style=\"min-width: 300px;max-width: 300px;word-wrap: break-word;float: left\">Moteur&nbsp;: 350&nbsp;W <\/div>\n<div style=\"min-width: 300px;max-width: 300px;word-wrap: break-word;float: left\">Distance de d\u00e9placement : 25 KM-30 KM<\/div>\n<\/p><\/div>\n<div style=\"width:auto\">\n<div style=\"min-width: 300px;max-width: 300px;word-wrap: break-word;float: left\">Capacit\u00e9 Poids&nbsp;: 120&nbsp;KG <\/div>\n<div style=\"min-width: 300px;max-width: 300px;word-wrap: break-word;float: left\">Poids net&nbsp;: 19,5&nbsp;kg<\/div>\n<\/p><\/div>\n<div style=\"width:auto\">\n<div style=\"min-width: 300px;max-width: 300px;word-wrap: break-word;float: left\">Poids brut&nbsp;: 23,5&nbsp;kg <\/div>\n<div style=\"min-width: 300px;max-width: 300px;word-wrap: break-word;float: left\">Certificat&nbsp;: ce<\/div>\n<\/p><\/div>\n","protected":false},"featured_media":9184,"comment_status":"closed","ping_status":"closed","template":"","meta":[],"product_cat":[123],"product_tag":[],"class_list":["post-12860","product","type-product","status-publish","has-post-thumbnail","hentry","product_cat-fauteuil-roulant-pour-paralysie-cerebrale"],"_links":{"self":[{"href":"https:\/\/anbanjia.com.cn\/fr\/wp-json\/wp\/v2\/product\/12860","targetHints":{"allow":["GET"]}}],"collection":[{"href":"https:\/\/anbanjia.com.cn\/fr\/wp-json\/wp\/v2\/product"}],"about":[{"href":"https:\/\/anbanjia.com.cn\/fr\/wp-json\/wp\/v2\/types\/product"}],"replies":[{"embeddable":true,"href":"https:\/\/anbanjia.com.cn\/fr\/wp-json\/wp\/v2\/comments?post=12860"}],"wp:featuredmedia":[{"embeddable":true,"href":"https:\/\/anbanjia.com.cn\/fr\/wp-json\/wp\/v2\/media\/9184"}],"wp:attachment":[{"href":"https:\/\/anbanjia.com.cn\/fr\/wp-json\/wp\/v2\/media?parent=12860"}],"wp:term":[{"taxonomy":"product_cat","embeddable":true,"href":"https:\/\/anbanjia.com.cn\/fr\/wp-json\/wp\/v2\/product_cat?post=12860"},{"taxonomy":"product_tag","embeddable":true,"href":"https:\/\/anbanjia.com.cn\/fr\/wp-json\/wp\/v2\/product_tag?post=12860"}],"curies":[{"name":"wp","href":"https:\/\/api.w.org\/{rel}","templated":true}]}}