{"id":12859,"date":"2022-05-02T18:07:47","date_gmt":"2022-05-02T18:07:47","guid":{"rendered":"https:\/\/www.anbanjia.com.cn\/product\/scooter-de-mobilite-rapide-electrique-pliant-pour-adultes-avec-batterie-au-lithium-avec-ce\/"},"modified":"2022-05-02T18:07:47","modified_gmt":"2022-05-02T18:07:47","slug":"scooter-electrique-rapide-mobilite-pliable-pour-adultes-avec-batterie-lithium-avec-ce","status":"publish","type":"product","link":"https:\/\/anbanjia.com.cn\/fr\/produit\/scooter-electrique-rapide-mobilite-pliable-pour-adultes-avec-batterie-lithium-avec-ce\/","title":{"rendered":"scooter de mobilit\u00e9 rapide \u00e9lectrique pliant pour adultes avec batterie au lithium avec CE"},"content":{"rendered":"<div style=\"max-width: 750px; margin: 0 auto;\">\n<div id=\"detail_decorate_root\" data-host=\"111115485\" data-id=\"detail_decorate_root\" data-magic-global=\"%7B%22bizId%22%3A3215165050%2C%22pageId%22%3A20031009231%2C%22siteId%22%3A5005610021%7D\">\n<div class=\"J_module\">\n<div class=\"detail-decorate-json-renderer-container\">\n<div class=\"magic-1\">\n<h3 class=\"magic-2\" data-id=\"title0\"><\/h3>\n<h3 class=\"magic-3\"><span style=\"font-size: x-large;\">scooter de mobilit\u00e9 rapide \u00e9lectrique pliant pour adultes avec batterie au lithium avec CE <\/span><\/h3>\n<div class=\"magic-4\">\n<div class=\"magic-5\">\n<div class=\"magic-6\" data-id=\"paragraph0\"><\/div>\n<\/div>\n<\/div>\n<\/div>\n<\/div>\n<\/div>\n<div class=\"J_module\">\n<div class=\"icbu-pc-images magic-7\">\n<div>\n<div class=\"flex-layout-v\">\n<div class=\"flex-layout-h magic-7\">\n<div class=\"magic-8\"><img decoding=\"async\" class=\"magic-9\" style=\"max-width: 750;\" src=\"https:\/\/anbanjia.com.cn\/wp-content\/uploads\/2022\/05\/HTB1lGcyQpXXXXbcXXXXq6xXFXXXL.jpg\" data-src=\"\"><\/div>\n<div>\n<p><img decoding=\"async\" src=\"https:\/\/s.alicdn.com\/@sc02\/kf\/HTB15NQbQpXXXXcoXVXXq6xXFXXXz\/230438700\/HTB15NQbQpXXXXcoXVXXq6xXFXXXz.jpg?quality=close\"><span style=\"font-size: large;\">Caract\u00e9ristiques:<\/span><\/p>\n<p><span style=\"font-size: large;\">1.Facile \u00e0 plier et \u00e0 d\u00e9monter<br \/>\n2. Facile \u00e0 contr\u00f4ler<br \/>\n3. Performances professionnelles<br \/>\ncontr\u00f4leur 4.PG<br \/>\n5. Bo\u00eete-pont Linix<\/span><\/p>\n<\/div>\n<div>\n<p><img decoding=\"async\" src=\"https:\/\/s.alicdn.com\/@sc01\/kf\/HTB1bjZaQpXXXXa6XVXXq6xXFXXXZ\/230438700\/HTB1bjZaQpXXXXa6XVXXq6xXFXXXZ.jpg?quality=close\"><img decoding=\"async\" src=\"https:\/\/s.alicdn.com\/@sc02\/kf\/HTB1JFYZQpXXXXbaaXXXq6xXFXXXs\/230438700\/HTB1JFYZQpXXXXbaaXXXq6xXFXXXs.jpg?quality=close\"><img decoding=\"async\" src=\"https:\/\/s.alicdn.com\/@sc02\/kf\/HTB1JFYZQpXXXXbaaXXXq6xXFXXXs\/230438700\/HTB1JFYZQpXXXXbaaXXXq6xXFXXXs.jpg?quality=close\"><img decoding=\"async\" src=\"https:\/\/s.alicdn.com\/@sc02\/kf\/HTB1ZO2RQpXXXXb6aXXXq6xXFXXXp\/230438700\/HTB1ZO2RQpXXXXb6aXXXq6xXFXXXp.jpg?quality=close\"><img decoding=\"async\" src=\"https:\/\/s.alicdn.com\/@sc01\/kf\/HTB1DTEtQpXXXXbaXpXXq6xXFXXXF\/230438700\/HTB1DTEtQpXXXXbaXpXXq6xXFXXXF.jpg?quality=close\"><img decoding=\"async\" src=\"https:\/\/s.alicdn.com\/@sc01\/kf\/HTB1pV.fQpXXXXcVXFXXq6xXFXXXu\/230438700\/HTB1pV.fQpXXXXcVXFXXq6xXFXXXu.jpg?quality=close\"><img decoding=\"async\" src=\"https:\/\/s.alicdn.com\/@sc01\/kf\/HTB1irY4QpXXXXaYaXXXq6xXFXXXE\/230438700\/HTB1irY4QpXXXXaYaXXXq6xXFXXXE.jpg?quality=close\"><img decoding=\"async\" src=\"https:\/\/s.alicdn.com\/@sc01\/kf\/HTB11zAuQpXXXXaJXpXXq6xXFXXXS\/230438700\/HTB11zAuQpXXXXaJXpXXq6xXFXXXS.jpg?quality=close\"><img decoding=\"async\" src=\"https:\/\/s.alicdn.com\/@sc01\/kf\/HTB1Je9WQpXXXXafXpXXq6xXFXXX1\/230438700\/HTB1Je9WQpXXXXafXpXXq6xXFXXX1.jpg?quality=close\"><img decoding=\"async\" src=\"https:\/\/s.alicdn.com\/@sc01\/kf\/HTB1Ae_JQpXXXXXlapXXq6xXFXXXk\/230438700\/HTB1Ae_JQpXXXXXlapXXq6xXFXXXk.jpg?quality=close\"><img decoding=\"async\" src=\"https:\/\/s.alicdn.com\/@sc02\/kf\/HTB1YgLLQpXXXXcHaXXXq6xXFXXXp\/230438700\/HTB1YgLLQpXXXXcHaXXXq6xXFXXXp.jpg?quality=close\"><img decoding=\"async\" src=\"https:\/\/s.alicdn.com\/@sc01\/kf\/HTB1bjZaQpXXXXa6XVXXq6xXFXXXZ\/230438700\/HTB1bjZaQpXXXXa6XVXXq6xXFXXXZ.jpg?quality=close\"><img decoding=\"async\" src=\"https:\/\/s.alicdn.com\/@sc01\/kf\/HTB1h3vHQXXXXXXWapXXq6xXFXXXC\/230438700\/HTB1h3vHQXXXXXXWapXXq6xXFXXXC.jpg?quality=close\"><\/p>\n<div class=\"magic-44\"><span class=\"magic-45\"><span style=\"color: #1f1fff; font-size: x-large;\"><b>Notre stock et l&#8217;emballage \u00e0 exp\u00e9dier <\/b><\/span><\/span><\/div>\n<div class=\"magic-46\" data-spm-anchor-id=\"a2700.details.0.i38.426d3e33Sa8WFt\">\n<p><span class=\"magic-45\"><span style=\"font-size: large;\"><b>bien fait l&#8217;emballage, et demandez \u00e0 la personne charg\u00e9e de l&rsquo;inspection de la qualit\u00e9 de v\u00e9rifier avant d&rsquo;exp\u00e9dier les marchandises chez vous,<\/b><\/span><\/span><img decoding=\"async\" src=\"https:\/\/s.alicdn.com\/@sc01\/kf\/HTB1OJ4JQpXXXXXcapXXq6xXFXXXh\/230438700\/HTB1OJ4JQpXXXXXcapXXq6xXFXXXh.jpg?quality=close\"><\/p>\n<p class=\"magic-15\"><span style=\"color: #0000df; font-size: large;\"><b data-spm-anchor-id=\"a2700.details.0.i41.426d3e33Sa8WFt\">Choisissez-nous :<\/b><\/span><\/p>\n<p class=\"magic-15\"><span class=\"magic-51\"><b><span style=\"font-size: large;\">Nous prenons au s\u00e9rieux votre commande et appr\u00e9cions chaque demande qui nous est envoy\u00e9e, garantissant un prix comp\u00e9titif rapide.<\/span><\/b><\/span><\/p>\n<p class=\"magic-15\"><b><span style=\"font-size: large;\">D\u00e9lai de livraison ponctuel :<\/span><\/b><\/p>\n<p class=\"magic-15\"><b><span style=\"font-size: large;\">&#8211;nous passons votre commande et traitons imm\u00e9diatement, assurons votre d\u00e9lai de livraison ponctuel <\/span><\/b><\/p>\n<p class=\"magic-15\"><b><span style=\"font-size: large;\">V\u00e9rifier avant exp\u00e9dition :<\/span><\/b><\/p>\n<p class=\"magic-15\"><b><span style=\"font-size: large;\">&#8211;Nos coll\u00e8gues d&rsquo;inspection v\u00e9rifient la qualit\u00e9 avant l&rsquo;exp\u00e9dition, nous faisons un avis d&rsquo;exp\u00e9dition d\u00e8s que votre commande est exp\u00e9di\u00e9e<\/span><\/b><\/p>\n<p class=\"magic-15\"><b><span style=\"font-size: large;\">Service apr\u00e8s-vente :<\/span><\/b><\/p>\n<p class=\"magic-15\"><b><span style=\"font-size: large;\">Nous nous f\u00e9licitons de votre demande sur les marchandises et respectons vos commentaires apr\u00e8s r\u00e9ception des marchandises.<\/span><\/b><\/p>\n<p class=\"magic-15\"><span style=\"color: #0000ff; font-size: large;\"><b>\u00c0 propos de nous :<\/b><\/span><\/p>\n<p><span style=\"font-size: large;\"><b>1. Plus de commande, plus de remise, prix comp\u00e9titif&nbsp;!<br \/>\n2. Bienvenue \u00e0 nous contacter pour obtenir un meilleur prix&nbsp;!<br \/>\n3.Bon service, livraison rapide, et nous valons la peine d&rsquo;\u00eatre dignes de confiance.<br \/>\n4. Nous pouvons vous garantir que vous serez satisfait de nos produits.<br \/>\n5. Nous traitons les clients comme des amis et vous offrons un service consid\u00e9rable.<br \/>\n6. nous sommes une \u00e9quipe de vente avec des soins m\u00e9dicaux professionnels et un support technique de l&rsquo;\u00e9quipe d&rsquo;ing\u00e9nieurs.<\/b><\/span><img decoding=\"async\" src=\"https:\/\/s.alicdn.com\/@sc04\/kf\/He20b7e63d9904f56affa89608cc70c79A\/230438700\/He20b7e63d9904f56affa89608cc70c79A.jpg?quality=close\"><img decoding=\"async\" src=\"https:\/\/s.alicdn.com\/@sc01\/kf\/HTB1dMHyoQOWBuNjSsppq6xPgpXaD\/230438700\/HTB1dMHyoQOWBuNjSsppq6xPgpXaD.jpg?quality=close\"><\/p>\n<\/div>\n<\/div>\n<\/div>\n<\/div>\n<\/div>\n<\/div>\n<\/div>\n<\/div>\n<\/div>\n","protected":false},"excerpt":{"rendered":"<p>&nbsp;<\/p>\n<div style=\"width: auto;\">\n<div style=\"min-width: 300px; max-width: 300px; word-wrap: break-word; float: left;\">Propri\u00e9t\u00e9s : fournitures de th\u00e9rapie de r\u00e9adaptation.<\/div>\n<div style=\"min-width: 300px; max-width: 300px; word-wrap: break-word; float: left;\">Lieu d&rsquo;origine&nbsp;: Guangdong, Chine<\/div>\n<\/div>\n<div style=\"width: auto;\">\n<div style=\"min-width: 300px; max-width: 300px; word-wrap: break-word; float: left;\">Nom de marque:OEM ODM<\/div>\n<div style=\"min-width: 300px; max-width: 300px; word-wrap: break-word; float: left;\">Num\u00e9ro de mod\u00e8le : ABJ3331<\/div>\n<\/div>\n<div style=\"width: auto;\">\n<div style=\"min-width: 300px; max-width: 300px; word-wrap: break-word; float: left;\">Type:Fauteuil roulant<\/div>\n<div style=\"min-width: 300px; max-width: 300px; word-wrap: break-word; float: left;\">Certificat&nbsp;: ECM, EPRE<\/div>\n<\/div>\n","protected":false},"featured_media":12735,"comment_status":"closed","ping_status":"closed","template":"","meta":[],"product_cat":[117],"product_tag":[],"class_list":["post-12859","product","type-product","status-publish","has-post-thumbnail","hentry","product_cat-trottinette-pour-personnes-agees"],"_links":{"self":[{"href":"https:\/\/anbanjia.com.cn\/fr\/wp-json\/wp\/v2\/product\/12859","targetHints":{"allow":["GET"]}}],"collection":[{"href":"https:\/\/anbanjia.com.cn\/fr\/wp-json\/wp\/v2\/product"}],"about":[{"href":"https:\/\/anbanjia.com.cn\/fr\/wp-json\/wp\/v2\/types\/product"}],"replies":[{"embeddable":true,"href":"https:\/\/anbanjia.com.cn\/fr\/wp-json\/wp\/v2\/comments?post=12859"}],"wp:featuredmedia":[{"embeddable":true,"href":"https:\/\/anbanjia.com.cn\/fr\/wp-json\/wp\/v2\/media\/12735"}],"wp:attachment":[{"href":"https:\/\/anbanjia.com.cn\/fr\/wp-json\/wp\/v2\/media?parent=12859"}],"wp:term":[{"taxonomy":"product_cat","embeddable":true,"href":"https:\/\/anbanjia.com.cn\/fr\/wp-json\/wp\/v2\/product_cat?post=12859"},{"taxonomy":"product_tag","embeddable":true,"href":"https:\/\/anbanjia.com.cn\/fr\/wp-json\/wp\/v2\/product_tag?post=12859"}],"curies":[{"name":"wp","href":"https:\/\/api.w.org\/{rel}","templated":true}]}}