{"id":12858,"date":"2022-05-02T18:07:43","date_gmt":"2022-05-02T18:07:43","guid":{"rendered":"https:\/\/www.anbanjia.com.cn\/product\/meilleur-fauteuil-roulant-de-basket-ball-de-sport-pour-handicapes-avec-pneu-gonfle-leger-alimente-en-aluminium-avec-roue-de-fauteuil-roulant-de-sport-a-360-degres\/"},"modified":"2022-05-02T18:07:43","modified_gmt":"2022-05-02T18:07:43","slug":"meilleur-fauteuil-roulant-de-sport-de-basket-ball-de-sport-pour-personnes-handicapees-avec-roue-de-fauteuil-roulant-de-sport-a-360-degres","status":"publish","type":"product","link":"https:\/\/anbanjia.com.cn\/fr\/produit\/meilleur-fauteuil-roulant-de-sport-de-basket-ball-de-sport-pour-personnes-handicapees-avec-roue-de-fauteuil-roulant-de-sport-a-360-degres\/","title":{"rendered":"Meilleur fauteuil roulant de basket-ball de sport pour handicap\u00e9s avec pneu gonfl\u00e9 l\u00e9ger aliment\u00e9 en aluminium avec roue de fauteuil roulant de sport \u00e0 360 degr\u00e9s"},"content":{"rendered":"<div style=\"max-width: 750px;margin: 0 auto;\">\n<div data-host=\"112311420\" data-id=\"detail_decorate_root\" data-magic-global=\"%7B%22bizId%22%3A3215165050%2C%22pageId%22%3A5050360028%2C%22siteId%22%3A5005610021%7D\" id=\"detail_decorate_root\">\n<div class=\"J_module\" module-id=\"6908781225\" module-title=\"detailFourImages\" render=\"true\">\n<div class=\"icbu-pc-images magic-1\">\n<div>\n<div class=\"flex-layout-v\">\n<div class=\"flex-layout-h magic-1\">\n<div class=\"magic-2\"><a href=\"http:\/\/www.alibaba.com\/product-detail\/China-wheelchair-wholesalers-cheapest-aluminum-medical_60814613615.html?spm=a2747.manage.list.61.39b771d2bYoSaZ\" rel=\"noopener noreferrer\" target=\"_blank\"><img decoding=\"async\" class=\"magic-3\" data-id=\"child-image-0\" data-src=\"\" src=\"https:\/\/anbanjia.com.cn\/wp-content\/uploads\/2022\/05\/HTB1LYp1IbSYBuNjSspiq6xNzpXaJ.jpg\" style=\"max-width: 750;\"><\/a><\/div>\n<div class=\"magic-4\"><a href=\"http:\/\/www.alibaba.com\/product-detail\/China-rehabilitation-economy-ultralight-auto-motorized_60783530056.html?spm=a2747.manage.list.112.39b771d2bYoSaZ\" rel=\"noopener noreferrer\" target=\"_blank\"><img decoding=\"async\" class=\"magic-5\" data-id=\"child-image-1\" data-src=\"\" src=\"https:\/\/anbanjia.com.cn\/wp-content\/uploads\/2022\/05\/HTB15HmfIeuSBuNjSsziq6zq8pXas.jpg\"><\/a><\/div>\n<div class=\"magic-4\"><a href=\"http:\/\/www.alibaba.com\/product-detail\/Aluminum-controller-joystick-fashion-cheap-automated_60783894548.html?spm=a2747.manage.list.43.39b771d2bYoSaZ\" rel=\"noopener noreferrer\" target=\"_blank\"><img decoding=\"async\" class=\"magic-6\" data-id=\"child-image-2\" data-src=\"\" src=\"https:\/\/anbanjia.com.cn\/wp-content\/uploads\/2022\/05\/HTB19DMNzOOYBuNjSsD4q6zSkFXap.jpg\"><\/a><\/div>\n<div class=\"magic-4\"><a href=\"http:\/\/www.alibaba.com\/product-detail\/Self-balancing-detachable-quadriplegic-electrically-propelled_60782950374.html?spm=a2747.manage.list.4.39b771d2bYoSaZ\" rel=\"noopener noreferrer\" target=\"_blank\"><img decoding=\"async\" class=\"magic-7\" data-id=\"child-image-3\" data-src=\"\" src=\"https:\/\/anbanjia.com.cn\/wp-content\/uploads\/2022\/05\/HTB1AUo4H3mTBuNjy1Xbq6yMrVXae.jpg\"><\/a><\/div>\n<\/div>\n<\/div>\n<\/div>\n<\/div>\n<\/div><\/div>\n<\/div>\n","protected":false},"excerpt":{"rendered":"<div style=\"width:auto\">\n<div style=\"min-width: 300px;max-width: 300px;word-wrap: break-word;float: left\">Lieu d&rsquo;origine&nbsp;: Guangdong, Chine <\/div>\n<div style=\"min-width: 300px;max-width: 300px;word-wrap: break-word;float: left\">Nom de marque:OEM ODM<\/div>\n<\/p><\/div>\n<div style=\"width:auto\">\n<div style=\"min-width: 300px;max-width: 300px;word-wrap: break-word;float: left\">Num\u00e9ro de mod\u00e8le&nbsp;: ABJ-1700 <\/div>\n<div style=\"min-width: 300px;max-width: 300px;word-wrap: break-word;float: left\">Classification des instruments&nbsp;: classe&nbsp;II<\/div>\n<\/p><\/div>\n<div style=\"width:auto\">\n<div style=\"min-width: 300px;max-width: 300px;word-wrap: break-word;float: left\">Garantie : AUCUNE <\/div>\n<div style=\"min-width: 300px;max-width: 300px;word-wrap: break-word;float: left\">Service apr\u00e8s-vente : AUCUN<\/div>\n<\/p><\/div>\n<div style=\"width:auto\">\n<div style=\"min-width: 300px;max-width: 300px;word-wrap: break-word;float: left\">Fonction&nbsp;: soins \u00e0 domicile <\/div>\n<div style=\"min-width: 300px;max-width: 300px;word-wrap: break-word;float: left\">Mat\u00e9riau : alliage d&rsquo;aluminium.<\/div>\n<\/p><\/div>\n<div style=\"width:auto\">\n<div style=\"min-width: 300px;max-width: 300px;word-wrap: break-word;float: left\">La couleur rouge <\/div>\n<div style=\"min-width: 300px;max-width: 300px;word-wrap: break-word;float: left\">Application&nbsp;: centre de r\u00e9adaptation\/h\u00f4pital<\/div>\n<\/p><\/div>\n<div style=\"width:auto\">\n<div style=\"min-width: 300px;max-width: 300px;word-wrap: break-word;float: left\">Certificat&nbsp;:&nbsp;CE <\/div>\n<div style=\"min-width: 300px;max-width: 300px;word-wrap: break-word;float: left\">Type : fauteuil roulant manuel de sport.<\/div>\n<\/p><\/div>\n<div style=\"width:auto\">\n<div style=\"min-width: 300px;max-width: 300px;word-wrap: break-word;float: left\">Taille globale:82x59x77cm <\/div>\n<div style=\"min-width: 300px;max-width: 300px;word-wrap: break-word;float: left\">Poids net&nbsp;: 10&nbsp;kg<\/div>\n<\/p><\/div>\n<div style=\"width:auto\">\n<div style=\"min-width: 300px;max-width: 300px;word-wrap: break-word;float: left\">Charge maximale&nbsp;: 100&nbsp;kg <\/div>\n<div style=\"min-width: 300px;max-width: 300px;word-wrap: break-word;float: left\">Roue arri\u00e8re : 24 pouces, pneu gonfl\u00e9<\/div>\n<\/p><\/div>\n<div>Logo personnalis\u00e9(Min. Commande : 50 pi\u00e8ces)<\/div>\n<div>Emballage personnalis\u00e9(Min. Commande : 50 Pi\u00e8ces)<\/div>\n","protected":false},"featured_media":12467,"comment_status":"closed","ping_status":"closed","template":"","meta":[],"product_cat":[129],"product_tag":[],"class_list":["post-12858","product","type-product","status-publish","has-post-thumbnail","hentry","product_cat-fauteuil-roulant-de-sport"],"_links":{"self":[{"href":"https:\/\/anbanjia.com.cn\/fr\/wp-json\/wp\/v2\/product\/12858","targetHints":{"allow":["GET"]}}],"collection":[{"href":"https:\/\/anbanjia.com.cn\/fr\/wp-json\/wp\/v2\/product"}],"about":[{"href":"https:\/\/anbanjia.com.cn\/fr\/wp-json\/wp\/v2\/types\/product"}],"replies":[{"embeddable":true,"href":"https:\/\/anbanjia.com.cn\/fr\/wp-json\/wp\/v2\/comments?post=12858"}],"wp:featuredmedia":[{"embeddable":true,"href":"https:\/\/anbanjia.com.cn\/fr\/wp-json\/wp\/v2\/media\/12467"}],"wp:attachment":[{"href":"https:\/\/anbanjia.com.cn\/fr\/wp-json\/wp\/v2\/media?parent=12858"}],"wp:term":[{"taxonomy":"product_cat","embeddable":true,"href":"https:\/\/anbanjia.com.cn\/fr\/wp-json\/wp\/v2\/product_cat?post=12858"},{"taxonomy":"product_tag","embeddable":true,"href":"https:\/\/anbanjia.com.cn\/fr\/wp-json\/wp\/v2\/product_tag?post=12858"}],"curies":[{"name":"wp","href":"https:\/\/api.w.org\/{rel}","templated":true}]}}