{"id":12852,"date":"2022-05-02T18:07:42","date_gmt":"2022-05-02T18:07:42","guid":{"rendered":"https:\/\/www.anbanjia.com.cn\/product\/fauteuil-roulant-de-sport-leger-en-aluminium-a-grande-capacite-de-chargement-le-moins-cher-pour-athlete-personnes-agees-handicapees\/"},"modified":"2022-05-02T18:07:42","modified_gmt":"2022-05-02T18:07:42","slug":"fauteuil-roulant-de-sport-leger-a-grande-capacite-de-chargement-en-aluminium-le-moins-cher-pour-les-personnes-agees-handicapees-athletes","status":"publish","type":"product","link":"https:\/\/anbanjia.com.cn\/fr\/produit\/fauteuil-roulant-de-sport-leger-a-grande-capacite-de-chargement-en-aluminium-le-moins-cher-pour-les-personnes-agees-handicapees-athletes\/","title":{"rendered":"Fauteuil roulant de sport l\u00e9ger en aluminium \u00e0 grande capacit\u00e9 de chargement le moins cher pour athl\u00e8te, personnes \u00e2g\u00e9es handicap\u00e9es"},"content":{"rendered":"<div style=\"max-width: 750px; margin: 0 auto;\">\n<div id=\"ali-anchor-AliPostDhMb-rnljy\" style=\"padding-top: 8px;\" data-section=\"AliPostDhMb-rnljy\" data-section-title=\"Product Details\">\n<div id=\"ali-title-AliPostDhMb-rnljy\" style=\"padding: 8px 0; border-bottom: 1px solid #ddd;\"><span style=\"background-color: #ddd; color: #333; font-weight: bold; padding: 8px 10px; line-height: 12px;\">d\u00e9tails du produit<\/span><\/div>\n<div style=\"padding: 10px 0;\">\n<p><img decoding=\"async\" style=\"max-width: 750;\" src=\"https:\/\/anbanjia.com.cn\/wp-content\/uploads\/2022\/05\/HTB1pKcVSpXXXXa8XXXXq6xXFXXXs-2.jpg\" data-alt=\"Cheapest aluminum large loading capacity lightweight sport wheelchair for athlete,disable elderly people\" data-src=\"\"><\/p>\n<p><span style=\"font-size: 32px; color: #0000ff;\">Fauteuil roulant de sport l\u00e9ger \u00e0 grande capacit\u00e9 de chargement le moins cher pour les athl\u00e8tes, personnes \u00e2g\u00e9es handicap\u00e9es<\/span><img decoding=\"async\" src=\"https:\/\/anbanjia.com.cn\/wp-content\/uploads\/2022\/05\/HTB1QclOXwoQMeJjy0Fpq6ATxpXaZ-scaled.jpg\" data-alt=\"Cheapest aluminum large loading capacity lightweight sport wheelchair for athlete,disable elderly people\" data-src=\"\"><img decoding=\"async\" src=\"https:\/\/anbanjia.com.cn\/wp-content\/uploads\/2022\/05\/HTB1avRJXrsTMeJjSszdq6AEupXaM.jpg\" data-alt=\"Cheapest aluminum large loading capacity lightweight sport wheelchair for athlete,disable elderly people\" data-src=\"\"><\/p>\n<\/div>\n<\/div>\n<div id=\"ali-anchor-AliPostDhMb-qibrl\" style=\"padding-top: 8px;\" data-section=\"AliPostDhMb-qibrl\" data-section-title=\"Product Description\">\n<div id=\"ali-title-AliPostDhMb-qibrl\" style=\"padding: 8px 0; border-bottom: 1px solid #ddd;\"><span style=\"background-color: #ddd; color: #333; font-weight: bold; padding: 8px 10px; line-height: 12px;\">Description du produit<\/span><\/div>\n<div style=\"padding: 10px 0;\">\n<p> <img decoding=\"async\" src=\"https:\/\/anbanjia.com.cn\/wp-content\/uploads\/2022\/05\/HTB1IcVMXEgQMeJjy0Feq6xOEVXaN.jpg\" data-alt=\"Cheapest aluminum large loading capacity lightweight sport wheelchair for athlete,disable elderly people\" data-src=\"\"><a href=\"https:\/\/abj-medical.en.alibaba.com\/productlist.html?spm=a2700.details.toavopna6.1.697a8c3ec3yBNb\" target=\"_blank\" rel=\"noopener\"><img decoding=\"async\" src=\"https:\/\/anbanjia.com.cn\/wp-content\/uploads\/2022\/05\/HTB1ERWiSFXXXXasXXXXq6xXFXXXw.jpg\" data-alt=\"Cheapest aluminum large loading capacity lightweight sport wheelchair for athlete,disable elderly people\" data-src=\"\"><\/a><img decoding=\"async\" src=\"https:\/\/anbanjia.com.cn\/wp-content\/uploads\/2022\/05\/HTB1TH4ZSFXXXXazXFXXq6xXFXXXm.jpg\" data-alt=\"Cheapest aluminum large loading capacity lightweight sport wheelchair for athlete,disable elderly people\" data-src=\"\"><\/p>\n<\/div>\n<\/div>\n<div id=\"ali-anchor-AliPostDhMb-j02tw\" style=\"padding-top: 8px;\" data-section=\"AliPostDhMb-j02tw\" data-section-title=\"company information\">\n<div id=\"ali-title-AliPostDhMb-j02tw\" style=\"padding: 8px 0; border-bottom: 1px solid #ddd;\"><span style=\"background-color: #ddd; color: #333; font-weight: bold; padding: 8px 10px; line-height: 12px;\">Informations sur la soci\u00e9t\u00e9<\/span><\/div>\n<div style=\"padding: 10px 0;\">\n<p><img decoding=\"async\" src=\"https:\/\/anbanjia.com.cn\/wp-content\/uploads\/2022\/05\/HTB1MME3SpXXXXbJaXXXq6xXFXXXA-1.jpg\" data-alt=\"Cheapest aluminum large loading capacity lightweight sport wheelchair for athlete,disable elderly people\" data-src=\"\"><\/p>\n<\/div>\n<\/div>\n<div id=\"ali-anchor-AliPostDhMb-vp831\" style=\"padding-top: 8px;\" data-section=\"AliPostDhMb-vp831\" data-section-title=\"certificate\">\n<div id=\"ali-title-AliPostDhMb-vp831\" style=\"padding: 8px 0; border-bottom: 1px solid #ddd;\"><span style=\"background-color: #ddd; color: #333; font-weight: bold; padding: 8px 10px; line-height: 12px;\">certificat<\/span><\/div>\n<div style=\"padding: 10px 0;\">\n<p><img decoding=\"async\" src=\"https:\/\/anbanjia.com.cn\/wp-content\/uploads\/2022\/05\/HTB1Z1olSpXXXXctXXXXq6xXFXXXu-1.jpg\" data-alt=\"Cheapest aluminum large loading capacity lightweight sport wheelchair for athlete,disable elderly people\" data-src=\"\"><\/p>\n<\/div>\n<\/div>\n<div id=\"ali-anchor-AliPostDhMb-j0nwc\" style=\"padding-top: 8px;\" data-section=\"AliPostDhMb-j0nwc\" data-section-title=\"produce &amp; payment\">\n<div id=\"ali-title-AliPostDhMb-j0nwc\" style=\"padding: 8px 0; border-bottom: 1px solid #ddd;\"><span style=\"background-color: #ddd; color: #333; font-weight: bold; padding: 8px 10px; line-height: 12px;\">produire et payer<\/span><\/div>\n<div style=\"padding: 10px 0;\">\n<p><img decoding=\"async\" src=\"https:\/\/anbanjia.com.cn\/wp-content\/uploads\/2022\/05\/HTB1LlvUSpXXXXbJXVXXq6xXFXXXf-1.jpg\" data-alt=\"Cheapest aluminum large loading capacity lightweight sport wheelchair for athlete,disable elderly people\" data-src=\"\"><img decoding=\"async\" src=\"https:\/\/anbanjia.com.cn\/wp-content\/uploads\/2022\/05\/HTB1R1haSFXXXXXNXVXXq6xXFXXXz-1.jpg\" data-alt=\"Cheapest aluminum large loading capacity lightweight sport wheelchair for athlete,disable elderly people\" data-src=\"\"><\/p>\n<\/div>\n<\/div>\n<div id=\"ali-anchor-AliPostDhMb-mlwqx\" style=\"padding-top: 8px;\" data-section=\"AliPostDhMb-mlwqx\" data-section-title=\"contact us\">\n<div id=\"ali-title-AliPostDhMb-mlwqx\" style=\"padding: 8px 0; border-bottom: 1px solid #ddd;\"><span style=\"background-color: #ddd; color: #333; font-weight: bold; padding: 8px 10px; line-height: 12px;\">Nous contacter<\/span><\/div>\n<div style=\"padding: 10px 0;\">\n<p><img decoding=\"async\" src=\"https:\/\/anbanjia.com.cn\/wp-content\/uploads\/2022\/05\/HTB1XU1rouySBuNjy1zd760PxFXaK-2.png\" data-alt=\"Cheapest aluminum large loading capacity lightweight sport wheelchair for athlete,disable elderly people\" data-src=\"\"><\/p>\n<\/div>\n<\/div>\n<div id=\"ali-anchor-AliPostDhMb-e4cxw\" style=\"padding-top: 8px;\" data-section=\"AliPostDhMb-e4cxw\" data-section-title=\"Home\">\n<div id=\"ali-title-AliPostDhMb-e4cxw\" style=\"padding: 8px 0; border-bottom: 1px solid #ddd;\"><span style=\"background-color: #ddd; color: #333; font-weight: bold; padding: 8px 10px; line-height: 12px;\">Accueil<\/span><\/div>\n<div style=\"padding: 10px 0;\">\n<p><a href=\"https:\/\/abj-medical.en.alibaba.com\/?spm=a2700.8304367.topnav.1.7fb94f0d6W4Kaf\" target=\"_blank\" rel=\"noopener\"><img decoding=\"async\" src=\"https:\/\/anbanjia.com.cn\/wp-content\/uploads\/2022\/05\/HTB10aT7SpXXXXa7XFXXq6xXFXXXO-1.jpg\" data-alt=\"Cheapest aluminum large loading capacity lightweight sport wheelchair for athlete,disable elderly people\" data-src=\"\"><\/a><\/p>\n<\/div>\n<\/div>\n<\/div>\n","protected":false},"excerpt":{"rendered":"<p>&nbsp;<\/p>\n<div style=\"width: auto;\">\n<div style=\"min-width: 300px; max-width: 300px; word-wrap: break-word; float: left;\">Propri\u00e9t\u00e9s : fournitures de th\u00e9rapie de r\u00e9adaptation.<\/div>\n<div style=\"min-width: 300px; max-width: 300px; word-wrap: break-word; float: left;\">Lieu d&rsquo;origine&nbsp;: Guangdong, Chine<\/div>\n<\/div>\n<div style=\"width: auto;\">\n<div style=\"min-width: 300px; max-width: 300px; word-wrap: break-word; float: left;\">Nom de marque:Anbanjia\/OEM<\/div>\n<div style=\"min-width: 300px; max-width: 300px; word-wrap: break-word; float: left;\">Num\u00e9ro de mod\u00e8le : ABJ-778<\/div>\n<\/div>\n<div style=\"width: auto;\">\n<div style=\"min-width: 300px; max-width: 300px; word-wrap: break-word; float: left;\">Type:Fauteuil roulant<\/div>\n<div style=\"min-width: 300px; max-width: 300px; word-wrap: break-word; float: left;\">Taille de fabrication : 80*64*73cm<\/div>\n<\/div>\n<div style=\"width: auto;\">\n<div style=\"min-width: 300px; max-width: 300px; word-wrap: break-word; float: left;\">Roue avant : 10 cm<\/div>\n<div style=\"min-width: 300px; max-width: 300px; word-wrap: break-word; float: left;\">Roue arri\u00e8re : 60 cm<\/div>\n<\/div>\n<div style=\"width: auto;\">\n<div style=\"min-width: 300px; max-width: 300px; word-wrap: break-word; float: left;\">Capacit\u00e9 de chargement&nbsp;: 100&nbsp;kg<\/div>\n<div style=\"min-width: 300px; max-width: 300px; word-wrap: break-word; float: left;\">Poids net&nbsp;: 13&nbsp;kg<\/div>\n<\/div>\n","protected":false},"featured_media":11272,"comment_status":"closed","ping_status":"closed","template":"","meta":[],"product_cat":[129],"product_tag":[],"class_list":["post-12852","product","type-product","status-publish","has-post-thumbnail","hentry","product_cat-fauteuil-roulant-de-sport"],"_links":{"self":[{"href":"https:\/\/anbanjia.com.cn\/fr\/wp-json\/wp\/v2\/product\/12852","targetHints":{"allow":["GET"]}}],"collection":[{"href":"https:\/\/anbanjia.com.cn\/fr\/wp-json\/wp\/v2\/product"}],"about":[{"href":"https:\/\/anbanjia.com.cn\/fr\/wp-json\/wp\/v2\/types\/product"}],"replies":[{"embeddable":true,"href":"https:\/\/anbanjia.com.cn\/fr\/wp-json\/wp\/v2\/comments?post=12852"}],"wp:featuredmedia":[{"embeddable":true,"href":"https:\/\/anbanjia.com.cn\/fr\/wp-json\/wp\/v2\/media\/11272"}],"wp:attachment":[{"href":"https:\/\/anbanjia.com.cn\/fr\/wp-json\/wp\/v2\/media?parent=12852"}],"wp:term":[{"taxonomy":"product_cat","embeddable":true,"href":"https:\/\/anbanjia.com.cn\/fr\/wp-json\/wp\/v2\/product_cat?post=12852"},{"taxonomy":"product_tag","embeddable":true,"href":"https:\/\/anbanjia.com.cn\/fr\/wp-json\/wp\/v2\/product_tag?post=12852"}],"curies":[{"name":"wp","href":"https:\/\/api.w.org\/{rel}","templated":true}]}}