{"id":12848,"date":"2022-05-02T18:07:46","date_gmt":"2022-05-02T18:07:46","guid":{"rendered":"https:\/\/www.anbanjia.com.cn\/product\/scooter-electrique-pliant-a-quatre-roues-de-scooter-automatique-48v-12ah-pour-le-vehicule-electrique-de-batterie-au-lithium-handicape-age\/"},"modified":"2022-05-02T18:07:46","modified_gmt":"2022-05-02T18:07:46","slug":"scooter-automatique-pliant-scooter-electrique-a-quatre-roues-48v-12ah-pour-vehicule-electrique-a-batterie-au-lithium-pour-personnes-handicapees-agees","status":"publish","type":"product","link":"https:\/\/anbanjia.com.cn\/fr\/produit\/scooter-automatique-pliant-scooter-electrique-a-quatre-roues-48v-12ah-pour-vehicule-electrique-a-batterie-au-lithium-pour-personnes-handicapees-agees\/","title":{"rendered":"Scooter \u00e9lectrique pliant \u00e0 quatre roues de scooter automatique 48v 12AH pour le v\u00e9hicule \u00e9lectrique de batterie au lithium handicap\u00e9 \u00e2g\u00e9"},"content":{"rendered":"<div style=\"max-width: 750px; margin: 0 auto;\">\n<div id=\"detail_decorate_root\" data-magic-global=\"%7B%22bizId%22%3A3215165050%2C%22pageId%22%3A20112412713%2C%22siteId%22%3A5005610021%7D\">\n<div class=\"J_module\">\n<div class=\"detail-decorate-json-renderer-container\">\n<div class=\"magic-1\">\n<div class=\"magic-2\">\n<div class=\"magic-3\">\n<div class=\"magic-4\">\n<div class=\"magic-5\"><b class=\"magic-6\"><span class=\"magic-7\">Scooter \u00e9lectrique pliant \u00e0 quatre roues de scooter automatique 48v 12AH pour le v\u00e9hicule \u00e9lectrique de batterie au lithium handicap\u00e9 \u00e2g\u00e9<\/span><\/b><\/div>\n<div><\/div>\n<div><\/div>\n<div>Mod\u00e8le&nbsp;: FY-3L (pli\u00e9)<br \/>\nSp\u00e9cifications de taille\uff1a95*53*75cm<br \/>\ncouleurs choisir: rouge\/noir\/blanc<br \/>\nMode transmission :<br \/>\nType de batterie&nbsp;: batterie au lithium 48&nbsp;V\/12&nbsp;Ah<br \/>\nTaille des pneus : 8&Prime; 10&Prime;<br \/>\nbase du talon58CM<br \/>\nTension&nbsp;: 48&nbsp;V<br \/>\nVitesse&nbsp;: 20&nbsp;km\/h<br \/>\nPuissance du moteur&nbsp;: 48&nbsp;V\/300&nbsp;W<br \/>\nContr\u00f4leur&nbsp;: 12G48V<br \/>\nJante : Alliage<br \/>\nGarde au sol : 12 cm<br \/>\nTemps de charge : 6-10 heures<br \/>\nDistance de freinage\uff1a\u22645m<br \/>\nmat\u00e9riel:Plastique<br \/>\nCapacit\u00e9 de charge maximale : 90 kg<br \/>\nCapacit\u00e9 d&rsquo;escalade :\u226410\u00b0<br \/>\nPoids brut&nbsp;: 35&nbsp;Kg<br \/>\nPoids net&nbsp;: 28&nbsp;kg<br \/>\nTaille d&#8217;emballage: 95*56*44 cm<br \/>\nQuantit\u00e9 de chargement\uff1aPCS\/20FT 240 PCS\/40HQ<\/div>\n<\/div>\n<\/div>\n<\/div>\n<\/div>\n<\/div>\n<\/div>\n<div class=\"J_module\">\n<div class=\"icbu-pc-detailManyImage magic-8\">\n<div class=\"magic-9\"><img decoding=\"async\" class=\"magic-10\" style=\"max-width: 750;\" src=\"https:\/\/anbanjia.com.cn\/wp-content\/uploads\/2022\/05\/He28f03080aac4201bc0824ae0d45fe6bz.png\" data-src=\"\"><\/div>\n<div class=\"magic-9\"><img decoding=\"async\" class=\"magic-10\" src=\"https:\/\/anbanjia.com.cn\/wp-content\/uploads\/2022\/05\/H692fc160fa2f4fdfa8e90324f969fa28k.png\" data-src=\"\"><\/div>\n<div class=\"magic-9\"><img decoding=\"async\" class=\"magic-10\" src=\"https:\/\/anbanjia.com.cn\/wp-content\/uploads\/2022\/05\/Hf5b33722648449929696d02e02b171f1B.png\" data-src=\"\"><\/div>\n<div class=\"magic-9\"><img decoding=\"async\" class=\"magic-10\" src=\"https:\/\/anbanjia.com.cn\/wp-content\/uploads\/2022\/05\/Hbf1e1b933f3048cfa4ec934f721a3f994.png\" data-src=\"\"><\/div>\n<div class=\"magic-9\"><img decoding=\"async\" class=\"magic-10\" src=\"https:\/\/anbanjia.com.cn\/wp-content\/uploads\/2022\/05\/Ha056629ddd3d4020b06aac1ec812cb62y.png\" data-src=\"\"><\/div>\n<div class=\"magic-9\"><img decoding=\"async\" class=\"magic-10\" src=\"https:\/\/anbanjia.com.cn\/wp-content\/uploads\/2022\/05\/Hc4556a7a5cee48998803ab5ee2b7dc11D.png\" data-src=\"\"><\/div>\n<div class=\"magic-9\"><img decoding=\"async\" class=\"magic-10\" src=\"https:\/\/anbanjia.com.cn\/wp-content\/uploads\/2022\/05\/Hffc40f5706434212b024bf85642811a3Y.png\" data-src=\"\"><\/div>\n<div class=\"magic-9\"><img decoding=\"async\" class=\"magic-10\" src=\"https:\/\/anbanjia.com.cn\/wp-content\/uploads\/2022\/05\/H7518d1d6716c49bd989b419dc7449cfe1.png\" data-src=\"\"><\/div>\n<div class=\"magic-9\"><img decoding=\"async\" class=\"magic-10\" src=\"https:\/\/anbanjia.com.cn\/wp-content\/uploads\/2022\/05\/H7cc65c7e0fc145f5a99ee7bd9eb0a383W.png\" data-src=\"\"><\/div>\n<\/div>\n<\/div>\n<div class=\"J_module\">\n<div class=\"icbu-pc-images magic-11\">\n<div>\n<div class=\"flex-layout-v\">\n<div class=\"flex-layout-h magic-11\">\n<div class=\"magic-12\"><img decoding=\"async\" class=\"magic-13\" src=\"https:\/\/anbanjia.com.cn\/wp-content\/uploads\/2022\/05\/H48470e30116a4549835e9fc914afd375I.png\" data-src=\"\"><\/div>\n<\/div>\n<\/div>\n<\/div>\n<\/div>\n<\/div>\n<div class=\"J_module\">\n<div class=\"icbu-pc-images magic-11\">\n<div>\n<div class=\"flex-layout-v\">\n<div class=\"flex-layout-h magic-11\">\n<div class=\"magic-14\"><img decoding=\"async\" class=\"magic-15\" src=\"https:\/\/anbanjia.com.cn\/wp-content\/uploads\/2022\/05\/H02e385a900a54feab08b84e3aa3010d0B.png\" data-src=\"\"><\/div>\n<\/div>\n<\/div>\n<\/div>\n<\/div>\n<\/div>\n<div class=\"J_module\">\n<div class=\"icbu-pc-images magic-11\">\n<div>\n<div class=\"flex-layout-v\">\n<div class=\"flex-layout-h magic-11\">\n<div class=\"magic-16\"><img decoding=\"async\" class=\"magic-17\" src=\"https:\/\/anbanjia.com.cn\/wp-content\/uploads\/2022\/05\/H97efd90f064242a2b000023de25b19e1J.png\" data-src=\"\"><\/div>\n<\/div>\n<\/div>\n<\/div>\n<\/div>\n<\/div>\n<div class=\"J_module\">\n<div class=\"icbu-pc-images magic-11\">\n<div>\n<div class=\"flex-layout-v\">\n<div class=\"flex-layout-h magic-11\">\n<div class=\"magic-18\"><img decoding=\"async\" class=\"magic-19\" src=\"https:\/\/anbanjia.com.cn\/wp-content\/uploads\/2022\/05\/Hd3fa3d0b98c34597965caca3d3ad32dfz.png\" data-src=\"\"><\/div>\n<\/div>\n<\/div>\n<\/div>\n<\/div>\n<\/div>\n<div class=\"J_module\">\n<div class=\"icbu-pc-images magic-11\">\n<div>\n<div class=\"flex-layout-v\">\n<div class=\"flex-layout-h magic-11\">\n<div class=\"magic-20\"><img decoding=\"async\" class=\"magic-21\" src=\"https:\/\/anbanjia.com.cn\/wp-content\/uploads\/2022\/05\/Hc22d7219dbdc4b868c8cd93d3f74fc964.png\" data-src=\"\"><\/div>\n<\/div>\n<\/div>\n<\/div>\n<\/div>\n<\/div>\n<div class=\"J_module\">\n<div class=\"icbu-pc-images magic-11\">\n<div>\n<div class=\"flex-layout-v\">\n<div class=\"flex-layout-h magic-11\">\n<div class=\"magic-22\"><img decoding=\"async\" class=\"magic-23\" src=\"https:\/\/anbanjia.com.cn\/wp-content\/uploads\/2022\/05\/He20b7e63d9904f56affa89608cc70c79A.jpg\" data-src=\"\"><\/div>\n<\/div>\n<\/div>\n<\/div>\n<\/div>\n<\/div>\n<div class=\"J_module\">\n<div class=\"icbu-pc-images magic-11\">\n<div>\n<div class=\"flex-layout-v\">\n<div class=\"flex-layout-h magic-11\">\n<div class=\"magic-24\"><img decoding=\"async\" class=\"magic-25\" src=\"https:\/\/anbanjia.com.cn\/wp-content\/uploads\/2022\/05\/H0d98a1c526ad49f4ba43398cbcb5b09bB.png\" data-src=\"\"><\/div>\n<\/div>\n<\/div>\n<\/div>\n<\/div>\n<\/div>\n<\/div>\n<\/div>\n","protected":false},"excerpt":{"rendered":"<p>&nbsp;<\/p>\n<div style=\"width: auto;\">\n<div style=\"min-width: 300px; max-width: 300px; word-wrap: break-word; float: left;\">Lieu d&rsquo;origine&nbsp;: Guangdong, Chine<\/div>\n<div style=\"min-width: 300px; max-width: 300px; word-wrap: break-word; float: left;\">Nom de marque:OEM<\/div>\n<\/div>\n<div style=\"width: auto;\">\n<div style=\"min-width: 300px; max-width: 300px; word-wrap: break-word; float: left;\">Num\u00e9ro de mod\u00e8le&nbsp;: FY-3L (pli\u00e9).<\/div>\n<div style=\"min-width: 300px; max-width: 300px; word-wrap: break-word; float: left;\">Puissance : 201-500w<\/div>\n<\/div>\n<div style=\"width: auto;\">\n<div style=\"min-width: 300px; max-width: 300px; word-wrap: break-word; float: left;\">Tension&nbsp;: 48&nbsp;V<\/div>\n<div style=\"min-width: 300px; max-width: 300px; word-wrap: break-word; float: left;\">Temps de charge : 6-10H<\/div>\n<\/div>\n<div style=\"width: auto;\">\n<div style=\"min-width: 300px; max-width: 300px; word-wrap: break-word; float: left;\">Pliable&nbsp;:&nbsp;Oui<\/div>\n<div style=\"min-width: 300px; max-width: 300px; word-wrap: break-word; float: left;\">Port\u00e9e par charge&nbsp;: 20&nbsp;km\/h<\/div>\n<\/div>\n<div style=\"width: auto;\">\n<div style=\"min-width: 300px; max-width: 300px; word-wrap: break-word; float: left;\">Vitesse maximale:&lt; 30km\/h<\/div>\n<div style=\"min-width: 300px; max-width: 300px; word-wrap: break-word; float: left;\">Type intelligent : \u00c9lectronique<\/div>\n<\/div>\n<div style=\"width: auto;\">\n<div style=\"min-width: 300px; max-width: 300px; word-wrap: break-word; float: left;\">Mod\u00e8le : FY-3L (pli)<\/div>\n<div style=\"min-width: 300px; max-width: 300px; word-wrap: break-word; float: left;\">Sp\u00e9cifications de taille:95*53*75cm<\/div>\n<\/div>\n<div style=\"width: auto;\">\n<div style=\"min-width: 300px; max-width: 300px; word-wrap: break-word; float: left;\">couleurs choisir: rouge\/noir\/blanc<\/div>\n<div style=\"min-width: 300px; max-width: 300px; word-wrap: break-word; float: left;\">Type de batterie&nbsp;: batterie au lithium 48&nbsp;V\/12&nbsp;Ah<\/div>\n<\/div>\n<div style=\"width: auto;\">\n<div style=\"min-width: 300px; max-width: 300px; word-wrap: break-word; float: left;\">Vitesse&nbsp;: 20&nbsp;km\/h<\/div>\n<div style=\"min-width: 300px; max-width: 300px; word-wrap: break-word; float: left;\">Poids brut&nbsp;: 35&nbsp;Kg<\/div>\n<\/div>\n<div style=\"width: auto;\">\n<div style=\"min-width: 300px; max-width: 300px; word-wrap: break-word; float: left;\">Poids net&nbsp;: 28&nbsp;kg<\/div>\n<div style=\"min-width: 300px; max-width: 300px; word-wrap: break-word; float: left;\">Capacit\u00e9 de chargement maximale&nbsp;: 90&nbsp;kg<\/div>\n<\/div>\n<div style=\"width: auto;\">\n<div style=\"min-width: 300px; max-width: 300px; word-wrap: break-word; float: left;\">Taille d&#8217;emballage: 95*56*44 cm<\/div>\n<div style=\"min-width: 300px; max-width: 300px; word-wrap: break-word; float: left;\">Quantit\u00e9 de chargement : PCS\/20FT 240 PCS\/40HQ<\/div>\n<\/div>\n","protected":false},"featured_media":12737,"comment_status":"closed","ping_status":"closed","template":"","meta":[],"product_cat":[117],"product_tag":[],"class_list":["post-12848","product","type-product","status-publish","has-post-thumbnail","hentry","product_cat-trottinette-pour-personnes-agees"],"_links":{"self":[{"href":"https:\/\/anbanjia.com.cn\/fr\/wp-json\/wp\/v2\/product\/12848","targetHints":{"allow":["GET"]}}],"collection":[{"href":"https:\/\/anbanjia.com.cn\/fr\/wp-json\/wp\/v2\/product"}],"about":[{"href":"https:\/\/anbanjia.com.cn\/fr\/wp-json\/wp\/v2\/types\/product"}],"replies":[{"embeddable":true,"href":"https:\/\/anbanjia.com.cn\/fr\/wp-json\/wp\/v2\/comments?post=12848"}],"wp:featuredmedia":[{"embeddable":true,"href":"https:\/\/anbanjia.com.cn\/fr\/wp-json\/wp\/v2\/media\/12737"}],"wp:attachment":[{"href":"https:\/\/anbanjia.com.cn\/fr\/wp-json\/wp\/v2\/media?parent=12848"}],"wp:term":[{"taxonomy":"product_cat","embeddable":true,"href":"https:\/\/anbanjia.com.cn\/fr\/wp-json\/wp\/v2\/product_cat?post=12848"},{"taxonomy":"product_tag","embeddable":true,"href":"https:\/\/anbanjia.com.cn\/fr\/wp-json\/wp\/v2\/product_tag?post=12848"}],"curies":[{"name":"wp","href":"https:\/\/api.w.org\/{rel}","templated":true}]}}