{"id":12847,"date":"2022-05-02T18:07:43","date_gmt":"2022-05-02T18:07:43","guid":{"rendered":"https:\/\/www.anbanjia.com.cn\/product\/fournisseurs-de-fauteuils-roulants-adulte-en-aluminium-handicape-grande-roue-fauteuil-roulant-manuel-de-sport-pliant-avec-roues-de-fauteuil-roulant-spinergy\/"},"modified":"2022-05-02T18:07:43","modified_gmt":"2022-05-02T18:07:43","slug":"fournisseurs-de-fauteuil-roulant-adulte-aluminium-handicape-grande-roue-pliant-sport-fauteuil-roulant-manuel-avec-roues-de-fauteuil-roulant-spinergy","status":"publish","type":"product","link":"https:\/\/anbanjia.com.cn\/fr\/produit\/fournisseurs-de-fauteuil-roulant-adulte-aluminium-handicape-grande-roue-pliant-sport-fauteuil-roulant-manuel-avec-roues-de-fauteuil-roulant-spinergy\/","title":{"rendered":"Fournisseurs de fauteuils roulants adulte en aluminium handicap\u00e9 grande roue fauteuil roulant manuel de sport pliant avec roues de fauteuil roulant spinergy"},"content":{"rendered":"<div class=\"J_module\">\n<div class=\"icbu-pc-images magic-1\">\n<div>\n<div class=\"flex-layout-v\">\n<div class=\"flex-layout-h magic-1\">\n<div class=\"magic-8\"><a href=\"http:\/\/abj-medical.en.alibaba.com\/\" target=\"_blank\" rel=\"noopener noreferrer\"><img decoding=\"async\" class=\"magic-9\" src=\"https:\/\/s.alicdn.com\/@sc02\/kf\/HTB1yJr_mXkoBKNjSZFEq6zrEVXaW\/230438700\/HTB1yJr_mXkoBKNjSZFEq6zrEVXaW.jpg?quality=close\" data-src=\"https:\/\/s.alicdn.com\/@sc02\/kf\/HTB1yJr_mXkoBKNjSZFEq6zrEVXaW\/230438700\/HTB1yJr_mXkoBKNjSZFEq6zrEVXaW.jpg?quality=close\"><\/a><\/div>\n<\/div>\n<\/div>\n<\/div>\n<\/div>\n<\/div>\n<div class=\"J_module\">\n<div class=\"ife-detail-decorate-table\">\n<table class=\"all magic-10\">\n<tbody>\n<tr>\n<td>\n<div class=\"magic-11\">\n<div class=\"magic-12\"><b><span style=\"font-family: Times New Roman, Times; font-size: large;\">Article<\/span><\/b><\/div>\n<\/div>\n<\/td>\n<td colspan=\"3\">\n<div class=\"magic-13\">\n<div class=\"magic-12\">ABJ-1700<\/div>\n<\/div>\n<\/td>\n<\/tr>\n<tr>\n<td>\n<div class=\"magic-11\">\n<div class=\"magic-12\"><b><span style=\"font-family: Times New Roman, Times; font-size: large;\">Mat\u00e9riel<\/span><\/b><\/div>\n<\/div>\n<\/td>\n<td colspan=\"3\">\n<div class=\"magic-13\">\n<div class=\"magic-12\">Alliage d&rsquo;aluminium<\/div>\n<\/div>\n<\/td>\n<\/tr>\n<tr>\n<td>\n<div class=\"magic-11\">\n<div class=\"magic-12\"><b><span style=\"font-family: Times New Roman, Times; font-size: large;\">Taille globale<\/span><\/b><\/div>\n<\/div>\n<\/td>\n<td colspan=\"3\">\n<div class=\"magic-13\">\n<div class=\"magic-12\">82x59x77cm<\/div>\n<\/div>\n<\/td>\n<\/tr>\n<tr>\n<td>\n<div class=\"magic-11\">\n<div class=\"magic-12\"><b><span style=\"font-family: Times New Roman, Times; font-size: large;\">Taille pli\u00e9e<\/span><\/b><\/div>\n<\/div>\n<\/td>\n<td colspan=\"3\">\n<div class=\"magic-13\">\n<div class=\"magic-12\">82x32x77<\/div>\n<\/div>\n<\/td>\n<\/tr>\n<tr>\n<td>\n<div class=\"magic-11\">\n<div class=\"magic-12\"><span style=\"font-family: Times New Roman, Times; font-size: large;\"><b>Hauteur du si\u00e8ge<\/b><\/span><\/div>\n<\/div>\n<\/td>\n<td colspan=\"3\">\n<div class=\"magic-13\">\n<div class=\"magic-12\">49cm<\/div>\n<\/div>\n<\/td>\n<\/tr>\n<tr>\n<td>\n<div class=\"magic-11\">\n<div class=\"magic-12\"><span style=\"font-family: Times New Roman, Times; font-size: large;\"><b>Largeur du si\u00e8ge<\/b><\/span><\/div>\n<\/div>\n<\/td>\n<td colspan=\"3\">\n<div class=\"magic-13\">\n<div class=\"magic-12\">40cm<\/div>\n<\/div>\n<\/td>\n<\/tr>\n<tr>\n<td>\n<div class=\"magic-11\">\n<div class=\"magic-16\"><span style=\"font-family: Times; font-size: large;\"><b>Hauteur du dossier<\/b><\/span><\/div>\n<\/div>\n<\/td>\n<td colspan=\"3\">\n<div class=\"magic-17\">\n<div class=\"magic-12\">33cm<\/div>\n<\/div>\n<\/td>\n<\/tr>\n<tr>\n<td>\n<div class=\"magic-11\">\n<div class=\"magic-12\"><b><span style=\"font-family: Times New Roman, Times; font-size: large;\">Poids net<\/span><\/b><\/div>\n<\/div>\n<\/td>\n<td colspan=\"3\">\n<div class=\"magic-13\">\n<div class=\"magic-12\">10 kg<\/div>\n<\/div>\n<\/td>\n<\/tr>\n<tr>\n<td>\n<div class=\"magic-11\">\n<div class=\"magic-12\"><b><span style=\"font-family: Times New Roman, Times; font-size: large;\">Charge maximale<\/span><\/b><\/div>\n<\/div>\n<\/td>\n<td colspan=\"3\">\n<div class=\"magic-17\">\n<div class=\"magic-12\">100 kg<\/div>\n<\/div>\n<\/td>\n<\/tr>\n<\/tbody>\n<\/table>\n<\/div>\n<\/div>\n<div class=\"J_module\">\n<div class=\"icbu-pc-images magic-1\">\n<div>\n<div class=\"flex-layout-v\">\n<div class=\"flex-layout-h magic-1\">\n<div class=\"magic-18\"><img decoding=\"async\" class=\"magic-19\" src=\"https:\/\/s.alicdn.com\/@sc01\/kf\/HTB1bYV3z8mWBuNkSndVq6AsApXaS\/230438700\/HTB1bYV3z8mWBuNkSndVq6AsApXaS.jpg?quality=close\" data-src=\"https:\/\/s.alicdn.com\/@sc01\/kf\/HTB1bYV3z8mWBuNkSndVq6AsApXaS\/230438700\/HTB1bYV3z8mWBuNkSndVq6AsApXaS.jpg?quality=close\"><\/div>\n<\/div>\n<\/div>\n<\/div>\n<\/div>\n<\/div>\n<div class=\"J_module\">\n<div id=\"ali-anchor-AliMagic-xwiu3m\" class=\"magic-0\" data-section=\"AliMagic-xwiu3m\" data-section-title=\"Detailed Images\">Images d\u00e9taill\u00e9es<\/div>\n<\/div>\n<div class=\"J_module\">\n<div class=\"icbu-pc-images magic-1\">\n<div>\n<div class=\"flex-layout-v\">\n<div class=\"flex-layout-h magic-1\">\n<div class=\"magic-20\"><img decoding=\"async\" class=\"magic-21\" src=\"https:\/\/s.alicdn.com\/@sc01\/kf\/HTB1cBz1IkSWBuNjSszdq6zeSpXau\/230438700\/HTB1cBz1IkSWBuNjSszdq6zeSpXau.jpg?quality=close\" data-src=\"https:\/\/s.alicdn.com\/@sc01\/kf\/HTB1cBz1IkSWBuNjSszdq6zeSpXau\/230438700\/HTB1cBz1IkSWBuNjSszdq6zeSpXau.jpg?quality=close\"><\/div>\n<\/div>\n<\/div>\n<\/div>\n<\/div>\n<\/div>\n<div class=\"J_module\">\n<div class=\"icbu-pc-images magic-1\">\n<div>\n<div class=\"flex-layout-v\">\n<div class=\"flex-layout-h magic-1\">\n<div class=\"magic-22\"><img decoding=\"async\" class=\"magic-23\" src=\"https:\/\/s.alicdn.com\/@sc02\/kf\/HTB1RfPgIeuSBuNjSsziq6zq8pXae\/230438700\/HTB1RfPgIeuSBuNjSsziq6zq8pXae.jpg?quality=close\" data-src=\"https:\/\/s.alicdn.com\/@sc02\/kf\/HTB1RfPgIeuSBuNjSsziq6zq8pXae\/230438700\/HTB1RfPgIeuSBuNjSsziq6zq8pXae.jpg?quality=close\"><\/div>\n<\/div>\n<\/div>\n<\/div>\n<\/div>\n<\/div>\n<div class=\"J_module\">\n<div class=\"icbu-pc-images magic-1\">\n<div>\n<div class=\"flex-layout-v\">\n<div class=\"flex-layout-h magic-1\">\n<div class=\"magic-24\"><img decoding=\"async\" class=\"magic-25\" src=\"https:\/\/s.alicdn.com\/@sc01\/kf\/HTB1CWhBzZuYBuNkSmRyq6AA3pXaO\/230438700\/HTB1CWhBzZuYBuNkSmRyq6AA3pXaO.jpg?quality=close\" data-src=\"https:\/\/s.alicdn.com\/@sc01\/kf\/HTB1CWhBzZuYBuNkSmRyq6AA3pXaO\/230438700\/HTB1CWhBzZuYBuNkSmRyq6AA3pXaO.jpg?quality=close\"><\/div>\n<\/div>\n<\/div>\n<\/div>\n<\/div>\n<\/div>\n<div class=\"J_module\">\n<div class=\"icbu-pc-images magic-1\">\n<div>\n<div class=\"flex-layout-v\">\n<div class=\"flex-layout-h magic-1\">\n<div class=\"magic-26\"><img decoding=\"async\" class=\"magic-27\" src=\"https:\/\/s.alicdn.com\/@sc01\/kf\/HTB1CU4lIhSYBuNjSsphq6zGvVXao\/230438700\/HTB1CU4lIhSYBuNjSsphq6zGvVXao.jpg?quality=close\" data-src=\"https:\/\/s.alicdn.com\/@sc01\/kf\/HTB1CU4lIhSYBuNjSsphq6zGvVXao\/230438700\/HTB1CU4lIhSYBuNjSsphq6zGvVXao.jpg?quality=close\"><\/div>\n<\/div>\n<\/div>\n<\/div>\n<\/div>\n<\/div>\n<div class=\"J_module\">\n<div class=\"icbu-pc-images magic-1\">\n<div>\n<div class=\"flex-layout-v\">\n<div class=\"flex-layout-h magic-1\">\n<div class=\"magic-28\"><img decoding=\"async\" class=\"magic-29\" src=\"https:\/\/s.alicdn.com\/@sc01\/kf\/HTB1BhyCIk9WBuNjSspeq6yz5VXar\/230438700\/HTB1BhyCIk9WBuNjSspeq6yz5VXar.jpg?quality=close\" data-src=\"https:\/\/s.alicdn.com\/@sc01\/kf\/HTB1BhyCIk9WBuNjSspeq6yz5VXar\/230438700\/HTB1BhyCIk9WBuNjSspeq6yz5VXar.jpg?quality=close\"><\/div>\n<\/div>\n<\/div>\n<\/div>\n<\/div>\n<\/div>\n<div class=\"J_module\">\n<div id=\"ali-anchor-AliMagic-12wtf9\" class=\"magic-0\" data-section=\"AliMagic-12wtf9\" data-section-title=\"Packing &amp; Delivery\">Emballage et livraison<\/div>\n<\/div>\n<div class=\"J_module\">\n<div class=\"detail-decorate-json-renderer-container\">\n<div class=\"magic-30\">\n<h3 class=\"magic-31\" data-id=\"title0\"><\/h3>\n<div class=\"magic-12\"><span class=\"magic-33\">Tous les produits doivent \u00eatre inspect\u00e9s tr\u00e8s soigneusement par nous-m\u00eames avant l&rsquo;exp\u00e9dition. <\/span><\/div>\n<div class=\"magic-12\"><span class=\"magic-34\">Nous fournissons aux clients une livraison rapide, un prix raisonnable, des services de haute qualit\u00e9 et \u00e0 long terme.<\/span><\/div>\n<div class=\"magic-35\">\n<div class=\"magic-36\">\n<div class=\"magic-37\" data-id=\"paragraph0\"><\/div>\n<\/div>\n<\/div>\n<\/div>\n<\/div>\n<\/div>\n<div class=\"J_module\">\n<div class=\"icbu-pc-images magic-1\">\n<div>\n<div class=\"flex-layout-v\">\n<div class=\"flex-layout-h magic-1\">\n<div class=\"magic-38\"><img decoding=\"async\" class=\"magic-39\" src=\"https:\/\/s.alicdn.com\/@sc01\/kf\/HTB13r6WzOCYBuNkSnaVq6AMsVXae\/230438700\/HTB13r6WzOCYBuNkSnaVq6AMsVXae.jpg?quality=close\" data-src=\"https:\/\/s.alicdn.com\/@sc01\/kf\/HTB13r6WzOCYBuNkSnaVq6AMsVXae\/230438700\/HTB13r6WzOCYBuNkSnaVq6AMsVXae.jpg?quality=close\"><\/div>\n<\/div>\n<\/div>\n<\/div>\n<\/div>\n<\/div>\n<div class=\"J_module\">\n<div class=\"icbu-pc-images magic-1\">\n<div>\n<div class=\"flex-layout-v\">\n<div class=\"flex-layout-h magic-1\">\n<div class=\"magic-40\"><img decoding=\"async\" class=\"magic-41\" src=\"https:\/\/s.alicdn.com\/@sc01\/kf\/HTB1jnYua56guuRjy1Xdq6yAwpXaS\/230438700\/HTB1jnYua56guuRjy1Xdq6yAwpXaS.jpg?quality=close\" data-src=\"https:\/\/s.alicdn.com\/@sc01\/kf\/HTB1jnYua56guuRjy1Xdq6yAwpXaS\/230438700\/HTB1jnYua56guuRjy1Xdq6yAwpXaS.jpg?quality=close\"><\/div>\n<\/div>\n<\/div>\n<\/div>\n<\/div>\n<\/div>\n<div class=\"J_module\">\n<div class=\"icbu-pc-images magic-1\">\n<div>\n<div class=\"flex-layout-v\">\n<div class=\"flex-layout-h magic-1\">\n<div class=\"magic-42\"><img decoding=\"async\" class=\"magic-43\" src=\"https:\/\/s.alicdn.com\/@sc02\/kf\/HTB1EGdwIf9TBuNjy0Fcq6zeiFXap\/230438700\/HTB1EGdwIf9TBuNjy0Fcq6zeiFXap.jpg?quality=close\" data-src=\"https:\/\/s.alicdn.com\/@sc02\/kf\/HTB1EGdwIf9TBuNjy0Fcq6zeiFXap\/230438700\/HTB1EGdwIf9TBuNjy0Fcq6zeiFXap.jpg?quality=close\"><\/div>\n<\/div>\n<\/div>\n<\/div>\n<\/div>\n<\/div>\n<div class=\"J_module\">\n<div id=\"ali-anchor-AliMagic-5r955n\" class=\"magic-0\" data-section=\"AliMagic-5r955n\" data-section-title=\"Factory Workshop\">Atelier d&rsquo;usine<\/div>\n<\/div>\n<div class=\"J_module\">\n<div class=\"icbu-pc-images magic-1\">\n<div>\n<div class=\"flex-layout-v\">\n<div class=\"flex-layout-h magic-1\">\n<div class=\"magic-44\"><img decoding=\"async\" class=\"magic-45\" src=\"https:\/\/s.alicdn.com\/@sc01\/kf\/HTB1HlaRIhGYBuNjy0Fnq6x5lpXa3\/230438700\/HTB1HlaRIhGYBuNjy0Fnq6x5lpXa3.jpg?quality=close\" data-src=\"https:\/\/s.alicdn.com\/@sc01\/kf\/HTB1HlaRIhGYBuNjy0Fnq6x5lpXa3\/230438700\/HTB1HlaRIhGYBuNjy0Fnq6x5lpXa3.jpg?quality=close\"><\/div>\n<\/div>\n<\/div>\n<\/div>\n<\/div>\n<\/div>\n<div class=\"J_module\">\n<div class=\"detail-decorate-json-renderer-container\">\n<div class=\"magic-30\">\n<div class=\"magic-35\">\n<div class=\"magic-36\">\n<div class=\"magic-37\">\n<p class=\"magic-46\"><b><span style=\"color: #0000bf; font-family: Times New Roman, Times; font-size: large;\">En tant que fournisseur professionnel et leader d&rsquo;\u00e9quipements m\u00e9dicaux, ABJ fournit de nombreux produits de fauteuils roulants de haute qualit\u00e9 \u00e0 la majorit\u00e9 des clients, ce qui r\u00e9pond \u00e0 leurs exigences.<\/span><\/b><\/p>\n<\/div>\n<\/div>\n<\/div>\n<\/div>\n<\/div>\n<\/div>\n<div class=\"J_module\">\n<div class=\"icbu-pc-images magic-1\">\n<div>\n<div class=\"flex-layout-v\">\n<div class=\"flex-layout-h magic-1\">\n<div class=\"magic-47\"><img decoding=\"async\" class=\"magic-48\" src=\"https:\/\/s.alicdn.com\/@sc01\/kf\/HTB1oBcfIamWBuNjy1Xaq6xCbXXao\/230438700\/HTB1oBcfIamWBuNjy1Xaq6xCbXXao.jpg?quality=close\" data-src=\"https:\/\/s.alicdn.com\/@sc01\/kf\/HTB1oBcfIamWBuNjy1Xaq6xCbXXao\/230438700\/HTB1oBcfIamWBuNjy1Xaq6xCbXXao.jpg?quality=close\"><\/div>\n<\/div>\n<\/div>\n<\/div>\n<\/div>\n<\/div>\n<div class=\"J_module\">\n<div id=\"ali-anchor-AliMagic-cp1pl8\" class=\"magic-0\" data-section=\"AliMagic-cp1pl8\" data-section-title=\"Our Company\">Notre compagnie<\/div>\n<\/div>\n<div class=\"J_module\">\n<div class=\"icbu-pc-images magic-1\">\n<div>\n<div class=\"flex-layout-v\">\n<div class=\"flex-layout-h magic-1\">\n<div class=\"magic-49\"><img decoding=\"async\" class=\"magic-50\" src=\"https:\/\/s.alicdn.com\/@sc01\/kf\/H3d43ab43a0f24fc7886a50fee5674fd4U\/230438700\/H3d43ab43a0f24fc7886a50fee5674fd4U.jpg?quality=close\" data-src=\"\/\/s.alicdn.com\/@sc01\/kf\/H3d43ab43a0f24fc7886a50fee5674fd4U\/230438700\/H3d43ab43a0f24fc7886a50fee5674fd4U.jpg?quality=close\"><\/div>\n<\/div>\n<\/div>\n<\/div>\n<\/div>\n<\/div>\n<div class=\"J_module\">\n<div class=\"icbu-pc-images magic-1\">\n<div>\n<div class=\"flex-layout-v\">\n<div class=\"flex-layout-h magic-1\">\n<div class=\"magic-51\"><img decoding=\"async\" class=\"magic-52\" src=\"https:\/\/s.alicdn.com\/@sc02\/kf\/HTB12nKfIkOWBuNjSsppq6xPgpXal\/230438700\/HTB12nKfIkOWBuNjSsppq6xPgpXal.jpg?quality=close\" data-src=\"https:\/\/s.alicdn.com\/@sc02\/kf\/HTB12nKfIkOWBuNjSsppq6xPgpXal\/230438700\/HTB12nKfIkOWBuNjSsppq6xPgpXal.jpg?quality=close\"><\/div>\n<\/div>\n<\/div>\n<\/div>\n<\/div>\n<\/div>\n<div class=\"J_module\">\n<div class=\"detail-decorate-json-renderer-container\">\n<div class=\"magic-30\">\n<h3 class=\"magic-31\" data-id=\"title0\"><\/h3>\n<h3 class=\"magic-53\"><b><span style=\"font-family: Times New Roman, Times; font-size: x-large;\">\u00c0 propos de nous:<br \/>\n1. Plus de commande, plus de remise, prix comp\u00e9titif&nbsp;!<br \/>\n2. Bienvenue \u00e0 nous contacter pour obtenir un meilleur prix&nbsp;!<br \/>\n3.Bon service, livraison rapide, et nous valons la peine d&rsquo;\u00eatre dignes de confiance.<br \/>\n4. Nous pouvons vous garantir que vous serez satisfait de nos produits.<br \/>\n5. Nous traitons les clients comme des amis et vous offrons un service consid\u00e9rable.<\/span><\/b><\/h3>\n<div class=\"magic-35\">\n<div class=\"magic-36\">\n<div class=\"magic-37\" data-id=\"paragraph0\"><\/div>\n<\/div>\n<\/div>\n<\/div>\n<\/div>\n<\/div>\n<div class=\"J_module\">\n<div class=\"icbu-pc-images magic-1\">\n<div>\n<div class=\"flex-layout-v\">\n<div class=\"flex-layout-h magic-1\">\n<div class=\"magic-55\"><a href=\"http:\/\/abj-medical.en.alibaba.com\/\" target=\"_blank\" rel=\"noopener noreferrer\"><img decoding=\"async\" class=\"magic-56\" src=\"https:\/\/s.alicdn.com\/@sc01\/kf\/HTB1scQfIamWBuNjy1Xaq6xCbXXa1\/230438700\/HTB1scQfIamWBuNjy1Xaq6xCbXXa1.jpg?quality=close\" data-src=\"https:\/\/s.alicdn.com\/@sc01\/kf\/HTB1scQfIamWBuNjy1Xaq6xCbXXa1\/230438700\/HTB1scQfIamWBuNjy1Xaq6xCbXXa1.jpg?quality=close\"><\/a><\/div>\n<\/div>\n<\/div>\n<\/div>\n<\/div>\n<\/div>\n<div class=\"J_module\">\n<div id=\"ali-anchor-AliMagic-ntt50q\" class=\"magic-0\" data-section=\"AliMagic-ntt50q\" data-section-title=\"Contact Information\">Coordonn\u00e9es<\/div>\n<\/div>\n<div class=\"J_module\">\n<div class=\"icbu-pc-images magic-1\">\n<div>\n<div class=\"flex-layout-v\">\n<div class=\"flex-layout-h magic-1\">\n<div class=\"magic-57\"><img decoding=\"async\" class=\"magic-58\" src=\"https:\/\/s.alicdn.com\/@sc01\/kf\/H10fdde19478c4022952b6ef21b37e97bx\/230438700\/H10fdde19478c4022952b6ef21b37e97bx.jpg?quality=close\" data-src=\"\/\/s.alicdn.com\/@sc01\/kf\/H10fdde19478c4022952b6ef21b37e97bx\/230438700\/H10fdde19478c4022952b6ef21b37e97bx.jpg?quality=close\"><\/div>\n<\/div>\n<\/div>\n<\/div>\n<\/div>\n<\/div>\n","protected":false},"excerpt":{"rendered":"<p>&nbsp;<\/p>\n<div style=\"width: auto;\">\n<div style=\"min-width: 300px; max-width: 300px; word-wrap: break-word; float: left;\">Lieu d&rsquo;origine&nbsp;: Guangdong, Chine<\/div>\n<div style=\"min-width: 300px; max-width: 300px; word-wrap: break-word; float: left;\">Nom de marque:OEM ODM<\/div>\n<\/div>\n<div style=\"width: auto;\">\n<div style=\"min-width: 300px; max-width: 300px; word-wrap: break-word; float: left;\">Num\u00e9ro de mod\u00e8le&nbsp;: ABJ-1700<\/div>\n<div style=\"min-width: 300px; max-width: 300px; word-wrap: break-word; float: left;\">Classification des instruments&nbsp;: classe&nbsp;II<\/div>\n<\/div>\n<div style=\"width: auto;\">\n<div style=\"min-width: 300px; max-width: 300px; word-wrap: break-word; float: left;\">Garantie 1 ann\u00e9e<\/div>\n<div style=\"min-width: 300px; max-width: 300px; word-wrap: break-word; float: left;\">Service apr\u00e8s-vente : AUCUN<\/div>\n<\/div>\n<div style=\"width: auto;\">\n<div style=\"min-width: 300px; max-width: 300px; word-wrap: break-word; float: left;\">Fonction&nbsp;: soins \u00e0 domicile<\/div>\n<div style=\"min-width: 300px; max-width: 300px; word-wrap: break-word; float: left;\">Mat\u00e9riau : alliage d&rsquo;aluminium.<\/div>\n<\/div>\n<div style=\"width: auto;\">\n<div style=\"min-width: 300px; max-width: 300px; word-wrap: break-word; float: left;\">La couleur rouge<\/div>\n<div style=\"min-width: 300px; max-width: 300px; word-wrap: break-word; float: left;\">Application&nbsp;: centre de r\u00e9adaptation\/h\u00f4pital<\/div>\n<\/div>\n<div style=\"width: auto;\">\n<div style=\"min-width: 300px; max-width: 300px; word-wrap: break-word; float: left;\">Certificat&nbsp;:&nbsp;CE<\/div>\n<div style=\"min-width: 300px; max-width: 300px; word-wrap: break-word; float: left;\">Type : fauteuil roulant manuel de sport.<\/div>\n<\/div>\n<div style=\"width: auto;\">\n<div style=\"min-width: 300px; max-width: 300px; word-wrap: break-word; float: left;\">Taille globale:82x59x77cm<\/div>\n<div style=\"min-width: 300px; max-width: 300px; word-wrap: break-word; float: left;\">Poids net&nbsp;: 10&nbsp;kg<\/div>\n<\/div>\n<div style=\"width: auto;\">\n<div style=\"min-width: 300px; max-width: 300px; word-wrap: break-word; float: left;\">Charge maximale&nbsp;: 100&nbsp;kg<\/div>\n<div style=\"min-width: 300px; max-width: 300px; word-wrap: break-word; float: left;\">Roue arri\u00e8re : 24 pouces, pneu gonfl\u00e9<\/div>\n<\/div>\n<div>Logo personnalis\u00e9(Min. Commande : 50 pi\u00e8ces)<\/div>\n<div>Emballage personnalis\u00e9(Min. Commande : 50 Pi\u00e8ces)<\/div>\n","protected":false},"featured_media":12479,"comment_status":"closed","ping_status":"closed","template":"","meta":[],"product_cat":[129],"product_tag":[],"class_list":["post-12847","product","type-product","status-publish","has-post-thumbnail","hentry","product_cat-fauteuil-roulant-de-sport"],"_links":{"self":[{"href":"https:\/\/anbanjia.com.cn\/fr\/wp-json\/wp\/v2\/product\/12847","targetHints":{"allow":["GET"]}}],"collection":[{"href":"https:\/\/anbanjia.com.cn\/fr\/wp-json\/wp\/v2\/product"}],"about":[{"href":"https:\/\/anbanjia.com.cn\/fr\/wp-json\/wp\/v2\/types\/product"}],"replies":[{"embeddable":true,"href":"https:\/\/anbanjia.com.cn\/fr\/wp-json\/wp\/v2\/comments?post=12847"}],"wp:featuredmedia":[{"embeddable":true,"href":"https:\/\/anbanjia.com.cn\/fr\/wp-json\/wp\/v2\/media\/12479"}],"wp:attachment":[{"href":"https:\/\/anbanjia.com.cn\/fr\/wp-json\/wp\/v2\/media?parent=12847"}],"wp:term":[{"taxonomy":"product_cat","embeddable":true,"href":"https:\/\/anbanjia.com.cn\/fr\/wp-json\/wp\/v2\/product_cat?post=12847"},{"taxonomy":"product_tag","embeddable":true,"href":"https:\/\/anbanjia.com.cn\/fr\/wp-json\/wp\/v2\/product_tag?post=12847"}],"curies":[{"name":"wp","href":"https:\/\/api.w.org\/{rel}","templated":true}]}}