{"id":12846,"date":"2022-05-02T18:07:45","date_gmt":"2022-05-02T18:07:45","guid":{"rendered":"https:\/\/www.anbanjia.com.cn\/product\/moins-cher-auto-equilibrage-sports-de-loisirs-tout-terrain-roues-larges-quickie-manuel-fauteuil-roulant-de-basket-ball-avec-pneus-en-caoutchouc-plein\/"},"modified":"2022-05-02T18:07:45","modified_gmt":"2022-05-02T18:07:45","slug":"moins-cher-auto-equilibrage-sports-de-loisirs-tout-terrain-roues-larges-quickie-manuel-basket-ball-fauteuil-roulant-avec-pneus-caoutchouc-plein","status":"publish","type":"product","link":"https:\/\/anbanjia.com.cn\/fr\/produit\/moins-cher-auto-equilibrage-sports-de-loisirs-tout-terrain-roues-larges-quickie-manuel-basket-ball-fauteuil-roulant-avec-pneus-caoutchouc-plein\/","title":{"rendered":"Moins cher auto \u00e9quilibrage sports de loisirs tout terrain roues larges quickie manuel fauteuil roulant de basket-ball avec pneus en caoutchouc plein"},"content":{"rendered":"<div id=\"ali-anchor-AliPostDhMb-otebh\" class=\"mceSectionContainer\" data-section=\"AliPostDhMb-otebh\" data-section-title=\"Our Services\">\n<div>\n<p><img decoding=\"async\" src=\"https:\/\/s.alicdn.com\/@sc04\/kf\/H09d6ebbe078240c3aa494105f4eec8bbo\/230438700\/H09d6ebbe078240c3aa494105f4eec8bbo.jpg?quality=close\" alt=\"China Supplier lightweight wheelchair portable wheelchair sport\" width=\"750\" height=\"750\" data-src=\"\/\/s.alicdn.com\/@sc04\/kf\/H09d6ebbe078240c3aa494105f4eec8bbo\/230438700\/H09d6ebbe078240c3aa494105f4eec8bbo.jpg?quality=close\" data-alt=\"China Supplier lightweight wheelchair portable wheelchair sport\"><\/p>\n<p>&nbsp;<\/p>\n<p><img decoding=\"async\" src=\"https:\/\/s.alicdn.com\/@sc04\/kf\/HTB1avRJXrsTMeJjSszdq6AEupXaM\/230438700\/HTB1avRJXrsTMeJjSszdq6AEupXaM.jpg?quality=close\" alt=\"China Supplier lightweight wheelchair portable wheelchair sport\" width=\"750\" height=\"1260\" data-src=\"\/\/s.alicdn.com\/@sc04\/kf\/HTB1avRJXrsTMeJjSszdq6AEupXaM\/230438700\/HTB1avRJXrsTMeJjSszdq6AEupXaM.jpg?quality=close\" data-alt=\"China Supplier lightweight wheelchair portable wheelchair sport\"><img decoding=\"async\" src=\"https:\/\/s.alicdn.com\/@sc04\/kf\/H1101046ad2d042fb9ff8755f5ad298e49\/230438700\/H1101046ad2d042fb9ff8755f5ad298e49.jpg?quality=close\" alt=\"China Supplier lightweight wheelchair portable wheelchair sport\" width=\"750\" height=\"449\" data-src=\"\/\/s.alicdn.com\/@sc04\/kf\/H1101046ad2d042fb9ff8755f5ad298e49\/230438700\/H1101046ad2d042fb9ff8755f5ad298e49.jpg?quality=close\" data-alt=\"China Supplier lightweight wheelchair portable wheelchair sport\"><img decoding=\"async\" src=\"https:\/\/s.alicdn.com\/@sc04\/kf\/HTB1QclOXwoQMeJjy0Fpq6ATxpXaZ\/230438700\/HTB1QclOXwoQMeJjy0Fpq6ATxpXaZ.jpg?quality=close\" alt=\"China Supplier lightweight wheelchair portable wheelchair sport\" width=\"750\" height=\"2800\" data-src=\"\/\/s.alicdn.com\/@sc04\/kf\/HTB1QclOXwoQMeJjy0Fpq6ATxpXaZ\/230438700\/HTB1QclOXwoQMeJjy0Fpq6ATxpXaZ.jpg?quality=close\" data-alt=\"China Supplier lightweight wheelchair portable wheelchair sport\"><img decoding=\"async\" src=\"https:\/\/s.alicdn.com\/@sc04\/kf\/Hb24d43a87959411496c2d079fd08fb9eP\/230438700\/Hb24d43a87959411496c2d079fd08fb9eP.jpg?quality=close\" alt=\"China Supplier lightweight wheelchair portable wheelchair sport\" width=\"558\" height=\"532\" data-src=\"\/\/s.alicdn.com\/@sc04\/kf\/Hb24d43a87959411496c2d079fd08fb9eP\/230438700\/Hb24d43a87959411496c2d079fd08fb9eP.jpg?quality=close\" data-alt=\"China Supplier lightweight wheelchair portable wheelchair sport\"><\/p>\n<p>&nbsp;<\/p>\n<p>&nbsp;<\/p>\n<p>&nbsp;<\/p>\n<p>&nbsp;<\/p>\n<p><a href=\"https:\/\/abj-medical.en.alibaba.com\/productgrouplist-804830358\/Manual_wheelchair_Walking_aids.html?spm=a2700.8304367.prup15aafb.7.73152c54ouuwDa\" target=\"_blank\" rel=\"noopener\"><img decoding=\"async\" src=\"https:\/\/s.alicdn.com\/@sc02\/kf\/HTB1ERWiSFXXXXasXXXXq6xXFXXXw\/230438700\/HTB1ERWiSFXXXXasXXXXq6xXFXXXw.jpg?quality=close\" alt=\"China Supplier lightweight wheelchair portable wheelchair sport\" width=\"750\" height=\"285\" data-src=\"\/\/s.alicdn.com\/@sc02\/kf\/HTB1ERWiSFXXXXasXXXXq6xXFXXXw\/230438700\/HTB1ERWiSFXXXXasXXXXq6xXFXXXw.jpg?quality=close\" data-alt=\"China Supplier lightweight wheelchair portable wheelchair sport\"><\/a><a href=\"https:\/\/abj-medical.en.alibaba.com\/productgrouplist-804871560\/Electric_wheelchair_and_apparatus.html?spm=a2700.8304367.prup15aafb.12.73152c54aI4eoF\" target=\"_blank\" rel=\"noopener\"><img decoding=\"async\" src=\"https:\/\/s.alicdn.com\/@sc01\/kf\/HTB1TH4ZSFXXXXazXFXXq6xXFXXXm\/230438700\/HTB1TH4ZSFXXXXazXFXXq6xXFXXXm.jpg?quality=close\" alt=\"China Supplier lightweight wheelchair portable wheelchair sport\" width=\"750\" height=\"241\" data-src=\"\/\/s.alicdn.com\/@sc01\/kf\/HTB1TH4ZSFXXXXazXFXXq6xXFXXXm\/230438700\/HTB1TH4ZSFXXXXazXFXXq6xXFXXXm.jpg?quality=close\" data-alt=\"China Supplier lightweight wheelchair portable wheelchair sport\"><\/a><\/p>\n<p>&nbsp;<\/p>\n<p>&nbsp;<\/p>\n<\/div>\n<\/div>\n<div id=\"ali-anchor-AliPostDhMb-53gwi\" class=\"mceSectionContainer\" data-section=\"AliPostDhMb-53gwi\" data-section-title=\"Company Information\">\n<div id=\"ali-title-AliPostDhMb-53gwi\">Informations sur la soci\u00e9t\u00e9<\/div>\n<div>\n<p><img decoding=\"async\" src=\"https:\/\/s.alicdn.com\/@sc04\/kf\/Ha43def8a2df44eac925e2c3ab5a1b97b2\/230438700\/Ha43def8a2df44eac925e2c3ab5a1b97b2.jpg?quality=close\" alt=\"China Supplier lightweight wheelchair portable wheelchair sport\" width=\"750\" height=\"1881.339401820546\" data-src=\"\/\/s.alicdn.com\/@sc04\/kf\/Ha43def8a2df44eac925e2c3ab5a1b97b2\/230438700\/Ha43def8a2df44eac925e2c3ab5a1b97b2.jpg?quality=close\" data-alt=\"China Supplier lightweight wheelchair portable wheelchair sport\"><\/p>\n<\/div>\n<\/div>\n<div id=\"ali-anchor-AliPostDhMb-tdti9\" class=\"mceSectionContainer\" data-section=\"AliPostDhMb-tdti9\" data-section-title=\"Home\">\n<div id=\"ali-title-AliPostDhMb-tdti9\">Accueil<\/div>\n<div>\n<p><a href=\"https:\/\/abj-medical.en.alibaba.com\/?spm=a2700.8304367.topnav.1.73152c5472OLhq\" target=\"_blank\" rel=\"noopener\"><img decoding=\"async\" src=\"https:\/\/s.alicdn.com\/@sc01\/kf\/HTB1eq74SpXXXXbRaXXXq6xXFXXXa\/230438700\/HTB1eq74SpXXXXbRaXXXq6xXFXXXa.jpg?quality=close\" alt=\"China Supplier lightweight wheelchair portable wheelchair sport\" width=\"750\" height=\"235\" data-src=\"\/\/s.alicdn.com\/@sc01\/kf\/HTB1eq74SpXXXXbRaXXXq6xXFXXXa\/230438700\/HTB1eq74SpXXXXbRaXXXq6xXFXXXa.jpg?quality=close\" data-alt=\"China Supplier lightweight wheelchair portable wheelchair sport\"><\/a><\/p>\n<\/div>\n<\/div>\n<div id=\"ali-anchor-AliPostDhMb-8t93i\" class=\"mceSectionContainer\" data-section=\"AliPostDhMb-8t93i\" data-section-title=\"Contact information\">\n<div id=\"ali-title-AliPostDhMb-8t93i\">Informations de contact<\/div>\n<div>\n<p><img decoding=\"async\" src=\"https:\/\/s.alicdn.com\/@sc01\/kf\/HTB1SbjDoQ9WBuNjSspeq6yz5VXaM\/230438700\/HTB1SbjDoQ9WBuNjSspeq6yz5VXaM.jpg?quality=close\" alt=\"China Supplier lightweight wheelchair portable wheelchair sport\" width=\"750\" height=\"312\" data-src=\"\/\/s.alicdn.com\/@sc01\/kf\/HTB1SbjDoQ9WBuNjSspeq6yz5VXaM\/230438700\/HTB1SbjDoQ9WBuNjSspeq6yz5VXaM.jpg?quality=close\" data-alt=\"China Supplier lightweight wheelchair portable wheelchair sport\"><\/p>\n<\/div>\n<\/div>\n","protected":false},"excerpt":{"rendered":"<p>&nbsp;<\/p>\n<div style=\"width: auto;\">\n<div style=\"min-width: 300px; max-width: 300px; word-wrap: break-word; float: left;\">Propri\u00e9t\u00e9s : fournitures de th\u00e9rapie de r\u00e9adaptation.<\/div>\n<div style=\"min-width: 300px; max-width: 300px; word-wrap: break-word; float: left;\">Lieu d&rsquo;origine&nbsp;: Guangdong, Chine<\/div>\n<\/div>\n<div style=\"width: auto;\">\n<div style=\"min-width: 300px; max-width: 300px; word-wrap: break-word; float: left;\">Nom de marque:OEM ODM<\/div>\n<div style=\"min-width: 300px; max-width: 300px; word-wrap: break-word; float: left;\">Num\u00e9ro de mod\u00e8le : ABJ-778<\/div>\n<\/div>\n<div style=\"width: auto;\">\n<div style=\"min-width: 300px; max-width: 300px; word-wrap: break-word; float: left;\">Type:Fauteuil roulant<\/div>\n<div style=\"min-width: 300px; max-width: 300px; word-wrap: break-word; float: left;\">Mat\u00e9riel:Alliage d&rsquo;aluminium<\/div>\n<\/div>\n<div style=\"width: auto;\">\n<div style=\"min-width: 300px; max-width: 300px; word-wrap: break-word; float: left;\">La couleur rouge<\/div>\n<div style=\"min-width: 300px; max-width: 300px; word-wrap: break-word; float: left;\">Fonction : sport<\/div>\n<\/div>\n<div style=\"width: auto;\">\n<div style=\"min-width: 300px; max-width: 300px; word-wrap: break-word; float: left;\">Caract\u00e9ristique:Durable<\/div>\n<div style=\"min-width: 300px; max-width: 300px; word-wrap: break-word; float: left;\">Application : activit\u00e9s de plein air.<\/div>\n<\/div>\n<div style=\"width: auto;\">\n<div style=\"min-width: 300px; max-width: 300px; word-wrap: break-word; float: left;\">Utilisation : soins de sant\u00e9 du corps.<\/div>\n<div style=\"min-width: 300px; max-width: 300px; word-wrap: break-word; float: left;\">Taille globale : 80*64*73<\/div>\n<\/div>\n<div style=\"width: auto;\">\n<div style=\"min-width: 300px; max-width: 300px; word-wrap: break-word; float: left;\">Poids net&nbsp;: 13&nbsp;kg<\/div>\n<div style=\"min-width: 300px; max-width: 300px; word-wrap: break-word; float: left;\">Charge maximale&nbsp;: 100&nbsp;kg<\/div>\n<\/div>\n<div>Logo personnalis\u00e9(Min. Commande : 50 pi\u00e8ces)<\/div>\n<div>Emballage personnalis\u00e9(Min. Commande : 50 Pi\u00e8ces)<\/div>\n","protected":false},"featured_media":12743,"comment_status":"closed","ping_status":"closed","template":"","meta":[],"product_cat":[129],"product_tag":[],"class_list":["post-12846","product","type-product","status-publish","has-post-thumbnail","hentry","product_cat-fauteuil-roulant-de-sport"],"_links":{"self":[{"href":"https:\/\/anbanjia.com.cn\/fr\/wp-json\/wp\/v2\/product\/12846","targetHints":{"allow":["GET"]}}],"collection":[{"href":"https:\/\/anbanjia.com.cn\/fr\/wp-json\/wp\/v2\/product"}],"about":[{"href":"https:\/\/anbanjia.com.cn\/fr\/wp-json\/wp\/v2\/types\/product"}],"replies":[{"embeddable":true,"href":"https:\/\/anbanjia.com.cn\/fr\/wp-json\/wp\/v2\/comments?post=12846"}],"wp:featuredmedia":[{"embeddable":true,"href":"https:\/\/anbanjia.com.cn\/fr\/wp-json\/wp\/v2\/media\/12743"}],"wp:attachment":[{"href":"https:\/\/anbanjia.com.cn\/fr\/wp-json\/wp\/v2\/media?parent=12846"}],"wp:term":[{"taxonomy":"product_cat","embeddable":true,"href":"https:\/\/anbanjia.com.cn\/fr\/wp-json\/wp\/v2\/product_cat?post=12846"},{"taxonomy":"product_tag","embeddable":true,"href":"https:\/\/anbanjia.com.cn\/fr\/wp-json\/wp\/v2\/product_tag?post=12846"}],"curies":[{"name":"wp","href":"https:\/\/api.w.org\/{rel}","templated":true}]}}