{"id":12844,"date":"2022-05-02T18:07:42","date_gmt":"2022-05-02T18:07:42","guid":{"rendered":"https:\/\/www.anbanjia.com.cn\/product\/equipements-medicaux-sante-chine-puissance-auto-equilibrante-fauteuil-roulant-automatique-ultra-leger-de-16-kg-pour-les-personnes-agees\/"},"modified":"2022-05-02T18:07:42","modified_gmt":"2022-05-02T18:07:42","slug":"equipements-medicaux-sante-chine-puissance-auto-equilibrage-fauteuil-roulant-automatique-ultra-leger-16-kg-pour-personnes-agees","status":"publish","type":"product","link":"https:\/\/anbanjia.com.cn\/fr\/produit\/equipements-medicaux-sante-chine-puissance-auto-equilibrage-fauteuil-roulant-automatique-ultra-leger-16-kg-pour-personnes-agees\/","title":{"rendered":"\u00c9quipements m\u00e9dicaux sant\u00e9 Chine puissance auto \u00e9quilibrante fauteuil roulant automatique ultra l\u00e9ger de 16 kg pour les personnes \u00e2g\u00e9es"},"content":{"rendered":"<div class=\"J_module\">\n<div id=\"ali-anchor-AliMagic-fdatqr\" class=\"magic-0\" data-section=\"AliMagic-fdatqr\" data-section-title=\"Product Description\">Description du produit<\/div>\n<\/div>\n<div class=\"J_module\">\n<div class=\"ife-detail-decorate-table\">\n<table class=\"has-title hight-light-first-column all magic-4\">\n<tbody>\n<tr>\n<td colspan=\"1\" rowspan=\"1\">\n<div class=\"magic-5\">\n<div class=\"magic-6\">Mat\u00e9riel<\/div>\n<\/div>\n<\/td>\n<td colspan=\"1\" rowspan=\"1\">\n<div class=\"magic-7\">\n<div class=\"magic-6\">Alliage de magn\u00e9sium<\/div>\n<\/div>\n<\/td>\n<\/tr>\n<tr>\n<td colspan=\"1\" rowspan=\"1\">\n<div class=\"magic-8\">\n<div class=\"magic-6\" data-spm-anchor-id=\"a2700.pc-decorate.0.i51.114a3333HRlOhS\">Taille totale<\/div>\n<\/div>\n<\/td>\n<td colspan=\"1\" rowspan=\"1\">\n<div class=\"magic-9\">\n<div class=\"magic-6\">105*64*87 cm<\/div>\n<\/div>\n<\/td>\n<\/tr>\n<tr>\n<td colspan=\"1\" rowspan=\"1\">\n<div class=\"magic-8\">\n<div class=\"magic-6\" data-spm-anchor-id=\"a2700.pc-decorate.0.i56.114a3333HRlOhS\">Largeur d&rsquo;assise<\/div>\n<\/div>\n<\/td>\n<td colspan=\"1\" rowspan=\"1\">\n<div class=\"magic-9\">\n<div class=\"magic-6\">44cm<\/div>\n<\/div>\n<\/td>\n<\/tr>\n<tr>\n<td colspan=\"1\" rowspan=\"1\">\n<div class=\"magic-8\">\n<div class=\"magic-6\">Hauteur de la poign\u00e9e<\/div>\n<\/div>\n<\/td>\n<td colspan=\"1\" rowspan=\"1\">\n<div class=\"magic-9\">\n<div class=\"magic-6\">21cm<\/div>\n<\/div>\n<\/td>\n<\/tr>\n<tr>\n<td colspan=\"1\" rowspan=\"1\">\n<div class=\"magic-8\">\n<div class=\"magic-6\">Roue avant<\/div>\n<\/div>\n<\/td>\n<td colspan=\"1\" rowspan=\"1\">\n<div class=\"magic-9\">\n<div class=\"magic-6\" data-spm-anchor-id=\"a2700.pc-decorate.0.i58.114a3333HRlOhS\">12 pouces<\/div>\n<\/div>\n<\/td>\n<\/tr>\n<tr>\n<td colspan=\"1\" rowspan=\"1\">\n<div class=\"magic-8\">\n<div class=\"magic-6\">Temps de charge<\/div>\n<\/div>\n<\/td>\n<td colspan=\"1\" rowspan=\"1\">\n<div class=\"magic-9\">\n<div class=\"magic-6\">4-5 heures<\/div>\n<\/div>\n<\/td>\n<\/tr>\n<tr>\n<td colspan=\"1\" rowspan=\"1\">\n<div class=\"magic-8\">\n<div class=\"magic-6\">Hauteur d&rsquo;escalade<\/div>\n<\/div>\n<\/td>\n<td colspan=\"1\" rowspan=\"1\">\n<div class=\"magic-9\">\n<div class=\"magic-6\">20\u00b0<\/div>\n<\/div>\n<\/td>\n<\/tr>\n<tr>\n<td colspan=\"1\" rowspan=\"1\">\n<div class=\"magic-8\">\n<div class=\"magic-6\">Batterie<\/div>\n<\/div>\n<\/td>\n<td colspan=\"1\" rowspan=\"1\">\n<div class=\"magic-9\">\n<div class=\"magic-6\">8.7AH<\/div>\n<\/div>\n<\/td>\n<\/tr>\n<tr>\n<td colspan=\"1\" rowspan=\"1\">\n<div class=\"magic-8\">\n<div class=\"magic-6\">NO<\/div>\n<\/div>\n<\/td>\n<td colspan=\"1\" rowspan=\"1\">\n<div class=\"magic-9\">\n<div class=\"magic-6\">16,5 kg<\/div>\n<\/div>\n<\/td>\n<\/tr>\n<\/tbody>\n<\/table>\n<\/div>\n<\/div>\n<div class=\"J_module\">\n<div id=\"ali-anchor-AliMagic-75vo32\" class=\"magic-0\" data-section=\"AliMagic-75vo32\" data-section-title=\"Detailed Images\">Images d\u00e9taill\u00e9es<\/div>\n<\/div>\n<div class=\"J_module\">\n<div class=\"icbu-pc-detailManyImage magic-10\">\n<div class=\"magic-11\"><img decoding=\"async\" class=\"magic-12\" src=\"https:\/\/s.alicdn.com\/@sc04\/kf\/Hb028fc3679164f9fab429cc71e89fd47n\/230438700\/Hb028fc3679164f9fab429cc71e89fd47n.png?quality=close\" data-src=\"\/\/s.alicdn.com\/@sc04\/kf\/Hb028fc3679164f9fab429cc71e89fd47n\/230438700\/Hb028fc3679164f9fab429cc71e89fd47n.png?quality=close\"><\/div>\n<div class=\"magic-11\"><img decoding=\"async\" class=\"magic-12\" src=\"https:\/\/s.alicdn.com\/@sc04\/kf\/Hb4aa01e7a1564b41a1891aa3ac10f372p\/230438700\/Hb4aa01e7a1564b41a1891aa3ac10f372p.png?quality=close\" data-src=\"\/\/s.alicdn.com\/@sc04\/kf\/Hb4aa01e7a1564b41a1891aa3ac10f372p\/230438700\/Hb4aa01e7a1564b41a1891aa3ac10f372p.png?quality=close\"><\/div>\n<div class=\"magic-11\"><img decoding=\"async\" class=\"magic-12\" src=\"https:\/\/s.alicdn.com\/@sc04\/kf\/H3ecb048efac846a1983b382339c976247\/230438700\/H3ecb048efac846a1983b382339c976247.png?quality=close\" data-src=\"\/\/s.alicdn.com\/@sc04\/kf\/H3ecb048efac846a1983b382339c976247\/230438700\/H3ecb048efac846a1983b382339c976247.png?quality=close\"><\/div>\n<div class=\"magic-11\"><img decoding=\"async\" class=\"magic-12\" src=\"https:\/\/s.alicdn.com\/@sc04\/kf\/H669940d83dea4073839839b5eb15389bz\/230438700\/H669940d83dea4073839839b5eb15389bz.png?quality=close\" data-src=\"\/\/s.alicdn.com\/@sc04\/kf\/H669940d83dea4073839839b5eb15389bz\/230438700\/H669940d83dea4073839839b5eb15389bz.png?quality=close\"><\/div>\n<div class=\"magic-11\"><img decoding=\"async\" class=\"magic-12\" src=\"https:\/\/s.alicdn.com\/@sc04\/kf\/H782dfbd8127e40028771a00138a81e02Z\/230438700\/H782dfbd8127e40028771a00138a81e02Z.png?quality=close\" data-src=\"\/\/s.alicdn.com\/@sc04\/kf\/H782dfbd8127e40028771a00138a81e02Z\/230438700\/H782dfbd8127e40028771a00138a81e02Z.png?quality=close\"><\/div>\n<div class=\"magic-11\"><img decoding=\"async\" class=\"magic-12\" src=\"https:\/\/s.alicdn.com\/@sc04\/kf\/Heac0c5daaea947b9bfdc109bb21a1065B\/230438700\/Heac0c5daaea947b9bfdc109bb21a1065B.png?quality=close\" data-src=\"\/\/s.alicdn.com\/@sc04\/kf\/Heac0c5daaea947b9bfdc109bb21a1065B\/230438700\/Heac0c5daaea947b9bfdc109bb21a1065B.png?quality=close\"><\/div>\n<div class=\"magic-11\"><img decoding=\"async\" class=\"magic-12\" src=\"https:\/\/s.alicdn.com\/@sc04\/kf\/H940c4046e5ff4fd483cedfb2a6cabd878\/230438700\/H940c4046e5ff4fd483cedfb2a6cabd878.png?quality=close\" data-src=\"\/\/s.alicdn.com\/@sc04\/kf\/H940c4046e5ff4fd483cedfb2a6cabd878\/230438700\/H940c4046e5ff4fd483cedfb2a6cabd878.png?quality=close\"><\/div>\n<div class=\"magic-11\"><img decoding=\"async\" class=\"magic-12\" src=\"https:\/\/s.alicdn.com\/@sc04\/kf\/Hcd210f0cafb34cf290787be757220a62R\/230438700\/Hcd210f0cafb34cf290787be757220a62R.png?quality=close\" data-src=\"\/\/s.alicdn.com\/@sc04\/kf\/Hcd210f0cafb34cf290787be757220a62R\/230438700\/Hcd210f0cafb34cf290787be757220a62R.png?quality=close\"><\/div>\n<\/div>\n<\/div>\n<div class=\"J_module\">\n<div id=\"ali-anchor-AliMagic-aqbsev\" class=\"magic-0\" data-section=\"AliMagic-aqbsev\" data-section-title=\"Packing &amp; Delivery\">Emballage et livraison<\/div>\n<\/div>\n<div class=\"J_module\">\n<div class=\"icbu-pc-images magic-1\">\n<div>\n<div class=\"flex-layout-v\">\n<div class=\"flex-layout-h magic-1\">\n<div class=\"magic-13\"><img decoding=\"async\" class=\"magic-14\" src=\"https:\/\/s.alicdn.com\/@sc01\/kf\/HTB1PuMxjVkoBKNjSZFEq6zrEVXax\/230438700\/HTB1PuMxjVkoBKNjSZFEq6zrEVXax.jpg?quality=close\" data-src=\"https:\/\/s.alicdn.com\/@sc01\/kf\/HTB1PuMxjVkoBKNjSZFEq6zrEVXax\/230438700\/HTB1PuMxjVkoBKNjSZFEq6zrEVXax.jpg?quality=close\"><\/div>\n<\/div>\n<\/div>\n<\/div>\n<\/div>\n<\/div>\n<div class=\"J_module\">\n<div class=\"icbu-pc-images magic-1\">\n<div>\n<div class=\"flex-layout-v\">\n<div class=\"flex-layout-h magic-1\">\n<div class=\"magic-15\"><img decoding=\"async\" class=\"magic-16\" src=\"https:\/\/s.alicdn.com\/@sc02\/kf\/HTB1ibBvBVmWBuNjSspdq6zugXXak\/230438700\/HTB1ibBvBVmWBuNjSspdq6zugXXak.jpg?quality=close\" data-src=\"https:\/\/s.alicdn.com\/@sc02\/kf\/HTB1ibBvBVmWBuNjSspdq6zugXXak\/230438700\/HTB1ibBvBVmWBuNjSspdq6zugXXak.jpg?quality=close\"><\/div>\n<\/div>\n<\/div>\n<\/div>\n<\/div>\n<\/div>\n<div class=\"J_module\">\n<div class=\"icbu-pc-images magic-1\">\n<div>\n<div class=\"flex-layout-v\">\n<div class=\"flex-layout-h magic-1\">\n<div class=\"magic-17\"><img decoding=\"async\" class=\"magic-18\" src=\"https:\/\/s.alicdn.com\/@sc02\/kf\/HTB1gf5sjYwrBKNjSZPcq6xpapXa0\/230438700\/HTB1gf5sjYwrBKNjSZPcq6xpapXa0.jpg?quality=close\" data-src=\"https:\/\/s.alicdn.com\/@sc02\/kf\/HTB1gf5sjYwrBKNjSZPcq6xpapXa0\/230438700\/HTB1gf5sjYwrBKNjSZPcq6xpapXa0.jpg?quality=close\"><\/div>\n<\/div>\n<\/div>\n<\/div>\n<\/div>\n<\/div>\n<div class=\"J_module\">\n<div id=\"ali-anchor-AliMagic-1hfqef\" class=\"magic-0\" data-section=\"AliMagic-1hfqef\" data-section-title=\"Factory Workshop\">Atelier d&rsquo;usine<\/div>\n<\/div>\n<div class=\"J_module\">\n<div class=\"detail-decorate-json-renderer-container\">\n<div class=\"magic-19\">\n<div class=\"magic-20\">\n<div class=\"magic-21\">\n<div class=\"magic-22\">\n<p class=\"magic-23\"><span style=\"color: #0000df; font-family: Arial, Helvetica; font-size: large;\"><b>En <span>tant que fournisseur professionnel et leader d&rsquo;\u00e9quipements m\u00e9dicaux, ABJ fournit de nombreux produits de fauteuils roulants de haute qualit\u00e9 \u00e0 la majorit\u00e9 des clients, ce qui r\u00e9pond \u00e0 leurs exigences.<\/span><\/b><\/span><\/p>\n<\/div>\n<\/div>\n<\/div>\n<\/div>\n<\/div>\n<\/div>\n<div class=\"J_module\">\n<div class=\"icbu-pc-images magic-1\">\n<div>\n<div class=\"flex-layout-v\">\n<div class=\"flex-layout-h magic-1\">\n<div class=\"magic-24\"><img decoding=\"async\" class=\"magic-25\" src=\"https:\/\/s.alicdn.com\/@sc01\/kf\/HTB1ifTMB7SWBuNjSszdq6zeSpXaS\/230438700\/HTB1ifTMB7SWBuNjSszdq6zeSpXaS.jpg?quality=close\" data-src=\"https:\/\/s.alicdn.com\/@sc01\/kf\/HTB1ifTMB7SWBuNjSszdq6zeSpXaS\/230438700\/HTB1ifTMB7SWBuNjSszdq6zeSpXaS.jpg?quality=close\"><\/div>\n<\/div>\n<\/div>\n<\/div>\n<\/div>\n<\/div>\n<div class=\"J_module\">\n<div class=\"icbu-pc-images magic-1\">\n<div>\n<div class=\"flex-layout-v\">\n<div class=\"flex-layout-h magic-1\">\n<div class=\"magic-26\"><img decoding=\"async\" class=\"magic-27\" src=\"https:\/\/s.alicdn.com\/@sc02\/kf\/HTB1L2rgEeySBuNjy1zdq6xPxFXaU\/230438700\/HTB1L2rgEeySBuNjy1zdq6xPxFXaU.jpg?quality=close\" data-src=\"https:\/\/s.alicdn.com\/@sc02\/kf\/HTB1L2rgEeySBuNjy1zdq6xPxFXaU\/230438700\/HTB1L2rgEeySBuNjy1zdq6xPxFXaU.jpg?quality=close\"><\/div>\n<\/div>\n<\/div>\n<\/div>\n<\/div>\n<\/div>\n<div class=\"J_module\">\n<div id=\"ali-anchor-AliMagic-vkroov\" class=\"magic-0\" data-section=\"AliMagic-vkroov\" data-section-title=\"Our Company\">Notre compagnie<\/div>\n<\/div>\n<div class=\"J_module\">\n<div class=\"icbu-pc-images magic-1\">\n<div>\n<div class=\"flex-layout-v\">\n<div class=\"flex-layout-h magic-1\">\n<div class=\"magic-28\"><img decoding=\"async\" class=\"magic-29\" src=\"https:\/\/s.alicdn.com\/@sc01\/kf\/H3d43ab43a0f24fc7886a50fee5674fd4U\/230438700\/H3d43ab43a0f24fc7886a50fee5674fd4U.jpg?quality=close\" data-src=\"\/\/s.alicdn.com\/@sc01\/kf\/H3d43ab43a0f24fc7886a50fee5674fd4U\/230438700\/H3d43ab43a0f24fc7886a50fee5674fd4U.jpg?quality=close\"><\/div>\n<\/div>\n<\/div>\n<\/div>\n<\/div>\n<\/div>\n<div class=\"J_module\">\n<div class=\"icbu-pc-images magic-1\">\n<div>\n<div class=\"flex-layout-v\">\n<div class=\"flex-layout-h magic-1\">\n<div class=\"magic-30\"><img decoding=\"async\" class=\"magic-31\" src=\"https:\/\/s.alicdn.com\/@sc02\/kf\/HTB1Vfn0B4WYBuNjy1zkq6xGGpXar\/230438700\/HTB1Vfn0B4WYBuNjy1zkq6xGGpXar.jpg?quality=close\" data-src=\"https:\/\/s.alicdn.com\/@sc02\/kf\/HTB1Vfn0B4WYBuNjy1zkq6xGGpXar\/230438700\/HTB1Vfn0B4WYBuNjy1zkq6xGGpXar.jpg?quality=close\"><\/div>\n<\/div>\n<\/div>\n<\/div>\n<\/div>\n<\/div>\n<div class=\"J_module\">\n<div class=\"detail-decorate-json-renderer-container\">\n<div class=\"magic-19\">\n<h3 class=\"magic-32\"><\/h3>\n<h3 class=\"magic-33\"><span style=\"color: #0000ff; font-family: Arial, Helvetica; font-size: x-large;\">\u00c0 propos de nous:<br \/>\n1. Plus de commande, plus de remise, prix comp\u00e9titif&nbsp;!<br \/>\n2. Bienvenue \u00e0 nous contacter pour obtenir un meilleur prix&nbsp;!<br \/>\n3.Bon service, livraison rapide, et nous valons la peine d&rsquo;\u00eatre dignes de confiance.<br \/>\n4. Nous pouvons vous garantir que vous serez satisfait de nos produits.<br \/>\n5. Nous traitons les clients comme des amis et vous offrons un service consid\u00e9rable.<\/span><\/h3>\n<div class=\"magic-20\">\n<div class=\"magic-21\">\n<div class=\"magic-22\"><\/div>\n<\/div>\n<\/div>\n<\/div>\n<\/div>\n<\/div>\n<div class=\"J_module\">\n<div class=\"icbu-pc-images magic-1\">\n<div>\n<div class=\"flex-layout-v\">\n<div class=\"flex-layout-h magic-1\">\n<div class=\"magic-35\"><a href=\"https:\/\/abj-medical.en.alibaba.com\/\" target=\"_blank\" rel=\"noopener\"><img decoding=\"async\" class=\"magic-36\" src=\"https:\/\/s.alicdn.com\/@sc01\/kf\/HTB1AFq7B7OWBuNjSsppq6xPgpXaZ\/230438700\/HTB1AFq7B7OWBuNjSsppq6xPgpXaZ.jpg?quality=close\" data-src=\"https:\/\/s.alicdn.com\/@sc01\/kf\/HTB1AFq7B7OWBuNjSsppq6xPgpXaZ\/230438700\/HTB1AFq7B7OWBuNjSsppq6xPgpXaZ.jpg?quality=close\"><\/a><\/div>\n<\/div>\n<\/div>\n<\/div>\n<\/div>\n<\/div>\n<div class=\"J_module\">\n<div id=\"ali-anchor-AliMagic-58yj0x\" class=\"magic-0\" data-section=\"AliMagic-58yj0x\" data-section-title=\"Contact Information\">Coordonn\u00e9es<\/div>\n<\/div>\n<div class=\"J_module\">\n<div class=\"icbu-pc-images magic-1\">\n<div>\n<div class=\"flex-layout-v\">\n<div class=\"flex-layout-h magic-1\">\n<div class=\"magic-37\"><img decoding=\"async\" class=\"magic-38\" src=\"https:\/\/s.alicdn.com\/@sc04\/kf\/H94a6fa43acb244a691368ee89d0bb0dft\/230438700\/H94a6fa43acb244a691368ee89d0bb0dft.png?quality=close\" data-src=\"\/\/s.alicdn.com\/@sc04\/kf\/H94a6fa43acb244a691368ee89d0bb0dft\/230438700\/H94a6fa43acb244a691368ee89d0bb0dft.png?quality=close\"><\/div>\n<\/div>\n<\/div>\n<\/div>\n<\/div>\n<\/div>\n","protected":false},"excerpt":{"rendered":"<p>&nbsp;<\/p>\n<div style=\"width: auto;\">\n<div style=\"min-width: 300px; max-width: 300px; word-wrap: break-word; float: left;\">Propri\u00e9t\u00e9s : fournitures de th\u00e9rapie de r\u00e9adaptation.<\/div>\n<div style=\"min-width: 300px; max-width: 300px; word-wrap: break-word; float: left;\">Lieu d&rsquo;origine&nbsp;: Guangdong, Chine<\/div>\n<\/div>\n<div style=\"width: auto;\">\n<div style=\"min-width: 300px; max-width: 300px; word-wrap: break-word; float: left;\">Num\u00e9ro de mod\u00e8le : DY01111<\/div>\n<div style=\"min-width: 300px; max-width: 300px; word-wrap: break-word; float: left;\">Type:Fauteuil roulant<\/div>\n<\/div>\n<div style=\"width: auto;\">\n<div style=\"min-width: 300px; max-width: 300px; word-wrap: break-word; float: left;\">Mat\u00e9riau : alliage de magn\u00e9sium<\/div>\n<div style=\"min-width: 300px; max-width: 300px; word-wrap: break-word; float: left;\">Mod\u00e8le&nbsp;: DY01111<\/div>\n<\/div>\n<div style=\"width: auto;\">\n<div style=\"min-width: 300px; max-width: 300px; word-wrap: break-word; float: left;\">Taille totale : 105*64*87cm<\/div>\n<div style=\"min-width: 300px; max-width: 300px; word-wrap: break-word; float: left;\">Largeur d&rsquo;assise : 44 cm<\/div>\n<\/div>\n<div style=\"width: auto;\">\n<div style=\"min-width: 300px; max-width: 300px; word-wrap: break-word; float: left;\">Hauteur du manche : 21 cm<\/div>\n<div style=\"min-width: 300px; max-width: 300px; word-wrap: break-word; float: left;\">Roue avant : 12 pouces<\/div>\n<\/div>\n<div style=\"width: auto;\">\n<div style=\"min-width: 300px; max-width: 300px; word-wrap: break-word; float: left;\">Hauteur d&rsquo;escalade : 20\u00b0<\/div>\n<div style=\"min-width: 300px; max-width: 300px; word-wrap: break-word; float: left;\">Batterie&nbsp;: 8,7&nbsp;AH<\/div>\n<\/div>\n<div style=\"width: auto;\">\n<div style=\"min-width: 300px; max-width: 300px; word-wrap: break-word; float: left;\">Poids net&nbsp;: 16,5&nbsp;kg<\/div>\n<div style=\"min-width: 300px; max-width: 300px; word-wrap: break-word; float: left;\">Quantit\u00e9 minimale de commande&nbsp;: 1&nbsp;pi\u00e8ces<\/div>\n<\/div>\n<div>Logo personnalis\u00e9(Min. Commande : 100 pi\u00e8ces)<\/div>\n<div>Emballage personnalis\u00e9(Min. Commande : 100 pi\u00e8ces)<\/div>\n","protected":false},"featured_media":11228,"comment_status":"closed","ping_status":"closed","template":"","meta":[],"product_cat":[128],"product_tag":[],"class_list":["post-12844","product","type-product","status-publish","has-post-thumbnail","hentry","product_cat-fauteuil-roulant-electrique"],"_links":{"self":[{"href":"https:\/\/anbanjia.com.cn\/fr\/wp-json\/wp\/v2\/product\/12844","targetHints":{"allow":["GET"]}}],"collection":[{"href":"https:\/\/anbanjia.com.cn\/fr\/wp-json\/wp\/v2\/product"}],"about":[{"href":"https:\/\/anbanjia.com.cn\/fr\/wp-json\/wp\/v2\/types\/product"}],"replies":[{"embeddable":true,"href":"https:\/\/anbanjia.com.cn\/fr\/wp-json\/wp\/v2\/comments?post=12844"}],"wp:featuredmedia":[{"embeddable":true,"href":"https:\/\/anbanjia.com.cn\/fr\/wp-json\/wp\/v2\/media\/11228"}],"wp:attachment":[{"href":"https:\/\/anbanjia.com.cn\/fr\/wp-json\/wp\/v2\/media?parent=12844"}],"wp:term":[{"taxonomy":"product_cat","embeddable":true,"href":"https:\/\/anbanjia.com.cn\/fr\/wp-json\/wp\/v2\/product_cat?post=12844"},{"taxonomy":"product_tag","embeddable":true,"href":"https:\/\/anbanjia.com.cn\/fr\/wp-json\/wp\/v2\/product_tag?post=12844"}],"curies":[{"name":"wp","href":"https:\/\/api.w.org\/{rel}","templated":true}]}}