{"id":12843,"date":"2022-05-02T18:07:41","date_gmt":"2022-05-02T18:07:41","guid":{"rendered":"https:\/\/www.anbanjia.com.cn\/product\/fauteuil-roulant-quadriplegique-detachable-auto-equilibre-a-propulsion-electrique-avec-moteur-brushless-pour-personnes-agees\/"},"modified":"2022-05-02T18:07:41","modified_gmt":"2022-05-02T18:07:41","slug":"fauteuil-roulant-auto-equilibre-amovible-quadriplegique-electriquement-propulse-avec-moteur-sans-balai-pour-personnes-agees","status":"publish","type":"product","link":"https:\/\/anbanjia.com.cn\/fr\/produit\/fauteuil-roulant-auto-equilibre-amovible-quadriplegique-electriquement-propulse-avec-moteur-sans-balai-pour-personnes-agees\/","title":{"rendered":"Fauteuil roulant quadripl\u00e9gique d\u00e9tachable auto-\u00e9quilibr\u00e9 \u00e0 propulsion \u00e9lectrique avec moteur brushless pour personnes \u00e2g\u00e9es"},"content":{"rendered":"<div style=\"max-width: 750px; margin: 0 auto;\">\n<div id=\"detail_decorate_root\" data-host=\"111518424\" data-id=\"detail_decorate_root\" data-magic-global=\"%7B%22bizId%22%3A3215165050%2C%22pageId%22%3A5053081766%2C%22siteId%22%3A5005610021%7D\">\n<div id=\"ali-anchor-AliMagic-q45hgn\" class=\"magic-0\" data-section=\"AliMagic-q45hgn\" data-section-title=\"Hot Sale Products\"><\/div>\n<div id=\"ali-anchor-AliMagic-xgusin\" class=\"magic-0\" data-section=\"AliMagic-xgusin\" data-section-title=\"Product Description\">Description du produit<\/div>\n<div class=\"icbu-pc-images magic-1\">\n<div class=\"flex-layout-v\">\n<div class=\"flex-layout-h magic-1\">\n<div class=\"magic-8\"><\/div>\n<\/div>\n<\/div>\n<\/div>\n<div class=\"ife-detail-decorate-table\">\n<table class=\"all magic-10\">\n<tbody>\n<tr>\n<td>\n<div class=\"magic-11\">\n<div class=\"magic-12\"><span style=\"font-family: Times New Roman, Times; font-size: large;\"><b>Article<\/b><\/span><\/div>\n<\/div>\n<\/td>\n<td colspan=\"3\">\n<div class=\"magic-13\">\n<div class=\"magic-12\">ABJ-5513<\/div>\n<\/div>\n<\/td>\n<td class=\"magic-14\">\n<div class=\"magic-15\"><\/div>\n<\/td>\n<td class=\"magic-14\">\n<div class=\"magic-15\"><\/div>\n<\/td>\n<\/tr>\n<tr>\n<td>\n<div class=\"magic-11\">\n<div class=\"magic-12\"><span style=\"font-family: Times New Roman, Times; font-size: large;\"><b>Mat\u00e9riel<\/b><\/span><\/div>\n<\/div>\n<\/td>\n<td colspan=\"3\">\n<div class=\"magic-16\">\n<div class=\"magic-12\">Alliage d&rsquo;aluminium<\/div>\n<\/div>\n<\/td>\n<td class=\"magic-14\">\n<div class=\"magic-15\"><\/div>\n<\/td>\n<td class=\"magic-14\">\n<div class=\"magic-15\"><\/div>\n<\/td>\n<\/tr>\n<tr>\n<td>\n<div class=\"magic-11\">\n<div class=\"magic-12\"><span style=\"font-family: Times New Roman, Times; font-size: large;\"><b>Taille globale<\/b><\/span><\/div>\n<\/div>\n<\/td>\n<td colspan=\"3\">\n<div class=\"magic-16\">\n<div class=\"magic-12\">88*90*60 cm<\/div>\n<\/div>\n<\/td>\n<td class=\"magic-14\">\n<div class=\"magic-15\"><\/div>\n<\/td>\n<td class=\"magic-14\">\n<div class=\"magic-15\"><\/div>\n<\/td>\n<\/tr>\n<tr>\n<td>\n<div class=\"magic-11\">\n<div class=\"magic-12\"><span style=\"font-family: Times New Roman, Times; font-size: large;\"><b>Taille pli\u00e9e<\/b><\/span><\/div>\n<\/div>\n<\/td>\n<td colspan=\"3\">\n<div class=\"magic-16\">\n<div class=\"magic-12\">60*32*72 cm<\/div>\n<\/div>\n<\/td>\n<td class=\"magic-14\">\n<div class=\"magic-15\"><\/div>\n<\/td>\n<td class=\"magic-14\">\n<div class=\"magic-15\"><\/div>\n<\/td>\n<\/tr>\n<tr>\n<td>\n<div class=\"magic-11\">\n<div class=\"magic-12\"><span style=\"font-family: Times New Roman, Times; font-size: large;\"><b>Largeur du si\u00e8ge<\/b><\/span><\/div>\n<\/div>\n<\/td>\n<td colspan=\"3\">\n<div class=\"magic-16\">\n<div class=\"magic-12\">41cm<\/div>\n<\/div>\n<\/td>\n<td class=\"magic-14\">\n<div class=\"magic-15\"><\/div>\n<\/td>\n<td class=\"magic-14\">\n<div class=\"magic-15\"><\/div>\n<\/td>\n<\/tr>\n<tr>\n<td>\n<div class=\"magic-11\">\n<div class=\"magic-12\"><span style=\"font-family: Times New Roman, Times; font-size: large;\"><b>Hauteur du si\u00e8ge<\/b><\/span><\/div>\n<\/div>\n<\/td>\n<td colspan=\"3\">\n<div class=\"magic-16\">\n<div class=\"magic-12\">55cm<\/div>\n<\/div>\n<\/td>\n<td class=\"magic-14\">\n<div class=\"magic-15\"><\/div>\n<\/td>\n<td class=\"magic-14\">\n<div class=\"magic-15\"><\/div>\n<\/td>\n<\/tr>\n<tr>\n<td>\n<div class=\"magic-11\">\n<div class=\"magic-12\"><span style=\"font-family: Times New Roman, Times; font-size: large;\"><b>Profondeur du si\u00e8ge<\/b><\/span><\/div>\n<\/div>\n<\/td>\n<td colspan=\"3\">\n<div class=\"magic-16\">\n<div class=\"magic-12\">41cm<\/div>\n<\/div>\n<\/td>\n<td class=\"magic-14\">\n<div class=\"magic-15\"><\/div>\n<\/td>\n<td class=\"magic-14\">\n<div class=\"magic-15\"><\/div>\n<\/td>\n<\/tr>\n<tr>\n<td>\n<div class=\"magic-11\">\n<div class=\"magic-12\"><span style=\"font-family: Times New Roman, Times; font-size: large;\"><b>Moteur<\/b><\/span><\/div>\n<\/div>\n<\/td>\n<td colspan=\"3\">\n<div class=\"magic-16\">\n<div class=\"magic-12\">24V\/180W*2<\/div>\n<\/div>\n<\/td>\n<td class=\"magic-14\">\n<div class=\"magic-15\"><\/div>\n<\/td>\n<td class=\"magic-14\">\n<div class=\"magic-15\"><\/div>\n<\/td>\n<\/tr>\n<tr>\n<td>\n<div class=\"magic-11\">\n<div class=\"magic-12\"><span style=\"font-family: Times New Roman, Times; font-size: large;\"><b>Poids net<\/b><\/span><\/div>\n<\/div>\n<\/td>\n<td colspan=\"3\">\n<div class=\"magic-16\">\n<div class=\"magic-12\">20 kg<\/div>\n<\/div>\n<\/td>\n<td class=\"magic-14\">\n<div class=\"magic-15\"><\/div>\n<\/td>\n<td class=\"magic-14\">\n<div class=\"magic-15\"><\/div>\n<\/td>\n<\/tr>\n<tr>\n<td>\n<div class=\"magic-11\">\n<div class=\"magic-12\"><span style=\"font-family: Times New Roman, Times; font-size: large;\"><b>Charge maximale<\/b><\/span><\/div>\n<\/div>\n<\/td>\n<td colspan=\"3\">\n<div class=\"magic-16\">\n<div class=\"magic-12\">100 kg<\/div>\n<\/div>\n<\/td>\n<td class=\"magic-14\">\n<div class=\"magic-15\"><\/div>\n<\/td>\n<td class=\"magic-14\">\n<div class=\"magic-15\"><\/div>\n<\/td>\n<\/tr>\n<\/tbody>\n<\/table>\n<\/div>\n<div class=\"icbu-pc-images magic-1\">\n<div>\n<div class=\"flex-layout-v\">\n<div class=\"flex-layout-h magic-1\">\n<div class=\"magic-17\"><img decoding=\"async\" class=\"magic-18\" src=\"https:\/\/anbanjia.com.cn\/wp-content\/uploads\/2022\/05\/HTB1gOi9zRyWBuNkSmFPq6xguVXav.jpg\" data-src=\"\"><\/div>\n<\/div>\n<\/div>\n<\/div>\n<\/div>\n<div id=\"ali-anchor-AliMagic-it713w\" class=\"magic-0\" data-section=\"AliMagic-it713w\" data-section-title=\"Detailed Images\">Images d\u00e9taill\u00e9es<\/div>\n<div class=\"icbu-pc-images magic-1\">\n<div>\n<div class=\"flex-layout-v\">\n<div class=\"flex-layout-h magic-1\">\n<div class=\"magic-19\"><img decoding=\"async\" class=\"magic-20\" src=\"https:\/\/anbanjia.com.cn\/wp-content\/uploads\/2022\/05\/HTB1MCkochtnkeRjSZSgq6xAuXXae.jpg\" data-src=\"\"><\/div>\n<\/div>\n<\/div>\n<\/div>\n<\/div>\n<div class=\"icbu-pc-images magic-1\">\n<div>\n<div class=\"flex-layout-v\">\n<div class=\"flex-layout-h magic-1\">\n<div class=\"magic-21\"><img decoding=\"async\" class=\"magic-22\" src=\"https:\/\/anbanjia.com.cn\/wp-content\/uploads\/2022\/05\/HTB1ECb3HY1YBuNjSszeq6yblFXaw.jpg\" data-src=\"\"><\/div>\n<\/div>\n<\/div>\n<\/div>\n<\/div>\n<div class=\"icbu-pc-images magic-1\">\n<div class=\"flex-layout-v\">\n<div class=\"flex-layout-h magic-1\">\n<div class=\"magic-23\"><\/div>\n<\/div>\n<\/div>\n<\/div>\n<div class=\"icbu-pc-images magic-1\">\n<div>\n<div class=\"flex-layout-v\">\n<div class=\"flex-layout-h magic-1\">\n<div class=\"magic-25\"><img decoding=\"async\" class=\"magic-26\" src=\"https:\/\/anbanjia.com.cn\/wp-content\/uploads\/2022\/05\/HTB1n_HcmnqWBKNjSZFAq6ynSpXa7.jpg\" data-src=\"\"><\/div>\n<\/div>\n<\/div>\n<\/div>\n<\/div>\n<div class=\"icbu-pc-images magic-1\">\n<div class=\"flex-layout-v\">\n<div class=\"flex-layout-h magic-1\">\n<div class=\"magic-27\"><\/div>\n<\/div>\n<\/div>\n<\/div>\n<div class=\"icbu-pc-images magic-1\">\n<div>\n<div class=\"flex-layout-v\">\n<div class=\"flex-layout-h magic-1\">\n<div class=\"magic-29\"><img decoding=\"async\" class=\"magic-30\" src=\"https:\/\/anbanjia.com.cn\/wp-content\/uploads\/2022\/05\/HTB1ncPMmbArBKNjSZFLq6A_dVXaU.jpg\" data-src=\"\"><\/div>\n<\/div>\n<\/div>\n<\/div>\n<\/div>\n<\/div>\n<\/div>\n","protected":false},"excerpt":{"rendered":"<p>&nbsp;<\/p>\n<div style=\"width: auto;\">\n<div style=\"min-width: 300px; max-width: 300px; word-wrap: break-word; float: left;\">Propri\u00e9t\u00e9s : fournitures de th\u00e9rapie de r\u00e9adaptation.<\/div>\n<div style=\"min-width: 300px; max-width: 300px; word-wrap: break-word; float: left;\">Lieu d&rsquo;origine&nbsp;: Guangdong, Chine<\/div>\n<\/div>\n<div style=\"width: auto;\">\n<div style=\"min-width: 300px; max-width: 300px; word-wrap: break-word; float: left;\">Nom de marque:OEM ODM<\/div>\n<div style=\"min-width: 300px; max-width: 300px; word-wrap: break-word; float: left;\">Num\u00e9ro de mod\u00e8le : ABJ-5513<\/div>\n<\/div>\n<div style=\"width: auto;\">\n<div style=\"min-width: 300px; max-width: 300px; word-wrap: break-word; float: left;\">Type:Fauteuil roulant<\/div>\n<div style=\"min-width: 300px; max-width: 300px; word-wrap: break-word; float: left;\">Couleur:Argent<\/div>\n<\/div>\n<div style=\"width: auto;\">\n<div style=\"min-width: 300px; max-width: 300px; word-wrap: break-word; float: left;\">Mat\u00e9riel:Aluminium<\/div>\n<div style=\"min-width: 300px; max-width: 300px; word-wrap: break-word; float: left;\">Certificat&nbsp;:&nbsp;CE<\/div>\n<\/div>\n<div style=\"width: auto;\">\n<div style=\"min-width: 300px; max-width: 300px; word-wrap: break-word; float: left;\">Fonction : soins de sant\u00e9.<\/div>\n<div style=\"min-width: 300px; max-width: 300px; word-wrap: break-word; float: left;\">Caract\u00e9ristique:Durable\/L\u00e9ger<\/div>\n<\/div>\n<div style=\"width: auto;\">\n<div style=\"min-width: 300px; max-width: 300px; word-wrap: break-word; float: left;\">Utilisation&nbsp;: soins \u00e0 domicile<\/div>\n<div style=\"min-width: 300px; max-width: 300px; word-wrap: break-word; float: left;\">Taille globale: 88*90*60 cm<\/div>\n<\/div>\n<div style=\"width: auto;\">\n<div style=\"min-width: 300px; max-width: 300px; word-wrap: break-word; float: left;\">Poids net&nbsp;: 20&nbsp;kg<\/div>\n<div style=\"min-width: 300px; max-width: 300px; word-wrap: break-word; float: left;\">Charge maximale&nbsp;: 100&nbsp;kg<\/div>\n<\/div>\n","protected":false},"featured_media":12753,"comment_status":"closed","ping_status":"closed","template":"","meta":[],"product_cat":[128],"product_tag":[],"class_list":["post-12843","product","type-product","status-publish","has-post-thumbnail","hentry","product_cat-fauteuil-roulant-electrique"],"_links":{"self":[{"href":"https:\/\/anbanjia.com.cn\/fr\/wp-json\/wp\/v2\/product\/12843","targetHints":{"allow":["GET"]}}],"collection":[{"href":"https:\/\/anbanjia.com.cn\/fr\/wp-json\/wp\/v2\/product"}],"about":[{"href":"https:\/\/anbanjia.com.cn\/fr\/wp-json\/wp\/v2\/types\/product"}],"replies":[{"embeddable":true,"href":"https:\/\/anbanjia.com.cn\/fr\/wp-json\/wp\/v2\/comments?post=12843"}],"wp:featuredmedia":[{"embeddable":true,"href":"https:\/\/anbanjia.com.cn\/fr\/wp-json\/wp\/v2\/media\/12753"}],"wp:attachment":[{"href":"https:\/\/anbanjia.com.cn\/fr\/wp-json\/wp\/v2\/media?parent=12843"}],"wp:term":[{"taxonomy":"product_cat","embeddable":true,"href":"https:\/\/anbanjia.com.cn\/fr\/wp-json\/wp\/v2\/product_cat?post=12843"},{"taxonomy":"product_tag","embeddable":true,"href":"https:\/\/anbanjia.com.cn\/fr\/wp-json\/wp\/v2\/product_tag?post=12843"}],"curies":[{"name":"wp","href":"https:\/\/api.w.org\/{rel}","templated":true}]}}