{"id":12837,"date":"2022-05-02T18:07:48","date_gmt":"2022-05-02T18:07:48","guid":{"rendered":"https:\/\/www.anbanjia.com.cn\/product\/alliage-daluminium-prix-bon-marche-reglable-leger-enfants-adultes-fauteuil-roulant-paralyse-cerebral\/"},"modified":"2022-05-02T18:07:48","modified_gmt":"2022-05-02T18:07:48","slug":"fauteuil-roulant-en-alliage-d-aluminium-prix-bon-marche-reglable-leger-enfants-adultes-paralyses-cerebraux-fauteuil-roulant","status":"publish","type":"product","link":"https:\/\/anbanjia.com.cn\/fr\/produit\/fauteuil-roulant-en-alliage-d-aluminium-prix-bon-marche-reglable-leger-enfants-adultes-paralyses-cerebraux-fauteuil-roulant\/","title":{"rendered":"Alliage d&rsquo;aluminium prix bon march\u00e9 r\u00e9glable l\u00e9ger enfants adultes fauteuil roulant paralys\u00e9 c\u00e9r\u00e9bral"},"content":{"rendered":"<div style=\"max-width: 750px; margin: 0 auto;\">\n<div id=\"ali-anchor-AliPostDhMb-5zutp\" class=\"mceSectionContainer\" style=\"padding-top: 8px;\" data-section=\"AliPostDhMb-5zutp\" data-section-title=\"Product Details\">\n<div id=\"ali-title-AliPostDhMb-5zutp\" style=\"padding: 8px 0; border-bottom: 1px solid #ddd;\"><span style=\"background-color: #ddd; color: #333; font-weight: bold; padding: 8px 10px; line-height: 12px;\">d\u00e9tails du produit<\/span><\/div>\n<div style=\"padding: 10px 0;\">\n<p><img decoding=\"async\" style=\"max-width: 750;\" src=\"https:\/\/anbanjia.com.cn\/wp-content\/uploads\/2022\/05\/HTB1pKcVSpXXXXa8XXXXq6xXFXXXs-2.jpg\" data-alt=\"Aluminum alloy cheap price adjustable lightweight children adult cerebral palsy wheelchair\" data-src=\"\"><\/p>\n<p><span style=\"font-size: 24px; color: #1414d9;\"><span style=\"color: #000000;\">Veuillez contacter le vendeur pour obtenir plus de d\u00e9tails \u00e0 ce sujet<\/span><\/span><\/p>\n<p><span style=\"font-size: 24px; color: #1414d9;\"><span style=\"color: #000000;\">1. fauteuil roulant manuel <\/span><\/span><br \/>\n<span style=\"font-size: 24px; color: #000000;\">Accoudoir 2.PU<\/span><br \/>\n<span style=\"font-size: 24px; color: #000000;\">Roue avant \u00e9paisse de 3,6 pouces<\/span><br \/>\n<span style=\"font-size: 24px; color: #000000;\">4. Le bouton sp\u00e9cial peut ajuster la taille du si\u00e8ge, 36-46CM<\/span><br \/>\n<span style=\"font-size: 24px; color: #000000;\">5. Emp\u00eacher de faire demi-tour<\/span><br \/>\n<span style=\"font-size: 24px; color: #000000;\">6.pillow agjust peut s&rsquo;adapter \u00e0 diff\u00e9rentes hauteurs<\/span><br \/>\n<span style=\"font-size: 24px; color: #000000;\">7. frein de poign\u00e9e de commande <\/span><br \/>\n<span style=\"font-size: 24px; color: #000000;\">8. Coussin d&rsquo;air haute densit\u00e9<\/span><br \/>\n<span style=\"font-size: 24px; color: #000000;\">9. ceinture de s\u00e9curit\u00e9 de conception papillon<\/span><br \/>\n<span style=\"font-size: 24px; color: #000000;\">10. P\u00e9dale amovible <\/span><\/p>\n<p><span style=\"font-size: 24px; color: #000000;\">11. Les pneus n&rsquo;ont pas besoin d&rsquo;\u00eatre gonfl\u00e9s \u00e0 l&rsquo;air<\/span><\/p>\n<p><span style=\"font-size: 24px; color: #000000;\"><img decoding=\"async\" src=\"https:\/\/anbanjia.com.cn\/wp-content\/uploads\/2022\/05\/HTB1Sdc8SFXXXXb9aXXXq6xXFXXXp.jpg\" data-alt=\"Aluminum alloy cheap price adjustable lightweight children adult cerebral palsy wheelchair\" data-src=\"\"><img decoding=\"async\" src=\"https:\/\/anbanjia.com.cn\/wp-content\/uploads\/2022\/05\/HTB1JXXiSVXXXXbjXVXXq6xXFXXXK.jpg\" data-alt=\"Aluminum alloy cheap price adjustable lightweight children adult cerebral palsy wheelchair\" data-src=\"\"><img decoding=\"async\" src=\"https:\/\/anbanjia.com.cn\/wp-content\/uploads\/2022\/05\/HTB1Y9w4SFXXXXcEaXXXq6xXFXXXx.jpg\" data-alt=\"Aluminum alloy cheap price adjustable lightweight children adult cerebral palsy wheelchair\" data-src=\"\"><\/span><\/p>\n<\/div>\n<\/div>\n<div id=\"ali-anchor-AliPostDhMb-0cy5i\" class=\"mceSectionContainer\" style=\"padding-top: 8px;\" data-section=\"AliPostDhMb-0cy5i\" data-section-title=\"Product Description\">\n<div id=\"ali-title-AliPostDhMb-0cy5i\" style=\"padding: 8px 0; border-bottom: 1px solid #ddd;\"><span style=\"background-color: #ddd; color: #333; font-weight: bold; padding: 8px 10px; line-height: 12px;\">Description du produit<\/span><\/div>\n<div style=\"padding: 10px 0;\">\n<p> <img decoding=\"async\" src=\"https:\/\/anbanjia.com.cn\/wp-content\/uploads\/2022\/05\/HTB1RIltSVXXXXaeXFXXq6xXFXXXM.jpg\" data-alt=\"Aluminum alloy cheap price adjustable lightweight children adult cerebral palsy wheelchair\" data-src=\"\"><a href=\"https:\/\/abj-medical.en.alibaba.com\/productlist.html?spm=a2700.8304367.topnav.2.5d239224obOtR8\" target=\"_blank\" rel=\"noopener\"><img decoding=\"async\" src=\"https:\/\/anbanjia.com.cn\/wp-content\/uploads\/2022\/05\/HTB1ERWiSFXXXXasXXXXq6xXFXXXw.jpg\" data-alt=\"Aluminum alloy cheap price adjustable lightweight children adult cerebral palsy wheelchair\" data-src=\"\"><\/a><img decoding=\"async\" src=\"https:\/\/anbanjia.com.cn\/wp-content\/uploads\/2022\/05\/HTB1TH4ZSFXXXXazXFXXq6xXFXXXm.jpg\" data-alt=\"Aluminum alloy cheap price adjustable lightweight children adult cerebral palsy wheelchair\" data-src=\"\"><\/p>\n<\/div>\n<\/div>\n<div id=\"ali-anchor-AliPostDhMb-1538q\" class=\"mceSectionContainer\" style=\"padding-top: 8px;\" data-section=\"AliPostDhMb-1538q\" data-section-title=\"company information\">\n<div id=\"ali-title-AliPostDhMb-1538q\" style=\"padding: 8px 0; border-bottom: 1px solid #ddd;\"><span style=\"background-color: #ddd; color: #333; font-weight: bold; padding: 8px 10px; line-height: 12px;\">Informations sur la soci\u00e9t\u00e9<\/span><\/div>\n<div style=\"padding: 10px 0;\">\n<p><img decoding=\"async\" src=\"https:\/\/anbanjia.com.cn\/wp-content\/uploads\/2022\/05\/HTB1MME3SpXXXXbJaXXXq6xXFXXXA-1.jpg\" data-alt=\"Aluminum alloy cheap price adjustable lightweight children adult cerebral palsy wheelchair\" data-src=\"\"><\/p>\n<\/div>\n<\/div>\n<div id=\"ali-anchor-AliPostDhMb-r1tvm\" class=\"mceSectionContainer\" style=\"padding-top: 8px;\" data-section=\"AliPostDhMb-r1tvm\" data-section-title=\"certificate\">\n<div id=\"ali-title-AliPostDhMb-r1tvm\" style=\"padding: 8px 0; border-bottom: 1px solid #ddd;\"><span style=\"background-color: #ddd; color: #333; font-weight: bold; padding: 8px 10px; line-height: 12px;\">certificat<\/span><\/div>\n<div style=\"padding: 10px 0;\">\n<p><img decoding=\"async\" src=\"https:\/\/anbanjia.com.cn\/wp-content\/uploads\/2022\/05\/HTB1Z1olSpXXXXctXXXXq6xXFXXXu-1.jpg\" data-alt=\"Aluminum alloy cheap price adjustable lightweight children adult cerebral palsy wheelchair\" data-src=\"\"><\/p>\n<\/div>\n<\/div>\n<div id=\"ali-anchor-AliPostDhMb-pqhy3\" class=\"mceSectionContainer\" style=\"padding-top: 8px;\" data-section=\"AliPostDhMb-pqhy3\" data-section-title=\"produce &amp; payment\">\n<div id=\"ali-title-AliPostDhMb-pqhy3\" style=\"padding: 8px 0; border-bottom: 1px solid #ddd;\"><span style=\"background-color: #ddd; color: #333; font-weight: bold; padding: 8px 10px; line-height: 12px;\">produire et payer<\/span><\/div>\n<div style=\"padding: 10px 0;\">\n<p><img decoding=\"async\" src=\"https:\/\/anbanjia.com.cn\/wp-content\/uploads\/2022\/05\/HTB1LlvUSpXXXXbJXVXXq6xXFXXXf-1.jpg\" data-alt=\"Aluminum alloy cheap price adjustable lightweight children adult cerebral palsy wheelchair\" data-src=\"\"> <img decoding=\"async\" src=\"https:\/\/anbanjia.com.cn\/wp-content\/uploads\/2022\/05\/HTB1R1haSFXXXXXNXVXXq6xXFXXXz-1.jpg\" data-alt=\"Aluminum alloy cheap price adjustable lightweight children adult cerebral palsy wheelchair\" data-src=\"\"><\/p>\n<\/div>\n<\/div>\n<div id=\"ali-anchor-AliPostDhMb-1cbab\" class=\"mceSectionContainer\" style=\"padding-top: 8px;\" data-section=\"AliPostDhMb-1cbab\" data-section-title=\"contact us\">\n<div id=\"ali-title-AliPostDhMb-1cbab\" style=\"padding: 8px 0; border-bottom: 1px solid #ddd;\"><span style=\"background-color: #ddd; color: #333; font-weight: bold; padding: 8px 10px; line-height: 12px;\">Nous contacter<\/span><\/div>\n<div style=\"padding: 10px 0;\">\n<p><img decoding=\"async\" src=\"https:\/\/anbanjia.com.cn\/wp-content\/uploads\/2022\/05\/HTB1XU1rouySBuNjy1zd760PxFXaK-2.png\" data-alt=\"Aluminum alloy cheap price adjustable lightweight children adult cerebral palsy wheelchair\" data-src=\"\"><\/p>\n<\/div>\n<\/div>\n<\/div>\n","protected":false},"excerpt":{"rendered":"<p>&nbsp;<\/p>\n<div style=\"width: auto;\">\n<div style=\"min-width: 300px; max-width: 300px; word-wrap: break-word; float: left;\">Propri\u00e9t\u00e9s : fournitures de th\u00e9rapie de r\u00e9adaptation.<\/div>\n<div style=\"min-width: 300px; max-width: 300px; word-wrap: break-word; float: left;\">Lieu d&rsquo;origine&nbsp;: Guangdong, Chine<\/div>\n<\/div>\n<div style=\"width: auto;\">\n<div style=\"min-width: 300px; max-width: 300px; word-wrap: break-word; float: left;\">Nom de marque:Anbbanjia\/OEM<\/div>\n<div style=\"min-width: 300px; max-width: 300px; word-wrap: break-word; float: left;\">Num\u00e9ro de mod\u00e8le&nbsp;: ABJ-958LC<\/div>\n<\/div>\n<div style=\"width: auto;\">\n<div style=\"min-width: 300px; max-width: 300px; word-wrap: break-word; float: left;\">Type:Fauteuil roulant<\/div>\n<div style=\"min-width: 300px; max-width: 300px; word-wrap: break-word; float: left;\">Mat\u00e9riel:Aluminium<\/div>\n<\/div>\n<div style=\"width: auto;\">\n<div style=\"min-width: 300px; max-width: 300px; word-wrap: break-word; float: left;\">Certificat&nbsp;: ISO9001<\/div>\n<div style=\"min-width: 300px; max-width: 300px; word-wrap: break-word; float: left;\">Taille du si\u00e8ge enfant : 36 cm : 36 cm.<\/div>\n<\/div>\n","protected":false},"featured_media":12741,"comment_status":"closed","ping_status":"closed","template":"","meta":[],"product_cat":[123],"product_tag":[],"class_list":["post-12837","product","type-product","status-publish","has-post-thumbnail","hentry","product_cat-fauteuil-roulant-pour-paralysie-cerebrale"],"_links":{"self":[{"href":"https:\/\/anbanjia.com.cn\/fr\/wp-json\/wp\/v2\/product\/12837","targetHints":{"allow":["GET"]}}],"collection":[{"href":"https:\/\/anbanjia.com.cn\/fr\/wp-json\/wp\/v2\/product"}],"about":[{"href":"https:\/\/anbanjia.com.cn\/fr\/wp-json\/wp\/v2\/types\/product"}],"replies":[{"embeddable":true,"href":"https:\/\/anbanjia.com.cn\/fr\/wp-json\/wp\/v2\/comments?post=12837"}],"wp:featuredmedia":[{"embeddable":true,"href":"https:\/\/anbanjia.com.cn\/fr\/wp-json\/wp\/v2\/media\/12741"}],"wp:attachment":[{"href":"https:\/\/anbanjia.com.cn\/fr\/wp-json\/wp\/v2\/media?parent=12837"}],"wp:term":[{"taxonomy":"product_cat","embeddable":true,"href":"https:\/\/anbanjia.com.cn\/fr\/wp-json\/wp\/v2\/product_cat?post=12837"},{"taxonomy":"product_tag","embeddable":true,"href":"https:\/\/anbanjia.com.cn\/fr\/wp-json\/wp\/v2\/product_tag?post=12837"}],"curies":[{"name":"wp","href":"https:\/\/api.w.org\/{rel}","templated":true}]}}