{"id":12826,"date":"2022-05-02T18:07:47","date_gmt":"2022-05-02T18:07:47","guid":{"rendered":"https:\/\/www.anbanjia.com.cn\/product\/scooter-electrique-portable-en-gros-avec-batterie-au-lithium-pour-adulte\/"},"modified":"2022-05-02T18:07:47","modified_gmt":"2022-05-02T18:07:47","slug":"old-man-portable-wholesale-self-balancescooter-electrique-avec-batterie-lithium-pour-adulte","status":"publish","type":"product","link":"https:\/\/anbanjia.com.cn\/fr\/produit\/old-man-portable-wholesale-self-balancescooter-electrique-avec-batterie-lithium-pour-adulte\/","title":{"rendered":"Scooter \u00e9lectrique portable en gros avec batterie au lithium pour adulte"},"content":{"rendered":"<div style=\"max-width: 750px; margin: 0 auto;\">\n<p style=\"text-align: center;\"><span style=\"font-size: 32px;\">Scooter \u00e0 piles de puissance de mobilit\u00e9 de moteur \u00e9lectrique \u00e0 quatre roues adultes<\/span><\/p>\n<div id=\"ali-anchor-AliPostDhMb-bzsfi\" style=\"padding-top: 8px;\" data-section=\"AliPostDhMb-bzsfi\" data-section-title=\"Product Description\">\n<div id=\"ali-title-AliPostDhMb-bzsfi\" style=\"padding: 8px 0; border-bottom: 1px solid #ddd;\"><span style=\"background-color: #ddd; color: #333; font-weight: bold; padding: 8px 10px; line-height: 12px;\">Description du produit<\/span><\/div>\n<div style=\"padding: 10px 0;\">\n<p> <img decoding=\"async\" style=\"max-width: 750;\" src=\"https:\/\/anbanjia.com.cn\/wp-content\/uploads\/2022\/05\/HTB1DyQyXq67gK0jSZFHq6y9jVXar.jpg\" data-alt=\"Old man portable wholesale self balanceelectric scooter with lithium battery for adult\" data-height=\"750\" data-src=\"\" data-width=\"750\"><img decoding=\"async\" src=\"https:\/\/anbanjia.com.cn\/wp-content\/uploads\/2022\/05\/HTB1QHcCXxD1gK0jSZFKq6AJrVXaH.jpg\" data-alt=\"Old man portable wholesale self balanceelectric scooter with lithium battery for adult\" data-height=\"750\" data-src=\"\" data-width=\"750\"><\/p>\n<p>&nbsp;<\/p>\n<p><img decoding=\"async\" src=\"https:\/\/anbanjia.com.cn\/wp-content\/uploads\/2022\/05\/HTB1wmsCXrr1gK0jSZR0q6zP8XXak.jpg\" data-alt=\"Old man portable wholesale self balanceelectric scooter with lithium battery for adult\" data-src=\"\"><\/p>\n<\/div>\n<\/div>\n<div id=\"ali-anchor-AliPostDhMb-iceb8\" style=\"padding-top: 8px;\" data-section=\"AliPostDhMb-iceb8\" data-section-title=\"How to use\">\n<div id=\"ali-title-AliPostDhMb-iceb8\" style=\"padding: 8px 0; border-bottom: 1px solid #ddd;\"><span style=\"background-color: #ddd; color: #333; font-weight: bold; padding: 8px 10px; line-height: 12px;\">Comment utiliser<\/span><\/div>\n<div style=\"padding: 10px 0;\">\n<p> <img decoding=\"async\" src=\"https:\/\/anbanjia.com.cn\/wp-content\/uploads\/2022\/05\/HTB1ROZzXp67gK0jSZPfq6yhhFXav.jpg\" data-alt=\"Old man portable wholesale self balanceelectric scooter with lithium battery for adult\" data-height=\"750\" data-src=\"\" data-width=\"750\"><\/p>\n<\/div>\n<\/div>\n<div id=\"ali-anchor-AliPostDhMb-62g9l\" style=\"padding-top: 8px;\" data-section=\"AliPostDhMb-62g9l\" data-section-title=\"Our Services\">\n<div id=\"ali-title-AliPostDhMb-62g9l\" style=\"padding: 8px 0; border-bottom: 1px solid #ddd;\"><span style=\"background-color: #ddd; color: #333; font-weight: bold; padding: 8px 10px; line-height: 12px;\">Nos services<\/span><\/div>\n<div style=\"padding: 10px 0;\">\n<p> <img decoding=\"async\" src=\"https:\/\/anbanjia.com.cn\/wp-content\/uploads\/2022\/05\/HTB1axiRzFOWBuNjy0Fiq6xFxVXa5.jpg\" data-alt=\"Old man portable wholesale self balanceelectric scooter with lithium battery for adult\" data-src=\"\"><\/p>\n<\/div>\n<\/div>\n<div id=\"ali-anchor-AliPostDhMb-iqbsh\" style=\"padding-top: 8px;\" data-section=\"AliPostDhMb-iqbsh\" data-section-title=\"Company Information\">\n<div id=\"ali-title-AliPostDhMb-iqbsh\" style=\"padding: 8px 0; border-bottom: 1px solid #ddd;\"><span style=\"background-color: #ddd; color: #333; font-weight: bold; padding: 8px 10px; line-height: 12px;\">Informations sur la soci\u00e9t\u00e9<\/span><\/div>\n<div style=\"padding: 10px 0;\">\n<p> <img decoding=\"async\" src=\"https:\/\/anbanjia.com.cn\/wp-content\/uploads\/2022\/05\/H3d43ab43a0f24fc7886a50fee5674fd4U.jpg\" data-alt=\"Old man portable wholesale self balanceelectric scooter with lithium battery for adult\" data-src=\"\"><\/p>\n<\/div>\n<\/div>\n<div id=\"ali-anchor-AliPostDhMb-wp8qb\" style=\"padding-top: 8px;\" data-section=\"AliPostDhMb-wp8qb\" data-section-title=\"FAQ\">\n<div id=\"ali-title-AliPostDhMb-wp8qb\" style=\"padding: 8px 0; border-bottom: 1px solid #ddd;\"><span style=\"background-color: #ddd; color: #333; font-weight: bold; padding: 8px 10px; line-height: 12px;\">FAQ<\/span><\/div>\n<div style=\"padding: 10px 0;\">\n<p><strong><span style=\"font-size: 24px;\">Q1&nbsp;:\u00c9l\u00e9ments de paiement<\/span><\/strong><br \/>\n<span style=\"font-size: 24px;\">A&nbsp;:&nbsp;T\/T 30&nbsp;% comme d\u00e9p\u00f4t, et 70&nbsp;% avant la livraison si le compte d\u00e9passe 10&nbsp;000,00&nbsp;USD<\/span><br \/>\n<span style=\"font-size: 24px;\"><strong>Q2 : d\u00e9lai de livraison :<\/strong> <\/span><br \/>\n<span style=\"font-size: 24px;\">G\u00e9n\u00e9ralement, cela prendra 3 \u00e0 5 jours ouvrables apr\u00e8s r\u00e9ception de votre paiement anticip\u00e9. Le d\u00e9lai de livraison sp\u00e9cifique d\u00e9pend de la quantit\u00e9 de votre commande.<\/span><br \/>\n<strong><span style=\"font-size: 24px;\">Q3 : Tester les marchandises avant la livraison ?<\/span><\/strong><br \/>\n<span style=\"font-size: 24px;\">A: oui, nous avons un test \u00e0 100% avant la livraison.<\/span><br \/>\n<strong><span style=\"font-size: 24px;\">Q4 : Comment faites-vous notre entreprise \u00e0 long terme ?<\/span><\/strong><br \/>\n<span style=\"font-size: 24px;\">A1: nous gardons une bonne qualit\u00e9 et le prix le plus comp\u00e9titif.<\/span><br \/>\n<span style=\"font-size: 24px;\">A2 : nous respectons chaque client comme notre ami.<\/span><\/p>\n<p><span style=\"font-size: 24px;\"><img decoding=\"async\" src=\"https:\/\/anbanjia.com.cn\/wp-content\/uploads\/2022\/05\/H10fdde19478c4022952b6ef21b37e97bx.jpg\" data-alt=\"Old man portable wholesale self balanceelectric scooter with lithium battery for adult\" data-src=\"\"><\/span><\/p>\n<\/div>\n<\/div>\n<\/div>\n","protected":false},"excerpt":{"rendered":"<p>&nbsp;<\/p>\n<div style=\"width: auto;\">\n<div style=\"min-width: 300px; max-width: 300px; word-wrap: break-word; float: left;\">Lieu d&rsquo;origine&nbsp;: Guangdong, Chine<\/div>\n<div style=\"min-width: 300px; max-width: 300px; word-wrap: break-word; float: left;\">Nom de marque:OEM<\/div>\n<\/div>\n<div style=\"width: auto;\">\n<div style=\"min-width: 300px; max-width: 300px; word-wrap: break-word; float: left;\">Num\u00e9ro de mod\u00e8le&nbsp;: ABJ-01<\/div>\n<div style=\"min-width: 300px; max-width: 300px; word-wrap: break-word; float: left;\">Puissance : 201-500w<\/div>\n<\/div>\n<div style=\"width: auto;\">\n<div style=\"min-width: 300px; max-width: 300px; word-wrap: break-word; float: left;\">Tension&nbsp;: 36&nbsp;V<\/div>\n<div style=\"min-width: 300px; max-width: 300px; word-wrap: break-word; float: left;\">Temps de charge : 6-8h<\/div>\n<\/div>\n<div style=\"width: auto;\">\n<div style=\"min-width: 300px; max-width: 300px; word-wrap: break-word; float: left;\">Pliable&nbsp;:&nbsp;Oui<\/div>\n<div style=\"min-width: 300px; max-width: 300px; word-wrap: break-word; float: left;\">Autonomie par charge&nbsp;: 40 \u00e0 60&nbsp;km<\/div>\n<\/div>\n<div style=\"width: auto;\">\n<div style=\"min-width: 300px; max-width: 300px; word-wrap: break-word; float: left;\">Vitesse maximale:&lt; 30km\/h<\/div>\n<div style=\"min-width: 300px; max-width: 300px; word-wrap: break-word; float: left;\">Certificat&nbsp;: ce<\/div>\n<\/div>\n<div style=\"width: auto;\">\n<div style=\"min-width: 300px; max-width: 300px; word-wrap: break-word; float: left;\">Taille des pneus : 10 pouces<\/div>\n<div style=\"min-width: 300px; max-width: 300px; word-wrap: break-word; float: left;\">La couleur noire<\/div>\n<\/div>\n<div style=\"width: auto;\">\n<div style=\"min-width: 300px; max-width: 300px; word-wrap: break-word; float: left;\">Batterie : 36V 10Ah<\/div>\n<div style=\"min-width: 300px; max-width: 300px; word-wrap: break-word; float: left;\">Puissance du moteur&nbsp;: 300&nbsp;W<\/div>\n<\/div>\n<div style=\"width: auto;\">\n<div style=\"min-width: 300px; max-width: 300px; word-wrap: break-word; float: left;\">Mode d&rsquo;entra\u00eenement : Entra\u00eenement arri\u00e8re<\/div>\n<div style=\"min-width: 300px; max-width: 300px; word-wrap: break-word; float: left;\">Taille de la roue avant : 10 pouces<\/div>\n<\/div>\n<div style=\"width: auto;\">\n<div style=\"min-width: 300px; max-width: 300px; word-wrap: break-word; float: left;\">Vitesse maximale&nbsp;: 15&nbsp;km\/h<\/div>\n<div style=\"min-width: 300px; max-width: 300px; word-wrap: break-word; float: left;\">Charge maximale&nbsp;: 120&nbsp;kg<\/div>\n<\/div>\n<div style=\"width: auto;\">\n<div style=\"min-width: 300px; max-width: 300px; word-wrap: break-word; float: left;\">Poids net&nbsp;: 19,3&nbsp;kg<\/div>\n<div style=\"min-width: 300px; max-width: 300px; word-wrap: break-word; float: left;\">Couple&nbsp;: 17&nbsp;N<\/div>\n<\/div>\n","protected":false},"featured_media":11302,"comment_status":"closed","ping_status":"closed","template":"","meta":[],"product_cat":[117],"product_tag":[],"class_list":["post-12826","product","type-product","status-publish","has-post-thumbnail","hentry","product_cat-trottinette-pour-personnes-agees"],"_links":{"self":[{"href":"https:\/\/anbanjia.com.cn\/fr\/wp-json\/wp\/v2\/product\/12826","targetHints":{"allow":["GET"]}}],"collection":[{"href":"https:\/\/anbanjia.com.cn\/fr\/wp-json\/wp\/v2\/product"}],"about":[{"href":"https:\/\/anbanjia.com.cn\/fr\/wp-json\/wp\/v2\/types\/product"}],"replies":[{"embeddable":true,"href":"https:\/\/anbanjia.com.cn\/fr\/wp-json\/wp\/v2\/comments?post=12826"}],"wp:featuredmedia":[{"embeddable":true,"href":"https:\/\/anbanjia.com.cn\/fr\/wp-json\/wp\/v2\/media\/11302"}],"wp:attachment":[{"href":"https:\/\/anbanjia.com.cn\/fr\/wp-json\/wp\/v2\/media?parent=12826"}],"wp:term":[{"taxonomy":"product_cat","embeddable":true,"href":"https:\/\/anbanjia.com.cn\/fr\/wp-json\/wp\/v2\/product_cat?post=12826"},{"taxonomy":"product_tag","embeddable":true,"href":"https:\/\/anbanjia.com.cn\/fr\/wp-json\/wp\/v2\/product_tag?post=12826"}],"curies":[{"name":"wp","href":"https:\/\/api.w.org\/{rel}","templated":true}]}}