{"id":12825,"date":"2022-05-02T18:07:46","date_gmt":"2022-05-02T18:07:46","guid":{"rendered":"https:\/\/www.anbanjia.com.cn\/product\/mini-scooter-scooter-electrique-a-trois-roues-personnes-agees-handicapees-voyage-facile-a-transporter-scooter-automatique-pliant\/"},"modified":"2022-05-02T18:07:46","modified_gmt":"2022-05-02T18:07:46","slug":"mini-scooter-trottinette-electrique-a-trois-roues-voyage-personnes-handicapees-facile-a-transporter-scooter-automatique-pliable","status":"publish","type":"product","link":"https:\/\/anbanjia.com.cn\/fr\/produit\/mini-scooter-trottinette-electrique-a-trois-roues-voyage-personnes-handicapees-facile-a-transporter-scooter-automatique-pliable\/","title":{"rendered":"Mini Scooter Scooter \u00e9lectrique \u00e0 trois roues Personnes \u00e2g\u00e9es handicap\u00e9es Voyage Facile \u00e0 transporter Scooter automatique pliant"},"content":{"rendered":"<div style=\"max-width: 750px; margin: 0 auto;\">\n<div id=\"detail_decorate_root\" data-magic-global=\"%7B%22bizId%22%3A3215165050%2C%22pageId%22%3A20110488711%2C%22siteId%22%3A5005610021%7D\">\n<div class=\"J_module\">\n<div class=\"detail-decorate-json-renderer-container\">\n<div class=\"magic-1\">\n<div class=\"magic-2\">\n<div class=\"magic-3\">\n<div class=\"magic-4\">\n<div><\/div>\n<p>&nbsp;<\/p>\n<div class=\"magic-5\"><span class=\"magic-6\"><b class=\"magic-7\">Veuillez contacter le vendeur pour obtenir le prix d&rsquo;exp\u00e9dition r\u00e9el,<\/b><\/span><\/div>\n<div class=\"magic-5\"><span class=\"magic-6\"><b>vous pouvez contacter le vendeur par WhatsApp.<\/b><\/span><\/div>\n<div class=\"magic-5\"><span class=\"magic-6\"><b class=\"magic-7\">Pour qu&rsquo;elle puisse vous r\u00e9pondre rapidement, WhatsApp&nbsp;: +86 13246918260<\/b><\/span><\/div>\n<div class=\"magic-8\"><\/div>\n<p>Tension&nbsp;: 36&nbsp;v<br \/>\nCertificat&nbsp;:&nbsp;CE<br \/>\nTemps de charge : 3-5h<br \/>\nPliable&nbsp;:&nbsp;Oui<br \/>\nPort\u00e9e par charge&nbsp;: 30&nbsp;km<br \/>\nTaille des pneus : 10 pouces<br \/>\nBatterie&nbsp;: 36&nbsp;V 10&nbsp;AH<br \/>\nPuissance du moteur&nbsp;: 350&nbsp;W<br \/>\nVitesse maximale&nbsp;: 15&nbsp;km\/h<br \/>\nCharge maximale&nbsp;: 120&nbsp;kg<br \/>\nPoids net&nbsp;: 20,3&nbsp;kg<\/p>\n<div class=\"magic-8\"><\/div>\n<p>&nbsp;<\/p>\n<\/div>\n<\/div>\n<\/div>\n<\/div>\n<\/div>\n<\/div>\n<div class=\"J_module\">\n<div class=\"icbu-pc-detailManyImage magic-9\">\n<div class=\"magic-10\"><img decoding=\"async\" class=\"magic-11\" style=\"max-width: 750;\" src=\"https:\/\/anbanjia.com.cn\/wp-content\/uploads\/2022\/05\/H4ebe78c9c494479f927627954d23e64av.jpg\" data-src=\"\"><\/div>\n<div class=\"magic-10\"><img decoding=\"async\" class=\"magic-11\" src=\"https:\/\/anbanjia.com.cn\/wp-content\/uploads\/2022\/05\/H13448ea58df64c7eaa80b26c659c0b98d.jpg\" data-src=\"\"><\/div>\n<div class=\"magic-10\"><img decoding=\"async\" class=\"magic-11\" src=\"https:\/\/anbanjia.com.cn\/wp-content\/uploads\/2022\/05\/H9ec374ebf9a245faae393089b8e6838bc.jpg\" data-src=\"\"><\/div>\n<div class=\"magic-10\"><img decoding=\"async\" class=\"magic-11\" src=\"https:\/\/anbanjia.com.cn\/wp-content\/uploads\/2022\/05\/H9545f6e35ba04d2eb1b353ff42194e47u.jpg\" data-src=\"\"><\/div>\n<div class=\"magic-10\"><img decoding=\"async\" class=\"magic-11\" src=\"https:\/\/anbanjia.com.cn\/wp-content\/uploads\/2022\/05\/H73b799dc338646b2b76966fcf979886fW.jpg\" data-src=\"\"><\/div>\n<div class=\"magic-10\"><img decoding=\"async\" class=\"magic-11\" src=\"https:\/\/anbanjia.com.cn\/wp-content\/uploads\/2022\/05\/H4402f487a64e4c5a8ccfead4d91c1eafH.jpg\" data-src=\"\"><\/div>\n<div class=\"magic-10\"><img decoding=\"async\" class=\"magic-11\" src=\"https:\/\/anbanjia.com.cn\/wp-content\/uploads\/2022\/05\/Ha80380ea67624fd2acf401dd3bf1e9de8.jpg\" data-src=\"\"><\/div>\n<div class=\"magic-10\"><img decoding=\"async\" class=\"magic-11\" src=\"https:\/\/anbanjia.com.cn\/wp-content\/uploads\/2022\/05\/H0b7347e1fb3e491a850a21b8c13cb577j.jpg\" data-src=\"\"><\/div>\n<div class=\"magic-10\"><img decoding=\"async\" class=\"magic-11\" src=\"https:\/\/anbanjia.com.cn\/wp-content\/uploads\/2022\/05\/Ha43def8a2df44eac925e2c3ab5a1b97b2.jpg\" data-src=\"\"><\/div>\n<div class=\"magic-10\"><img decoding=\"async\" class=\"magic-11\" src=\"https:\/\/anbanjia.com.cn\/wp-content\/uploads\/2022\/05\/H0d98a1c526ad49f4ba43398cbcb5b09bB.png\" data-src=\"\"><\/div>\n<\/div>\n<\/div>\n<\/div>\n<\/div>\n","protected":false},"excerpt":{"rendered":"<p>&nbsp;<\/p>\n<div style=\"width: auto;\">\n<div style=\"min-width: 300px; max-width: 300px; word-wrap: break-word; float: left;\">Lieu d&rsquo;origine&nbsp;: Guangdong, Chine<\/div>\n<div style=\"min-width: 300px; max-width: 300px; word-wrap: break-word; float: left;\">Nom de marque:OEM<\/div>\n<\/div>\n<div style=\"width: auto;\">\n<div style=\"min-width: 300px; max-width: 300px; word-wrap: break-word; float: left;\">Puissance : 201-500w<\/div>\n<div style=\"min-width: 300px; max-width: 300px; word-wrap: break-word; float: left;\">Tension&nbsp;: 36&nbsp;V, 36&nbsp;v<\/div>\n<\/div>\n<div style=\"width: auto;\">\n<div style=\"min-width: 300px; max-width: 300px; word-wrap: break-word; float: left;\">Temps de charge : 6-8h, 3-5h<\/div>\n<div style=\"min-width: 300px; max-width: 300px; word-wrap: break-word; float: left;\">Pliable&nbsp;:&nbsp;Oui<\/div>\n<\/div>\n<div style=\"width: auto;\">\n<div style=\"min-width: 300px; max-width: 300px; word-wrap: break-word; float: left;\">Port\u00e9e par charge&nbsp;: 25&nbsp;km \u00e0 30&nbsp;km, 30&nbsp;km<\/div>\n<div style=\"min-width: 300px; max-width: 300px; word-wrap: break-word; float: left;\">Vitesse maximale:&lt; 30km\/h<\/div>\n<\/div>\n<div style=\"width: auto;\">\n<div style=\"min-width: 300px; max-width: 300px; word-wrap: break-word; float: left;\">Puissance du moteur&nbsp;: 350&nbsp;W<\/div>\n<div style=\"min-width: 300px; max-width: 300px; word-wrap: break-word; float: left;\">Batterie&nbsp;: 36&nbsp;V 10&nbsp;AH<\/div>\n<\/div>\n<div style=\"width: auto;\">\n<div style=\"min-width: 300px; max-width: 300px; word-wrap: break-word; float: left;\">Taille des pneus : 10 pouces<\/div>\n<div style=\"min-width: 300px; max-width: 300px; word-wrap: break-word; float: left;\">Vitesse maximale&nbsp;: 15&nbsp;km\/h<\/div>\n<\/div>\n<div style=\"width: auto;\">\n<div style=\"min-width: 300px; max-width: 300px; word-wrap: break-word; float: left;\">Charge maximale&nbsp;: 120&nbsp;kg<\/div>\n<div style=\"min-width: 300px; max-width: 300px; word-wrap: break-word; float: left;\">Pliable&nbsp;:&nbsp;Oui<\/div>\n<\/div>\n<div>Personnalisation graphique(Min. Commande : 100 pi\u00e8ces)<\/div>\n<div>Emballage personnalis\u00e9(Min. Commande : 100 pi\u00e8ces)<\/div>\n","protected":false},"featured_media":9184,"comment_status":"closed","ping_status":"closed","template":"","meta":[],"product_cat":[117],"product_tag":[],"class_list":["post-12825","product","type-product","status-publish","has-post-thumbnail","hentry","product_cat-trottinette-pour-personnes-agees"],"_links":{"self":[{"href":"https:\/\/anbanjia.com.cn\/fr\/wp-json\/wp\/v2\/product\/12825","targetHints":{"allow":["GET"]}}],"collection":[{"href":"https:\/\/anbanjia.com.cn\/fr\/wp-json\/wp\/v2\/product"}],"about":[{"href":"https:\/\/anbanjia.com.cn\/fr\/wp-json\/wp\/v2\/types\/product"}],"replies":[{"embeddable":true,"href":"https:\/\/anbanjia.com.cn\/fr\/wp-json\/wp\/v2\/comments?post=12825"}],"wp:featuredmedia":[{"embeddable":true,"href":"https:\/\/anbanjia.com.cn\/fr\/wp-json\/wp\/v2\/media\/9184"}],"wp:attachment":[{"href":"https:\/\/anbanjia.com.cn\/fr\/wp-json\/wp\/v2\/media?parent=12825"}],"wp:term":[{"taxonomy":"product_cat","embeddable":true,"href":"https:\/\/anbanjia.com.cn\/fr\/wp-json\/wp\/v2\/product_cat?post=12825"},{"taxonomy":"product_tag","embeddable":true,"href":"https:\/\/anbanjia.com.cn\/fr\/wp-json\/wp\/v2\/product_tag?post=12825"}],"curies":[{"name":"wp","href":"https:\/\/api.w.org\/{rel}","templated":true}]}}