{"id":12823,"date":"2022-05-02T18:07:42","date_gmt":"2022-05-02T18:07:42","guid":{"rendered":"https:\/\/www.anbanjia.com.cn\/product\/fauteuil-roulant-electrique-telecommande-fauteuil-roulant-electrique-pliant-automatique\/"},"modified":"2022-05-02T18:07:42","modified_gmt":"2022-05-02T18:07:42","slug":"fauteuil-roulant-electrique-telecommande-fauteuil-roulant-fauteuil-roulant-electrique-pliable-automatiquement","status":"publish","type":"product","link":"https:\/\/anbanjia.com.cn\/fr\/produit\/fauteuil-roulant-electrique-telecommande-fauteuil-roulant-fauteuil-roulant-electrique-pliable-automatiquement\/","title":{"rendered":"Fauteuil roulant \u00e9lectrique t\u00e9l\u00e9command\u00e9 fauteuil roulant \u00e9lectrique pliant automatique"},"content":{"rendered":"<div style=\"max-width: 750px; margin: 0 auto;\">\n<div id=\"ali-anchor-AliPostDhMb-ljvh5\" class=\"mceSectionContainer\" style=\"padding-top: 8px;\" data-section=\"AliPostDhMb-ljvh5\" data-section-title=\"Product Details\">\n<div id=\"ali-title-AliPostDhMb-ljvh5\" style=\"padding: 8px 0; border-bottom: 1px solid #ddd;\"><span style=\"background-color: #ddd; color: #333; font-weight: bold; padding: 8px 10px; line-height: 12px;\">d\u00e9tails du produit<\/span><\/div>\n<div style=\"padding: 10px 0;\">\n<p style=\"text-align: center;\"><span style=\"font-size: 24px;\"><strong>Fauteuil roulant \u00e9lectrique t\u00e9l\u00e9command\u00e9 fauteuil roulant \u00e9lectrique pliant automatique <\/strong><\/span><\/p>\n<table style=\"border-collapse: collapse; background-color: #ffffff; width: 621px; height: 277px;\" border=\"1\">\n<tbody>\n<tr>\n<td style=\"width: 307px; text-align: center;\"><span style=\"font-size: 18px;\">Taille totale<\/span><\/td>\n<td style=\"width: 308px; text-align: center;\"><span style=\"font-size: 18px;\">102*62*99CM<\/span><\/td>\n<\/tr>\n<tr>\n<td style=\"width: 307px; text-align: center;\"><span style=\"font-size: 18px;\">Taille pliante<\/span><\/td>\n<td style=\"width: 308px; text-align: center;\"><span style=\"font-size: 18px;\"> 62*33*78 CM<\/span><\/td>\n<\/tr>\n<tr>\n<td style=\"width: 307px; text-align: center;\"><span style=\"font-size: 18px;\">largeur d&rsquo;assise<\/span><\/td>\n<td style=\"width: 308px; text-align: center;\"><span style=\"font-size: 18px;\">40cm <\/span><\/td>\n<\/tr>\n<tr>\n<td style=\"width: 307px; text-align: center;\"><span style=\"font-size: 18px;\">profondeur d&rsquo;assise<\/span><\/td>\n<td style=\"width: 308px; text-align: center;\"><span style=\"font-size: 18px;\">47cm <\/span><\/td>\n<\/tr>\n<tr>\n<td style=\"width: 307px; text-align: center;\"><span style=\"font-size: 18px;\">Capacit\u00e9 de chargement<\/span><\/td>\n<td style=\"width: 308px; text-align: center;\"><span style=\"font-size: 18px;\">100 kg<\/span><\/td>\n<\/tr>\n<tr>\n<td style=\"width: 307px; text-align: center;\"><span style=\"font-size: 18px;\">Roue avant<\/span><\/td>\n<td style=\"width: 308px; text-align: center;\"><span style=\"font-size: 18px;\">6,7 pouces<\/span><\/td>\n<\/tr>\n<tr>\n<td style=\"width: 307px; text-align: center;\"><span style=\"font-size: 18px;\">roue arri\u00e8re<\/span><\/td>\n<td style=\"width: 308px; text-align: center;\"><span style=\"font-size: 18px;\">9 pouces<\/span><\/td>\n<\/tr>\n<tr>\n<td style=\"width: 307px; text-align: center;\"><span style=\"font-size: 18px;\">Mat\u00e9riel<\/span><\/td>\n<td style=\"width: 308px; text-align: center;\"><span style=\"font-size: 18px;\">Alliage de magn\u00e9sium<\/span><\/td>\n<\/tr>\n<\/tbody>\n<\/table>\n<p><img decoding=\"async\" style=\"max-width: 750;\" src=\"https:\/\/anbanjia.com.cn\/wp-content\/uploads\/2022\/05\/H8406bd74df0d4cebbca9af383a5717c0a.jpg\" data-alt=\"Remote control electric wheelchair wheelchair automatical folding electric wheelchair\" data-src=\"\"> <img decoding=\"async\" src=\"https:\/\/anbanjia.com.cn\/wp-content\/uploads\/2022\/05\/H2887c3772d5f4d46a9968f4fcfed7cebJ.jpg\" data-alt=\"Remote control electric wheelchair wheelchair automatical folding electric wheelchair\" data-src=\"\"><img decoding=\"async\" src=\"https:\/\/anbanjia.com.cn\/wp-content\/uploads\/2022\/05\/Hfdd9a330d18e44c68d9455d2ce7f533ce.jpg\" data-alt=\"Remote control electric wheelchair wheelchair automatical folding electric wheelchair\" data-src=\"\"><img decoding=\"async\" src=\"https:\/\/anbanjia.com.cn\/wp-content\/uploads\/2022\/05\/Hc31c258e8fba420cb8d0ada2389fe098C.jpg\" data-alt=\"Remote control electric wheelchair wheelchair automatical folding electric wheelchair\" data-src=\"\"><img decoding=\"async\" src=\"https:\/\/anbanjia.com.cn\/wp-content\/uploads\/2022\/05\/Hd6813fb5eb4e4bd3bbec261468f1e74by.jpg\" data-alt=\"Remote control electric wheelchair wheelchair automatical folding electric wheelchair\" data-src=\"\"><img decoding=\"async\" src=\"https:\/\/anbanjia.com.cn\/wp-content\/uploads\/2022\/05\/H8406bd74df0d4cebbca9af383a5717c0a.jpg\" data-alt=\"Remote control electric wheelchair wheelchair automatical folding electric wheelchair\" data-src=\"\"><img decoding=\"async\" src=\"https:\/\/anbanjia.com.cn\/wp-content\/uploads\/2022\/05\/H507b8394d23140af984b4822197ac604b.jpg\" data-alt=\"Remote control electric wheelchair wheelchair automatical folding electric wheelchair\" data-src=\"\"><\/p>\n<\/div>\n<\/div>\n<div id=\"ali-anchor-AliPostDhMb-g8zpw\" class=\"mceSectionContainer\" style=\"padding-top: 8px;\" data-section=\"AliPostDhMb-g8zpw\" data-section-title=\"contact us\">\n<div id=\"ali-title-AliPostDhMb-g8zpw\" style=\"padding: 8px 0; border-bottom: 1px solid #ddd;\"><span style=\"background-color: #ddd; color: #333; font-weight: bold; padding: 8px 10px; line-height: 12px;\">Nous contacter<\/span><\/div>\n<div style=\"padding: 10px 0;\">\n<p><a href=\"https:\/\/abj-medical.en.alibaba.com\/contactinfo.html?spm=a2700.8304367.topnav.8.5d239224wxD2sy\" target=\"_blank\" rel=\"noopener\"> <img decoding=\"async\" src=\"https:\/\/anbanjia.com.cn\/wp-content\/uploads\/2022\/05\/HTB1E_8LXOLxK1Rjy0Ffq6zYdVXay.jpg\" data-alt=\"Remote control electric wheelchair wheelchair automatical folding electric wheelchair\" data-src=\"\"><\/a><\/p>\n<\/div>\n<\/div>\n<div id=\"ali-anchor-AliPostDhMb-vv6n9\" class=\"mceSectionContainer\" style=\"padding-top: 8px;\" data-section=\"AliPostDhMb-vv6n9\" data-section-title=\"Product Categories\">\n<div id=\"ali-title-AliPostDhMb-vv6n9\" style=\"padding: 8px 0; border-bottom: 1px solid #ddd;\"><span style=\"background-color: #ddd; color: #333; font-weight: bold; padding: 8px 10px; line-height: 12px;\">cat\u00e9gories de produits<\/span><\/div>\n<div style=\"padding: 10px 0;\">\n<p> <a href=\"https:\/\/abj-medical.en.alibaba.com\/productgrouplist-804871560\/Electric_wheelchair_and_apparatus.html?spm=a2700.icbuShop.88.30.704a44ebaAhP4D\" target=\"_blank\" rel=\"noopener\"><img decoding=\"async\" src=\"https:\/\/anbanjia.com.cn\/wp-content\/uploads\/2022\/05\/HTB1ERWiSFXXXXasXXXXq6xXFXXXw.jpg\" data-alt=\"Remote control electric wheelchair wheelchair automatical folding electric wheelchair\" data-src=\"\"><\/a><\/p>\n<\/div>\n<\/div>\n<div id=\"ali-anchor-AliPostDhMb-ub5hb\" class=\"mceSectionContainer\" style=\"padding-top: 8px;\" data-section=\"AliPostDhMb-ub5hb\" data-section-title=\"certificate\">\n<div id=\"ali-title-AliPostDhMb-ub5hb\" style=\"padding: 8px 0; border-bottom: 1px solid #ddd;\"><span style=\"background-color: #ddd; color: #333; font-weight: bold; padding: 8px 10px; line-height: 12px;\">certificat<\/span><\/div>\n<div style=\"padding: 10px 0;\">\n<p><img decoding=\"async\" src=\"https:\/\/anbanjia.com.cn\/wp-content\/uploads\/2022\/05\/HTB1Z1olSpXXXXctXXXXq6xXFXXXu-1.jpg\" data-alt=\"Remote control electric wheelchair wheelchair automatical folding electric wheelchair\" data-src=\"\"><\/p>\n<\/div>\n<\/div>\n<div id=\"ali-anchor-AliPostDhMb-yhho8\" class=\"mceSectionContainer\" style=\"padding-top: 8px;\" data-section=\"AliPostDhMb-yhho8\" data-section-title=\"company information\">\n<div id=\"ali-title-AliPostDhMb-yhho8\" style=\"padding: 8px 0; border-bottom: 1px solid #ddd;\"><span style=\"background-color: #ddd; color: #333; font-weight: bold; padding: 8px 10px; line-height: 12px;\">Informations sur la soci\u00e9t\u00e9<\/span><\/div>\n<div style=\"padding: 10px 0;\">\n<p><img decoding=\"async\" src=\"https:\/\/anbanjia.com.cn\/wp-content\/uploads\/2022\/05\/HTB1HgKPcQ5E3KVjSZFCq6zuzXXay.jpg\" data-src=\"\"><\/p>\n<\/div>\n<\/div>\n<div id=\"ali-anchor-AliPostDhMb-dlpgq\" class=\"mceSectionContainer\" style=\"padding-top: 8px;\" data-section=\"AliPostDhMb-dlpgq\" data-section-title=\"Home\">\n<div id=\"ali-title-AliPostDhMb-dlpgq\" style=\"padding: 8px 0; border-bottom: 1px solid #ddd;\"><span style=\"background-color: #ddd; color: #333; font-weight: bold; padding: 8px 10px; line-height: 12px;\">Accueil<\/span><\/div>\n<div style=\"padding: 10px 0;\">\n<p><a href=\"https:\/\/abj-medical.en.alibaba.com\/?spm=a2700.8304367.topnav.1.7fb94f0d6W4Kaf\" target=\"_blank\" rel=\"noopener\"><img decoding=\"async\" src=\"https:\/\/anbanjia.com.cn\/wp-content\/uploads\/2022\/05\/HTB10aT7SpXXXXa7XFXXq6xXFXXXO-1.jpg\" data-alt=\"Remote control electric wheelchair wheelchair automatical folding electric wheelchair\" data-src=\"\"><\/a><\/p>\n<\/div>\n<\/div>\n<\/div>\n","protected":false},"excerpt":{"rendered":"<p>&nbsp;<\/p>\n<div style=\"width: auto;\">\n<div style=\"min-width: 300px; max-width: 300px; word-wrap: break-word; float: left;\">Lieu d&rsquo;origine : Chine<\/div>\n<div style=\"min-width: 300px; max-width: 300px; word-wrap: break-word; float: left;\">Classification des instruments&nbsp;: classe&nbsp;II<\/div>\n<\/div>\n<div style=\"width: auto;\">\n<div style=\"min-width: 300px; max-width: 300px; word-wrap: break-word; float: left;\">Garantie 1 ann\u00e9e<\/div>\n<div style=\"min-width: 300px; max-width: 300px; word-wrap: break-word; float: left;\">Service apr\u00e8s-vente&nbsp;: Formation en ligne<\/div>\n<\/div>\n<div style=\"width: auto;\">\n<div style=\"min-width: 300px; max-width: 300px; word-wrap: break-word; float: left;\">Taille totale : 102*62*99CM<\/div>\n<div style=\"min-width: 300px; max-width: 300px; word-wrap: break-word; float: left;\">Taille pliante: 62*33*78CM<\/div>\n<\/div>\n<div style=\"width: auto;\">\n<div style=\"min-width: 300px; max-width: 300px; word-wrap: break-word; float: left;\">largeur d&rsquo;assise : 40 cm<\/div>\n<div style=\"min-width: 300px; max-width: 300px; word-wrap: break-word; float: left;\">profondeur d&rsquo;assise : 47 cm<\/div>\n<\/div>\n<div style=\"width: auto;\">\n<div style=\"min-width: 300px; max-width: 300px; word-wrap: break-word; float: left;\">hauteur d&rsquo;assise : 55 cm<\/div>\n<div style=\"min-width: 300px; max-width: 300px; word-wrap: break-word; float: left;\">Hauteur dossier : 54cm<\/div>\n<\/div>\n<div style=\"width: auto;\">\n<div style=\"min-width: 300px; max-width: 300px; word-wrap: break-word; float: left;\">poids : environ 32 kg<\/div>\n<div style=\"min-width: 300px; max-width: 300px; word-wrap: break-word; float: left;\">Capacit\u00e9 de chargement&nbsp;: 100&nbsp;kg<\/div>\n<\/div>\n<div style=\"width: auto;\">\n<div style=\"min-width: 300px; max-width: 300px; word-wrap: break-word; float: left;\">Roue avant : 6,7 pouces<\/div>\n<div style=\"min-width: 300px; max-width: 300px; word-wrap: break-word; float: left;\">roue arri\u00e8re : 9 pouces<\/div>\n<\/div>\n<div>Logo personnalis\u00e9(Min. Commande : 500 pi\u00e8ces)<\/div>\n<div>Emballage personnalis\u00e9(Min. Commande : 500 Pi\u00e8ces)<\/div>\n","protected":false},"featured_media":13323,"comment_status":"closed","ping_status":"closed","template":"","meta":[],"product_cat":[128],"product_tag":[],"class_list":["post-12823","product","type-product","status-publish","has-post-thumbnail","hentry","product_cat-fauteuil-roulant-electrique"],"_links":{"self":[{"href":"https:\/\/anbanjia.com.cn\/fr\/wp-json\/wp\/v2\/product\/12823","targetHints":{"allow":["GET"]}}],"collection":[{"href":"https:\/\/anbanjia.com.cn\/fr\/wp-json\/wp\/v2\/product"}],"about":[{"href":"https:\/\/anbanjia.com.cn\/fr\/wp-json\/wp\/v2\/types\/product"}],"replies":[{"embeddable":true,"href":"https:\/\/anbanjia.com.cn\/fr\/wp-json\/wp\/v2\/comments?post=12823"}],"wp:featuredmedia":[{"embeddable":true,"href":"https:\/\/anbanjia.com.cn\/fr\/wp-json\/wp\/v2\/media\/13323"}],"wp:attachment":[{"href":"https:\/\/anbanjia.com.cn\/fr\/wp-json\/wp\/v2\/media?parent=12823"}],"wp:term":[{"taxonomy":"product_cat","embeddable":true,"href":"https:\/\/anbanjia.com.cn\/fr\/wp-json\/wp\/v2\/product_cat?post=12823"},{"taxonomy":"product_tag","embeddable":true,"href":"https:\/\/anbanjia.com.cn\/fr\/wp-json\/wp\/v2\/product_tag?post=12823"}],"curies":[{"name":"wp","href":"https:\/\/api.w.org\/{rel}","templated":true}]}}