{"id":12424,"date":"2022-05-02T18:07:58","date_gmt":"2022-05-02T18:07:58","guid":{"rendered":"https:\/\/www.anbanjia.com.cn\/product\/machine-de-levage-electrique-paralyse-alite-personnes-agees-soins-transfert-a-domicile-handicape-patient-ascenseur-machine-manette-de-vitesse-pour-personnes-agees\/"},"modified":"2022-05-02T18:07:58","modified_gmt":"2022-05-02T18:07:58","slug":"machine-elevatrice-electrique-paralyse-alite-personnes-agees-soins-a-domicile-transfert-personnes-handicapees-ascenseur-machine-shifter-pour-personnes-agees","status":"publish","type":"product","link":"https:\/\/anbanjia.com.cn\/fr\/produit\/machine-elevatrice-electrique-paralyse-alite-personnes-agees-soins-a-domicile-transfert-personnes-handicapees-ascenseur-machine-shifter-pour-personnes-agees\/","title":{"rendered":"Machine de levage \u00e9lectrique paralys\u00e9 alit\u00e9 personnes \u00e2g\u00e9es soins transfert \u00e0 domicile handicap\u00e9 patient ascenseur machine manette de vitesse pour personnes \u00e2g\u00e9es"},"content":{"rendered":"<div style=\"max-width: 750px; margin: 0 auto;\">\n<div id=\"detail_decorate_root\" data-magic-global=\"%7B%22bizId%22%3A3215165050%2C%22pageId%22%3A21021596407%2C%22siteId%22%3A5005610021%7D\">\n<div class=\"J_module\">\n<div class=\"detail-decorate-json-renderer-container\">\n<div class=\"magic-1\">\n<div class=\"magic-2\">\n<div class=\"magic-3\">\n<div class=\"magic-4\">\n<div class=\"magic-5\"><span class=\"magic-6\">Ascenseur \u00e9lectrique paralys\u00e9 alit\u00e9 personnes \u00e2g\u00e9es soins transfert \u00e0 domicile handicap\u00e9 ascenseur patient machine shifter pour personnes \u00e2g\u00e9es.<\/span><\/div>\n<\/div>\n<\/div>\n<\/div>\n<\/div>\n<\/div>\n<\/div>\n<div class=\"J_module\">\n<div class=\"icbu-pc-images magic-7\">\n<div>\n<div class=\"flex-layout-v\">\n<div class=\"flex-layout-h magic-7\">\n<div class=\"magic-8\"><img decoding=\"async\" class=\"magic-9\" style=\"max-width: 750;\" src=\"https:\/\/anbanjia.com.cn\/wp-content\/uploads\/2022\/05\/H2b4ce79bbc3b4224b71a42b9126ca7701.png\" data-src=\"\"><\/div>\n<\/div>\n<\/div>\n<\/div>\n<\/div>\n<\/div>\n<div class=\"J_module\">\n<div class=\"detail-decorate-json-renderer-container\">\n<div class=\"magic-1\">\n<div class=\"magic-2\">\n<div class=\"magic-3\">\n<div class=\"magic-4\">\n<div class=\"magic-5\"><span class=\"magic-6\">Avoir 2 mod\u00e8les de fronde peut choisir. <b>Mod\u00e8le de marche ou d&rsquo;\u00e9charpe de r\u00e9\u00e9ducation.<\/b> Si vous avez besoin de laquelle vous pouvez contacter le vendeur pour plus de d\u00e9tails. Merci.<\/span><\/div>\n<\/div>\n<\/div>\n<\/div>\n<\/div>\n<\/div>\n<\/div>\n<div class=\"J_module\">\n<div class=\"icbu-pc-detailManyImage magic-10\">\n<div class=\"magic-11\"><img decoding=\"async\" class=\"magic-12\" src=\"https:\/\/anbanjia.com.cn\/wp-content\/uploads\/2022\/05\/H7b0c7878cf57425bac162b090075f6e9M.jpg\" data-src=\"\"><\/div>\n<div class=\"magic-11\"><img decoding=\"async\" class=\"magic-12\" src=\"https:\/\/anbanjia.com.cn\/wp-content\/uploads\/2022\/05\/H001a841693ee42c3a6f1893589fd5f78e.jpg\" data-src=\"\"><\/div>\n<div class=\"magic-11\"><img decoding=\"async\" class=\"magic-12\" src=\"https:\/\/anbanjia.com.cn\/wp-content\/uploads\/2022\/05\/Ha712f6afa74c44608055c9f2e5e86fe7u.jpg\" data-src=\"\"><\/div>\n<div class=\"magic-11\"><img decoding=\"async\" class=\"magic-12\" src=\"https:\/\/anbanjia.com.cn\/wp-content\/uploads\/2022\/05\/He52d7501215c4fd1b11c0553ba013c2e6.jpg\" data-src=\"\"><\/div>\n<div class=\"magic-11\"><\/div>\n<div class=\"magic-11\"><img decoding=\"async\" src=\"https:\/\/s.alicdn.com\/@sc04\/kf\/Ha43def8a2df44eac925e2c3ab5a1b97b2\/230438700\/Ha43def8a2df44eac925e2c3ab5a1b97b2.jpg?quality=close\"><img decoding=\"async\" src=\"https:\/\/s.alicdn.com\/@sc04\/kf\/H94a6fa43acb244a691368ee89d0bb0dft\/230438700\/H94a6fa43acb244a691368ee89d0bb0dft.png?quality=close\"><\/div>\n<div class=\"magic-11\"><\/div>\n<div class=\"magic-11\"><\/div>\n<\/div>\n<\/div>\n<\/div>\n<\/div>\n","protected":false},"excerpt":{"rendered":"<p>&nbsp;<\/p>\n<div style=\"width: auto;\">\n<div style=\"min-width: 300px; max-width: 300px; word-wrap: break-word; float: left;\">Propri\u00e9t\u00e9s : fournitures de th\u00e9rapie de r\u00e9adaptation.<\/div>\n<div style=\"min-width: 300px; max-width: 300px; word-wrap: break-word; float: left;\">Lieu d&rsquo;origine : Chine<\/div>\n<\/div>\n<div style=\"width: auto;\">\n<div style=\"min-width: 300px; max-width: 300px; word-wrap: break-word; float: left;\">Mat\u00e9riau : acier \u00e9paissi<\/div>\n<div style=\"min-width: 300px; max-width: 300px; word-wrap: break-word; float: left;\">Nom du produit : l\u00e8ve-personne<\/div>\n<\/div>\n<div style=\"width: auto;\">\n<div style=\"min-width: 300px; max-width: 300px; word-wrap: break-word; float: left;\">Longueur du socle : 1220 mm<\/div>\n<div style=\"min-width: 300px; max-width: 300px; word-wrap: break-word; float: left;\">Hauteur des jambes&nbsp;: 120&nbsp;mm<\/div>\n<\/div>\n<div style=\"width: auto;\">\n<div style=\"min-width: 300px; max-width: 300px; word-wrap: break-word; float: left;\">Largeur d&rsquo;\u00e9cartement des jambes&nbsp;: 860&nbsp;mm<\/div>\n<div style=\"min-width: 300px; max-width: 300px; word-wrap: break-word; float: left;\">Largeur totale&nbsp;: 610&nbsp;mm<\/div>\n<\/div>\n<div style=\"width: auto;\">\n<div style=\"min-width: 300px; max-width: 300px; word-wrap: break-word; float: left;\">Vitesse de levage : 3-9 mm\/s<\/div>\n<div style=\"min-width: 300px; max-width: 300px; word-wrap: break-word; float: left;\">Poids&nbsp;: 150&nbsp;kg<\/div>\n<\/div>\n<div style=\"width: auto;\">\n<div style=\"min-width: 300px; max-width: 300px; word-wrap: break-word; float: left;\">Poids net&nbsp;: 45&nbsp;kg<\/div>\n<div style=\"min-width: 300px; max-width: 300px; word-wrap: break-word; float: left;\">Bruit&nbsp;: moins de 65&nbsp;DBA<\/div>\n<\/div>\n","protected":false},"featured_media":11454,"comment_status":"closed","ping_status":"closed","template":"","meta":[],"product_cat":[115],"product_tag":[],"class_list":["post-12424","product","type-product","status-publish","has-post-thumbnail","hentry","product_cat-engin-de-demenagement-multifonctionnel"],"_links":{"self":[{"href":"https:\/\/anbanjia.com.cn\/fr\/wp-json\/wp\/v2\/product\/12424","targetHints":{"allow":["GET"]}}],"collection":[{"href":"https:\/\/anbanjia.com.cn\/fr\/wp-json\/wp\/v2\/product"}],"about":[{"href":"https:\/\/anbanjia.com.cn\/fr\/wp-json\/wp\/v2\/types\/product"}],"replies":[{"embeddable":true,"href":"https:\/\/anbanjia.com.cn\/fr\/wp-json\/wp\/v2\/comments?post=12424"}],"wp:featuredmedia":[{"embeddable":true,"href":"https:\/\/anbanjia.com.cn\/fr\/wp-json\/wp\/v2\/media\/11454"}],"wp:attachment":[{"href":"https:\/\/anbanjia.com.cn\/fr\/wp-json\/wp\/v2\/media?parent=12424"}],"wp:term":[{"taxonomy":"product_cat","embeddable":true,"href":"https:\/\/anbanjia.com.cn\/fr\/wp-json\/wp\/v2\/product_cat?post=12424"},{"taxonomy":"product_tag","embeddable":true,"href":"https:\/\/anbanjia.com.cn\/fr\/wp-json\/wp\/v2\/product_tag?post=12424"}],"curies":[{"name":"wp","href":"https:\/\/api.w.org\/{rel}","templated":true}]}}