{"id":12412,"date":"2022-05-02T18:07:58","date_gmt":"2022-05-02T18:07:58","guid":{"rendered":"https:\/\/www.anbanjia.com.cn\/product\/nouveau-produit-multifonctionnel-de-soins-de-sante-double-transfert-hydraulique-fauteuil-roulant-chaise-roulante-ascenseur-pour-usage-domestique\/"},"modified":"2022-05-02T18:07:58","modified_gmt":"2022-05-02T18:07:58","slug":"nouveau-produit-multifonctionnel-soins-de-sante-double-transfert-hydraulique-fauteuil-roulant-commode-ascenseur-fauteuil-roulant-pour-usage-domicile","status":"publish","type":"product","link":"https:\/\/anbanjia.com.cn\/fr\/produit\/nouveau-produit-multifonctionnel-soins-de-sante-double-transfert-hydraulique-fauteuil-roulant-commode-ascenseur-fauteuil-roulant-pour-usage-domicile\/","title":{"rendered":"Nouveau produit multifonctionnel de soins de sant\u00e9 Double transfert hydraulique fauteuil roulant chaise roulante ascenseur pour usage domestique"},"content":{"rendered":"<div style=\"max-width: 750px;margin: 0 auto;\">\n<div data-magic-global=\"%7B%22bizId%22%3A3215165050%2C%22pageId%22%3A21036603449%2C%22siteId%22%3A5005610021%7D\" id=\"detail_decorate_root\">\n<div class=\"J_module\" module-id=\"28048630753\" module-title=\"detailTextWithTitle\" render=\"true\">\n<div class=\"detail-decorate-json-renderer-container\">\n<div class=\"magic-0\">\n<h3 class=\"magic-1\"><\/h3>\n<div class=\"magic-2\">\n<div class=\"magic-3\">\n<div class=\"magic-4\">\n<div class=\"magic-5\"><b><font class=\"magic-6\"><span>Nouveau produit multifonctionnel de soins de sant\u00e9 Double transfert hydraulique fauteuil roulant chaise roulante ascenseur pour usage domestique<\/span><\/font><\/b><\/div>\n<\/div>\n<\/div>\n<\/div>\n<\/div>\n<\/div>\n<\/div>\n<div class=\"J_module\" module-id=\"28048630754\" module-title=\"detailHorizontalImageText\" render=\"true\">\n<div class=\"icbu-pc-images magic-7\">\n<div>\n<div class=\"flex-layout-h\">\n<div class=\"flex-layout-v magic-8\">\n<div class=\"magic-9\"><img decoding=\"async\" class=\"magic-10\" data-src=\"\" src=\"https:\/\/anbanjia.com.cn\/wp-content\/uploads\/2022\/05\/Haac2f710f5ad4880b80f1528647ff6dcS.png\" style=\"max-width: 750;\"><\/div>\n<\/div>\n<div class=\"text-wrapper magic-11\">\n<div class=\"text-wrapper-right text-theme-light text-align-left\">\n<div class=\"text-title\">\n<div><span><font class=\"magic-6\"><br \/><\/font><\/span><\/div>\n<p><span><font class=\"magic-6\">Des d\u00e9tails<\/font><\/span><\/div>\n<div class=\"text-content\"><span><span>Nom du produit: Fauteuil roulant \u00e0 double transfert hydraulique<br \/>\nM\u00e9thode de levage: levage de p\u00e9dale<br \/>\nRoues : Roues m\u00e9dicales silencieuses<br \/>\nMat\u00e9riau : acier inoxydable 304<br \/>\nPoids net&nbsp;: 32,5&nbsp;KG<br \/>\nPoids brut&nbsp;: 35,5&nbsp;KG<br \/>\nPoids du roulement&nbsp;: 150&nbsp;KG<br \/>\nLargeur d&rsquo;assise : 45 cm<br \/>\nHauteur d&rsquo;assise : 46-66 cm<br \/>\nHauteur totale : 89-109 cm<br \/>\nHauteur d&rsquo;assise hauteur minimale : 89 cm<br \/>\nHauteur d&rsquo;assise maximale : 109 cm<br \/>\nTaille d&#8217;emballage: 64*47*86.5 cm<\/span><\/span><\/div>\n<\/div>\n<\/div>\n<\/div>\n<\/div>\n<\/div>\n<\/div><\/div>\n<\/div>\n","protected":false},"excerpt":{"rendered":"<div style=\"width:auto\">\n<div style=\"min-width: 300px;max-width: 300px;word-wrap: break-word;float: left\">Propri\u00e9t\u00e9s : fournitures de th\u00e9rapie de r\u00e9adaptation. <\/div>\n<div style=\"min-width: 300px;max-width: 300px;word-wrap: break-word;float: left\">Lieu d&rsquo;origine&nbsp;: Guangdong, Chine<\/div>\n<\/p><\/div>\n<div style=\"width:auto\">\n<div style=\"min-width: 300px;max-width: 300px;word-wrap: break-word;float: left\">Nom de marque:Anbanjia <\/div>\n<div style=\"min-width: 300px;max-width: 300px;word-wrap: break-word;float: left\">Type : \u00e9quipements de s\u00e9curit\u00e9 pour salle de bain.<\/div>\n<\/p><\/div>\n<div style=\"width:auto\">\n<div style=\"min-width: 300px;max-width: 300px;word-wrap: break-word;float: left\">Roues : Roues m\u00e9dicales silencieuses <\/div>\n<div style=\"min-width: 300px;max-width: 300px;word-wrap: break-word;float: left\">Mat\u00e9riau : acier inoxydable 304<\/div>\n<\/p><\/div>\n<div style=\"width:auto\">\n<div style=\"min-width: 300px;max-width: 300px;word-wrap: break-word;float: left\">Poids net&nbsp;: 32,5&nbsp;kg <\/div>\n<div style=\"min-width: 300px;max-width: 300px;word-wrap: break-word;float: left\">Poids brut&nbsp;: 35,5&nbsp;kg<\/div>\n<\/p><\/div>\n<div style=\"width:auto\">\n<div style=\"min-width: 300px;max-width: 300px;word-wrap: break-word;float: left\">Poids de roulement&nbsp;: 150&nbsp;KG <\/div>\n<div style=\"min-width: 300px;max-width: 300px;word-wrap: break-word;float: left\">Largeur d&rsquo;assise : 45 cm<\/div>\n<\/p><\/div>\n<div style=\"width:auto\">\n<div style=\"min-width: 300px;max-width: 300px;word-wrap: break-word;float: left\">Hauteur d&rsquo;assise : 46-66 cm <\/div>\n<div style=\"min-width: 300px;max-width: 300px;word-wrap: break-word;float: left\">Hauteur totale : 89-109 cm<\/div>\n<\/p><\/div>\n<div style=\"width:auto\">\n<div style=\"min-width: 300px;max-width: 300px;word-wrap: break-word;float: left\">Hauteur d&rsquo;assise hauteur minimale&nbsp;: 89&nbsp;cm <\/div>\n<div style=\"min-width: 300px;max-width: 300px;word-wrap: break-word;float: left\">Hauteur d&rsquo;assise maximale&nbsp;: 109&nbsp;cm<\/div>\n<\/p><\/div>\n<div>Emballage personnalis\u00e9(Min. Commande : 200 pi\u00e8ces)<\/div>\n<div>Logo personnalis\u00e9(Min. Commande : 200 pi\u00e8ces)<\/div>\n","protected":false},"featured_media":8597,"comment_status":"closed","ping_status":"closed","template":"","meta":[],"product_cat":[115],"product_tag":[],"class_list":["post-12412","product","type-product","status-publish","has-post-thumbnail","hentry","product_cat-engin-de-demenagement-multifonctionnel"],"_links":{"self":[{"href":"https:\/\/anbanjia.com.cn\/fr\/wp-json\/wp\/v2\/product\/12412","targetHints":{"allow":["GET"]}}],"collection":[{"href":"https:\/\/anbanjia.com.cn\/fr\/wp-json\/wp\/v2\/product"}],"about":[{"href":"https:\/\/anbanjia.com.cn\/fr\/wp-json\/wp\/v2\/types\/product"}],"replies":[{"embeddable":true,"href":"https:\/\/anbanjia.com.cn\/fr\/wp-json\/wp\/v2\/comments?post=12412"}],"wp:featuredmedia":[{"embeddable":true,"href":"https:\/\/anbanjia.com.cn\/fr\/wp-json\/wp\/v2\/media\/8597"}],"wp:attachment":[{"href":"https:\/\/anbanjia.com.cn\/fr\/wp-json\/wp\/v2\/media?parent=12412"}],"wp:term":[{"taxonomy":"product_cat","embeddable":true,"href":"https:\/\/anbanjia.com.cn\/fr\/wp-json\/wp\/v2\/product_cat?post=12412"},{"taxonomy":"product_tag","embeddable":true,"href":"https:\/\/anbanjia.com.cn\/fr\/wp-json\/wp\/v2\/product_tag?post=12412"}],"curies":[{"name":"wp","href":"https:\/\/api.w.org\/{rel}","templated":true}]}}