{"id":11069,"date":"2022-05-02T18:07:49","date_gmt":"2022-05-02T18:07:49","guid":{"rendered":"https:\/\/www.anbanjia.com.cn\/product\/fauteuils-roulants-pliables-legers-a-bas-prix-pour-enfants-atteints-de-paralysie-cerebrale-handicapes-fauteuil-roulant-pediatrique-prix-dusine\/"},"modified":"2022-05-02T18:07:49","modified_gmt":"2022-05-02T18:07:49","slug":"prix-pas-cher-fauteuil-roulant-pliable-leger-fauteuils-pour-paralysie-cerebrale-desactiver-enfants-fauteuil-roulant-pediatrique-prix-usine","status":"publish","type":"product","link":"https:\/\/anbanjia.com.cn\/fr\/produit\/prix-pas-cher-fauteuil-roulant-pliable-leger-fauteuils-pour-paralysie-cerebrale-desactiver-enfants-fauteuil-roulant-pediatrique-prix-usine\/","title":{"rendered":"Fauteuils roulants pliables l\u00e9gers \u00e0 bas prix pour enfants atteints de paralysie c\u00e9r\u00e9brale \/ handicap\u00e9s, fauteuil roulant p\u00e9diatrique, prix d&rsquo;usine"},"content":{"rendered":"<div style=\"max-width: 750px; margin: 0 auto;\">\n<div data-maya=\"{\"theme\":{\"face\":\"yin\",\"fontFace\":\"Trebuchet MS, sans-serif\",\"fontSize\":24,\"colors\":2},\"items\":[{\"title\":\"d24vn\",\"formats\":[[[{\"4r0ea\":\"H\"},{\"uoz97\":\"P\"}]],[{\"1rds3\":\"Ia\"}]]},{\"title\":\"od32r\",\"formats\":[[{\"pd1rn\":\"Ia\"}],[{\"86co3\":\"Ia\"}],[{\"augsw\":\"Ia\"}],[{\"zevaj\":\"Ia\"}],[{\"d809g\":\"Ia\"}],[{\"h30pt\":\"Ia\"}],[{\"z2s7o\":\"Ia\"}],[{\"987vv\":\"Ia\"}]]},{\"title\":\"wwi1w\",\"formats\":[[{\"8h6sz\":\"Il\"},[{\"kbzob\":\"H\"},{\"qubn7\":\"P\"}]]]},{\"title\":\"d8fbd\",\"formats\":[[{\"zr1e6\":\"Ia\"}],[{\"g1s4z\":\"P\"}],[[{\"rn01d\":\"H\"},{\"bztbe\":\"P\"}]]]}]}\">\n<div>\n<div style=\"vertical-align: top; padding-top: 15px; padding-bottom: 15px;\">\n<div id=\"d24vn\" style=\"vertical-align: top; padding-top: 10px; padding-bottom: 10px;\">\n<div id=\"ali-anchor-AliMaya-plyed\" style=\"padding: 8px 0 4px 8px; border-bottom: 2px solid #D2F2DD; border-radius: 3px 3px 0 0; line-height: 1; color: #179a43; background-color: #d2f2dd; font-size: 24px; font-family: Trebuchet MS, sans-serif;\" data-section=\"AliMaya-plyed\" data-section-title=\"Product Description\">Description du produit<\/div>\n<\/div>\n<div style=\"vertical-align: top; padding-top: 10px; padding-bottom: 10px; margin-right: -4px; margin-left: -4px;\">\n<div style=\"vertical-align: top; box-sizing: border-box; padding-right: 4px; padding-left: 4px; margin-top: -4px; margin-bottom: -4px;\">\n<div id=\"4r0ea\" style=\"vertical-align: top; box-sizing: border-box; padding-top: 4px; padding-bottom: 4px;\">\n<h3 style=\"padding: 0px; line-height: 20px; font-weight: bold; margin: 0px;\"><span style=\"color: #0037df; font-family: Trebuchet MS, sans-serif; font-size: xx-large;\">Fauteuils roulants pliants l\u00e9gers pour <\/span><\/h3>\n<h3 style=\"padding: 0px; line-height: 20px; font-weight: bold; margin: 0px;\"><span style=\"color: #0037df; font-family: Trebuchet MS, sans-serif; font-size: xx-large;\"> <\/span><\/h3>\n<h3 style=\"padding: 0px; line-height: 20px; font-weight: bold; margin: 0px;\"><span style=\"color: #0037df; font-family: Trebuchet MS, sans-serif; font-size: xx-large;\">Infirmit\u00e9 motrice c\u00e9r\u00e9brale\/Enfants handicap\u00e9s, p\u00e9diatriques <\/span><\/h3>\n<h3 style=\"padding: 0px; line-height: 20px; font-weight: bold; margin: 0px;\"><span style=\"color: #0037df; font-family: Trebuchet MS, sans-serif; font-size: xx-large;\"> <\/span><\/h3>\n<h3 style=\"padding: 0px; line-height: 20px; font-weight: bold; margin: 0px;\"><span style=\"color: #0037df; font-family: Trebuchet MS, sans-serif; font-size: xx-large;\">fauteuil roulant<\/span><\/h3>\n<\/div>\n<div id=\"uoz97\" style=\"vertical-align: top; box-sizing: border-box; padding-top: 4px; padding-bottom: 4px;\">\n<p style=\"margin: 0; padding: 0;\"><span style=\"font-family: Trebuchet MS, sans-serif; font-size: large;\">Conception pour les enfants atteints de paralysie c\u00e9r\u00e9brale<\/span><\/p>\n<p style=\"margin: 0; padding: 0;\"><span style=\"font-family: Trebuchet MS, sans-serif; font-size: large;\">Cadre de rev\u00eatement en poudre d&rsquo;aluminium<\/span><\/p>\n<p style=\"margin: 0; padding: 0;\"><span style=\"font-family: Trebuchet MS, sans-serif; font-size: large;\">Le rembourrage amovible est fabriqu\u00e9 en mat\u00e9riau respirant ; avec s\u00e9parateur, support de tronc, support d&rsquo;articulation de la hanche<\/span><\/p>\n<p style=\"margin: 0; padding: 0;\"><span style=\"font-family: Trebuchet MS, sans-serif; font-size: large;\">Appui-t\u00eate amovible et r\u00e9glable<\/span><\/p>\n<p style=\"margin: 0; padding: 0;\"><span style=\"font-family: Trebuchet MS, sans-serif; font-size: large;\">Avec harnais de poitrine Butterfly<\/span><\/p>\n<p style=\"margin: 0; padding: 0;\"><span style=\"font-family: Trebuchet MS, sans-serif; font-size: large;\">\u00c9quip\u00e9 du syst\u00e8me d&rsquo;inclinaison dans l&rsquo;espace et d&rsquo;inclinaison ensemble&nbsp;; Inclinaison dans l&rsquo;espace jusqu&rsquo;\u00e0 45 degr\u00e9s ; incliner de 90 degr\u00e9s \u00e0 160 degr\u00e9s<\/span><\/p>\n<p style=\"margin: 0; padding: 0;\"><span style=\"font-family: Trebuchet MS, sans-serif; font-size: large;\">Accoudoir r\u00e9glable en hauteur et amovible<\/span><\/p>\n<p style=\"margin: 0; padding: 0;\"><span style=\"font-family: Trebuchet MS, sans-serif; font-size: large;\">Repose-jambes escamotable et amovible<\/span><\/p>\n<p style=\"margin: 0; padding: 0;\"><span style=\"font-family: Trebuchet MS, sans-serif; font-size: large;\">Roulettes solides de 6&Prime;<\/span><\/p>\n<p style=\"margin: 0; padding: 0;\"><span style=\"font-family: Trebuchet MS, sans-serif; font-size: large;\">MAG, roue arri\u00e8re en PU gris 16&Prime;<\/span><\/p>\n<p style=\"margin: 0; padding: 0;\"><span style=\"font-family: Trebuchet MS, sans-serif; font-size: large;\">Avec anti-bascule<\/span><\/p>\n<p style=\"margin: 0; padding: 0;\"><span style=\"font-family: Trebuchet MS, sans-serif; font-size: large;\">Avec frein accompagnateur<\/span><\/p>\n<\/div>\n<\/div>\n<\/div>\n<div style=\"vertical-align: top; padding-top: 10px; padding-bottom: 10px; margin-right: -4px; margin-left: -4px;\">\n<div id=\"1rds3\" style=\"vertical-align: top; box-sizing: border-box; padding-right: 4px; padding-left: 4px;\">\n<div style=\"overflow: hidden; width: 750px; height: 662px;\"><img decoding=\"async\" style=\"max-width: 750;\" src=\"https:\/\/anbanjia.com.cn\/wp-content\/uploads\/2022\/05\/HTB16z4JRFXXXXb7XVXX760XFXXXV.png\" data-src=\"\"><\/div>\n<\/div>\n<\/div>\n<\/div>\n<div style=\"vertical-align: top; padding-top: 15px; padding-bottom: 15px;\">\n<div id=\"od32r\" style=\"vertical-align: top; padding-top: 10px; padding-bottom: 10px;\">\n<div id=\"ali-anchor-AliMaya-31elg\" style=\"padding: 8px 0 4px 8px; border-bottom: 2px solid #D2F2DD; border-radius: 3px 3px 0 0; line-height: 1; color: #179a43; background-color: #d2f2dd; font-size: 24px; font-family: Trebuchet MS, sans-serif;\" data-section=\"AliMaya-31elg\" data-section-title=\"Detailed Images\">Images d\u00e9taill\u00e9es<\/div>\n<\/div>\n<div style=\"vertical-align: top; padding-top: 10px; padding-bottom: 10px; margin-right: -4px; margin-left: -4px;\">\n<div id=\"pd1rn\" style=\"vertical-align: top; box-sizing: border-box; padding-right: 4px; padding-left: 4px;\">\n<div style=\"overflow: hidden; width: 750px; height: 559px;\"><img decoding=\"async\" style=\"width: 750px; height: 559px; margin-left: 0px; margin-top: 0px;\" src=\"https:\/\/anbanjia.com.cn\/wp-content\/uploads\/2022\/05\/HTB1xaRCRFXXXXc9aXXX760XFXXXQ.png\" data-src=\"\"><\/div>\n<\/div>\n<\/div>\n<div style=\"vertical-align: top; padding-top: 10px; padding-bottom: 10px; margin-right: -4px; margin-left: -4px;\">\n<div id=\"86co3\" style=\"vertical-align: top; box-sizing: border-box; padding-right: 4px; padding-left: 4px;\">\n<div style=\"overflow: hidden; width: 750px; height: 417px;\"><img decoding=\"async\" style=\"width: 750px; height: 417px; margin-left: 0px; margin-top: 0px;\" src=\"https:\/\/anbanjia.com.cn\/wp-content\/uploads\/2022\/05\/HTB1C0dpRFXXXXX2aFXX760XFXXXK.png\" data-src=\"\"><\/div>\n<\/div>\n<\/div>\n<div style=\"vertical-align: top; padding-top: 10px; padding-bottom: 10px; margin-right: -4px; margin-left: -4px;\">\n<div id=\"augsw\" style=\"vertical-align: top; box-sizing: border-box; padding-right: 4px; padding-left: 4px;\">\n<div style=\"overflow: hidden; width: 750px; height: 412px;\"><img decoding=\"async\" style=\"width: 750px; height: 412px; margin-left: 0px; margin-top: 0px;\" src=\"https:\/\/anbanjia.com.cn\/wp-content\/uploads\/2022\/05\/HTB1UtVKRFXXXXXYaXXX760XFXXXj.png\" data-src=\"\"><\/div>\n<\/div>\n<\/div>\n<div style=\"vertical-align: top; padding-top: 10px; padding-bottom: 10px; margin-right: -4px; margin-left: -4px;\">\n<div id=\"zevaj\" style=\"vertical-align: top; box-sizing: border-box; padding-right: 4px; padding-left: 4px;\">\n<div style=\"overflow: hidden; width: 750px; height: 421px;\"><img decoding=\"async\" style=\"width: 750px; height: 421px; margin-left: 0px; margin-top: 0px;\" src=\"https:\/\/anbanjia.com.cn\/wp-content\/uploads\/2022\/05\/HTB1zStsRFXXXXXJaFXX760XFXXX1.png\" data-src=\"\"><\/div>\n<\/div>\n<\/div>\n<div style=\"vertical-align: top; padding-top: 10px; padding-bottom: 10px; margin-right: -4px; margin-left: -4px;\">\n<div id=\"d809g\" style=\"vertical-align: top; box-sizing: border-box; padding-right: 4px; padding-left: 4px;\">\n<div style=\"overflow: hidden; width: 750px; height: 415px;\"><img decoding=\"async\" style=\"width: 750px; height: 415px; margin-left: 0px; margin-top: 0px;\" src=\"https:\/\/anbanjia.com.cn\/wp-content\/uploads\/2022\/05\/HTB1JfX1RFXXXXXUXFXX760XFXXXP.png\" data-src=\"\"><\/div>\n<\/div>\n<\/div>\n<div style=\"vertical-align: top; padding-top: 10px; padding-bottom: 10px; margin-right: -4px; margin-left: -4px;\">\n<div id=\"h30pt\" style=\"vertical-align: top; box-sizing: border-box; padding-right: 4px; padding-left: 4px;\">\n<div style=\"overflow: hidden; width: 750px; height: 416px;\"><img decoding=\"async\" style=\"width: 750px; height: 416px; margin-left: 0px; margin-top: 0px;\" src=\"https:\/\/anbanjia.com.cn\/wp-content\/uploads\/2022\/05\/HTB1IzFFRFXXXXaZaXXX760XFXXXQ.png\" data-src=\"\"><\/div>\n<\/div>\n<\/div>\n<div style=\"vertical-align: top; padding-top: 10px; padding-bottom: 10px; margin-right: -4px; margin-left: -4px;\">\n<div id=\"z2s7o\" style=\"vertical-align: top; box-sizing: border-box; padding-right: 4px; padding-left: 4px;\">\n<div style=\"overflow: hidden; width: 750px; height: 413px;\"><img decoding=\"async\" style=\"width: 750px; height: 413px; margin-left: 0px; margin-top: 0px;\" src=\"https:\/\/anbanjia.com.cn\/wp-content\/uploads\/2022\/05\/HTB1GAdNRFXXXXbsXVXX760XFXXXZ.png\" data-src=\"\"><\/div>\n<\/div>\n<\/div>\n<div style=\"vertical-align: top; padding-top: 10px; padding-bottom: 10px; margin-right: -4px; margin-left: -4px;\">\n<div id=\"987vv\" style=\"vertical-align: top; box-sizing: border-box; padding-right: 4px; padding-left: 4px;\">\n<div style=\"overflow: hidden; width: 750px; height: 416px;\"><img decoding=\"async\" style=\"width: 750px; height: 416px; margin-left: 0px; margin-top: 0px;\" src=\"https:\/\/anbanjia.com.cn\/wp-content\/uploads\/2022\/05\/HTB1hNNNRFXXXXbcXVXX760XFXXXS.png\" data-src=\"\"><\/div>\n<\/div>\n<\/div>\n<\/div>\n<div style=\"vertical-align: top; padding-top: 15px; padding-bottom: 15px;\">\n<div id=\"wwi1w\" style=\"vertical-align: top; padding-top: 10px; padding-bottom: 10px;\">\n<div id=\"ali-anchor-AliMaya-xk56o\" style=\"padding: 8px 0 4px 8px; border-bottom: 2px solid #D2F2DD; border-radius: 3px 3px 0 0; line-height: 1; color: #179a43; background-color: #d2f2dd; font-size: 24px; font-family: Trebuchet MS, sans-serif;\" data-section=\"AliMaya-xk56o\" data-section-title=\"Packing &amp; Delivery\">Emballage et livraison<\/div>\n<\/div>\n<div style=\"vertical-align: top; padding-top: 10px; padding-bottom: 10px; margin-right: -4px; margin-left: -4px;\">\n<div id=\"8h6sz\" style=\"vertical-align: top; width: 50%; display: inline-block; box-sizing: border-box; padding-right: 4px; padding-left: 4px;\">\n<div style=\"overflow: hidden; width: 371px; height: 220px;\"><img decoding=\"async\" style=\"width: 403.423px; height: 220px; margin-left: 0px; margin-top: 0px;\" src=\"https:\/\/anbanjia.com.cn\/wp-content\/uploads\/2022\/05\/HTB1h3vHQXXXXXXWapXXq6xXFXXXC.jpg\" data-src=\"\"><\/div>\n<\/div>\n<div style=\"vertical-align: top; width: 50%; display: inline-block; box-sizing: border-box; padding-right: 4px; padding-left: 4px; margin-top: -4px; margin-bottom: -4px;\">\n<div id=\"kbzob\" style=\"vertical-align: top; box-sizing: border-box; padding-top: 4px; padding-bottom: 4px;\">\n<h3 style=\"padding: 0; font-size: 16px; line-height: 20px; font-weight: bold; color: #333; margin: 0;\"><\/h3>\n<\/div>\n<div id=\"qubn7\" style=\"vertical-align: top; box-sizing: border-box; padding-top: 4px; padding-bottom: 4px;\">\n<p style=\"margin: 0; padding: 0;\"><span style=\"font-family: Trebuchet MS, sans-serif; font-size: large;\">Emballer:<br \/>\n1 pi\u00e8ces\/ctn, 80*40*97 cm<\/span><\/p>\n<p>Livraison:<br \/>\n3-5working jours apr\u00e8s paiement<\/p>\n<\/div>\n<\/div>\n<\/div>\n<\/div>\n<div style=\"vertical-align: top; padding-top: 15px; padding-bottom: 15px;\">\n<div id=\"d8fbd\" style=\"vertical-align: top; padding-top: 10px; padding-bottom: 10px;\"><\/div>\n<\/div>\n<\/div>\n<\/div>\n<\/div>\n","protected":false},"excerpt":{"rendered":"<p>&nbsp;<\/p>\n<div style=\"width: auto;\">\n<div style=\"min-width: 300px; max-width: 300px; word-wrap: break-word; float: left;\">Lieu d&rsquo;origine&nbsp;: Guangdong, Chine<\/div>\n<div style=\"min-width: 300px; max-width: 300px; word-wrap: break-word; float: left;\">Nom de marque:Anbanjia<\/div>\n<\/div>\n<div style=\"width: auto;\">\n<div style=\"min-width: 300px; max-width: 300px; word-wrap: break-word; float: left;\">Num\u00e9ro de mod\u00e8le&nbsp;: ABJ-3628D<\/div>\n<div style=\"min-width: 300px; max-width: 300px; word-wrap: break-word; float: left;\">Hauteur d&rsquo;assise&nbsp;: 50,5&nbsp;cm<\/div>\n<\/div>\n<div style=\"width: auto;\">\n<div style=\"min-width: 300px; max-width: 300px; word-wrap: break-word; float: left;\">Profondeur d&rsquo;assise&nbsp;: 35,5&nbsp;cm<\/div>\n<div style=\"min-width: 300px; max-width: 300px; word-wrap: break-word; float: left;\">Largeur d&rsquo;assise&nbsp;: 38&nbsp;cm<\/div>\n<\/div>\n<div style=\"width: auto;\">\n<div style=\"min-width: 300px; max-width: 300px; word-wrap: break-word; float: left;\">Largeur pli\u00e9e : 39 cm<\/div>\n<div style=\"min-width: 300px; max-width: 300px; word-wrap: break-word; float: left;\">Largeur hors tout : 54 cm<\/div>\n<\/div>\n<div style=\"width: auto;\">\n<div style=\"min-width: 300px; max-width: 300px; word-wrap: break-word; float: left;\">Longueur totale : 107 cm<\/div>\n<div style=\"min-width: 300px; max-width: 300px; word-wrap: break-word; float: left;\">Hauteur totale&nbsp;: 100&nbsp;cm<\/div>\n<\/div>\n","protected":false},"featured_media":11074,"comment_status":"closed","ping_status":"closed","template":"","meta":[],"product_cat":[123],"product_tag":[],"class_list":["post-11069","product","type-product","status-publish","has-post-thumbnail","hentry","product_cat-fauteuil-roulant-pour-paralysie-cerebrale"],"_links":{"self":[{"href":"https:\/\/anbanjia.com.cn\/fr\/wp-json\/wp\/v2\/product\/11069","targetHints":{"allow":["GET"]}}],"collection":[{"href":"https:\/\/anbanjia.com.cn\/fr\/wp-json\/wp\/v2\/product"}],"about":[{"href":"https:\/\/anbanjia.com.cn\/fr\/wp-json\/wp\/v2\/types\/product"}],"replies":[{"embeddable":true,"href":"https:\/\/anbanjia.com.cn\/fr\/wp-json\/wp\/v2\/comments?post=11069"}],"wp:featuredmedia":[{"embeddable":true,"href":"https:\/\/anbanjia.com.cn\/fr\/wp-json\/wp\/v2\/media\/11074"}],"wp:attachment":[{"href":"https:\/\/anbanjia.com.cn\/fr\/wp-json\/wp\/v2\/media?parent=11069"}],"wp:term":[{"taxonomy":"product_cat","embeddable":true,"href":"https:\/\/anbanjia.com.cn\/fr\/wp-json\/wp\/v2\/product_cat?post=11069"},{"taxonomy":"product_tag","embeddable":true,"href":"https:\/\/anbanjia.com.cn\/fr\/wp-json\/wp\/v2\/product_tag?post=11069"}],"curies":[{"name":"wp","href":"https:\/\/api.w.org\/{rel}","templated":true}]}}