{"id":10907,"date":"2022-05-02T18:07:50","date_gmt":"2022-05-02T18:07:50","guid":{"rendered":"https:\/\/www.anbanjia.com.cn\/product\/scooter-a-piles-de-puissance-de-mobilite-de-moteur-electrique-a-quatre-roues-adulte-pour-des-personnes-agees\/"},"modified":"2022-05-02T18:07:50","modified_gmt":"2022-05-02T18:07:50","slug":"adulte-quatre-roues-moteur-electrique-mobilite-alimentation-scooter-a-batterie-pour-personnes-agees-2","status":"publish","type":"product","link":"https:\/\/anbanjia.com.cn\/fr\/produit\/adulte-quatre-roues-moteur-electrique-mobilite-alimentation-scooter-a-batterie-pour-personnes-agees-2\/","title":{"rendered":"Scooter \u00e0 piles de puissance de mobilit\u00e9 de moteur \u00e9lectrique \u00e0 quatre roues adulte pour des personnes \u00e2g\u00e9es"},"content":{"rendered":"<div style=\"max-width: 750px;margin: 0 auto;\">\n<div data-magic-global=\"%7B%22bizId%22%3A3215165050%2C%22pageId%22%3A20121510351%2C%22siteId%22%3A5005610021%7D\" id=\"detail_decorate_root\">\n<div class=\"J_module\" module-id=\"23790498122\" module-title=\"detailTextContent\" render=\"true\">\n<div class=\"detail-decorate-json-renderer-container\">\n<div class=\"magic-1\">\n<div class=\"magic-2\">\n<div class=\"magic-3\">\n<div class=\"magic-4\">\n<div class=\"magic-5\"><b><font class=\"magic-6\"><br \/><\/font><\/b><\/div>\n<div class=\"magic-5\"><b><font class=\"magic-6\">Scooter \u00e0 piles de puissance de mobilit\u00e9 de moteur \u00e9lectrique \u00e0 quatre roues adulte pour des personnes \u00e2g\u00e9es<\/font><\/b><\/div>\n<\/div>\n<\/div>\n<\/div>\n<\/div>\n<\/div>\n<\/div>\n<div class=\"J_module\" module-id=\"24252956567\" module-title=\"detailTableTitleHightLight\" render=\"true\">\n<div class=\"ife-detail-decorate-table\">\n<table class=\"has-title hight-light-first-column all magic-7\">\n<tbody>\n<tr>\n<td colspan=\"1\" rowspan=\"1\">\n<div class=\"magic-8\">\n<div class=\"magic-5\">Couleur<\/div>\n<\/div>\n<\/td>\n<td colspan=\"1\" rowspan=\"1\">\n<div class=\"magic-9\">\n<div class=\"magic-5\">Noir<\/div>\n<\/div>\n<\/td>\n<td colspan=\"1\" rowspan=\"1\">\n<div class=\"magic-8\">\n<div class=\"magic-5\">Taille de la roue avant<\/div>\n<\/div>\n<\/td>\n<td colspan=\"1\" rowspan=\"1\">\n<div class=\"magic-10\">\n<div class=\"magic-5\">10 pouces<\/div>\n<\/div>\n<\/td>\n<\/tr>\n<tr>\n<td colspan=\"1\" rowspan=\"1\">\n<div class=\"magic-8\">\n<div class=\"magic-5\">Batterie<\/div>\n<\/div>\n<\/td>\n<td colspan=\"1\" rowspan=\"1\">\n<div class=\"magic-9\">\n<div class=\"magic-5\">36V 10Ah<\/div>\n<\/div>\n<\/td>\n<td colspan=\"1\" rowspan=\"1\">\n<div class=\"magic-8\">\n<div class=\"magic-5\">vitesse maximale<\/div>\n<\/div>\n<\/td>\n<td colspan=\"1\" rowspan=\"1\">\n<div class=\"magic-10\">\n<div class=\"magic-5\">15km\/h<\/div>\n<\/div>\n<\/td>\n<\/tr>\n<tr>\n<td colspan=\"1\" rowspan=\"1\">\n<div class=\"magic-8\">\n<div class=\"magic-5\">Puissance du moteur<\/div>\n<\/div>\n<\/td>\n<td colspan=\"1\" rowspan=\"1\">\n<div class=\"magic-9\">\n<div class=\"magic-5\">300W<\/div>\n<\/div>\n<\/td>\n<td colspan=\"1\" rowspan=\"1\">\n<div class=\"magic-8\">\n<div class=\"magic-5\">Charge maximale<\/div>\n<\/div>\n<\/td>\n<td colspan=\"1\" rowspan=\"1\">\n<div class=\"magic-10\">\n<div class=\"magic-5\">120 kg<\/div>\n<\/div>\n<\/td>\n<\/tr>\n<tr>\n<td colspan=\"1\" rowspan=\"1\">\n<div class=\"magic-8\">\n<div class=\"magic-5\">Mode conduite<\/div>\n<\/div>\n<\/td>\n<td colspan=\"1\" rowspan=\"1\">\n<div class=\"magic-9\">\n<div class=\"magic-5\">Entra\u00eenement arri\u00e8re<\/div>\n<\/div>\n<\/td>\n<td colspan=\"1\" rowspan=\"1\">\n<div class=\"magic-8\">\n<div class=\"magic-5\">Couple<\/div>\n<\/div>\n<\/td>\n<td colspan=\"1\" rowspan=\"1\">\n<div class=\"magic-10\">\n<div class=\"magic-5\">17N<\/div>\n<\/div>\n<\/td>\n<\/tr>\n<\/tbody>\n<\/table>\n<\/div>\n<\/div>\n<div class=\"J_module\" module-id=\"24210656007\" module-title=\"detailVideoShow\" render=\"true\">\n<div class=\"icbu-pc-detailVideoShow magic-11\" data-magic=\"{\"mds\":{\"assetsVersion\":\"0.0.6\",\"assetsPackageName\":\"icbumod\",\"moduleNameAlias\":\"icbu-pc-detailVideoShow\",\"moduleData\":{\"videoInfo\":{\"coverUrl\":\"https:\/\/img.alicdn.com\/imgextra\/i2\/6000000006064\/O1CN01UbYOzF1ufMHmT2U7y_!!6000000006064-0-tbvideo.jpg\",\"duration\":164,\"fileSize\":\"22307419\",\"videoName\":\"vpTZOjiiWl3mAxblYPF__hd.mp4\",\"videoId\":230550460143},\"hideBottom\":false}},\"version\":1}\"><\/div>\n<\/div>\n<div class=\"J_module\" module-id=\"23790498123\" module-title=\"detailManyImage\" render=\"true\">\n<div class=\"icbu-pc-detailManyImage magic-12\">\n<div class=\"magic-13\"><img decoding=\"async\" class=\"magic-14\" data-src=\"\" src=\"https:\/\/anbanjia.com.cn\/wp-content\/uploads\/2022\/05\/H4ebe78c9c494479f927627954d23e64av.jpg\" style=\"max-width: 750;\"><\/div>\n<div class=\"magic-13\"><img decoding=\"async\" class=\"magic-14\" data-src=\"\" src=\"https:\/\/anbanjia.com.cn\/wp-content\/uploads\/2022\/05\/H0b7347e1fb3e491a850a21b8c13cb577j.jpg\"><\/div>\n<div class=\"magic-13\"><img decoding=\"async\" class=\"magic-14\" data-src=\"\" src=\"https:\/\/anbanjia.com.cn\/wp-content\/uploads\/2022\/05\/H4402f487a64e4c5a8ccfead4d91c1eafH.jpg\"><\/div>\n<div class=\"magic-13\"><img decoding=\"async\" class=\"magic-14\" data-src=\"\" src=\"https:\/\/anbanjia.com.cn\/wp-content\/uploads\/2022\/05\/H73b799dc338646b2b76966fcf979886fW.jpg\"><\/div>\n<div class=\"magic-13\"><img decoding=\"async\" class=\"magic-14\" data-src=\"\" src=\"https:\/\/anbanjia.com.cn\/wp-content\/uploads\/2022\/05\/H9545f6e35ba04d2eb1b353ff42194e47u.jpg\"><\/div>\n<div class=\"magic-13\"><img decoding=\"async\" class=\"magic-14\" data-src=\"\" src=\"https:\/\/anbanjia.com.cn\/wp-content\/uploads\/2022\/05\/Ha80380ea67624fd2acf401dd3bf1e9de8.jpg\"><\/div>\n<div class=\"magic-13\"><img decoding=\"async\" class=\"magic-14\" data-src=\"\" src=\"https:\/\/anbanjia.com.cn\/wp-content\/uploads\/2022\/05\/H65962440ca4342a98d9b233daa608ca1x.png\"><\/div>\n<div class=\"magic-13\"><img decoding=\"async\" class=\"magic-14\" data-src=\"\" src=\"https:\/\/anbanjia.com.cn\/wp-content\/uploads\/2022\/05\/H32b0639fe3c64a0ea0f8841ceefc8445Q.jpg\"><\/div>\n<div class=\"magic-13\"><img decoding=\"async\" class=\"magic-14\" data-src=\"\" src=\"https:\/\/anbanjia.com.cn\/wp-content\/uploads\/2022\/05\/H867f506a52174c848af2a9a8aa2b7116s.jpg\"><\/div>\n<div class=\"magic-13\"><img decoding=\"async\" class=\"magic-14\" data-src=\"\" src=\"https:\/\/anbanjia.com.cn\/wp-content\/uploads\/2022\/05\/H987d1ef076804ed28f71cae677016a11L.jpg\"><\/div>\n<\/div>\n<\/div><\/div>\n<\/div>\n","protected":false},"excerpt":{"rendered":"<div style=\"width:auto\">\n<div style=\"min-width: 300px;max-width: 300px;word-wrap: break-word;float: left\">Lieu d&rsquo;origine&nbsp;: Guangdong, Chine <\/div>\n<div style=\"min-width: 300px;max-width: 300px;word-wrap: break-word;float: left\">Nom de marque:OEM<\/div>\n<\/p><\/div>\n<div style=\"width:auto\">\n<div style=\"min-width: 300px;max-width: 300px;word-wrap: break-word;float: left\">Num\u00e9ro de mod\u00e8le&nbsp;: ABJ-01 <\/div>\n<div style=\"min-width: 300px;max-width: 300px;word-wrap: break-word;float: left\">Puissance : 201-500w<\/div>\n<\/p><\/div>\n<div style=\"width:auto\">\n<div style=\"min-width: 300px;max-width: 300px;word-wrap: break-word;float: left\">Tension&nbsp;: 36&nbsp;V <\/div>\n<div style=\"min-width: 300px;max-width: 300px;word-wrap: break-word;float: left\">Temps de charge : 6-8h<\/div>\n<\/p><\/div>\n<div style=\"width:auto\">\n<div style=\"min-width: 300px;max-width: 300px;word-wrap: break-word;float: left\">Pliable&nbsp;:&nbsp;Oui <\/div>\n<div style=\"min-width: 300px;max-width: 300px;word-wrap: break-word;float: left\">Autonomie par charge&nbsp;: 40 \u00e0 60&nbsp;km<\/div>\n<\/p><\/div>\n<div style=\"width:auto\">\n<div style=\"min-width: 300px;max-width: 300px;word-wrap: break-word;float: left\">Vitesse maximale&nbsp;:&lt;30&nbsp;km\/h <\/div>\n<div style=\"min-width: 300px;max-width: 300px;word-wrap: break-word;float: left\">Type intelligent : \u00c9lectronique<\/div>\n<\/p><\/div>\n<div style=\"width:auto\">\n<div style=\"min-width: 300px;max-width: 300px;word-wrap: break-word;float: left\">La couleur noire <\/div>\n<div style=\"min-width: 300px;max-width: 300px;word-wrap: break-word;float: left\">Batterie : 36V 10Ah<\/div>\n<\/p><\/div>\n<div style=\"width:auto\">\n<div style=\"min-width: 300px;max-width: 300px;word-wrap: break-word;float: left\">Puissance du moteur&nbsp;: 300&nbsp;W <\/div>\n<div style=\"min-width: 300px;max-width: 300px;word-wrap: break-word;float: left\">Mode d&rsquo;entra\u00eenement : Entra\u00eenement arri\u00e8re<\/div>\n<\/p><\/div>\n<div style=\"width:auto\">\n<div style=\"min-width: 300px;max-width: 300px;word-wrap: break-word;float: left\">Taille de la roue avant : 10 pouces <\/div>\n<div style=\"min-width: 300px;max-width: 300px;word-wrap: break-word;float: left\">Vitesse maximale&nbsp;: 15&nbsp;km\/h<\/div>\n<\/p><\/div>\n<div style=\"width:auto\">\n<div style=\"min-width: 300px;max-width: 300px;word-wrap: break-word;float: left\">Charge maximale&nbsp;: 120&nbsp;kg <\/div>\n<div style=\"min-width: 300px;max-width: 300px;word-wrap: break-word;float: left\">Poids net&nbsp;: 19,3&nbsp;kg<\/div>\n<\/p><\/div>\n<div style=\"width:auto\">\n<div style=\"min-width: 300px;max-width: 300px;word-wrap: break-word;float: left\">Couple&nbsp;: 17&nbsp;N <\/div>\n<div style=\"min-width: 300px;max-width: 300px;word-wrap: break-word;float: left\">Certificat&nbsp;: ce<\/div>\n<\/p><\/div>\n<div>Logo personnalis\u00e9(Min. Commande : 200 pi\u00e8ces)<\/div>\n<div>Emballage personnalis\u00e9(Min. Commande : 200 pi\u00e8ces)<\/div>\n","protected":false},"featured_media":9112,"comment_status":"closed","ping_status":"closed","template":"","meta":[],"product_cat":[117],"product_tag":[],"class_list":["post-10907","product","type-product","status-publish","has-post-thumbnail","hentry","product_cat-trottinette-pour-personnes-agees"],"_links":{"self":[{"href":"https:\/\/anbanjia.com.cn\/fr\/wp-json\/wp\/v2\/product\/10907","targetHints":{"allow":["GET"]}}],"collection":[{"href":"https:\/\/anbanjia.com.cn\/fr\/wp-json\/wp\/v2\/product"}],"about":[{"href":"https:\/\/anbanjia.com.cn\/fr\/wp-json\/wp\/v2\/types\/product"}],"replies":[{"embeddable":true,"href":"https:\/\/anbanjia.com.cn\/fr\/wp-json\/wp\/v2\/comments?post=10907"}],"wp:featuredmedia":[{"embeddable":true,"href":"https:\/\/anbanjia.com.cn\/fr\/wp-json\/wp\/v2\/media\/9112"}],"wp:attachment":[{"href":"https:\/\/anbanjia.com.cn\/fr\/wp-json\/wp\/v2\/media?parent=10907"}],"wp:term":[{"taxonomy":"product_cat","embeddable":true,"href":"https:\/\/anbanjia.com.cn\/fr\/wp-json\/wp\/v2\/product_cat?post=10907"},{"taxonomy":"product_tag","embeddable":true,"href":"https:\/\/anbanjia.com.cn\/fr\/wp-json\/wp\/v2\/product_tag?post=10907"}],"curies":[{"name":"wp","href":"https:\/\/api.w.org\/{rel}","templated":true}]}}