{"id":10774,"date":"2022-05-02T18:07:49","date_gmt":"2022-05-02T18:07:49","guid":{"rendered":"https:\/\/www.anbanjia.com.cn\/product\/fauteuils-roulants-pliants-legers-de-haute-qualite-pour-paralysie-cerebrale-enfants-handicapes-fauteuil-roulant-pediatrique-prix-dusine\/"},"modified":"2022-05-02T18:07:49","modified_gmt":"2022-05-02T18:07:49","slug":"fauteuils-roulants-pliants-legers-de-haute-qualite-pour-enfants-handicapes-paralyses-cerebraux-fauteuil-roulant-pediatrique-prix-usine","status":"publish","type":"product","link":"https:\/\/anbanjia.com.cn\/fr\/produit\/fauteuils-roulants-pliants-legers-de-haute-qualite-pour-enfants-handicapes-paralyses-cerebraux-fauteuil-roulant-pediatrique-prix-usine\/","title":{"rendered":"Fauteuils roulants pliants l\u00e9gers de haute qualit\u00e9 pour paralysie c\u00e9r\u00e9brale\/enfants handicap\u00e9s, fauteuil roulant p\u00e9diatrique, prix d&rsquo;usine"},"content":{"rendered":"<div style=\"max-width: 750px;margin: 0 auto;\">\n<div data-maya=\"{\"theme\":{\"face\":\"yin\",\"fontFace\":\"Trebuchet MS, sans-serif\",\"fontSize\":24,\"colors\":2},\"items\":[{\"title\":\"hwz41\",\"formats\":[[[{\"6w0nj\":\"H\"},{\"6vucz\":\"P\"}]],[{\"br40m\":\"Ia\"}]]},{\"title\":\"rg84e\",\"formats\":[[{\"8q4o3\":\"Ia\"}],[{\"xtfy2\":\"Ia\"}],[{\"ntssu\":\"Ia\"}],[{\"gsxzm\":\"Ia\"}],[{\"rqrck\":\"Ia\"}],[{\"rjx58\":\"Ia\"}],[{\"8au3g\":\"Ia\"}],[{\"llb6w\":\"Ia\"}],[{\"3u7xe\":\"Ia\"}]]},{\"title\":\"5rr0e\",\"formats\":[[[{\"iw5vp\":\"H\"},{\"54kdm\":\"P\"}],{\"df998\":\"Il\"}]]},{\"title\":\"hp98c\",\"formats\":[[{\"ybnk0\":\"Ia\"}]]},{\"title\":\"5n3eq\",\"formats\":[[{\"ro8mj\":\"Ia\"}],[{\"mkwqn\":\"P\"}],[[{\"fwavl\":\"H\"},{\"tb74f\":\"P\"}]]]}]}\">\n<div>\n<div style=\"vertical-align: top;padding-top: 15px; padding-bottom: 15px;\">\n<div id=\"hwz41\" style=\"vertical-align: top;padding-top: 10px; padding-bottom: 10px\">\n<div data-section=\"AliMaya-h5x23\" data-section-title=\"Product Description\" id=\"ali-anchor-AliMaya-h5x23\" style=\"padding:8px 0 4px 8px;border-bottom:2px solid #D2F2DD;border-radius:3px 3px 0 0;line-height:1;color:#179A43;background-color:#D2F2DD;font-size:24px;font-family:Trebuchet MS, sans-serif\">Description du produit<\/div>\n<\/div>\n<div style=\"vertical-align: top;padding-top: 10px; padding-bottom: 10px; margin-right: -4px; margin-left: -4px;\">\n<div style=\"vertical-align: top; box-sizing: border-box; padding-right: 4px; padding-left: 4px;margin-top: -4px; margin-bottom: -4px;\">\n<div id=\"6w0nj\" style=\"vertical-align: top; box-sizing: border-box; padding-top: 4px; padding-bottom: 4px\">\n<h3 style=\"padding:0;font-size:16px;line-height:20px;font-weight:bold;color:#333;margin:0;\">Fauteuils roulants pliants l\u00e9gers pour enfants atteints de paralysie c\u00e9r\u00e9brale\/handicap\u00e9s<\/h3>\n<\/div>\n<div id=\"6vucz\" style=\"vertical-align: top; box-sizing: border-box; padding-top: 4px; padding-bottom: 4px\">\n<p style=\"margin:0;padding:0;\">Conception pour les enfants atteints de paralysie c\u00e9r\u00e9brale<\/p>\n<p style=\"margin:0;padding:0;\">Cadre de rev\u00eatement en poudre d&rsquo;aluminium<\/p>\n<p style=\"margin:0;padding:0;\">Le rembourrage amovible est fabriqu\u00e9 en mat\u00e9riau respirant ; avec s\u00e9parateur, support de tronc, support d&rsquo;articulation de la hanche<\/p>\n<p style=\"margin:0;padding:0;\">Appui-t\u00eate amovible et r\u00e9glable<\/p>\n<p style=\"margin:0;padding:0;\">Avec harnais de poitrine Butterfly<\/p>\n<p style=\"margin:0;padding:0;\">\u00c9quip\u00e9 du syst\u00e8me d&rsquo;inclinaison dans l&rsquo;espace et d&rsquo;inclinaison ensemble&nbsp;; Inclinaison dans l&rsquo;espace jusqu&rsquo;\u00e0 45 degr\u00e9s ; incliner de 90 degr\u00e9s \u00e0 160 degr\u00e9s<\/p>\n<p style=\"margin:0;padding:0;\">Repose-jambes \u00e9l\u00e9vateur r\u00e9glable en hauteur et amovible<\/p>\n<p style=\"margin:0;padding:0;\">roulettes solides de 6&Prime;<\/p>\n<p style=\"margin:0;padding:0;\">MAG, roue arri\u00e8re en PU gris 16&Prime;<\/p>\n<p style=\"margin:0;padding:0;\">Avec anti-bascule<\/p>\n<p style=\"margin:0;padding:0;\">Avec frein accompagnateur<\/p>\n<\/div>\n<\/div>\n<\/div>\n<div style=\"vertical-align: top;padding-top: 10px; padding-bottom: 10px; margin-right: -4px; margin-left: -4px;\">\n<div id=\"br40m\" style=\"vertical-align: top; box-sizing: border-box; padding-right: 4px; padding-left: 4px\">\n<div style=\"overflow: hidden; width: 750px; height: 662px;\"><img decoding=\"async\" data-src=\"\" src=\"https:\/\/anbanjia.com.cn\/wp-content\/uploads\/2022\/05\/HTB16z4JRFXXXXb7XVXX760XFXXXV.png\" style=\"max-width: 750;\"><\/div>\n<\/div>\n<\/div>\n<\/div>\n<div style=\"vertical-align: top;padding-top: 15px; padding-bottom: 15px;\">\n<div id=\"rg84e\" style=\"vertical-align: top;padding-top: 10px; padding-bottom: 10px\">\n<div data-section=\"AliMaya-65p9b\" data-section-title=\"Detailed Images\" id=\"ali-anchor-AliMaya-65p9b\" style=\"padding:8px 0 4px 8px;border-bottom:2px solid #D2F2DD;border-radius:3px 3px 0 0;line-height:1;color:#179A43;background-color:#D2F2DD;font-size:24px;font-family:Trebuchet MS, sans-serif\">Images d\u00e9taill\u00e9es<\/div>\n<\/div>\n<div style=\"vertical-align: top;padding-top: 10px; padding-bottom: 10px; margin-right: -4px; margin-left: -4px;\">\n<div id=\"8q4o3\" style=\"vertical-align: top; box-sizing: border-box; padding-right: 4px; padding-left: 4px\">\n<div style=\"overflow: hidden; width: 750px; height: 559px;\"><img decoding=\"async\" data-src=\"\" src=\"https:\/\/anbanjia.com.cn\/wp-content\/uploads\/2022\/05\/HTB1xaRCRFXXXXc9aXXX760XFXXXQ.png\" style=\"width: 750px; height: 559px; margin-left: 0px; margin-top: 0px;\"><\/div>\n<\/div>\n<\/div>\n<div style=\"vertical-align: top;padding-top: 10px; padding-bottom: 10px; margin-right: -4px; margin-left: -4px;\">\n<div id=\"xtfy2\" style=\"vertical-align: top; box-sizing: border-box; padding-right: 4px; padding-left: 4px\">\n<div style=\"overflow: hidden; width: 750px; height: 417px;\"><img decoding=\"async\" data-src=\"\" src=\"https:\/\/anbanjia.com.cn\/wp-content\/uploads\/2022\/05\/HTB1C0dpRFXXXXX2aFXX760XFXXXK.png\" style=\"width: 750px; height: 417px; margin-left: 0px; margin-top: 0px;\"><\/div>\n<\/div>\n<\/div>\n<div style=\"vertical-align: top;padding-top: 10px; padding-bottom: 10px; margin-right: -4px; margin-left: -4px;\">\n<div id=\"ntssu\" style=\"vertical-align: top; box-sizing: border-box; padding-right: 4px; padding-left: 4px\">\n<div style=\"overflow: hidden; width: 750px; height: 412px;\"><img decoding=\"async\" data-src=\"\" src=\"https:\/\/anbanjia.com.cn\/wp-content\/uploads\/2022\/05\/HTB1UtVKRFXXXXXYaXXX760XFXXXj.png\" style=\"width: 750px; height: 412px; margin-left: 0px; margin-top: 0px;\"><\/div>\n<\/div>\n<\/div>\n<div style=\"vertical-align: top;padding-top: 10px; padding-bottom: 10px; margin-right: -4px; margin-left: -4px;\">\n<div id=\"gsxzm\" style=\"vertical-align: top; box-sizing: border-box; padding-right: 4px; padding-left: 4px\">\n<div style=\"overflow: hidden; width: 750px; height: 421px;\"><img decoding=\"async\" data-src=\"\" src=\"https:\/\/anbanjia.com.cn\/wp-content\/uploads\/2022\/05\/HTB1zStsRFXXXXXJaFXX760XFXXX1.png\" style=\"width: 750px; height: 421px; margin-left: 0px; margin-top: 0px;\"><\/div>\n<\/div>\n<\/div>\n<div style=\"vertical-align: top;padding-top: 10px; padding-bottom: 10px; margin-right: -4px; margin-left: -4px;\">\n<div id=\"rqrck\" style=\"vertical-align: top; box-sizing: border-box; padding-right: 4px; padding-left: 4px\">\n<div style=\"overflow: hidden; width: 750px; height: 415px;\"><img decoding=\"async\" data-src=\"\" src=\"https:\/\/anbanjia.com.cn\/wp-content\/uploads\/2022\/05\/HTB1JfX1RFXXXXXUXFXX760XFXXXP.png\" style=\"width: 750px; height: 415px; margin-left: 0px; margin-top: 0px;\"><\/div>\n<\/div>\n<\/div>\n<div style=\"vertical-align: top;padding-top: 10px; padding-bottom: 10px; margin-right: -4px; margin-left: -4px;\">\n<div id=\"rjx58\" style=\"vertical-align: top; box-sizing: border-box; padding-right: 4px; padding-left: 4px\">\n<div style=\"overflow: hidden; width: 750px; height: 416px;\"><img decoding=\"async\" data-src=\"\" src=\"https:\/\/anbanjia.com.cn\/wp-content\/uploads\/2022\/05\/HTB1IzFFRFXXXXaZaXXX760XFXXXQ.png\" style=\"width: 750px; height: 416px; margin-left: 0px; margin-top: 0px;\"><\/div>\n<\/div>\n<\/div>\n<div style=\"vertical-align: top;padding-top: 10px; padding-bottom: 10px; margin-right: -4px; margin-left: -4px;\">\n<div id=\"8au3g\" style=\"vertical-align: top; box-sizing: border-box; padding-right: 4px; padding-left: 4px\">\n<div style=\"overflow: hidden; width: 750px; height: 413px;\"><img decoding=\"async\" data-src=\"\" src=\"https:\/\/anbanjia.com.cn\/wp-content\/uploads\/2022\/05\/HTB1GAdNRFXXXXbsXVXX760XFXXXZ.png\" style=\"width: 750px; height: 413px; margin-left: 0px; margin-top: 0px;\"><\/div>\n<\/div>\n<\/div>\n<div style=\"vertical-align: top;padding-top: 10px; padding-bottom: 10px; margin-right: -4px; margin-left: -4px;\">\n<div id=\"llb6w\" style=\"vertical-align: top; box-sizing: border-box; padding-right: 4px; padding-left: 4px\">\n<div style=\"overflow: hidden; width: 750px; height: 416px;\"><img decoding=\"async\" data-src=\"\" src=\"https:\/\/anbanjia.com.cn\/wp-content\/uploads\/2022\/05\/HTB1hNNNRFXXXXbcXVXX760XFXXXS.png\" style=\"width: 750px; height: 416px; margin-left: 0px; margin-top: 0px;\"><\/div>\n<\/div>\n<\/div>\n<div style=\"vertical-align: top;padding-top: 10px; padding-bottom: 10px; margin-right: -4px; margin-left: -4px;\">\n<div id=\"3u7xe\" style=\"vertical-align: top; box-sizing: border-box; padding-right: 4px; padding-left: 4px\">\n<div style=\"overflow: hidden; width: 750px; height: 920px;\"><img decoding=\"async\" data-src=\"\" src=\"https:\/\/anbanjia.com.cn\/wp-content\/uploads\/2022\/05\/HTB1Ae_JQpXXXXXlapXXq6xXFXXXk.jpg\" style=\"width: 750px; height: 920px; margin-left: 0px; margin-top: 0px;\"><\/div>\n<\/div>\n<\/div>\n<\/div>\n<div style=\"vertical-align: top;padding-top: 15px; padding-bottom: 15px;\">\n<div id=\"5rr0e\" style=\"vertical-align: top;padding-top: 10px; padding-bottom: 10px\">\n<div data-section=\"AliMaya-7gj8m\" data-section-title=\"Packing &amp; Delivery\" id=\"ali-anchor-AliMaya-7gj8m\" style=\"padding:8px 0 4px 8px;border-bottom:2px solid #D2F2DD;border-radius:3px 3px 0 0;line-height:1;color:#179A43;background-color:#D2F2DD;font-size:24px;font-family:Trebuchet MS, sans-serif\">Emballage et livraison<\/div>\n<\/div>\n<div style=\"vertical-align: top;padding-top: 10px; padding-bottom: 10px; margin-right: -4px; margin-left: -4px;\">\n<div style=\"vertical-align: top; width: 50%; display: inline-block; box-sizing: border-box; padding-right: 4px; padding-left: 4px;margin-top: -4px; margin-bottom: -4px;\">\n<div id=\"iw5vp\" style=\"vertical-align: top; box-sizing: border-box; padding-top: 4px; padding-bottom: 4px\">\n<h3 style=\"padding:0;font-size:16px;line-height:20px;font-weight:bold;color:#333;margin:0;\"><\/h3>\n<\/div>\n<div id=\"54kdm\" style=\"vertical-align: top; box-sizing: border-box; padding-top: 4px; padding-bottom: 4px\">\n<p style=\"margin:0;padding:0;\"><font face=\"Trebuchet MS, sans-serif\" size=\"4\">Emballer:<\/font><\/p>\n<p style=\"margin:0;padding:0;\"><font face=\"Trebuchet MS, sans-serif\" size=\"4\">1 pi\u00e8ces\/ctn, 80*40*97 cm<\/font><\/p>\n<p style=\"margin:0;padding:0;\"><font face=\"Trebuchet MS, sans-serif\" size=\"4\"><br \/><\/font><\/p>\n<p style=\"margin:0;padding:0;\"><font face=\"Trebuchet MS, sans-serif\" size=\"4\">Livraison:<\/font><\/p>\n<p style=\"margin:0;padding:0;\"><font face=\"Trebuchet MS, sans-serif\" size=\"4\">3-20 jours ouvrables apr\u00e8s paiement<\/font><\/p>\n<\/div>\n<\/div>\n<div id=\"df998\" style=\"vertical-align: top; width: 50%; display: inline-block; box-sizing: border-box; padding-right: 4px; padding-left: 4px\">\n<div style=\"overflow: hidden; width: 371px; height: 220px;\"><img decoding=\"async\" data-src=\"\" src=\"https:\/\/anbanjia.com.cn\/wp-content\/uploads\/2022\/05\/HTB1h3vHQXXXXXXWapXXq6xXFXXXC.jpg\" style=\"width: 403.423px; height: 220px; margin-left: 0px; margin-top: 0px;\"><\/div>\n<\/div>\n<\/div>\n<\/div>\n<div style=\"vertical-align: top;padding-top: 15px; padding-bottom: 15px;\">\n<div id=\"hp98c\" style=\"vertical-align: top;padding-top: 10px; padding-bottom: 10px\">\n<div data-section=\"AliMaya-kriyz\" data-section-title=\"Certifications\" id=\"ali-anchor-AliMaya-kriyz\" style=\"padding:8px 0 4px 8px;border-bottom:2px solid #D2F2DD;border-radius:3px 3px 0 0;line-height:1;color:#179A43;background-color:#D2F2DD;font-size:24px;font-family:Trebuchet MS, sans-serif\">Certificats<\/div>\n<\/div>\n<div style=\"vertical-align: top;padding-top: 10px; padding-bottom: 10px; margin-right: -4px; margin-left: -4px;\">\n<div id=\"ybnk0\" style=\"vertical-align: top; box-sizing: border-box; padding-right: 4px; padding-left: 4px\">\n<div style=\"overflow: hidden; width: 750px; height: 562.5px;\"><img decoding=\"async\" data-src=\"\" src=\"https:\/\/anbanjia.com.cn\/wp-content\/uploads\/2022\/05\/HTB1Je9WQpXXXXafXpXXq6xXFXXX1.jpg\" style=\"width: 750px; height: 562.5px; margin-left: 0px; margin-top: 0px;\"><\/div>\n<\/div>\n<\/div>\n<\/div>\n<div style=\"vertical-align: top;padding-top: 15px; padding-bottom: 15px;\">\n<div id=\"5n3eq\" style=\"vertical-align: top;padding-top: 10px; padding-bottom: 10px\">\n<div data-section=\"AliMaya-01ex4\" data-section-title=\"About Anbanjia\" id=\"ali-anchor-AliMaya-01ex4\" style=\"padding:8px 0 4px 8px;border-bottom:2px solid #D2F2DD;border-radius:3px 3px 0 0;line-height:1;color:#179A43;background-color:#D2F2DD;font-size:24px;font-family:Trebuchet MS, sans-serif\">\u00c0 propos d&rsquo;Anbanjia<\/div>\n<\/div>\n<div style=\"vertical-align: top;padding-top: 10px; padding-bottom: 10px; margin-right: -4px; margin-left: -4px;\">\n<div id=\"ro8mj\" style=\"vertical-align: top; box-sizing: border-box; padding-right: 4px; padding-left: 4px\">\n<div style=\"overflow: hidden; width: 750px; height: 499.5px;\"><img decoding=\"async\" data-src=\"\" src=\"https:\/\/anbanjia.com.cn\/wp-content\/uploads\/2022\/05\/HTB1K8kkQXXXXXb1XXXXq6xXFXXXV.jpg\" style=\"width: 750px; height: 499.5px; margin-left: 0px; margin-top: 0px;\"><\/div>\n<\/div>\n<\/div>\n<div style=\"vertical-align: top;padding-top: 10px; padding-bottom: 10px; margin-right: -4px; margin-left: -4px;\">\n<div id=\"mkwqn\" style=\"vertical-align: top; box-sizing: border-box; padding-right: 4px; padding-left: 4px\">\n<p style=\"margin:0;padding:0;\"><font color=\"#37df00\" face=\"Trebuchet MS, sans-serif\" size=\"4\">1. Plus de commande, plus de remise, prix comp\u00e9titif&nbsp;!<br \/>2. Bienvenue \u00e0 nous contacter pour obtenir un meilleur prix&nbsp;!<br \/>3.Bon service, livraison rapide, et nous valons la peine d&rsquo;\u00eatre dignes de confiance.<br \/>4. Nous pouvons vous garantir que vous serez satisfait de nos produits. <br \/>5. Nous traitons les clients comme des amis et vous offrons un service consid\u00e9rable.<br \/>6. nous sommes une \u00e9quipe de vente avec des soins m\u00e9dicaux professionnels et un support technique de l&rsquo;\u00e9quipe d&rsquo;ing\u00e9nieurs.<\/font><\/p>\n<\/div>\n<\/div>\n<div style=\"vertical-align: top;padding-top: 10px; padding-bottom: 10px; margin-right: -4px; margin-left: -4px;\">\n<div style=\"vertical-align: top; box-sizing: border-box; padding-right: 4px; padding-left: 4px;margin-top: -4px; margin-bottom: -4px;\">\n<div id=\"fwavl\" style=\"vertical-align: top; box-sizing: border-box; padding-top: 4px; padding-bottom: 4px\">\n<h3 style=\"padding: 0px; line-height: 20px; font-weight: bold; margin: 0px;\"><font color=\"#009f27\" face=\"Trebuchet MS, sans-serif\" size=\"6\">Choisissez-nous non seulement pour les affaires<\/font><\/h3>\n<\/div>\n<div id=\"tb74f\" style=\"vertical-align: top; box-sizing: border-box; padding-top: 4px; padding-bottom: 4px\">\n<p style=\"margin:0;padding:0;\"><font color=\"#00df37\" size=\"4\">Nous prenons au s\u00e9rieux votre commande et appr\u00e9cions chaque demande qui nous est envoy\u00e9e, garantissant un prix comp\u00e9titif rapide.<br \/>D\u00e9lai de livraison ponctuel :<br \/>&#8211;nous passons votre commande et traitons imm\u00e9diatement, assurons votre d\u00e9lai de livraison ponctuel <\/p>\n<p>V\u00e9rifier avant exp\u00e9dition :<br \/>&#8211;Nos coll\u00e8gues d&rsquo;inspection v\u00e9rifient la qualit\u00e9 avant l&rsquo;exp\u00e9dition, nous faisons un avis d&rsquo;exp\u00e9dition d\u00e8s que votre commande est exp\u00e9di\u00e9e<\/p>\n<p>Service apr\u00e8s-vente :<br \/>Nous nous f\u00e9licitons de votre demande sur les marchandises et respectons vos commentaires apr\u00e8s r\u00e9ception des marchandises.<\/font><\/p>\n<\/div>\n<\/div>\n<\/div>\n<\/div>\n<\/div>\n<\/div>\n<\/div>\n","protected":false},"excerpt":{"rendered":"<div style=\"width:auto\">\n<div style=\"min-width: 300px;max-width: 300px;word-wrap: break-word;float: left\">Lieu d&rsquo;origine&nbsp;: Guangdong, Chine <\/div>\n<div style=\"min-width: 300px;max-width: 300px;word-wrap: break-word;float: left\">Nom de marque:Anbanjia<\/div>\n<\/p><\/div>\n<div style=\"width:auto\">\n<div style=\"min-width: 300px;max-width: 300px;word-wrap: break-word;float: left\">Num\u00e9ro de mod\u00e8le : ABJ-3628 <\/div>\n<div style=\"min-width: 300px;max-width: 300px;word-wrap: break-word;float: left\">Certificat:CE ISO<\/div>\n<\/p><\/div>\n<div style=\"width:auto\">\n<div style=\"min-width: 300px;max-width: 300px;word-wrap: break-word;float: left\">Largeur flottante&nbsp;: 39&nbsp;cm <\/div>\n<div style=\"min-width: 300px;max-width: 300px;word-wrap: break-word;float: left\">Largeur d&rsquo;assise&nbsp;: 38&nbsp;cm<\/div>\n<\/p><\/div>\n<div style=\"width:auto\">\n<div style=\"min-width: 300px;max-width: 300px;word-wrap: break-word;float: left\">Couleur:Bleu\/jaune <\/div>\n<div style=\"min-width: 300px;max-width: 300px;word-wrap: break-word;float: left\">Mat\u00e9riel:Cadre en aluminium<\/div>\n<\/p><\/div>\n","protected":false},"featured_media":10858,"comment_status":"closed","ping_status":"closed","template":"","meta":[],"product_cat":[123],"product_tag":[],"class_list":["post-10774","product","type-product","status-publish","has-post-thumbnail","hentry","product_cat-fauteuil-roulant-pour-paralysie-cerebrale"],"_links":{"self":[{"href":"https:\/\/anbanjia.com.cn\/fr\/wp-json\/wp\/v2\/product\/10774","targetHints":{"allow":["GET"]}}],"collection":[{"href":"https:\/\/anbanjia.com.cn\/fr\/wp-json\/wp\/v2\/product"}],"about":[{"href":"https:\/\/anbanjia.com.cn\/fr\/wp-json\/wp\/v2\/types\/product"}],"replies":[{"embeddable":true,"href":"https:\/\/anbanjia.com.cn\/fr\/wp-json\/wp\/v2\/comments?post=10774"}],"wp:featuredmedia":[{"embeddable":true,"href":"https:\/\/anbanjia.com.cn\/fr\/wp-json\/wp\/v2\/media\/10858"}],"wp:attachment":[{"href":"https:\/\/anbanjia.com.cn\/fr\/wp-json\/wp\/v2\/media?parent=10774"}],"wp:term":[{"taxonomy":"product_cat","embeddable":true,"href":"https:\/\/anbanjia.com.cn\/fr\/wp-json\/wp\/v2\/product_cat?post=10774"},{"taxonomy":"product_tag","embeddable":true,"href":"https:\/\/anbanjia.com.cn\/fr\/wp-json\/wp\/v2\/product_tag?post=10774"}],"curies":[{"name":"wp","href":"https:\/\/api.w.org\/{rel}","templated":true}]}}