{"id":10705,"date":"2022-05-02T18:07:49","date_gmt":"2022-05-02T18:07:49","guid":{"rendered":"https:\/\/www.anbanjia.com.cn\/product\/fauteuil-roulant-manuel-polyvalent-pour-enfant-en-alliage-daluminium-pour-la-vente-denfants-paralyses-cerebraux\/"},"modified":"2022-05-02T18:07:49","modified_gmt":"2022-05-02T18:07:49","slug":"fauteuil-roulant-manuel-polyvalent-pour-enfant-en-alliage-d-aluminium-pour-enfant-paralyse-cerebral-vente","status":"publish","type":"product","link":"https:\/\/anbanjia.com.cn\/fr\/produit\/fauteuil-roulant-manuel-polyvalent-pour-enfant-en-alliage-d-aluminium-pour-enfant-paralyse-cerebral-vente\/","title":{"rendered":"Fauteuil roulant manuel polyvalent pour enfant en alliage d&rsquo;aluminium pour la vente d&rsquo;enfants paralys\u00e9s c\u00e9r\u00e9braux"},"content":{"rendered":"<div id=\"ali-anchor-AliPostDhMb-7v0oy\" class=\"mceSectionContainer\" data-section=\"AliPostDhMb-7v0oy\" data-section-title=\"Product Details\">\n<div>\n<p data-spm-anchor-id=\"a2700.wholesale.0.i27.4a824d2fvoduHm\"><strong>Veuillez contacter le vendeur pour obtenir plus de d\u00e9tails \u00e0 ce sujet. <\/strong><\/p>\n<p><strong>Si vous avez des questions, n&rsquo;h\u00e9sitez pas \u00e0 me le dire.<\/strong><\/p>\n<p><img decoding=\"async\" src=\"https:\/\/s.alicdn.com\/@sc01\/kf\/HTB1d.muaJfvK1RjSspoq6zfNpXat\/230438700\/HTB1d.muaJfvK1RjSspoq6zfNpXat.jpg?quality=close\" alt=\"Foldable adjustable handcycle children wheelchair for cerebral palsy wheelchair.\" width=\"750\" height=\"528.7974683544304\" data-src=\"\/\/s.alicdn.com\/@sc01\/kf\/HTB1d.muaJfvK1RjSspoq6zfNpXat\/230438700\/HTB1d.muaJfvK1RjSspoq6zfNpXat.jpg?quality=close\" data-alt=\"Foldable adjustable handcycle children wheelchair for cerebral palsy wheelchair.\"><img decoding=\"async\" src=\"https:\/\/s.alicdn.com\/@sc02\/kf\/HTB1XxaFaJzvK1RkSnfoq6zMwVXaW\/230438700\/HTB1XxaFaJzvK1RkSnfoq6zMwVXaW.jpg?quality=close\" alt=\"Foldable adjustable handcycle children wheelchair for cerebral palsy wheelchair.\" width=\"750\" height=\"787.9746835443038\" data-src=\"\/\/s.alicdn.com\/@sc02\/kf\/HTB1XxaFaJzvK1RkSnfoq6zMwVXaW\/230438700\/HTB1XxaFaJzvK1RkSnfoq6zMwVXaW.jpg?quality=close\" data-alt=\"Foldable adjustable handcycle children wheelchair for cerebral palsy wheelchair.\"><img decoding=\"async\" src=\"https:\/\/s.alicdn.com\/@sc02\/kf\/HTB1H3azaLfsK1RjSszbq6AqBXXaZ\/230438700\/HTB1H3azaLfsK1RjSszbq6AqBXXaZ.jpg?quality=close\" alt=\"Foldable adjustable handcycle children wheelchair for cerebral palsy wheelchair.\" width=\"750\" height=\"880.0632911392405\" data-src=\"\/\/s.alicdn.com\/@sc02\/kf\/HTB1H3azaLfsK1RjSszbq6AqBXXaZ\/230438700\/HTB1H3azaLfsK1RjSszbq6AqBXXaZ.jpg?quality=close\" data-alt=\"Foldable adjustable handcycle children wheelchair for cerebral palsy wheelchair.\"><img decoding=\"async\" src=\"https:\/\/s.alicdn.com\/@sc02\/kf\/HTB1whOyaIfrK1RkSmLyq6xGApXaj\/230438700\/HTB1whOyaIfrK1RkSmLyq6xGApXaj.jpg?quality=close\" alt=\"Foldable adjustable handcycle children wheelchair for cerebral palsy wheelchair.\" width=\"750\" height=\"562.0253164556963\" data-src=\"\/\/s.alicdn.com\/@sc02\/kf\/HTB1whOyaIfrK1RkSmLyq6xGApXaj\/230438700\/HTB1whOyaIfrK1RkSmLyq6xGApXaj.jpg?quality=close\" data-alt=\"Foldable adjustable handcycle children wheelchair for cerebral palsy wheelchair.\"><img decoding=\"async\" src=\"https:\/\/s.alicdn.com\/@sc02\/kf\/HTB1v5aFaIfrK1Rjy1Xdq6yemFXa0\/230438700\/HTB1v5aFaIfrK1Rjy1Xdq6yemFXa0.jpg?quality=close\" alt=\"Foldable adjustable handcycle children wheelchair for cerebral palsy wheelchair.\" width=\"750\" height=\"826.8987341772151\" data-src=\"\/\/s.alicdn.com\/@sc02\/kf\/HTB1v5aFaIfrK1Rjy1Xdq6yemFXa0\/230438700\/HTB1v5aFaIfrK1Rjy1Xdq6yemFXa0.jpg?quality=close\" data-alt=\"Foldable adjustable handcycle children wheelchair for cerebral palsy wheelchair.\"><img decoding=\"async\" src=\"https:\/\/s.alicdn.com\/@sc01\/kf\/HTB1etaBaUvrK1RjSszfq6xJNVXad\/230438700\/HTB1etaBaUvrK1RjSszfq6xJNVXad.jpg?quality=close\" alt=\"Foldable adjustable handcycle children wheelchair for cerebral palsy wheelchair.\" width=\"750\" height=\"900\" data-src=\"\/\/s.alicdn.com\/@sc01\/kf\/HTB1etaBaUvrK1RjSszfq6xJNVXad\/230438700\/HTB1etaBaUvrK1RjSszfq6xJNVXad.jpg?quality=close\" data-alt=\"Foldable adjustable handcycle children wheelchair for cerebral palsy wheelchair.\"><img decoding=\"async\" src=\"https:\/\/s.alicdn.com\/@sc01\/kf\/HTB1H1iFaPzuK1RjSsppq6xz0XXad\/230438700\/HTB1H1iFaPzuK1RjSsppq6xz0XXad.jpg?quality=close\" alt=\"Foldable adjustable handcycle children wheelchair for cerebral palsy wheelchair.\" width=\"750\" height=\"866.7721518987343\" data-src=\"\/\/s.alicdn.com\/@sc01\/kf\/HTB1H1iFaPzuK1RjSsppq6xz0XXad\/230438700\/HTB1H1iFaPzuK1RjSsppq6xz0XXad.jpg?quality=close\" data-alt=\"Foldable adjustable handcycle children wheelchair for cerebral palsy wheelchair.\"><img decoding=\"async\" src=\"https:\/\/s.alicdn.com\/@sc02\/kf\/HTB1SbKzaIfrK1RjSszcq6xGGFXa9\/230438700\/HTB1SbKzaIfrK1RjSszcq6xGGFXa9.jpg?quality=close\" alt=\"Foldable adjustable handcycle children wheelchair for cerebral palsy wheelchair.\" width=\"750\" height=\"683.5443037974683\" data-src=\"\/\/s.alicdn.com\/@sc02\/kf\/HTB1SbKzaIfrK1RjSszcq6xGGFXa9\/230438700\/HTB1SbKzaIfrK1RjSszcq6xGGFXa9.jpg?quality=close\" data-alt=\"Foldable adjustable handcycle children wheelchair for cerebral palsy wheelchair.\"><\/p>\n<\/div>\n<\/div>\n<div id=\"ali-anchor-AliPostDhMb-k9y73\" class=\"mceSectionContainer\" data-section=\"AliPostDhMb-k9y73\" data-section-title=\"contact us\">\n<div id=\"ali-title-AliPostDhMb-k9y73\">Nous contacter<\/div>\n<div>\n<p><a href=\"https:\/\/abj-medical.en.alibaba.com\/contactinfo.html?spm=a2700.wholesale.0.0.4a824d2fvoduHm\" target=\"_blank\" rel=\"noopener noreferrer\" data-spm-anchor-id=\"a2700.wholesale.0.0\"><img decoding=\"async\" src=\"https:\/\/s.alicdn.com\/@sc02\/kf\/HTB1E_8LXOLxK1Rjy0Ffq6zYdVXay\/230438700\/HTB1E_8LXOLxK1Rjy0Ffq6zYdVXay.jpg?quality=close\" alt=\"Foldable adjustable handcycle children wheelchair for cerebral palsy wheelchair.\" width=\"750\" height=\"311.25\" data-src=\"\/\/s.alicdn.com\/@sc02\/kf\/HTB1E_8LXOLxK1Rjy0Ffq6zYdVXay\/230438700\/HTB1E_8LXOLxK1Rjy0Ffq6zYdVXay.jpg?quality=close\" data-alt=\"Foldable adjustable handcycle children wheelchair for cerebral palsy wheelchair.\" data-spm-anchor-id=\"a2700.wholesale.0.i28.4a824d2fvoduHm\"><\/a><\/p>\n<\/div>\n<\/div>\n","protected":false},"excerpt":{"rendered":"<p>&nbsp;<\/p>\n<div style=\"width: auto;\">\n<div style=\"min-width: 300px; max-width: 300px; word-wrap: break-word; float: left;\">Lieu d&rsquo;origine : Chine<\/div>\n<div style=\"min-width: 300px; max-width: 300px; word-wrap: break-word; float: left;\">Classification des instruments&nbsp;: classe&nbsp;II<\/div>\n<\/div>\n<div style=\"width: auto;\">\n<div style=\"min-width: 300px; max-width: 300px; word-wrap: break-word; float: left;\">Garantie 1 ann\u00e9e<\/div>\n<div style=\"min-width: 300px; max-width: 300px; word-wrap: break-word; float: left;\">Service apr\u00e8s-vente : Pi\u00e8ces de rechange gratuites<\/div>\n<\/div>\n<div style=\"width: auto;\">\n<div style=\"min-width: 300px; max-width: 300px; word-wrap: break-word; float: left;\">Mat\u00e9riau : alliage d&rsquo;aluminium.<\/div>\n<div style=\"min-width: 300px; max-width: 300px; word-wrap: break-word; float: left;\">La couleur verte<\/div>\n<\/div>\n<div style=\"width: auto;\">\n<div style=\"min-width: 300px; max-width: 300px; word-wrap: break-word; float: left;\">capacit\u00e9 utilisateur maximale:capacit\u00e9 utilisateur maximale<\/div>\n<div style=\"min-width: 300px; max-width: 300px; word-wrap: break-word; float: left;\">Poids net&nbsp;: 13&nbsp;kg<\/div>\n<\/div>\n<div style=\"width: auto;\">\n<div style=\"min-width: 300px; max-width: 300px; word-wrap: break-word; float: left;\">Poids brut&nbsp;: 15,5&nbsp;kg<\/div>\n<div style=\"min-width: 300px; max-width: 300px; word-wrap: break-word; float: left;\">Longueur totale&nbsp;: 75&nbsp;cm<\/div>\n<\/div>\n<div style=\"width: auto;\">\n<div style=\"min-width: 300px; max-width: 300px; word-wrap: break-word; float: left;\">Hauteur totale : 94 cm<\/div>\n<div style=\"min-width: 300px; max-width: 300px; word-wrap: break-word; float: left;\">Largeur totale : 48 cm<\/div>\n<\/div>\n<div style=\"width: auto;\">\n<div style=\"min-width: 300px; max-width: 300px; word-wrap: break-word; float: left;\">Hauteur dossier : 44cm<\/div>\n<div style=\"min-width: 300px; max-width: 300px; word-wrap: break-word; float: left;\">Hauteur d&rsquo;assise : 45 cm<\/div>\n<\/div>\n<div>Logo personnalis\u00e9(Min. Commande : 100 pi\u00e8ces)<\/div>\n<div>Emballage personnalis\u00e9(Min. Commande : 100 pi\u00e8ces)<\/div>\n","protected":false},"featured_media":10710,"comment_status":"closed","ping_status":"closed","template":"","meta":[],"product_cat":[125],"product_tag":[],"class_list":["post-10705","product","type-product","status-publish","has-post-thumbnail","hentry","product_cat-fauteuil-roulant-pour-enfants"],"_links":{"self":[{"href":"https:\/\/anbanjia.com.cn\/fr\/wp-json\/wp\/v2\/product\/10705","targetHints":{"allow":["GET"]}}],"collection":[{"href":"https:\/\/anbanjia.com.cn\/fr\/wp-json\/wp\/v2\/product"}],"about":[{"href":"https:\/\/anbanjia.com.cn\/fr\/wp-json\/wp\/v2\/types\/product"}],"replies":[{"embeddable":true,"href":"https:\/\/anbanjia.com.cn\/fr\/wp-json\/wp\/v2\/comments?post=10705"}],"wp:featuredmedia":[{"embeddable":true,"href":"https:\/\/anbanjia.com.cn\/fr\/wp-json\/wp\/v2\/media\/10710"}],"wp:attachment":[{"href":"https:\/\/anbanjia.com.cn\/fr\/wp-json\/wp\/v2\/media?parent=10705"}],"wp:term":[{"taxonomy":"product_cat","embeddable":true,"href":"https:\/\/anbanjia.com.cn\/fr\/wp-json\/wp\/v2\/product_cat?post=10705"},{"taxonomy":"product_tag","embeddable":true,"href":"https:\/\/anbanjia.com.cn\/fr\/wp-json\/wp\/v2\/product_tag?post=10705"}],"curies":[{"name":"wp","href":"https:\/\/api.w.org\/{rel}","templated":true}]}}