{"id":10688,"date":"2022-05-02T18:07:56","date_gmt":"2022-05-02T18:07:56","guid":{"rendered":"https:\/\/www.anbanjia.com.cn\/product\/fauteuil-roulant-de-toilette-pour-patient-a-double-hauteur-hydraulique-reglable\/"},"modified":"2022-05-02T18:07:56","modified_gmt":"2022-05-02T18:07:56","slug":"telesiege-de-transfert-reglable-en-hauteur-hydraulique-double-toilettes-patient-fauteuil-roulant","status":"publish","type":"product","link":"https:\/\/anbanjia.com.cn\/fr\/produit\/telesiege-de-transfert-reglable-en-hauteur-hydraulique-double-toilettes-patient-fauteuil-roulant\/","title":{"rendered":"Fauteuil roulant de toilette pour patient \u00e0 double hauteur hydraulique r\u00e9glable"},"content":{"rendered":"<div style=\"max-width: 750px; margin: 0 auto;\">\n<div id=\"detail_decorate_root\" data-magic-global=\"%7B%22bizId%22%3A3215165050%2C%22pageId%22%3A20171146081%2C%22siteId%22%3A5005610021%7D\">\n<div class=\"J_module\">\n<div class=\"detail-decorate-json-renderer-container\">\n<div class=\"magic-1\">\n<div class=\"magic-2\">\n<div class=\"magic-3\">\n<div class=\"magic-4\">\n<div class=\"magic-5\"><b><span class=\"magic-6\">Chaise de transfert multifonctionnelle r\u00e9glable en acier inoxydable 304 avec pot<\/span><\/b><\/div>\n<\/div>\n<\/div>\n<\/div>\n<\/div>\n<\/div>\n<\/div>\n<div class=\"J_module\">\n<div class=\"ife-detail-decorate-table\">\n<table class=\"has-title all magic-7\">\n<tbody>\n<tr>\n<td colspan=\"1\" rowspan=\"1\">\n<div class=\"magic-8\">Mat\u00e9riel<\/div>\n<\/td>\n<td colspan=\"1\" rowspan=\"1\">\n<div class=\"magic-9\">acier inoxydable 304<\/div>\n<\/td>\n<td colspan=\"1\" rowspan=\"1\">\n<div class=\"magic-10\">Poids brut<\/div>\n<\/td>\n<td colspan=\"1\" rowspan=\"1\">\n<div class=\"magic-11\">35.5KG<\/div>\n<\/td>\n<\/tr>\n<tr>\n<td colspan=\"1\" rowspan=\"1\">\n<div class=\"magic-8\">Largeur d&rsquo;assise<\/div>\n<\/td>\n<td colspan=\"1\" rowspan=\"1\">\n<div class=\"magic-9\">45cm<\/div>\n<\/td>\n<td colspan=\"1\" rowspan=\"1\">\n<div class=\"magic-10\">Poids net<\/div>\n<\/td>\n<td colspan=\"1\" rowspan=\"1\">\n<div class=\"magic-11\">32.5KG<\/div>\n<\/td>\n<\/tr>\n<tr>\n<td colspan=\"1\" rowspan=\"1\">\n<div class=\"magic-8\">Hauteur d&rsquo;assise<\/div>\n<\/td>\n<td colspan=\"1\" rowspan=\"1\">\n<div class=\"magic-9\">46-66cm<\/div>\n<\/td>\n<td colspan=\"1\" rowspan=\"1\">\n<div class=\"magic-10\">Poids portant<\/div>\n<\/td>\n<td colspan=\"1\" rowspan=\"1\">\n<div class=\"magic-11\">150KG<\/div>\n<\/td>\n<\/tr>\n<tr>\n<td colspan=\"1\" rowspan=\"1\">\n<div class=\"magic-8\">Taille d&#8217;emballage<\/div>\n<\/td>\n<td colspan=\"1\" rowspan=\"1\">\n<div class=\"magic-9\">64*47*86.5 cm<\/div>\n<\/td>\n<td colspan=\"1\" rowspan=\"1\">\n<div class=\"magic-10\">Hauteur totale<\/div>\n<\/td>\n<td colspan=\"1\" rowspan=\"1\">\n<div class=\"magic-11\">89-109cm<\/div>\n<\/td>\n<\/tr>\n<\/tbody>\n<\/table>\n<div class=\"J_module\">\n<div class=\"detail-decorate-json-renderer-container\">\n<div class=\"magic-0\">\n<div class=\"magic-2\">\n<div class=\"magic-3\">\n<div class=\"magic-4\">\n<div>\n<div class=\"magic-5\" data-spm-anchor-id=\"a2700.details.0.i21.1f864474JwoKv7\"><b><span class=\"magic-13\">Si vous avez des questions, n&rsquo;h\u00e9sitez pas \u00e0 contacter le vendeur ou WhatsApp : +86 13246918260.<\/span><\/b><\/div>\n<div><\/div>\n<\/div>\n<\/div>\n<\/div>\n<\/div>\n<\/div>\n<\/div>\n<\/div>\n<div class=\"J_module\">\n<div class=\"icbu-pc-detailManyImage magic-14\">\n<div class=\"magic-15\"><img decoding=\"async\" class=\"magic-16\" src=\"https:\/\/s.alicdn.com\/@sc04\/kf\/Hca5f9974125c4ed2beadbdd5883f4bcbF\/230438700\/Hca5f9974125c4ed2beadbdd5883f4bcbF.jpg?quality=close\" data-src=\"\/\/s.alicdn.com\/@sc04\/kf\/Hca5f9974125c4ed2beadbdd5883f4bcbF\/230438700\/Hca5f9974125c4ed2beadbdd5883f4bcbF.jpg?quality=close\"><\/div>\n<div class=\"magic-15\"><img decoding=\"async\" class=\"magic-16\" src=\"https:\/\/s.alicdn.com\/@sc04\/kf\/H71bcbfb2f6114b30bf4100af81893cbab\/230438700\/H71bcbfb2f6114b30bf4100af81893cbab.jpg?quality=close\" data-src=\"\/\/s.alicdn.com\/@sc04\/kf\/H71bcbfb2f6114b30bf4100af81893cbab\/230438700\/H71bcbfb2f6114b30bf4100af81893cbab.jpg?quality=close\"><\/div>\n<div class=\"magic-15\"><img decoding=\"async\" class=\"magic-16\" src=\"https:\/\/s.alicdn.com\/@sc04\/kf\/Hf59dc36627914d0899ad1a8470a1b6b1W\/230438700\/Hf59dc36627914d0899ad1a8470a1b6b1W.jpg?quality=close\" data-src=\"\/\/s.alicdn.com\/@sc04\/kf\/Hf59dc36627914d0899ad1a8470a1b6b1W\/230438700\/Hf59dc36627914d0899ad1a8470a1b6b1W.jpg?quality=close\"><\/div>\n<div class=\"magic-15\"><img decoding=\"async\" class=\"magic-16\" src=\"https:\/\/s.alicdn.com\/@sc04\/kf\/Had10c44714f94d858e6d5722e4db3a1fh\/230438700\/Had10c44714f94d858e6d5722e4db3a1fh.jpg?quality=close\" data-src=\"\/\/s.alicdn.com\/@sc04\/kf\/Had10c44714f94d858e6d5722e4db3a1fh\/230438700\/Had10c44714f94d858e6d5722e4db3a1fh.jpg?quality=close\"><\/div>\n<div class=\"magic-15\"><img decoding=\"async\" class=\"magic-16\" src=\"https:\/\/s.alicdn.com\/@sc04\/kf\/H24ae4aef87744eeb8c519df238eac64et\/230438700\/H24ae4aef87744eeb8c519df238eac64et.jpg?quality=close\" data-src=\"\/\/s.alicdn.com\/@sc04\/kf\/H24ae4aef87744eeb8c519df238eac64et\/230438700\/H24ae4aef87744eeb8c519df238eac64et.jpg?quality=close\"><\/div>\n<div class=\"magic-15\"><img decoding=\"async\" class=\"magic-16\" src=\"https:\/\/s.alicdn.com\/@sc04\/kf\/H920afb580bde41f2ace466bfce183874t\/230438700\/H920afb580bde41f2ace466bfce183874t.jpg?quality=close\" data-src=\"\/\/s.alicdn.com\/@sc04\/kf\/H920afb580bde41f2ace466bfce183874t\/230438700\/H920afb580bde41f2ace466bfce183874t.jpg?quality=close\"><\/div>\n<div class=\"magic-15\"><img decoding=\"async\" class=\"magic-16\" src=\"https:\/\/s.alicdn.com\/@sc04\/kf\/Hf3c8ffce1915417484ce7ee66aa7a558I\/230438700\/Hf3c8ffce1915417484ce7ee66aa7a558I.jpg?quality=close\" data-src=\"\/\/s.alicdn.com\/@sc04\/kf\/Hf3c8ffce1915417484ce7ee66aa7a558I\/230438700\/Hf3c8ffce1915417484ce7ee66aa7a558I.jpg?quality=close\"><\/div>\n<div class=\"magic-15\"><img decoding=\"async\" class=\"magic-16\" src=\"https:\/\/s.alicdn.com\/@sc04\/kf\/H50ca84ef139c4e67acd43827a67e1c54H\/230438700\/H50ca84ef139c4e67acd43827a67e1c54H.jpg?quality=close\" data-src=\"\/\/s.alicdn.com\/@sc04\/kf\/H50ca84ef139c4e67acd43827a67e1c54H\/230438700\/H50ca84ef139c4e67acd43827a67e1c54H.jpg?quality=close\"><\/div>\n<div class=\"magic-15\"><img decoding=\"async\" class=\"magic-16\" src=\"https:\/\/s.alicdn.com\/@sc04\/kf\/H3aa22a86478d45a9981ca94e68bcc39b9\/230438700\/H3aa22a86478d45a9981ca94e68bcc39b9.jpg?quality=close\" data-src=\"\/\/s.alicdn.com\/@sc04\/kf\/H3aa22a86478d45a9981ca94e68bcc39b9\/230438700\/H3aa22a86478d45a9981ca94e68bcc39b9.jpg?quality=close\"><\/div>\n<div class=\"magic-15\"><img decoding=\"async\" class=\"magic-16\" src=\"https:\/\/s.alicdn.com\/@sc04\/kf\/H4fad1c7dcf6a4c8fac312b147bfec3732\/230438700\/H4fad1c7dcf6a4c8fac312b147bfec3732.jpg?quality=close\" data-src=\"\/\/s.alicdn.com\/@sc04\/kf\/H4fad1c7dcf6a4c8fac312b147bfec3732\/230438700\/H4fad1c7dcf6a4c8fac312b147bfec3732.jpg?quality=close\"><\/div>\n<\/div>\n<\/div>\n<div class=\"J_module\">\n<div id=\"ali-anchor-AliMagic-k0ivo0\" class=\"magic-12\" data-section=\"AliMagic-k0ivo0\" data-section-title=\"Company &amp; Factory\">Entreprise et Usine<\/div>\n<\/div>\n<div class=\"J_module\">\n<div class=\"icbu-pc-images magic-7\">\n<div>\n<div class=\"flex-layout-v\">\n<div class=\"flex-layout-h magic-7\">\n<div class=\"magic-17\"><img decoding=\"async\" class=\"magic-18\" src=\"https:\/\/s.alicdn.com\/@sc04\/kf\/H59936e4bf8a84365bae0850709889b3cH\/230438700\/H59936e4bf8a84365bae0850709889b3cH.jpg?quality=close\" data-src=\"\/\/s.alicdn.com\/@sc04\/kf\/H59936e4bf8a84365bae0850709889b3cH\/230438700\/H59936e4bf8a84365bae0850709889b3cH.jpg?quality=close\"><\/div>\n<\/div>\n<\/div>\n<\/div>\n<\/div>\n<\/div>\n<div class=\"J_module\">\n<div class=\"detail-decorate-json-renderer-container\">\n<div class=\"magic-0\">\n<div class=\"magic-2\">\n<div class=\"magic-3\">\n<div class=\"magic-4\">\n<p class=\"magic-19\"><span style=\"font-family: Arial, Helvetica; font-size: large;\">\u00c0 propos de nous:<br \/>\n1. Plus de commande, plus de remise, prix comp\u00e9titif&nbsp;!<br \/>\n2. Bienvenue \u00e0 nous contacter pour obtenir un meilleur prix&nbsp;!<br \/>\n3.Bon service, livraison rapide, et nous valons la peine d&rsquo;\u00eatre dignes de confiance.<br \/>\n4. Nous pouvons vous garantir que vous serez satisfait de nos produits.<br \/>\n5. Nous traitons les clients comme des amis et vous offrons un service consid\u00e9rable.<\/span><\/p>\n<\/div>\n<\/div>\n<\/div>\n<\/div>\n<\/div>\n<\/div>\n<div class=\"J_module\">\n<div id=\"ali-anchor-AliMagic-g6uedi\" class=\"magic-12\" data-section=\"AliMagic-g6uedi\" data-section-title=\"Contact Us\">Nous contacter<\/div>\n<\/div>\n<div class=\"J_module\">\n<div class=\"icbu-pc-images magic-7\">\n<div>\n<div class=\"flex-layout-v\">\n<div class=\"flex-layout-h magic-7\">\n<div class=\"magic-20\"><img decoding=\"async\" class=\"magic-21\" src=\"https:\/\/s.alicdn.com\/@sc04\/kf\/H94a6fa43acb244a691368ee89d0bb0dft\/230438700\/H94a6fa43acb244a691368ee89d0bb0dft.png?quality=close\" data-src=\"\/\/s.alicdn.com\/@sc04\/kf\/H94a6fa43acb244a691368ee89d0bb0dft\/230438700\/H94a6fa43acb244a691368ee89d0bb0dft.png?quality=close\" data-spm-anchor-id=\"a2700.details.0.i22.1f864474JwoKv7\"><\/div>\n<\/div>\n<\/div>\n<\/div>\n<\/div>\n<\/div>\n<\/div>\n<\/div>\n<\/div>\n<\/div>\n","protected":false},"excerpt":{"rendered":"<p>&nbsp;<\/p>\n<div style=\"width: auto;\">\n<div style=\"min-width: 300px; max-width: 300px; word-wrap: break-word; float: left;\">Propri\u00e9t\u00e9s : fournitures de th\u00e9rapie de r\u00e9adaptation.<\/div>\n<div style=\"min-width: 300px; max-width: 300px; word-wrap: break-word; float: left;\">Lieu d&rsquo;origine : Chine<\/div>\n<\/div>\n<div style=\"width: auto;\">\n<div style=\"min-width: 300px; max-width: 300px; word-wrap: break-word; float: left;\">Nom de marque : sowell<\/div>\n<div style=\"min-width: 300px; max-width: 300px; word-wrap: break-word; float: left;\">Mat\u00e9riau : acier inoxydable 304<\/div>\n<\/div>\n<div style=\"width: auto;\">\n<div style=\"min-width: 300px; max-width: 300px; word-wrap: break-word; float: left;\">Nom du produit:Fauteuil roulant \u00e0 double transfert hydraulique<\/div>\n<div style=\"min-width: 300px; max-width: 300px; word-wrap: break-word; float: left;\">M\u00e9thode de levage&nbsp;: levage par p\u00e9dale<\/div>\n<\/div>\n<div style=\"width: auto;\">\n<div style=\"min-width: 300px; max-width: 300px; word-wrap: break-word; float: left;\">Roues : Roues m\u00e9dicales silencieuses<\/div>\n<div style=\"min-width: 300px; max-width: 300px; word-wrap: break-word; float: left;\">Caract\u00e9ristiques : \u00e9tanche, pas de rouille, ouverture et fusion \u00e0 180\u00b0.<\/div>\n<\/div>\n<div style=\"width: auto;\">\n<div style=\"min-width: 300px; max-width: 300px; word-wrap: break-word; float: left;\">Poids net&nbsp;: 32,5&nbsp;kg<\/div>\n<div style=\"min-width: 300px; max-width: 300px; word-wrap: break-word; float: left;\">Poids de chargement&nbsp;: 150&nbsp;KG<\/div>\n<\/div>\n<div style=\"width: auto;\">\n<div style=\"min-width: 300px; max-width: 300px; word-wrap: break-word; float: left;\">Hauteur d&rsquo;assise maximale : 109 cm<\/div>\n<div style=\"min-width: 300px; max-width: 300px; word-wrap: break-word; float: left;\">hauteur d&rsquo;assise la plus basse : 89 cm<\/div>\n<\/div>\n<div>Emballage personnalis\u00e9(Min. Commande : 100 pi\u00e8ces)<\/div>\n<div>Logo personnalis\u00e9(Min. Commande : 100 pi\u00e8ces)<\/div>\n","protected":false},"featured_media":8834,"comment_status":"closed","ping_status":"closed","template":"","meta":[],"product_cat":[115],"product_tag":[],"class_list":["post-10688","product","type-product","status-publish","has-post-thumbnail","hentry","product_cat-engin-de-demenagement-multifonctionnel"],"_links":{"self":[{"href":"https:\/\/anbanjia.com.cn\/fr\/wp-json\/wp\/v2\/product\/10688","targetHints":{"allow":["GET"]}}],"collection":[{"href":"https:\/\/anbanjia.com.cn\/fr\/wp-json\/wp\/v2\/product"}],"about":[{"href":"https:\/\/anbanjia.com.cn\/fr\/wp-json\/wp\/v2\/types\/product"}],"replies":[{"embeddable":true,"href":"https:\/\/anbanjia.com.cn\/fr\/wp-json\/wp\/v2\/comments?post=10688"}],"wp:featuredmedia":[{"embeddable":true,"href":"https:\/\/anbanjia.com.cn\/fr\/wp-json\/wp\/v2\/media\/8834"}],"wp:attachment":[{"href":"https:\/\/anbanjia.com.cn\/fr\/wp-json\/wp\/v2\/media?parent=10688"}],"wp:term":[{"taxonomy":"product_cat","embeddable":true,"href":"https:\/\/anbanjia.com.cn\/fr\/wp-json\/wp\/v2\/product_cat?post=10688"},{"taxonomy":"product_tag","embeddable":true,"href":"https:\/\/anbanjia.com.cn\/fr\/wp-json\/wp\/v2\/product_tag?post=10688"}],"curies":[{"name":"wp","href":"https:\/\/api.w.org\/{rel}","templated":true}]}}