{"id":10516,"date":"2022-05-02T18:08:02","date_gmt":"2022-05-02T18:08:02","guid":{"rendered":"https:\/\/www.anbanjia.com.cn\/product\/scooter-electrique-pliable-pour-mobilite-reduite-a-quatre-roues\/"},"modified":"2022-05-02T18:08:02","modified_gmt":"2022-05-02T18:08:02","slug":"pliable-mobilite-handicape-scooter-electrique-a-quatre-roues","status":"publish","type":"product","link":"https:\/\/anbanjia.com.cn\/fr\/produit\/pliable-mobilite-handicape-scooter-electrique-a-quatre-roues\/","title":{"rendered":"Scooter \u00e9lectrique pliable pour mobilit\u00e9 r\u00e9duite \u00e0 quatre roues"},"content":{"rendered":"<div style=\"max-width: 750px; margin: 0 auto;\">\n<div id=\"ali-anchor-AliPostDhMb-ljvh5\" class=\"mceSectionContainer\" style=\"padding-top: 8px;\" data-section=\"AliPostDhMb-ljvh5\" data-section-title=\"Product Details\">\n<div id=\"ali-title-AliPostDhMb-ljvh5\" style=\"padding: 8px 0; border-bottom: 1px solid #ddd;\"><span style=\"background-color: #ddd; color: #333; font-weight: bold; padding: 8px 10px; line-height: 12px;\">d\u00e9tails du produit<\/span><\/div>\n<div style=\"padding: 10px 0;\">\n<p style=\"text-align: center;\"> <span style=\"font-size: 24px;\"><strong>scooter \u00e9lectrique l\u00e9ger pas cher<\/strong><\/span><\/p>\n<table style=\"border-collapse: collapse; background-color: #ffffff; width: 58.5366%;\" border=\"1\">\n<tbody>\n<tr>\n<td style=\"width: 37%; text-align: left;\"><span style=\"font-size: 24px;\">Moteur<\/span><\/td>\n<td style=\"width: 34.3813%;\"><span style=\"font-size: 24px;\">350W<\/span><\/td>\n<\/tr>\n<tr>\n<td style=\"width: 37%;\"><span style=\"font-size: 24px;\">Roue arri\u00e8re<\/span><\/td>\n<td style=\"width: 34.3813%;\"><span style=\"font-size: 24px;\">10 pouces<\/span><\/td>\n<\/tr>\n<tr>\n<td style=\"width: 37%;\"><span style=\"font-size: 24px;\">roue avant<\/span><\/td>\n<td style=\"width: 34.3813%;\"><span style=\"font-size: 24px;\">8 pouces<\/span><\/td>\n<\/tr>\n<tr>\n<td style=\"width: 37%;\"><span style=\"font-size: 24px;\">la vitesse<\/span><\/td>\n<td style=\"width: 34.3813%;\"><span style=\"font-size: 24px;\">15km\/h<\/span><\/td>\n<\/tr>\n<tr>\n<td style=\"width: 37%;\"><span style=\"font-size: 24px;\">capacit\u00e9 de chargement<\/span><\/td>\n<td style=\"width: 34.3813%;\"><span style=\"font-size: 24px;\">120 kg<\/span><\/td>\n<\/tr>\n<tr>\n<td style=\"width: 37%;\"><span style=\"font-size: 24px;\">batterie<\/span><\/td>\n<td style=\"width: 34.3813%;\"><span style=\"font-size: 24px;\">36v10.4ah<\/span><\/td>\n<\/tr>\n<\/tbody>\n<\/table>\n<p><span style=\"font-size: 24px;\"><strong>1.Le scooter peut \u00eatre ajout\u00e9 \u00e0 la poign\u00e9e.<\/strong><\/span><\/p>\n<p><span style=\"font-size: 24px;\"><strong>2. Nous avons \u00e9galement un mod\u00e8le de scooter \u00e0 3 roues.<\/strong><\/span><\/p>\n<p><img decoding=\"async\" style=\"max-width: 750;\" src=\"https:\/\/anbanjia.com.cn\/wp-content\/uploads\/2022\/05\/H622f4fffc72848a19cbaad4ab4a1b5e8i.jpg\" data-alt=\"Foldable mobility disabled scooter electric with four wheels\" data-src=\"\"><img decoding=\"async\" src=\"https:\/\/anbanjia.com.cn\/wp-content\/uploads\/2022\/05\/H080406a95eec45468c17fe981fd30849e.jpg\" data-alt=\"Foldable mobility disabled scooter electric with four wheels\" data-src=\"\"><img decoding=\"async\" src=\"https:\/\/anbanjia.com.cn\/wp-content\/uploads\/2022\/05\/HTB1zH1lRCzqK1RjSZFpq6ykSXXaR.jpg\" data-alt=\"Foldable mobility disabled scooter electric with four wheels\" data-src=\"\"><img decoding=\"async\" src=\"https:\/\/anbanjia.com.cn\/wp-content\/uploads\/2022\/05\/Hef8bd3c9fcbb4ac08646275836dc44c2Y.jpg\" data-alt=\"Foldable mobility disabled scooter electric with four wheels\" data-src=\"\"><\/p>\n<p><img decoding=\"async\" src=\"https:\/\/anbanjia.com.cn\/wp-content\/uploads\/2022\/05\/HTB1in1iRpYqK1RjSZLeq6zXppXaP.jpg\" data-alt=\"Foldable mobility disabled scooter electric with four wheels\" data-src=\"\"><img decoding=\"async\" src=\"https:\/\/anbanjia.com.cn\/wp-content\/uploads\/2022\/05\/HTB1cQajRAvoK1RjSZFDq6xY3pXai.jpg\" data-alt=\"Foldable mobility disabled scooter electric with four wheels\" data-src=\"\"><img decoding=\"async\" src=\"https:\/\/anbanjia.com.cn\/wp-content\/uploads\/2022\/05\/H73b799dc338646b2b76966fcf979886fW.jpg\" data-alt=\"Foldable mobility disabled scooter electric with four wheels\" data-src=\"\"><img decoding=\"async\" src=\"https:\/\/anbanjia.com.cn\/wp-content\/uploads\/2022\/05\/Hca0e14422f2845c486b2d32b8c20565ca.jpg\" data-alt=\"Foldable mobility disabled scooter electric with four wheels\" data-src=\"\"><img decoding=\"async\" src=\"https:\/\/anbanjia.com.cn\/wp-content\/uploads\/2022\/05\/H4221b399d8b24300894ddb65dc9bd1baD.jpg\" data-alt=\"Foldable mobility disabled scooter electric with four wheels\" data-src=\"\"><img decoding=\"async\" src=\"https:\/\/anbanjia.com.cn\/wp-content\/uploads\/2022\/05\/H9ec374ebf9a245faae393089b8e6838bc.jpg\" data-alt=\"Foldable mobility disabled scooter electric with four wheels\" data-src=\"\"><img decoding=\"async\" src=\"https:\/\/anbanjia.com.cn\/wp-content\/uploads\/2022\/05\/H4ebe78c9c494479f927627954d23e64av.jpg\" data-alt=\"Foldable mobility disabled scooter electric with four wheels\" data-src=\"\"><img decoding=\"async\" src=\"https:\/\/anbanjia.com.cn\/wp-content\/uploads\/2022\/05\/H9545f6e35ba04d2eb1b353ff42194e47u.jpg\" data-alt=\"Foldable mobility disabled scooter electric with four wheels\" data-src=\"\"><img decoding=\"async\" src=\"https:\/\/anbanjia.com.cn\/wp-content\/uploads\/2022\/05\/Ha80380ea67624fd2acf401dd3bf1e9de8.jpg\" data-alt=\"Foldable mobility disabled scooter electric with four wheels\" data-src=\"\"><img decoding=\"async\" src=\"https:\/\/anbanjia.com.cn\/wp-content\/uploads\/2022\/05\/H0b7347e1fb3e491a850a21b8c13cb577j.jpg\" data-alt=\"Foldable mobility disabled scooter electric with four wheels\" data-src=\"\"><img decoding=\"async\" src=\"https:\/\/anbanjia.com.cn\/wp-content\/uploads\/2022\/05\/H7d517e152bd74b2b839bb60e6bc51e2f1.jpg\" data-alt=\"Foldable mobility disabled scooter electric with four wheels\" data-src=\"\"><img decoding=\"async\" src=\"https:\/\/anbanjia.com.cn\/wp-content\/uploads\/2022\/05\/H4402f487a64e4c5a8ccfead4d91c1eafH.jpg\" data-alt=\"Foldable mobility disabled scooter electric with four wheels\" data-src=\"\"><img decoding=\"async\" src=\"https:\/\/anbanjia.com.cn\/wp-content\/uploads\/2022\/05\/H987d1ef076804ed28f71cae677016a11L.jpg\" data-alt=\"Foldable mobility disabled scooter electric with four wheels\" data-src=\"\"><img decoding=\"async\" src=\"https:\/\/anbanjia.com.cn\/wp-content\/uploads\/2022\/05\/H13448ea58df64c7eaa80b26c659c0b98d.jpg\" data-alt=\"Foldable mobility disabled scooter electric with four wheels\" data-src=\"\"><img decoding=\"async\" src=\"https:\/\/anbanjia.com.cn\/wp-content\/uploads\/2022\/05\/Hcbea86e009ae432480a5e3c3f39b3bcdc.jpg\" data-alt=\"Foldable mobility disabled scooter electric with four wheels\" data-src=\"\"><\/p>\n<\/div>\n<\/div>\n<div id=\"ali-anchor-AliPostDhMb-g8zpw\" class=\"mceSectionContainer\" style=\"padding-top: 8px;\" data-section=\"AliPostDhMb-g8zpw\" data-section-title=\"contact us\">\n<div id=\"ali-title-AliPostDhMb-g8zpw\" style=\"padding: 8px 0; border-bottom: 1px solid #ddd;\"><span style=\"background-color: #ddd; color: #333; font-weight: bold; padding: 8px 10px; line-height: 12px;\">Nous contacter<\/span><\/div>\n<div style=\"padding: 10px 0;\">\n<p><a href=\"https:\/\/abj-medical.en.alibaba.com\/contactinfo.html?spm=a2700.8304367.topnav.8.5d239224wxD2sy\" target=\"_blank\" rel=\"noopener\"> <img decoding=\"async\" src=\"https:\/\/anbanjia.com.cn\/wp-content\/uploads\/2022\/05\/HTB1E_8LXOLxK1Rjy0Ffq6zYdVXay.jpg\" data-alt=\"Foldable mobility disabled scooter electric with four wheels\" data-src=\"\"><\/a><\/p>\n<\/div>\n<\/div>\n<div id=\"ali-anchor-AliPostDhMb-vv6n9\" class=\"mceSectionContainer\" style=\"padding-top: 8px;\" data-section=\"AliPostDhMb-vv6n9\" data-section-title=\"Product Categories\">\n<div id=\"ali-title-AliPostDhMb-vv6n9\" style=\"padding: 8px 0; border-bottom: 1px solid #ddd;\"><span style=\"background-color: #ddd; color: #333; font-weight: bold; padding: 8px 10px; line-height: 12px;\">cat\u00e9gories de produits<\/span><\/div>\n<div style=\"padding: 10px 0;\">\n<p> <a href=\"https:\/\/abj-medical.en.alibaba.com\/productgrouplist-804871560\/Electric_wheelchair_and_apparatus.html?spm=a2700.icbuShop.88.30.704a44ebaAhP4D\" target=\"_blank\" rel=\"noopener\"><img decoding=\"async\" src=\"https:\/\/anbanjia.com.cn\/wp-content\/uploads\/2022\/05\/HTB1ERWiSFXXXXasXXXXq6xXFXXXw.jpg\" data-alt=\"Foldable mobility disabled scooter electric with four wheels\" data-src=\"\"><\/a><\/p>\n<\/div>\n<\/div>\n<div id=\"ali-anchor-AliPostDhMb-ub5hb\" class=\"mceSectionContainer\" style=\"padding-top: 8px;\" data-section=\"AliPostDhMb-ub5hb\" data-section-title=\"certificate\">\n<div id=\"ali-title-AliPostDhMb-ub5hb\" style=\"padding: 8px 0; border-bottom: 1px solid #ddd;\"><span style=\"background-color: #ddd; color: #333; font-weight: bold; padding: 8px 10px; line-height: 12px;\">certificat<\/span><\/div>\n<div style=\"padding: 10px 0;\">\n<p><img decoding=\"async\" src=\"https:\/\/anbanjia.com.cn\/wp-content\/uploads\/2022\/05\/HTB1Z1olSpXXXXctXXXXq6xXFXXXu-1.jpg\" data-alt=\"Foldable mobility disabled scooter electric with four wheels\" data-src=\"\"><\/p>\n<\/div>\n<\/div>\n<div id=\"ali-anchor-AliPostDhMb-yhho8\" class=\"mceSectionContainer\" style=\"padding-top: 8px;\" data-section=\"AliPostDhMb-yhho8\" data-section-title=\"company information\">\n<div id=\"ali-title-AliPostDhMb-yhho8\" style=\"padding: 8px 0; border-bottom: 1px solid #ddd;\"><span style=\"background-color: #ddd; color: #333; font-weight: bold; padding: 8px 10px; line-height: 12px;\">Informations sur la soci\u00e9t\u00e9<\/span><\/div>\n<div style=\"padding: 10px 0;\">\n<p><img decoding=\"async\" src=\"https:\/\/anbanjia.com.cn\/wp-content\/uploads\/2022\/05\/HTB1HgKPcQ5E3KVjSZFCq6zuzXXay.jpg\" data-src=\"\"><\/p>\n<\/div>\n<\/div>\n<\/div>\n","protected":false},"excerpt":{"rendered":"<p>&nbsp;<\/p>\n<div style=\"width: auto;\">\n<div style=\"min-width: 300px; max-width: 300px; word-wrap: break-word; float: left;\">Lieu d&rsquo;origine : Chine<\/div>\n<div style=\"min-width: 300px; max-width: 300px; word-wrap: break-word; float: left;\">Puissance&nbsp;: 300-350&nbsp;w<\/div>\n<\/div>\n<div style=\"width: auto;\">\n<div style=\"min-width: 300px; max-width: 300px; word-wrap: break-word; float: left;\">Tension&nbsp;: 36&nbsp;V<\/div>\n<div style=\"min-width: 300px; max-width: 300px; word-wrap: break-word; float: left;\">Pliable&nbsp;:&nbsp;Oui<\/div>\n<\/div>\n<div style=\"width: auto;\">\n<div style=\"min-width: 300px; max-width: 300px; word-wrap: break-word; float: left;\">Vitesse maximale:&lt; 30km\/h<\/div>\n<div style=\"min-width: 300px; max-width: 300px; word-wrap: break-word; float: left;\">Cat\u00e9gorie:Scooter \u00e0 quatre roues<\/div>\n<\/div>\n<div style=\"width: auto;\">\n<div style=\"min-width: 300px; max-width: 300px; word-wrap: break-word; float: left;\">Personnes applicables&nbsp;: unisexe.<\/div>\n<div style=\"min-width: 300px; max-width: 300px; word-wrap: break-word; float: left;\">Moteur&nbsp;: 250&nbsp;w<\/div>\n<\/div>\n<div style=\"width: auto;\">\n<div style=\"min-width: 300px; max-width: 300px; word-wrap: break-word; float: left;\">vitesse&nbsp;: 15&nbsp;km\/h<\/div>\n<div style=\"min-width: 300px; max-width: 300px; word-wrap: break-word; float: left;\">batterie : 10.4ah 36v<\/div>\n<\/div>\n<div style=\"width: auto;\">\n<div style=\"min-width: 300px; max-width: 300px; word-wrap: break-word; float: left;\">roue : 8 pouces, 10 pouces<\/div>\n<div style=\"min-width: 300px; max-width: 300px; word-wrap: break-word; float: left;\">poids net&nbsp;: 20,3&nbsp;kg<\/div>\n<\/div>\n<div style=\"width: auto;\">\n<div style=\"min-width: 300px; max-width: 300px; word-wrap: break-word; float: left;\">temps de charge : 3-5 heures<\/div>\n<div style=\"min-width: 300px; max-width: 300px; word-wrap: break-word; float: left;\">taille de sac : 335*300*145mm<\/div>\n<\/div>\n<div style=\"width: auto;\">\n<div style=\"min-width: 300px; max-width: 300px; word-wrap: break-word; float: left;\">Style : trottinette \u00e0 bagages.<\/div>\n<div style=\"min-width: 300px; max-width: 300px; word-wrap: break-word; float: left;\">Fonction: scooter \u00e9lectrique<\/div>\n<\/div>\n<div style=\"width: auto;\">\n<div style=\"min-width: 300px; max-width: 300px; word-wrap: break-word; float: left;\">Distance&nbsp;: 25-30<\/div>\n<div style=\"min-width: 300px; max-width: 300px; word-wrap: break-word; float: left;\">Ensemble combin\u00e9 offert&nbsp;: 0<\/div>\n<\/div>\n<div>Logo personnalis\u00e9(Min. Commande : 500 pi\u00e8ces)<\/div>\n<div>Emballage personnalis\u00e9(Min. Commande : 500 Pi\u00e8ces)<\/div>\n","protected":false},"featured_media":10561,"comment_status":"closed","ping_status":"closed","template":"","meta":[],"product_cat":[117],"product_tag":[],"class_list":["post-10516","product","type-product","status-publish","has-post-thumbnail","hentry","product_cat-trottinette-pour-personnes-agees"],"_links":{"self":[{"href":"https:\/\/anbanjia.com.cn\/fr\/wp-json\/wp\/v2\/product\/10516","targetHints":{"allow":["GET"]}}],"collection":[{"href":"https:\/\/anbanjia.com.cn\/fr\/wp-json\/wp\/v2\/product"}],"about":[{"href":"https:\/\/anbanjia.com.cn\/fr\/wp-json\/wp\/v2\/types\/product"}],"replies":[{"embeddable":true,"href":"https:\/\/anbanjia.com.cn\/fr\/wp-json\/wp\/v2\/comments?post=10516"}],"wp:featuredmedia":[{"embeddable":true,"href":"https:\/\/anbanjia.com.cn\/fr\/wp-json\/wp\/v2\/media\/10561"}],"wp:attachment":[{"href":"https:\/\/anbanjia.com.cn\/fr\/wp-json\/wp\/v2\/media?parent=10516"}],"wp:term":[{"taxonomy":"product_cat","embeddable":true,"href":"https:\/\/anbanjia.com.cn\/fr\/wp-json\/wp\/v2\/product_cat?post=10516"},{"taxonomy":"product_tag","embeddable":true,"href":"https:\/\/anbanjia.com.cn\/fr\/wp-json\/wp\/v2\/product_tag?post=10516"}],"curies":[{"name":"wp","href":"https:\/\/api.w.org\/{rel}","templated":true}]}}