{"id":10507,"date":"2022-05-02T18:07:59","date_gmt":"2022-05-02T18:07:59","guid":{"rendered":"https:\/\/www.anbanjia.com.cn\/product\/chaise-daisance-electrique-dascenseur-patient-dhopital-dascenseurs-handicapes-avec-la-bride\/"},"modified":"2022-05-02T18:07:59","modified_gmt":"2022-05-02T18:07:59","slug":"leve-personne-electrique-hopital-releveurs-handicapes-fauteuil-daisance-avec-bretelle","status":"publish","type":"product","link":"https:\/\/anbanjia.com.cn\/fr\/produit\/leve-personne-electrique-hopital-releveurs-handicapes-fauteuil-daisance-avec-bretelle\/","title":{"rendered":"Chaise d&rsquo;aisance \u00e9lectrique d&rsquo;ascenseur patient d&rsquo;h\u00f4pital d&rsquo;ascenseurs handicap\u00e9s avec la bride"},"content":{"rendered":"<div style=\"max-width: 750px;margin: 0 auto;\">\n<div data-magic-global=\"%7B%22bizId%22%3A3215165050%2C%22pageId%22%3A21049671965%2C%22siteId%22%3A5005610021%7D\" id=\"detail_decorate_root\">\n<div class=\"J_module\" module-id=\"28492495024\" module-title=\"detailTextWithTitle\" render=\"true\">\n<div class=\"detail-decorate-json-renderer-container\">\n<div class=\"magic-0\">\n<h3 class=\"magic-1\"><\/h3>\n<div class=\"magic-2\">\n<div class=\"magic-3\">\n<div class=\"magic-4\">\n<div class=\"magic-5\"><b><font class=\"magic-6\">L\u00e8ve-personne \u00e9lectrique<\/font><\/b><\/div>\n<p><span><\/p>\n<div class=\"magic-5\"><\/div>\n<div class=\"magic-5\"> Veuillez contacter le vendeur pour obtenir le prix d&rsquo;exp\u00e9dition r\u00e9el, vous pouvez contacter le vendeur par WhatsApp\/Wechat. afin qu&rsquo;elle puisse vous r\u00e9pondre rapidement,<\/div>\n<div class=\"magic-5\">Whatsapp:+86 13246918260<\/div>\n<div class=\"magic-5\">Chat :+86 13421050920<\/div>\n<p><\/span><\/div>\n<\/div>\n<\/div>\n<\/div>\n<\/div>\n<\/div>\n<div class=\"J_module\" module-id=\"28492495027\" module-title=\"detailManyImage\" render=\"true\">\n<div class=\"icbu-pc-detailManyImage magic-8\">\n<div class=\"magic-9\"><img decoding=\"async\" class=\"magic-10\" data-src=\"\" src=\"https:\/\/anbanjia.com.cn\/wp-content\/uploads\/2022\/05\/Hce404eaf1c0142e4b46a523e4d1c1b85m.jpg\" style=\"max-width: 750;\"><\/div>\n<div class=\"magic-9\"><img decoding=\"async\" class=\"magic-10\" data-src=\"\" src=\"https:\/\/anbanjia.com.cn\/wp-content\/uploads\/2022\/05\/H758c339de9b04fa58764150c688d2832a.jpg\"><\/div>\n<div class=\"magic-9\"><img decoding=\"async\" class=\"magic-10\" data-src=\"\" src=\"https:\/\/anbanjia.com.cn\/wp-content\/uploads\/2022\/05\/H184034ebb34d416388f14e4dcadf91368.jpg\"><\/div>\n<div class=\"magic-9\"><img decoding=\"async\" class=\"magic-10\" data-src=\"\" src=\"https:\/\/anbanjia.com.cn\/wp-content\/uploads\/2022\/05\/Hc6dbf3a13b5c41649ebdf59896da50b2L.jpg\"><\/div>\n<div class=\"magic-9\"><img decoding=\"async\" class=\"magic-10\" data-src=\"\" src=\"https:\/\/anbanjia.com.cn\/wp-content\/uploads\/2022\/05\/H7a09bfec5b9b4f6f82d2ff1ecef339a9c.jpg\"><\/div>\n<div class=\"magic-9\"><img decoding=\"async\" class=\"magic-10\" data-src=\"\" src=\"https:\/\/anbanjia.com.cn\/wp-content\/uploads\/2022\/05\/Ha710491e9838445fa4707e0286857397f.jpg\"><\/div>\n<div class=\"magic-9\"><img decoding=\"async\" class=\"magic-10\" data-src=\"\" src=\"https:\/\/anbanjia.com.cn\/wp-content\/uploads\/2022\/05\/Hf7bdddeb38584ab09646104d025dcabdl.jpg\"><\/div>\n<div class=\"magic-9\"><img decoding=\"async\" class=\"magic-10\" data-src=\"\" src=\"https:\/\/anbanjia.com.cn\/wp-content\/uploads\/2022\/05\/Hb536db12bb074be091d4476c6bbeaf9e8.jpg\"><\/div>\n<\/div>\n<\/div>\n<div class=\"J_module\" module-id=\"28492495028\" module-title=\"detailTextContent\" render=\"true\">\n<div class=\"detail-decorate-json-renderer-container\">\n<div class=\"magic-0\">\n<div class=\"magic-2\">\n<div class=\"magic-3\">\n<div class=\"magic-4\">\n<div class=\"magic-5\"><font class=\"magic-11\">\u00c0 propos de ce mod\u00e8le, vous pouvez choisir 2 tailles, mod\u00e8le \u00e9lectrique et manuel, si vous voulez des d\u00e9tails ou avez des questions, vous pouvez contacter le vendeur, merci.<\/font><\/div>\n<\/div>\n<\/div>\n<\/div>\n<\/div>\n<\/div>\n<\/div>\n<div class=\"J_module\" module-id=\"28492495030\" module-title=\"detailSingleImage\" render=\"true\">\n<div class=\"icbu-pc-images magic-12\">\n<div>\n<div class=\"flex-layout-v\">\n<div class=\"flex-layout-h magic-12\">\n<div class=\"magic-13\"><img decoding=\"async\" class=\"magic-14\" data-src=\"\" src=\"https:\/\/anbanjia.com.cn\/wp-content\/uploads\/2022\/05\/H9ba2fa25f25e4ff4ae3bc0107e29adacN.png\"><\/div>\n<\/div>\n<\/div>\n<\/div>\n<\/div>\n<\/div>\n<div class=\"J_module\" module-id=\"28492495031\" module-title=\"detailSingleImage\" render=\"true\">\n<div class=\"icbu-pc-images magic-12\">\n<div>\n<div class=\"flex-layout-v\">\n<div class=\"flex-layout-h magic-12\">\n<div class=\"magic-15\"><img decoding=\"async\" class=\"magic-16\" data-src=\"\" src=\"https:\/\/anbanjia.com.cn\/wp-content\/uploads\/2022\/05\/H1faeee9be3f448ca998d7df75797351fb.png\"><\/div>\n<\/div>\n<\/div>\n<\/div>\n<\/div>\n<\/div><\/div>\n<\/div>\n","protected":false},"excerpt":{"rendered":"<div style=\"width:auto\">\n<div style=\"min-width: 300px;max-width: 300px;word-wrap: break-word;float: left\">Propri\u00e9t\u00e9s : fournitures de th\u00e9rapie de r\u00e9adaptation. <\/div>\n<div style=\"min-width: 300px;max-width: 300px;word-wrap: break-word;float: left\">Lieu d&rsquo;origine : Chine<\/div>\n<\/p><\/div>\n<div style=\"width:auto\">\n<div style=\"min-width: 300px;max-width: 300px;word-wrap: break-word;float: left\">Mat\u00e9riel: acier inoxydable <\/div>\n<div style=\"min-width: 300px;max-width: 300px;word-wrap: break-word;float: left\">Nom du produit : Ascenseur \u00e9lectrique<\/div>\n<\/p><\/div>\n<div style=\"width:auto\">\n<div style=\"min-width: 300px;max-width: 300px;word-wrap: break-word;float: left\">Fonction&nbsp;: soins infirmiers aux patients <\/div>\n<div style=\"min-width: 300px;max-width: 300px;word-wrap: break-word;float: left\">Taille:93*63-102*90-129cm<\/div>\n<\/p><\/div>\n<div style=\"width:auto\">\n<div style=\"min-width: 300px;max-width: 300px;word-wrap: break-word;float: left\">Quantit\u00e9 minimale de commande&nbsp;: 1&nbsp;pi\u00e8ces <\/div>\n<div style=\"min-width: 300px;max-width: 300px;word-wrap: break-word;float: left\">capacit\u00e9 : 130kg<\/div>\n<\/p><\/div>\n<div>Emballage personnalis\u00e9(Min. Commande : 100 pi\u00e8ces)<\/div>\n","protected":false},"featured_media":9177,"comment_status":"closed","ping_status":"closed","template":"","meta":[],"product_cat":[115],"product_tag":[],"class_list":["post-10507","product","type-product","status-publish","has-post-thumbnail","hentry","product_cat-engin-de-demenagement-multifonctionnel"],"_links":{"self":[{"href":"https:\/\/anbanjia.com.cn\/fr\/wp-json\/wp\/v2\/product\/10507","targetHints":{"allow":["GET"]}}],"collection":[{"href":"https:\/\/anbanjia.com.cn\/fr\/wp-json\/wp\/v2\/product"}],"about":[{"href":"https:\/\/anbanjia.com.cn\/fr\/wp-json\/wp\/v2\/types\/product"}],"replies":[{"embeddable":true,"href":"https:\/\/anbanjia.com.cn\/fr\/wp-json\/wp\/v2\/comments?post=10507"}],"wp:featuredmedia":[{"embeddable":true,"href":"https:\/\/anbanjia.com.cn\/fr\/wp-json\/wp\/v2\/media\/9177"}],"wp:attachment":[{"href":"https:\/\/anbanjia.com.cn\/fr\/wp-json\/wp\/v2\/media?parent=10507"}],"wp:term":[{"taxonomy":"product_cat","embeddable":true,"href":"https:\/\/anbanjia.com.cn\/fr\/wp-json\/wp\/v2\/product_cat?post=10507"},{"taxonomy":"product_tag","embeddable":true,"href":"https:\/\/anbanjia.com.cn\/fr\/wp-json\/wp\/v2\/product_tag?post=10507"}],"curies":[{"name":"wp","href":"https:\/\/api.w.org\/{rel}","templated":true}]}}