{"id":10459,"date":"2022-05-02T18:08:02","date_gmt":"2022-05-02T18:08:02","guid":{"rendered":"https:\/\/www.anbanjia.com.cn\/product\/chaise-roulante-descalade-escalier-escalade-civiere-evacuation-chaise-descalade-descalier-pour-handicapes\/"},"modified":"2022-05-02T18:08:02","modified_gmt":"2022-05-02T18:08:02","slug":"fauteuil-roulant-escalade-escalier-grimpant-civiere-evacuation-escalier-grimpant-fauteuil-handicape","status":"publish","type":"product","link":"https:\/\/anbanjia.com.cn\/fr\/produit\/fauteuil-roulant-escalade-escalier-grimpant-civiere-evacuation-escalier-grimpant-fauteuil-handicape\/","title":{"rendered":"Chaise roulante d&rsquo;escalade escalier escalade civi\u00e8re \u00e9vacuation chaise d&rsquo;escalade d&rsquo;escalier pour handicap\u00e9s"},"content":{"rendered":"<div style=\"max-width: 750px;margin: 0 auto;\">\n<div data-section=\"AliPostDhMb-8mvxg\" data-section-title=\"Product Details\" id=\"ali-anchor-AliPostDhMb-8mvxg\" style=\"padding-top: 8px;\">\n<div id=\"ali-title-AliPostDhMb-8mvxg\" style=\"padding: 8px 0; border-bottom: 1px solid #ddd;\"><span style=\"background-color: #ddd; color: #333; font-weight: bold; padding: 8px 10px; line-height: 12px;\">d\u00e9tails du produit<\/span><\/div>\n<div style=\"padding: 10px 0;\">\n<p><img decoding=\"async\" data-alt=\"Climbing wheel chair stair climbing stretcher evacuation Stair Climbing Chair for disabled\" data-src=\"\" ori-height=\"476\" ori-width=\"750\" src=\"https:\/\/anbanjia.com.cn\/wp-content\/uploads\/2022\/05\/HTB1pKcVSpXXXXa8XXXXq6xXFXXXs-2.jpg\" style=\"max-width: 750;\"><span style=\"font-size: 32px;\"><strong> <span style=\"color: #ff0000;\">Veuillez contacter le vendeur pour obtenir plus de d\u00e9tails et le prix de celui-ci.<\/span><\/strong><\/span><\/p>\n<\/p>\n<p><img decoding=\"async\" data-alt=\"Climbing wheel chair stair climbing stretcher evacuation Stair Climbing Chair for disabled\" data-src=\"\" ori-height=\"1000\" ori-width=\"1000\" src=\"https:\/\/anbanjia.com.cn\/wp-content\/uploads\/2022\/05\/unnamed-file-3.jpg\"><img decoding=\"async\" data-alt=\"Climbing wheel chair stair climbing stretcher evacuation Stair Climbing Chair for disabled\" data-src=\"\" ori-height=\"1000\" ori-width=\"1000\" src=\"https:\/\/anbanjia.com.cn\/wp-content\/uploads\/2022\/05\/unnamed-file-3.jpg\"><img decoding=\"async\" data-alt=\"Climbing wheel chair stair climbing stretcher evacuation Stair Climbing Chair for disabled\" data-src=\"\" ori-height=\"577\" ori-width=\"750\" src=\"https:\/\/anbanjia.com.cn\/wp-content\/uploads\/2022\/05\/HTB1MevudTlYBeNjSszcq6zwhFXaY.jpg\"><img decoding=\"async\" data-alt=\"Climbing wheel chair stair climbing stretcher evacuation Stair Climbing Chair for disabled\" data-src=\"\" ori-height=\"900\" ori-width=\"750\" src=\"https:\/\/anbanjia.com.cn\/wp-content\/uploads\/2022\/05\/HTB1hglRdHGYBuNjy0Foq6AiBFXag.jpg\"><img decoding=\"async\" data-alt=\"Climbing wheel chair stair climbing stretcher evacuation Stair Climbing Chair for disabled\" data-src=\"\" ori-height=\"737\" ori-width=\"750\" src=\"https:\/\/anbanjia.com.cn\/wp-content\/uploads\/2022\/05\/HTB1M4yldN9YBuNjy0Ffq6xIsVXaV.jpg\"><img decoding=\"async\" data-alt=\"Climbing wheel chair stair climbing stretcher evacuation Stair Climbing Chair for disabled\" data-src=\"\" ori-height=\"1073\" ori-width=\"750\" src=\"https:\/\/anbanjia.com.cn\/wp-content\/uploads\/2022\/05\/HTB1gI1edL5TBuNjSspmq6yDRVXaB.jpg\"><img decoding=\"async\" data-alt=\"Climbing wheel chair stair climbing stretcher evacuation Stair Climbing Chair for disabled\" data-src=\"\" ori-height=\"1044\" ori-width=\"750\" src=\"https:\/\/anbanjia.com.cn\/wp-content\/uploads\/2022\/05\/HTB1pRGcdH1YBuNjSszhq6AUsFXaQ.jpg\"><img decoding=\"async\" data-alt=\"Climbing wheel chair stair climbing stretcher evacuation Stair Climbing Chair for disabled\" data-src=\"\" ori-height=\"992\" ori-width=\"750\" src=\"https:\/\/anbanjia.com.cn\/wp-content\/uploads\/2022\/05\/HTB1gmdVdSCWBuNjy0Fhq6z6EVXan.jpg\"><img decoding=\"async\" data-alt=\"Climbing wheel chair stair climbing stretcher evacuation Stair Climbing Chair for disabled\" data-src=\"\" ori-height=\"948\" ori-width=\"750\" src=\"https:\/\/anbanjia.com.cn\/wp-content\/uploads\/2022\/05\/HTB1oQ0KdQKWBuNjy1zjq6AOypXaQ.jpg\"><img decoding=\"async\" data-alt=\"Climbing wheel chair stair climbing stretcher evacuation Stair Climbing Chair for disabled\" data-src=\"\" ori-height=\"231\" ori-width=\"910\" src=\"https:\/\/anbanjia.com.cn\/wp-content\/uploads\/2022\/05\/HTB1KEUbJYSYBuNjSspf763ZCpXa9.png\"><\/p>\n<\/div>\n<\/div>\n<div data-section=\"AliPostDhMb-6b91d\" data-section-title=\"produce &amp; payment\" id=\"ali-anchor-AliPostDhMb-6b91d\" style=\"padding-top: 8px;\">\n<div id=\"ali-title-AliPostDhMb-6b91d\" style=\"padding: 8px 0; border-bottom: 1px solid #ddd;\"><span style=\"background-color: #ddd; color: #333; font-weight: bold; padding: 8px 10px; line-height: 12px;\">produire et payer<\/span><\/div>\n<div style=\"padding: 10px 0;\">\n<p><img decoding=\"async\" data-alt=\"Climbing wheel chair stair climbing stretcher evacuation Stair Climbing Chair for disabled\" data-src=\"\" ori-height=\"454\" ori-width=\"750\" src=\"https:\/\/anbanjia.com.cn\/wp-content\/uploads\/2022\/05\/HTB1LlvUSpXXXXbJXVXXq6xXFXXXf-1.jpg\"> <\/p>\n<\/div>\n<\/div>\n<div data-section=\"AliPostDhMb-p592h\" data-section-title=\"certificate\" id=\"ali-anchor-AliPostDhMb-p592h\" style=\"padding-top: 8px;\">\n<div id=\"ali-title-AliPostDhMb-p592h\" style=\"padding: 8px 0; border-bottom: 1px solid #ddd;\"><span style=\"background-color: #ddd; color: #333; font-weight: bold; padding: 8px 10px; line-height: 12px;\">certificat<\/span><\/div>\n<div style=\"padding: 10px 0;\">\n<p><img decoding=\"async\" data-alt=\"Climbing wheel chair stair climbing stretcher evacuation Stair Climbing Chair for disabled\" data-src=\"\" ori-height=\"365\" ori-width=\"750\" src=\"https:\/\/anbanjia.com.cn\/wp-content\/uploads\/2022\/05\/HTB1Z1olSpXXXXctXXXXq6xXFXXXu-1.jpg\"> <\/p>\n<\/div>\n<\/div>\n<div data-section=\"AliPostDhMb-qwlzm\" data-section-title=\"company information\" id=\"ali-anchor-AliPostDhMb-qwlzm\" style=\"padding-top: 8px;\">\n<div id=\"ali-title-AliPostDhMb-qwlzm\" style=\"padding: 8px 0; border-bottom: 1px solid #ddd;\"><span style=\"background-color: #ddd; color: #333; font-weight: bold; padding: 8px 10px; line-height: 12px;\">Informations sur la soci\u00e9t\u00e9<\/span><\/div>\n<div style=\"padding: 10px 0;\">\n<p><img decoding=\"async\" data-alt=\"Climbing wheel chair stair climbing stretcher evacuation Stair Climbing Chair for disabled\" data-src=\"\" ori-height=\"1857\" ori-width=\"750\" src=\"https:\/\/anbanjia.com.cn\/wp-content\/uploads\/2022\/05\/HTB1MME3SpXXXXbJaXXXq6xXFXXXA-1.jpg\"><img decoding=\"async\" data-alt=\"Climbing wheel chair stair climbing stretcher evacuation Stair Climbing Chair for disabled\" data-src=\"\" ori-height=\"271\" ori-width=\"760\" src=\"https:\/\/anbanjia.com.cn\/wp-content\/uploads\/2022\/05\/HTB1vm0WR3HqK1RjSZFEq6AGMXXa6.jpg\"> <\/p>\n<\/div>\n<\/div>\n<\/div>\n","protected":false},"excerpt":{"rendered":"<div style=\"width:auto\">\n<div style=\"min-width: 300px;max-width: 300px;word-wrap: break-word;float: left\">Propri\u00e9t\u00e9s : fournitures de th\u00e9rapie de r\u00e9adaptation. <\/div>\n<div style=\"min-width: 300px;max-width: 300px;word-wrap: break-word;float: left\">Lieu d&rsquo;origine&nbsp;: Guangdong, Chine<\/div>\n<\/p><\/div>\n<div style=\"width:auto\">\n<div style=\"min-width: 300px;max-width: 300px;word-wrap: break-word;float: left\">Nom de marque : ABJ\/OEM <\/div>\n<div style=\"min-width: 300px;max-width: 300px;word-wrap: break-word;float: left\">Num\u00e9ro de mod\u00e8le&nbsp;: ABJ-11A<\/div>\n<\/p><\/div>\n<div style=\"width:auto\">\n<div style=\"min-width: 300px;max-width: 300px;word-wrap: break-word;float: left\">Type:Fauteuil roulant <\/div>\n<div style=\"min-width: 300px;max-width: 300px;word-wrap: break-word;float: left\">Mat\u00e9riau : alliage d&rsquo;aluminium.<\/div>\n<\/p><\/div>\n<div style=\"width:auto\">\n<div style=\"min-width: 300px;max-width: 300px;word-wrap: break-word;float: left\">Certificat&nbsp;: ISO9001 <\/div>\n<div style=\"min-width: 300px;max-width: 300px;word-wrap: break-word;float: left\">Capacit\u00e9 de chargement&nbsp;: 180&nbsp;KG<\/div>\n<\/p><\/div>\n<div style=\"width:auto\">\n<div style=\"min-width: 300px;max-width: 300px;word-wrap: break-word;float: left\">Taille pli\u00e9e : 108*540*310mm <\/div>\n<div style=\"min-width: 300px;max-width: 300px;word-wrap: break-word;float: left\">Largeur totale : 46 cm<\/div>\n<\/p><\/div>\n","protected":false},"featured_media":10505,"comment_status":"closed","ping_status":"closed","template":"","meta":[],"product_cat":[121],"product_tag":[],"class_list":["post-10459","product","type-product","status-publish","has-post-thumbnail","hentry","product_cat-fauteuil-roulant-descalade"],"_links":{"self":[{"href":"https:\/\/anbanjia.com.cn\/fr\/wp-json\/wp\/v2\/product\/10459","targetHints":{"allow":["GET"]}}],"collection":[{"href":"https:\/\/anbanjia.com.cn\/fr\/wp-json\/wp\/v2\/product"}],"about":[{"href":"https:\/\/anbanjia.com.cn\/fr\/wp-json\/wp\/v2\/types\/product"}],"replies":[{"embeddable":true,"href":"https:\/\/anbanjia.com.cn\/fr\/wp-json\/wp\/v2\/comments?post=10459"}],"wp:featuredmedia":[{"embeddable":true,"href":"https:\/\/anbanjia.com.cn\/fr\/wp-json\/wp\/v2\/media\/10505"}],"wp:attachment":[{"href":"https:\/\/anbanjia.com.cn\/fr\/wp-json\/wp\/v2\/media?parent=10459"}],"wp:term":[{"taxonomy":"product_cat","embeddable":true,"href":"https:\/\/anbanjia.com.cn\/fr\/wp-json\/wp\/v2\/product_cat?post=10459"},{"taxonomy":"product_tag","embeddable":true,"href":"https:\/\/anbanjia.com.cn\/fr\/wp-json\/wp\/v2\/product_tag?post=10459"}],"curies":[{"name":"wp","href":"https:\/\/api.w.org\/{rel}","templated":true}]}}